{"id":1467,"date":"2003-12-07T13:57:49","date_gmt":"2003-12-07T12:57:49","guid":{"rendered":"http:\/\/kmim.wm.pwr.edu.pl\/immt\/instytut-materialoznawstwa-i-mechaniki-technicznej\/konferencje-organizowane-przez-instytut-materialoznawstwa-i-mechaniki-technicznej\/letnie-szkoly-mechaniki-pekania\/letnia-szkola-mechaniki-pekania-szklarska-poreba-1977\/"},"modified":"2003-12-07T13:57:49","modified_gmt":"2003-12-07T12:57:49","slug":"letnia-szkola-mechaniki-pekania-szklarska-poreba-1977","status":"publish","type":"page","link":"https:\/\/kmim.wm.pwr.edu.pl\/immt\/instytut-materialoznawstwa-i-mechaniki-technicznej\/konferencje-organizowane-przez-instytut-materialoznawstwa-i-mechaniki-technicznej\/letnie-szkoly-mechaniki-pekania\/letnia-szkola-mechaniki-pekania-szklarska-poreba-1977\/","title":{"rendered":"Letnia Szko\u0142a Mechaniki P\u0119kania Szklarska Por\u0119ba 1977"},"content":{"rendered":"<p><DIV align=center> <H2>Letnia Szko\u0142a Mechaniki P\u0119kania<\/H2><\/DIV> <DIV align=center> <H2>Szklarska Por\u0119ba<\/H2> <H2>lipiec&#8217;1997<\/H2><\/DIV><BR> <OL> <LI><B>O. ANDREYKIV, M. SZATA<\/B>,&nbsp; <A  href=\"http:\/\/www.immt.pwr.wroc.pl\/konferencje\/lsmp97\/s1.pdf\"><I>Summer schools  on fracture mechanics<\/I><\/A> (112 k) <IMG alt=[PDF]  src=\"http:\/\/www.immt.pwr.wroc.pl\/konferencje\/lsmp97\/pdficon-s2.gif\">  <LI><B>W. KASPRZAK<\/B>, <A  href=\"http:\/\/www.immt.pwr.wroc.pl\/konferencje\/lsmp97\/s2.pdf\"><I>Prognozy rozwoju  technologii, a wytrzyma\u0142o\u015b\u0107 materia\u0142\u00f3w<\/I><\/A> (159 k) <IMG alt=[PDF]  src=\"http:\/\/www.immt.pwr.wroc.pl\/konferencje\/lsmp97\/pdficon-s2.gif\">  <LI><B>F. MOREL<\/B>, <A  href=\"http:\/\/www.immt.pwr.wroc.pl\/konferencje\/lsmp97\/s3.pdf\"><I>A mesoscopic  approach to describe the high cycle fatiguebehaviour of metals submitted to  multiaxial loading<\/I><\/A> (465 k) <IMG alt=[PDF]  src=\"http:\/\/www.immt.pwr.wroc.pl\/konferencje\/lsmp97\/pdficon-s2.gif\">  <LI><B>V. PANASYUK<\/B>, <A  href=\"http:\/\/www.immt.pwr.wroc.pl\/konferencje\/lsmp97\/s4.pdf\"><I>Influence of  environments on materials deformationand fracture<\/I><\/A> (839 k) <IMG alt=[PDF]  src=\"http:\/\/www.immt.pwr.wroc.pl\/konferencje\/lsmp97\/pdficon-s2.gif\" < li>  <LI><B>O. ANDREYKIV<\/B>,<I> <A  href=\"http:\/\/www.immt.pwr.wroc.pl\/konferencje\/lsmp97\/s5.pdf\">Mathematical  modeling of environment effect on fracturein materials<\/A><\/I> (287 k) <IMG  alt=[PDF] src=\"http:\/\/www.immt.pwr.wroc.pl\/konferencje\/lsmp97\/pdficon-s2.gif\">  <LI><B>T. GRZEGORZEWICZ<\/B>, <A  href=\"http:\/\/www.immt.pwr.wroc.pl\/konferencje\/lsmp97\/s6.pdf\"><I>Korozyjne  p\u0119kanie br\u0105z\u00f3w aluminiowych<\/I><\/A> (361 k) <IMG alt=[PDF]  src=\"http:\/\/www.immt.pwr.wroc.pl\/konferencje\/lsmp97\/pdficon-s2.gif\">  <\/LI><\/OL><BR><\/p>\n","protected":false},"excerpt":{"rendered":"<p>Letnia Szko\u0142a Mechaniki P\u0119kania Szklarska Por\u0119ba lipiec&#8217;1997 O. ANDREYKIV, M. SZATA,&nbsp; Summer schools on fracture mechanics (112 k) W. KASPRZAK, Prognozy rozwoju technologii, a wytrzyma\u0142o\u015b\u0107 materia\u0142\u00f3w (159 k) F. MOREL, A mesoscopic approach to describe the high cycle fatiguebehaviour of metals submitted to multiaxial loading (465 k) V. PANASYUK, Influence of environments on materials deformationand &hellip; <a href=\"https:\/\/kmim.wm.pwr.edu.pl\/immt\/instytut-materialoznawstwa-i-mechaniki-technicznej\/konferencje-organizowane-przez-instytut-materialoznawstwa-i-mechaniki-technicznej\/letnie-szkoly-mechaniki-pekania\/letnia-szkola-mechaniki-pekania-szklarska-poreba-1977\/\" class=\"more-link\">Czytaj dalej <span class=\"screen-reader-text\">Letnia Szko\u0142a Mechaniki P\u0119kania Szklarska Por\u0119ba 1977<\/span> <span class=\"meta-nav\">&rarr;<\/span><\/a><\/p>\n","protected":false},"author":1,"featured_media":0,"parent":1433,"menu_order":0,"comment_status":"closed","ping_status":"open","template":"","meta":{"ngg_post_thumbnail":0,"footnotes":""},"class_list":["post-1467","page","type-page","status-publish","hentry"],"publishpress_future_action":{"enabled":false,"date":"2026-04-21 23:34:07","action":"change-status","newStatus":"draft","terms":[],"taxonomy":"language","extraData":[]},"publishpress_future_workflow_manual_trigger":{"enabledWorkflows":[]},"_links":{"self":[{"href":"https:\/\/kmim.wm.pwr.edu.pl\/immt\/wp-json\/wp\/v2\/pages\/1467","targetHints":{"allow":["GET"]}}],"collection":[{"href":"https:\/\/kmim.wm.pwr.edu.pl\/immt\/wp-json\/wp\/v2\/pages"}],"about":[{"href":"https:\/\/kmim.wm.pwr.edu.pl\/immt\/wp-json\/wp\/v2\/types\/page"}],"author":[{"embeddable":true,"href":"https:\/\/kmim.wm.pwr.edu.pl\/immt\/wp-json\/wp\/v2\/users\/1"}],"replies":[{"embeddable":true,"href":"https:\/\/kmim.wm.pwr.edu.pl\/immt\/wp-json\/wp\/v2\/comments?post=1467"}],"version-history":[{"count":0,"href":"https:\/\/kmim.wm.pwr.edu.pl\/immt\/wp-json\/wp\/v2\/pages\/1467\/revisions"}],"up":[{"embeddable":true,"href":"https:\/\/kmim.wm.pwr.edu.pl\/immt\/wp-json\/wp\/v2\/pages\/1433"}],"wp:attachment":[{"href":"https:\/\/kmim.wm.pwr.edu.pl\/immt\/wp-json\/wp\/v2\/media?parent=1467"}],"curies":[{"name":"wp","href":"https:\/\/api.w.org\/{rel}","templated":true}]}}