{"id":1468,"date":"2003-12-07T14:01:08","date_gmt":"2003-12-07T13:01:08","guid":{"rendered":"http:\/\/kmim.wm.pwr.edu.pl\/immt\/instytut-materialoznawstwa-i-mechaniki-technicznej\/konferencje-organizowane-przez-instytut-materialoznawstwa-i-mechaniki-technicznej\/letnie-szkoly-mechaniki-pekania\/metody-nieniszczace-w-mechanice-pekania-i-zmeczeniu-materia"},"modified":"2003-12-07T14:01:08","modified_gmt":"2003-12-07T13:01:08","slug":"metody-nieniszczace-w-mechanice-pekania-i-zmeczeniu-materialow","status":"publish","type":"page","link":"https:\/\/kmim.wm.pwr.edu.pl\/immt\/instytut-materialoznawstwa-i-mechaniki-technicznej\/konferencje-organizowane-przez-instytut-materialoznawstwa-i-mechaniki-technicznej\/letnie-szkoly-mechaniki-pekania\/metody-nieniszczace-w-mechanice-pekania-i-zmeczeniu-materialow\/","title":{"rendered":"Metody nieniszcz\u0105ce w mechanice p\u0119kania i zm\u0119czeniu materia\u0142\u00f3w"},"content":{"rendered":"<p><TABLE cellSpacing=1 cellPadding=1 width=\"100%\" border=0> <TBODY> <TR vAlign=top> <TD vAlign=top align=middle>Prace Naukowe Instytutu Materia\u0142oznawstwa i Mechaniki Technicznej Politechniki Wroc\u0142awskiej<BR><\/TD> <TD vAlign=top align=middle>Scientific Papers of the Instituteof Materials Science and Appiled Mechanics of the Wroc\u0142aw University of Technology<\/TD><\/TR> <TR vAlign=top> <TD vAlign=top align=middle>Seria: Konferencje Nr 9<\/TD> <TD vAlign=top align=middle>Series: Conferences No. 9<\/TD><\/TR> <TR vAlign=top> <TD vAlign=top align=middle>Komitet organizacyjny Konferencji: <\/TD> <TD vAlign=top align=middle>Conference Organizing Commitee: <\/TD><\/TR> <TR vAlign=top> <TD align=middle colSpan=2>Wac\u0142aw Kasprzak,<BR>Oleksander E. Andreykiv,<BR>Volodymir I. Panasiuk,<BR>Ewald Macha,<BR>Andrzej Neimitz,<BR>Siegfrid S\u00e4hn,<BR>Mieczys\u0142aw Szata<BR><\/TD><\/TR> <TR vAlign=top> <TD align=middle><B>Metody nieniszcz\u0105ce w mechanice p\u0119kania i zm\u0119czeniu materia\u0142\u00f3w<\/B> <\/TD> <TD align=middle><B>Nondestructive Methods in fracture mechanics and fatigue of materials<\/B><\/TD><\/TR><\/TBODY><\/TABLE> <P><BR><BR> <CENTER>Table of contents<\/CENTER> <P><\/P> <OL> <LI>W. KASPRZAK: <A href=\"http:\/\/www.immt.pwr.wroc.pl\/konferencje\/lsmp99\/ns1.pdf\">Nowe generacje materia\u0142\u00f3w konstrukcyjnych, a zadania mechaniki o\u015brodk\u00f3w<\/A> (104k)  <LI>&#1052;. &#1064;&#1040;&#1058;&#1040;, &#1040;. &#1040;&#1053;&#1044;&#1056;&#1045;&#1049;&#1050;&#1048;&#1042;: <A href=\"http:\/\/www.immt.pwr.wroc.pl\/konferencje\/lsmp99\/ns2.pdf\">&#1051;&#1077;&#1090;&#1085;&#1103;&#1103; &#1064;&#1082;&#1086;&#1083;&#1072; ,,&#1052;&#1077;&#1093;&#1072;&#1085;&#1080;&#1082;&#1072; &#1056;&#1072;&#1079;&#1088;&#1091;&#1096;&#1077;&#1085;&#1080;&#1103;&#8221; &#1074; &#1062;&#1077;&#1085;&#1090;&#1088;&#1072;&#1083;&#1100;&#1085;&#1086;&#1081; &#1045;&#1074;&#1088;&#1086;&#1087;&#1077; &#1080;&#1090;&#1086;&#1075;&#1080;, &#1091;&#1089;&#1087;&#1077;&#1093;&#1080;, &#1087;&#1077;&#1088;&#1089;&#1087;&#1077;&#1082;&#1090;&#1080;&#1074;&#1099;<\/A> (641k)  <LI>J. PETIT: <A href=\"http:\/\/www.immt.pwr.wroc.pl\/konferencje\/lsmp99\/ns3.pdf\">Influence of microstructure and moist environment on fatigue crack propagation in metallic alloys<\/A> (411k)  <LI>W. DUDZI\u0143SKI, A. STUDENT, M. SZATA, K. HAIMANN: <A href=\"http:\/\/www.immt.pwr.wroc.pl\/konferencje\/lsmp99\/ns4.pdf\">Badania mikrostrukturalne termicznej degradacji stali ruroci\u0105g\u00f3w ciep\u0142owniczych elektrowni<\/A> (649k)  <LI>M. SZATA, H. NYKYFORCHYN: <A href=\"http:\/\/www.immt.pwr.wroc.pl\/konferencje\/lsmp99\/ns5.pdf\">Eksperymentalna metoda badania zm\u0119czeniowego wzrostu szczeliny z wykorzystaniem opisu energetycznego<\/A> (184k)  <LI>L. V\u00c1RKOLY: <A href=\"http:\/\/www.immt.pwr.wroc.pl\/konferencje\/lsmp99\/ns6.pdf\">Fracture mechanics &amp; fatigue on Internet<\/A> (724k)  <LI>V.V. PANASYUK: <A href=\"http:\/\/www.immt.pwr.wroc.pl\/konferencje\/lsmp99\/ns7.pdf\">Progress in researches into fracture mechanics and materials integrity in Ukraine (second half of the XX century)<\/A> (333k) <\/LI><\/OL> <P><A href=\"http:\/\/www.immt.pwr.wroc.pl\/lsmp99\">Some photos<\/A> <\/P> <HR> This articles may be cited as:  <DL compact> <DD><BR> <DT><A name=Szata99>1<\/A>  <DD>Mieczys\u0142aw Szata, editor.<BR><EM>Nondestructive Methods in Fracture Mechanics and Fatigue of Materials (Pol: Metody nieniszcz\u0105ce w mechanice p\u0119kania i zm\u0119czeniu materia\u0142\u00f3w)<\/EM> , number&nbsp;61 in Scientific Papers of the Institute of Materials Science and Applied Mechanics, Wybrze\u017ce Wyspia\u0144skiego 27, 50-370 Wroc\u0142aw, June 1999. Oficyna Wydawnicza Politechniki Wroc\u0142awskiej.<BR><TT><A href=\"http:\/\/www.immt.pwr.wroc.pl\/konferencje\/lsmp99\/\" name=tex2html1>http:\/\/www.immt.pwr.wroc.pl\/konferencje\/lsmp99\/<\/A><\/TT>.  <DT><A name=Kasprzak99>2<\/A>  <DD>W.&nbsp;Kasprzak.<BR>Nowe generacje materia\u0142\u00f3w konstrukcyjnych, a zadania mechaniki o\u015brodk\u00f3w. <BR>In Szata [<A href=\"http:\/\/www.immt.pwr.wroc.pl\/konferencje\/lsmp99\/#Szata99\">1<\/A>], pages 3-6.<BR><TT><A href=\"http:\/\/www.immt.pwr.wroc.pl\/konferencje\/lsmp99\/ns1.pdf\" name=tex2html2>http:\/\/www.immt.pwr.wroc.pl\/konferencje\/lsmp99\/ns1.pdf<\/A><\/TT>.  <DT><A name=Andrejkiv99>3<\/A>  <DD>M.&nbsp;Szata and O.&nbsp;Andrejkiv.<BR>Letnyaya \u008akola ,,Mehanika Razru\u009aeniya&#8221; v Central&#8217;noj Evrope itogi, uspehi, perspektivy.<BR>In Szata [<A href=\"http:\/\/www.immt.pwr.wroc.pl\/konferencje\/lsmp99\/#Szata99\">1<\/A>], pages 7-45.<BR><TT><A href=\"http:\/\/www.immt.pwr.wroc.pl\/konferencje\/lsmp99\/ns2.pdf\" name=tex2html3>http:\/\/www.immt.pwr.wroc.pl\/konferencje\/lsmp99\/ns2.pdf<\/A><\/TT>.  <DT><A name=Petit99>4<\/A>  <DD>J.&nbsp;Petit.<BR>Influence of microstructure and moist environment on fatigue crack propagation in metallic alloys.<BR>In Szata [<A href=\"http:\/\/www.immt.pwr.wroc.pl\/konferencje\/lsmp99\/#Szata99\">1<\/A>], pages 46-54.<BR><TT><A href=\"http:\/\/www.immt.pwr.wroc.pl\/konferencje\/lsmp99\/ns3.pdf\" name=tex2html4>http:\/\/www.immt.pwr.wroc.pl\/konferencje\/lsmp99\/ns3.pdf<\/A><\/TT>.  <DT><A name=Dudzinski99>5<\/A>  <DD>W.&nbsp;Dudzi\u0144ski, A.&nbsp;Student, M.&nbsp;Szata, and K.&nbsp;Haimann.<BR>Badania mikrostrukturalne termicznej degradacji stali ruroci\u0105g\u00f3wciep\u0142owniczych elektrowni.<BR>In Szata [<A href=\"http:\/\/www.immt.pwr.wroc.pl\/konferencje\/lsmp99\/#Szata99\">1<\/A>], pages 55-66.<BR><TT><A href=\"http:\/\/www.immt.pwr.wroc.pl\/konferencje\/lsmp99\/ns4.pdf\" name=tex2html5>http:\/\/www.immt.pwr.wroc.pl\/konferencje\/lsmp99\/ns4.pdf<\/A><\/TT>.  <DT><A name=Szata99a>6<\/A>  <DD>M.&nbsp;Szata and H.&nbsp;Nykyforchyn.<BR>Eksperymentalna metoda badania zm\u0119czeniowego wzrostu szczeliny z wykorzystaniem opisu energetycznego.<BR>In Szata [<A href=\"http:\/\/www.immt.pwr.wroc.pl\/konferencje\/lsmp99\/#Szata99\">1<\/A>], pages 67-72.<BR><TT><A href=\"http:\/\/www.immt.pwr.wroc.pl\/konferencje\/lsmp99\/ns5.pdf\" name=tex2html6>http:\/\/www.immt.pwr.wroc.pl\/konferencje\/lsmp99\/ns5.pdf<\/A><\/TT>.  <DT><A name=Varkoly99>7<\/A>  <DD>L.&nbsp;V\u00e1rkoly.<BR>Fracture mechanics &amp; fatigue on internet.<BR>In Szata [<A href=\"http:\/\/www.immt.pwr.wroc.pl\/konferencje\/lsmp99\/#Szata99\">1<\/A>], pages 73-102.<BR><TT><A href=\"http:\/\/www.immt.pwr.wroc.pl\/konferencje\/lsmp99\/ns6.pdf\" name=tex2html7>http:\/\/www.immt.pwr.wroc.pl\/konferencje\/lsmp99\/ns6.pdf<\/A><\/TT>.  <DT><A name=Panasyuk99>8<\/A>  <DD>V.V. Panasyuk.<BR>Progress in researches into fracture mechanics and materials integrity in Ukraine (second half of the XX century).<BR>In Szata [<A href=\"http:\/\/www.immt.pwr.wroc.pl\/konferencje\/lsmp99\/#Szata99\">1<\/A>], pages 103-125.<BR><TT><A href=\"http:\/\/www.immt.pwr.wroc.pl\/konferencje\/lsmp99\/ns7.pdf\" name=tex2html8>http:\/\/www.immt.pwr.wroc.pl\/konferencje\/lsmp99\/ns7.pdf<\/A><\/TT>. <\/DD><\/DL><\/p>\n","protected":false},"excerpt":{"rendered":"<p>Prace Naukowe Instytutu Materia\u0142oznawstwa i Mechaniki Technicznej Politechniki Wroc\u0142awskiej Scientific Papers of the Instituteof Materials Science and Appiled Mechanics of the Wroc\u0142aw University of Technology Seria: Konferencje Nr 9 Series: Conferences No. 9 Komitet organizacyjny Konferencji: Conference Organizing Commitee: Wac\u0142aw Kasprzak,Oleksander E. Andreykiv,Volodymir I. Panasiuk,Ewald Macha,Andrzej Neimitz,Siegfrid S\u00e4hn,Mieczys\u0142aw Szata Metody nieniszcz\u0105ce w mechanice p\u0119kania i &hellip; <a href=\"https:\/\/kmim.wm.pwr.edu.pl\/immt\/instytut-materialoznawstwa-i-mechaniki-technicznej\/konferencje-organizowane-przez-instytut-materialoznawstwa-i-mechaniki-technicznej\/letnie-szkoly-mechaniki-pekania\/metody-nieniszczace-w-mechanice-pekania-i-zmeczeniu-materialow\/\" class=\"more-link\">Czytaj dalej <span class=\"screen-reader-text\">Metody nieniszcz\u0105ce w mechanice p\u0119kania i zm\u0119czeniu materia\u0142\u00f3w<\/span> <span class=\"meta-nav\">&rarr;<\/span><\/a><\/p>\n","protected":false},"author":1,"featured_media":0,"parent":1433,"menu_order":0,"comment_status":"closed","ping_status":"open","template":"","meta":{"ngg_post_thumbnail":0,"footnotes":""},"class_list":["post-1468","page","type-page","status-publish","hentry"],"publishpress_future_action":{"enabled":false,"date":"2026-04-29 14:32:18","action":"change-status","newStatus":"draft","terms":[],"taxonomy":"language","extraData":[]},"publishpress_future_workflow_manual_trigger":{"enabledWorkflows":[]},"_links":{"self":[{"href":"https:\/\/kmim.wm.pwr.edu.pl\/immt\/wp-json\/wp\/v2\/pages\/1468","targetHints":{"allow":["GET"]}}],"collection":[{"href":"https:\/\/kmim.wm.pwr.edu.pl\/immt\/wp-json\/wp\/v2\/pages"}],"about":[{"href":"https:\/\/kmim.wm.pwr.edu.pl\/immt\/wp-json\/wp\/v2\/types\/page"}],"author":[{"embeddable":true,"href":"https:\/\/kmim.wm.pwr.edu.pl\/immt\/wp-json\/wp\/v2\/users\/1"}],"replies":[{"embeddable":true,"href":"https:\/\/kmim.wm.pwr.edu.pl\/immt\/wp-json\/wp\/v2\/comments?post=1468"}],"version-history":[{"count":0,"href":"https:\/\/kmim.wm.pwr.edu.pl\/immt\/wp-json\/wp\/v2\/pages\/1468\/revisions"}],"up":[{"embeddable":true,"href":"https:\/\/kmim.wm.pwr.edu.pl\/immt\/wp-json\/wp\/v2\/pages\/1433"}],"wp:attachment":[{"href":"https:\/\/kmim.wm.pwr.edu.pl\/immt\/wp-json\/wp\/v2\/media?parent=1468"}],"curies":[{"name":"wp","href":"https:\/\/api.w.org\/{rel}","templated":true}]}}