{"id":1469,"date":"2003-12-07T14:04:59","date_gmt":"2003-12-07T13:04:59","guid":{"rendered":"http:\/\/kmim.wm.pwr.edu.pl\/immt\/instytut-materialoznawstwa-i-mechaniki-technicznej\/konferencje-organizowane-przez-instytut-materialoznawstwa-i-mechaniki-technicznej\/letnie-szkoly-mechaniki-pekania\/current-research-on-fatigue-and-fracture\/"},"modified":"2003-12-07T14:04:59","modified_gmt":"2003-12-07T13:04:59","slug":"current-research-on-fatigue-and-fracture","status":"publish","type":"page","link":"https:\/\/kmim.wm.pwr.edu.pl\/immt\/instytut-materialoznawstwa-i-mechaniki-technicznej\/konferencje-organizowane-przez-instytut-materialoznawstwa-i-mechaniki-technicznej\/letnie-szkoly-mechaniki-pekania\/current-research-on-fatigue-and-fracture\/","title":{"rendered":"Current Research on Fatigue and Fracture"},"content":{"rendered":"<p><DIV align=center><IMG height=106 alt=[logo] src=\"http:\/\/www.immt.pwr.wroc.pl\/konferencje\/lsmp01\/logossfm.gif\" width=223><\/DIV><BR> <DIV align=center>Pokrzywna (Poland) 18-22.06.2001<BR><BR><\/DIV><U><B>STEERING COMMITTEE:<\/B><\/U><BR> <BLOCKQUOTE><BR>Prof. W. Kasprzak, Poland<BR>Prof. V. Panasyuk, Ukraine<BR>Prof. S. S\u00e4hn, Germany<BR><\/BLOCKQUOTE><BR><B><U>SCIENTIFIC COMMITTEE:<\/U><\/B><BR><BR> <BLOCKQUOTE>Prof. O.YE. Andreykiv, Ukraine<BR>Dr R. Brooks, United Kingdom<BR>Dr A. Buczy\u0144ski, Poland<BR>Prof. J. \u010ca\u010dko, Slovakia<BR>Prof. A. Carpinteri, Italy<BR>Prof. I.M. Dmytrakh, Ukraine<BR>Prof. M.N James, United Kingdom<BR>Dr S. K\u0142ysz, Poland<BR>Prof. D. Koca\u0144da, Poland<BR>Prof. S. Koca\u0144da, Poland<BR>Prof. M.S. Kumosa, USA<BR>Dr T. \u0141agoda, Poland<BR>Prof. E. Macha, Poland<BR>Dr I.R. McColl, United Kingdom<BR>Dr K. Molski, Poland<BR>Prof. H. Nowack, Germany<BR>Prof. H.M. Nykyforchyn, Ukraine<BR>Prof. J. Okrajni, Poland<BR>Prof. V.V. Panasyuk, Ukraine<BR>Prof. J. Pokluda, Czech Republic<BR>Prof. J. Pol\u00e1k, Czech Republic<BR>Prof. N. Ranganathan, France<BR>Prof. J.L Robert, France<BR>Dr. D. Tchankov, Bulgaria<BR>Prof. L. T\u00f3th, Hungary<BR>Prof. L. V\u00e1rkoly Slovakia<BR><\/BLOCKQUOTE><U><B>LOCAL ORGANIZING COMMITTEE:<\/B><\/U><BR><BR> <BLOCKQUOTE>Prof. E. MACHA &#8211; chairman<BR>M.Sc. A. Nies\u0142ony &#8211; secretary<BR>M.Sc. R. Bry\u015b,<BR>Eng. B. Chrobak,<BR>M.Sc. T. Filarowska,<BR>M. Filipek, <BR>M.Phil. E. Helle\u0144ska,<BR>M.Sc. A. Karolczuk, <BR>M.Phil. G. Ko\u0144czal,<BR>Dr T. \u0141agoda,<BR>M.Sc. Z. Marciniak.<BR><\/BLOCKQUOTE><BR><B>Sponsored by:<\/B><BR> <UL> <LI>Commission of the European Communities under the Leonardo da Vinci programme,  <LI>European Structural Integrity Society (ESIS),  <LI>State Committee for Scientific Research (KBN),  <LI>Polish Society of Theoretical and Applied Mechanics, The Branch of Opole. <\/LI><\/UL> <H3>CONTENTS<\/H3> <BLOCKQUOTE> <OL> <LI><B>J. \u010cA\u010cKO<\/B>&nbsp; <A href=\"http:\/\/www.immt.pwr.wroc.pl\/konferencje\/lsmp01\/lsm2001_01.pdf\"><I>Computer Modelling of Operating ProcessesforBoth Simulational and Experimental Investigation of Fracture Problems<\/I><\/A> (409 k) <IMG alt=[PDF] src=\"http:\/\/www.immt.pwr.wroc.pl\/konferencje\/lsmp01\/pdficon-s2.gif\">  <LI><B>J. \u010cA\u010cKO<\/B>&nbsp; <A href=\"http:\/\/www.immt.pwr.wroc.pl\/konferencje\/lsmp01\/lsm2001_02.pdf\"><I>Evaluation of a Fatigue CumulativeDamage in Service&nbsp; Life Prediction<\/I><\/A> (1.6 M) <IMG alt=[PDF] src=\"http:\/\/www.immt.pwr.wroc.pl\/konferencje\/lsmp01\/pdficon-s2.gif\">  <LI><B>A. CARPINTERI, A. SPAGNOLI, S. VANTADORI<\/B>&nbsp; <A href=\"http:\/\/www.immt.pwr.wroc.pl\/konferencje\/lsmp01\/lsm2001_03.pdf\"><I>CriticalPlane&nbsp; Approach for Multiaxial Fatigue of Metals<\/I><\/A> (312 k) <IMG alt=[PDF] src=\"http:\/\/www.immt.pwr.wroc.pl\/konferencje\/lsmp01\/pdficon-s2.gif\">  <LI><B>A. CARPINTERI, A. LANDINI, A. SPAGNOLI&nbsp;<\/B> <A href=\"http:\/\/www.immt.pwr.wroc.pl\/konferencje\/lsmp01\/lsm2001_04.pdf\"><I>Theoretical&nbsp;Interpretation of Size Effect in Fatigue<\/I><\/A> (135 k) <IMG alt=[PDF] src=\"http:\/\/www.immt.pwr.wroc.pl\/konferencje\/lsmp01\/pdficon-s2.gif\">  <LI><B>S. K\u0141YSZ<\/B>&nbsp; <A href=\"http:\/\/www.immt.pwr.wroc.pl\/konferencje\/lsmp01\/lsm2001_05.pdf\"><I>Peculiarities of Fatigue Crack Growthand Odifications of the Wheeler Retardation Model&nbsp;<\/I><\/A> (2.0 M) <IMG alt=[PDF] src=\"http:\/\/www.immt.pwr.wroc.pl\/konferencje\/lsmp01\/pdficon-s2.gif\">  <LI><B>D. KOCA\u0143DA, S. KOCA\u0143DA, H. TOMASZEK<\/B>&nbsp;<A href=\"http:\/\/www.immt.pwr.wroc.pl\/konferencje\/lsmp01\/lsm2001_06.pdf\"><I> ExperimentalAnalysis and Modelling of Short and Long Fatigue Crack Growth in a TitaniumAlloy Notched Member<\/I><\/A> (3.1 M) <IMG alt=[PDF] src=\"http:\/\/www.immt.pwr.wroc.pl\/konferencje\/lsmp01\/pdficon-s2.gif\">  <LI><B>M. KUMOSA<\/B>&nbsp; <A href=\"http:\/\/www.immt.pwr.wroc.pl\/konferencje\/lsmp01\/lsm2001_07.pdf\"><I>Fracture Analysis of Composite HighVoltage Insulators<\/I><\/A> (953 k) <IMG alt=[PDF] src=\"http:\/\/www.immt.pwr.wroc.pl\/konferencje\/lsmp01\/pdficon-s2.gif\">  <LI><B>M. KUMOSA<\/B>&nbsp; <A href=\"http:\/\/www.immt.pwr.wroc.pl\/konferencje\/lsmp01\/lsm2001_08.pdf\"><I>Shear Dominated Failure Mechanismsin High&nbsp; Temperature Graphite\/Polymer Matrix Composites<\/I><\/A> (351 k) <IMG alt=[PDF] src=\"http:\/\/www.immt.pwr.wroc.pl\/konferencje\/lsmp01\/pdficon-s2.gif\">  <LI><B>T. \u0141AGODA, E. MACHA<\/B> <A href=\"http:\/\/www.immt.pwr.wroc.pl\/konferencje\/lsmp01\/lsm2001_09.pdf\"><I>Energy Approach to FatigueLife Estimation under Combined Tension with Torsion<\/I><\/A> (186 k) <IMG alt=[PDF] src=\"http:\/\/www.immt.pwr.wroc.pl\/konferencje\/lsmp01\/pdficon-s2.gif\">  <LI><B>K.L. MOLSKI<\/B> <A href=\"http:\/\/www.immt.pwr.wroc.pl\/konferencje\/lsmp01\/lsm2001_10.pdf\"><I>A Crack Between Two DissimilarMedia<\/I><\/A>&nbsp; (163 k) <IMG alt=[PDF] src=\"http:\/\/www.immt.pwr.wroc.pl\/konferencje\/lsmp01\/pdficon-s2.gif\">  <LI><B>H. NYKYFORCHYN<\/B> <A href=\"http:\/\/www.immt.pwr.wroc.pl\/konferencje\/lsmp01\/lsm2001_11.pdf\"><I>Effect of Hydrogen Degradationof Structural Steels on the Fatigue Crack Growth<\/I><\/A> (279 k) <IMG alt=[PDF] src=\"http:\/\/www.immt.pwr.wroc.pl\/konferencje\/lsmp01\/pdficon-s2.gif\">  <LI><B>J. OKRAJNI<\/B>&nbsp; <A href=\"http:\/\/www.immt.pwr.wroc.pl\/konferencje\/lsmp01\/lsm2001_12.pdf\"><I>Fatigue of High Temperature Components<\/I><\/A>&nbsp; (1.4 M) <IMG alt=[PDF] src=\"http:\/\/www.immt.pwr.wroc.pl\/konferencje\/lsmp01\/pdficon-s2.gif\">  <LI><B>M.N. PACEY, E.A. PATTERSON, M.N. JAMES<\/B>&nbsp; <A href=\"http:\/\/www.immt.pwr.wroc.pl\/konferencje\/lsmp01\/lsm2001_13.pdf\"><I>A Photoelastic&nbsp; Technique for Characterising Fatigue Crack Closure and the Effective StressIntensity Factor<\/I><\/A> (318 k) <IMG alt=[PDF] src=\"http:\/\/www.immt.pwr.wroc.pl\/konferencje\/lsmp01\/pdficon-s2.gif\">  <LI><B>V. PANASYUK, I. DMYTRAKH<\/B>&nbsp; <A href=\"http:\/\/www.immt.pwr.wroc.pl\/konferencje\/lsmp01\/lsm2001_14.pdf\"><I>Corrosion FatigueCrackGrowth Emanating From Notches: Electrochemistry and Mechanical Aspects<\/I><\/A>&nbsp; (502 k) <IMG alt=[PDF] src=\"http:\/\/www.immt.pwr.wroc.pl\/konferencje\/lsmp01\/pdficon-s2.gif\">  <LI><B>J. POKLUDA<\/B>&nbsp; <A href=\"http:\/\/www.immt.pwr.wroc.pl\/konferencje\/lsmp01\/lsm2001_15.pdf\"><I>Tortuous Cracks Under Remote ModeI: The Statistical LEFM Approach<\/I><\/A> (900 k) <IMG alt=[PDF] src=\"http:\/\/www.immt.pwr.wroc.pl\/konferencje\/lsmp01\/pdficon-s2.gif\">  <LI><B>J. POL\u00c1K <\/B><A href=\"http:\/\/www.immt.pwr.wroc.pl\/konferencje\/lsmp01\/lsm2001_16.pdf\"><I>The Growth of Short CracksandLife Prediction<\/I><\/A> (193 k) <IMG alt=[PDF] src=\"http:\/\/www.immt.pwr.wroc.pl\/konferencje\/lsmp01\/pdficon-s2.gif\">  <LI><B>N. RANGANATHAN<\/B>&nbsp; <A href=\"http:\/\/www.immt.pwr.wroc.pl\/konferencje\/lsmp01\/lsm2001_17.pdf\"><I>Fatigue Crack Growth under VariableAmplitude Loading inSelected Aluminium Alloys<\/I><\/A> (275 k) <IMG alt=[PDF] src=\"http:\/\/www.immt.pwr.wroc.pl\/konferencje\/lsmp01\/pdficon-s2.gif\">  <LI><B>L. T\u00d3TH <\/B><A href=\"http:\/\/www.immt.pwr.wroc.pl\/konferencje\/lsmp01\/lsm2001_18.pdf\"><I>Crack Propagation Sensitivityof Engineering Structures<\/I><\/A> (137 k) <IMG alt=[PDF] src=\"http:\/\/www.immt.pwr.wroc.pl\/konferencje\/lsmp01\/pdficon-s2.gif\">  <LI><B>L. T\u00d3TH<\/B>&nbsp; <A href=\"http:\/\/www.immt.pwr.wroc.pl\/konferencje\/lsmp01\/lsm2001_19.pdf\"><I>Fatigue Crack Growth Laws andTheir Material Parameters<\/I><\/A> (138 k) <IMG alt=[PDF] src=\"http:\/\/www.immt.pwr.wroc.pl\/konferencje\/lsmp01\/pdficon-s2.gif\">  <LI><B>L. V\u00c1RKOLY<\/B> <A href=\"http:\/\/www.immt.pwr.wroc.pl\/konferencje\/lsmp01\/lsm2001_20.pdf\"><I>Fatigue Crack Tip ClosureConcept (historical review,methods and equipment for experimental observation,methods of computer modelling)<\/I><\/A> (478 k) <IMG alt=[PDF] src=\"http:\/\/www.immt.pwr.wroc.pl\/konferencje\/lsmp01\/pdficon-s2.gif\">  <LI><B>K. VESSELINOV<\/B> <A href=\"http:\/\/www.immt.pwr.wroc.pl\/konferencje\/lsmp01\/lsm2001_21.pdf\"><I>Inelastic Properties of Materials,Energy Dissipation and Fatigue Life Estimation under Uniaxial and MultiaxialStress<\/I><\/A> (289 k) <IMG alt=[PDF] src=\"http:\/\/www.immt.pwr.wroc.pl\/konferencje\/lsmp01\/pdficon-s2.gif\"> <\/LI><\/OL><\/BLOCKQUOTE><\/p>\n","protected":false},"excerpt":{"rendered":"<p>Pokrzywna (Poland) 18-22.06.2001STEERING COMMITTEE: Prof. W. Kasprzak, PolandProf. V. Panasyuk, UkraineProf. S. S\u00e4hn, GermanySCIENTIFIC COMMITTEE: Prof. O.YE. Andreykiv, UkraineDr R. Brooks, United KingdomDr A. Buczy\u0144ski, PolandProf. J. \u010ca\u010dko, SlovakiaProf. A. Carpinteri, ItalyProf. I.M. Dmytrakh, UkraineProf. M.N James, United KingdomDr S. K\u0142ysz, PolandProf. D. Koca\u0144da, PolandProf. S. Koca\u0144da, PolandProf. M.S. Kumosa, USADr T. \u0141agoda, PolandProf. E. &hellip; <a href=\"https:\/\/kmim.wm.pwr.edu.pl\/immt\/instytut-materialoznawstwa-i-mechaniki-technicznej\/konferencje-organizowane-przez-instytut-materialoznawstwa-i-mechaniki-technicznej\/letnie-szkoly-mechaniki-pekania\/current-research-on-fatigue-and-fracture\/\" class=\"more-link\">Czytaj dalej <span class=\"screen-reader-text\">Current Research on Fatigue and Fracture<\/span> <span class=\"meta-nav\">&rarr;<\/span><\/a><\/p>\n","protected":false},"author":1,"featured_media":0,"parent":1433,"menu_order":0,"comment_status":"closed","ping_status":"open","template":"","meta":{"ngg_post_thumbnail":0,"footnotes":""},"class_list":["post-1469","page","type-page","status-publish","hentry"],"publishpress_future_action":{"enabled":false,"date":"2026-04-16 15:04:45","action":"change-status","newStatus":"draft","terms":[],"taxonomy":"language","extraData":[]},"publishpress_future_workflow_manual_trigger":{"enabledWorkflows":[]},"_links":{"self":[{"href":"https:\/\/kmim.wm.pwr.edu.pl\/immt\/wp-json\/wp\/v2\/pages\/1469","targetHints":{"allow":["GET"]}}],"collection":[{"href":"https:\/\/kmim.wm.pwr.edu.pl\/immt\/wp-json\/wp\/v2\/pages"}],"about":[{"href":"https:\/\/kmim.wm.pwr.edu.pl\/immt\/wp-json\/wp\/v2\/types\/page"}],"author":[{"embeddable":true,"href":"https:\/\/kmim.wm.pwr.edu.pl\/immt\/wp-json\/wp\/v2\/users\/1"}],"replies":[{"embeddable":true,"href":"https:\/\/kmim.wm.pwr.edu.pl\/immt\/wp-json\/wp\/v2\/comments?post=1469"}],"version-history":[{"count":0,"href":"https:\/\/kmim.wm.pwr.edu.pl\/immt\/wp-json\/wp\/v2\/pages\/1469\/revisions"}],"up":[{"embeddable":true,"href":"https:\/\/kmim.wm.pwr.edu.pl\/immt\/wp-json\/wp\/v2\/pages\/1433"}],"wp:attachment":[{"href":"https:\/\/kmim.wm.pwr.edu.pl\/immt\/wp-json\/wp\/v2\/media?parent=1469"}],"curies":[{"name":"wp","href":"https:\/\/api.w.org\/{rel}","templated":true}]}}