{"id":1470,"date":"2003-12-29T10:25:52","date_gmt":"2003-12-29T09:25:52","guid":{"rendered":"http:\/\/kmim.wm.pwr.edu.pl\/immt\/aktualnosci\/biuletyn-i-19\/"},"modified":"2014-11-02T12:13:23","modified_gmt":"2014-11-02T11:13:23","slug":"biuletyn-i-19","status":"publish","type":"page","link":"https:\/\/kmim.wm.pwr.edu.pl\/immt\/aktualnosci\/biuletyn-i-19\/","title":{"rendered":"Biuletyn I-19"},"content":{"rendered":"<p><a href=\"http:\/\/kmim.wm.pwr.edu.pl\/immt\/wp-content\/uploads\/sites\/58\/2003\/12\/biul.gif\"><img loading=\"lazy\" decoding=\"async\" class=\"aligncenter size-full wp-image-1548\" src=\"http:\/\/kmim.wm.pwr.edu.pl\/immt\/wp-content\/uploads\/sites\/58\/2003\/12\/biul.gif\" alt=\"biul\" width=\"567\" height=\"161\" \/><\/a>Od czasu do czasu wydajemy Biuletyn informacyjny zawieraj\u0105cy podsumowanie najwa\u017cniejszych wydarze\u0144 w instytucie. Tutaj elektroniczne kopie dotychczasowych wyda\u0144.<\/p>\n<ul class=\"list-pages-shortcode child-pages\"><li class=\"page_item page-item-1479\"><a href=\"https:\/\/kmim.wm.pwr.edu.pl\/immt\/aktualnosci\/biuletyn-i-19\/biuletyn-i-19-nr-1-od-1-pazdziernika-do-15-listopada-1999\/\">Biuletyn I-19 Nr 1 od 1 pa\u017adziernika do 15 listopada 1999<\/a><\/li>\n<li class=\"page_item page-item-1471\"><a href=\"https:\/\/kmim.wm.pwr.edu.pl\/immt\/aktualnosci\/biuletyn-i-19\/biuletyn-informacyjny-immimt-nr-2\/\">Biuletyn I-19 Nr 2<\/a><\/li>\n<li class=\"page_item page-item-1472\"><a href=\"https:\/\/kmim.wm.pwr.edu.pl\/immt\/aktualnosci\/biuletyn-i-19\/biuletyn-i-19-nr-3-od-19-lutego-do-1-lipca-2000-r\/\">Biuletyn I-19 Nr 3 od 19 lutego do 1 lipca 2000 r<\/a><\/li>\n<li class=\"page_item page-item-1473\"><a href=\"https:\/\/kmim.wm.pwr.edu.pl\/immt\/aktualnosci\/biuletyn-i-19\/biuletyn-i-19-nr-4-od-01-lipca-2000-r-do-15-grudnia-2000-r\/\">Biuletyn I-19 nr 4 od 01 lipca 2000 r. do 15 grudnia 2000 r.<\/a><\/li>\n<li class=\"page_item page-item-1474\"><a href=\"https:\/\/kmim.wm.pwr.edu.pl\/immt\/aktualnosci\/biuletyn-i-19\/biuletyn-i-19-nr-5-od-01-i-do-01-vii-2001\/\">Biuletyn I-19 nr 5 od 01.I. do 01.VII.2001<\/a><\/li>\n<li class=\"page_item page-item-1475\"><a href=\"https:\/\/kmim.wm.pwr.edu.pl\/immt\/aktualnosci\/biuletyn-i-19\/biuletyn-i-19-nr-6-od-01-07-2001-do-10-03-2002\/\">Biuletyn I-19 nr 6 od 01.07.2001 do 10.03.2002<\/a><\/li>\n<li class=\"page_item page-item-1476\"><a href=\"https:\/\/kmim.wm.pwr.edu.pl\/immt\/aktualnosci\/biuletyn-i-19\/biuletyn-i-19-numer-7-od-11-03-2002-do-30-09-2002\/\">Biuletyn I-19 Nr 7 od 11.03.2002 do 30.09.2002<\/a><\/li>\n<li class=\"page_item page-item-1477\"><a href=\"https:\/\/kmim.wm.pwr.edu.pl\/immt\/aktualnosci\/biuletyn-i-19\/biuletyn-8-od-01-x-2002-do-30-ix-2003\/\">Biuletyn I-19 Nr 8 od 1 pa\u017cdziernika 2002 do 30 wrze\u015bnia 2003<\/a><\/li>\n<li class=\"page_item page-item-1478\"><a href=\"https:\/\/kmim.wm.pwr.edu.pl\/immt\/aktualnosci\/biuletyn-i-19\/biuletyn-9-od-01-x-2003-do-30-iv-2004\/\">Biuletyn I-19 Nr 9 od 01.X.2003 do 30.IV.2004<\/a><\/li>\n<\/ul>\n","protected":false},"excerpt":{"rendered":"<p>Od czasu do czasu wydajemy Biuletyn informacyjny zawieraj\u0105cy podsumowanie najwa\u017cniejszych wydarze\u0144 w instytucie. Tutaj elektroniczne kopie dotychczasowych wyda\u0144.<\/p>\n","protected":false},"author":1,"featured_media":0,"parent":24,"menu_order":0,"comment_status":"closed","ping_status":"open","template":"","meta":{"ngg_post_thumbnail":0,"footnotes":""},"class_list":["post-1470","page","type-page","status-publish","hentry"],"publishpress_future_action":{"enabled":false,"date":"2026-04-27 19:07:58","action":"change-status","newStatus":"draft","terms":[],"taxonomy":"language","extraData":[]},"publishpress_future_workflow_manual_trigger":{"enabledWorkflows":[]},"_links":{"self":[{"href":"https:\/\/kmim.wm.pwr.edu.pl\/immt\/wp-json\/wp\/v2\/pages\/1470","targetHints":{"allow":["GET"]}}],"collection":[{"href":"https:\/\/kmim.wm.pwr.edu.pl\/immt\/wp-json\/wp\/v2\/pages"}],"about":[{"href":"https:\/\/kmim.wm.pwr.edu.pl\/immt\/wp-json\/wp\/v2\/types\/page"}],"author":[{"embeddable":true,"href":"https:\/\/kmim.wm.pwr.edu.pl\/immt\/wp-json\/wp\/v2\/users\/1"}],"replies":[{"embeddable":true,"href":"https:\/\/kmim.wm.pwr.edu.pl\/immt\/wp-json\/wp\/v2\/comments?post=1470"}],"version-history":[{"count":2,"href":"https:\/\/kmim.wm.pwr.edu.pl\/immt\/wp-json\/wp\/v2\/pages\/1470\/revisions"}],"predecessor-version":[{"id":1550,"href":"https:\/\/kmim.wm.pwr.edu.pl\/immt\/wp-json\/wp\/v2\/pages\/1470\/revisions\/1550"}],"up":[{"embeddable":true,"href":"https:\/\/kmim.wm.pwr.edu.pl\/immt\/wp-json\/wp\/v2\/pages\/24"}],"wp:attachment":[{"href":"https:\/\/kmim.wm.pwr.edu.pl\/immt\/wp-json\/wp\/v2\/media?parent=1470"}],"curies":[{"name":"wp","href":"https:\/\/api.w.org\/{rel}","templated":true}]}}