{"id":1471,"date":"2003-11-28T08:36:57","date_gmt":"2003-11-28T07:36:57","guid":{"rendered":"http:\/\/kmim.wm.pwr.edu.pl\/immt\/biuletyn-informacyjny-immimt-nr-2\/"},"modified":"2014-11-02T11:55:08","modified_gmt":"2014-11-02T10:55:08","slug":"biuletyn-informacyjny-immimt-nr-2","status":"publish","type":"page","link":"https:\/\/kmim.wm.pwr.edu.pl\/immt\/aktualnosci\/biuletyn-i-19\/biuletyn-informacyjny-immimt-nr-2\/","title":{"rendered":"Biuletyn I-19 Nr 2"},"content":{"rendered":"<h1><a name=\"SECTION00010000000000000000\"><\/a> Sprawy osobowe i organizacyjne<\/h1>\n<p>Dr in\u017c. Wojciech MYSZKA pe\u0142ni\u0107 b\u0119dzie funkcj\u0119 Pe\u0142nomocnika Prorektora ds. Informatyzacji Procesu Nauczania od 1 listopada 1999 r. do 31 sierpnia 2000 r.<\/p>\n<p>W uzupe\u0142nieniu informacji (podanej w nr 1 Biuletynu) dotycz\u0105cej os\u00f3b nagrodzonych z okazji \u015awi\u0119ta Politechniki Wroc\u0142awskiej podajemy, \u017ce nagrod\u0119 Dziekana otrzymali (opr\u00f3cz dra in\u017c. T. Grzegorzewicza) tak\u017ce drin\u017c. Lidia P\u0118KALSKA idrin\u017c. Mieczys\u0142aw SZATA.<\/p>\n<p>Prezes Rady Ministr\u00f3w Jerzy BUZEK nagrodzi\u0142 za wybitne osi\u0105gni\u0119cia krajowe naukowo-techniczne zesp\u00f3\u0142 Politechniki Wroc\u0142awskiej pod kierunkiem prof. dra hab. in\u017c. Dionizego DUDKA w sk\u0142adzie: prof. dr hab. in\u017c. Eugeniusz RUSI\u0143SKI, dr in\u017c. Jerzy CZMOCHOWSKI, dr in\u017c. Krzysztof DUDEK, drin\u017c. Adam KRAJCZYK, dr in\u017c. Lidia P\u0118KALSKA, dr in\u017c. Grzegorz P\u0118KALSKI, in\u017c. Zbigniew KAMI\u0143SKI, mgr in\u017c. Norbert WOCKA, mgr in\u017c. Bogus\u0142aw DRABIK.<\/p>\n<p><i>20 grudnia 1999 r.<\/i> odby\u0142o si\u0119 spotkanie absolwent\u00f3w Indywidualnego Toku Studi\u00f3w. Uczestniczyli w nim: Prorektor ds. Dydaktyki prof. Jerzy \u015aWI\u0104TEK, Dziekan W-10 prof. Wac\u0142aw KOLLEK, prof. Wac\u0142aw KASPRZAK, prodziekani, dyrektorzy Instytut\u00f3w oraz prowadz\u0105cy zaj\u0119cia na ITS.<\/p>\n<p>Wszyscy absolwenci otrzymali upominki ksi\u0105\u017ckowe. Symboliczn\u0105 lampk\u0105 szampana wzniesiono toast za Ich pomy\u015blno\u015b\u0107.<\/p>\n<p><i>Z okazji 70 urodzin prof. dr hab. in\u017c. Mariana NOWAKA<\/i> 23 grudnia 1999 r. odby\u0142o si\u0119 uroczyste kolegium dyrektorskie. W spotkaniu opr\u00f3cz Jubilata i sta\u0142ych jego cz\u0142onk\u00f3w w kolegium uczestniczyli: prof. Z. GABRYSZEWSKI, prof. Wac\u0142aw KASPRZAK, oraz dr in\u017c. Mieczys\u0142aw SZATA. Jubilatowi podzi\u0119kowano za wieloletni\u0105 prac\u0119 naukow\u0105 i dydaktyczn\u0105. Spotkanie up\u0142yn\u0119\u0142o wciep\u0142ej atmosferze.<br \/>\n<a href=\"http:\/\/kmim.wm.pwr.edu.pl\/immt\/wp-content\/uploads\/sites\/58\/2003\/11\/img1.gif\"><img loading=\"lazy\" decoding=\"async\" class=\"aligncenter size-full wp-image-1546\" src=\"http:\/\/kmim.wm.pwr.edu.pl\/immt\/wp-content\/uploads\/sites\/58\/2003\/11\/img1.gif\" alt=\"img1\" width=\"362\" height=\"256\" \/><\/a><\/p>\n<p><i>15 lutego br.<\/i> odby\u0142o si\u0119 zebranie pracownik\u00f3w Instytutu rozpoczynaj\u0105ce semestr letni.<\/p>\n<h1><a name=\"SECTION00020000000000000000\"><\/a> Wsp\u00f3\u0142praca z zagranic\u0105<\/h1>\n<ul>\n<ul>\n<li><i>Od 24 do 29 listopada 1999 r.<\/i> prof. Wac\u0142aw KASPRZAK i dr hab. in\u017c. Marek RYBACZUK brali udzia\u0142 w Mi\u0119dzynarodowej Konferencji <i>WORKSHOP SIMILARITY METHODS<\/i> w Stuttgarcie (Niemcy).<\/li>\n<\/ul>\n<\/ul>\n<p>&nbsp;<\/p>\n<ul>\n<li><i>Od 5 do 19 grudnia 1999 r.<\/i> mgr in\u017c. Pawe\u0142 CHMIELARCZYK przebywa\u0142 na zaproszenie prof. H.\u00a0J.\u00a0CHRISTA na Uniwersytecie w Siegen (Niemcy). Wyjazd by\u0142 organizowany w ramach mi\u0119dzynarodowego projektu badawczego. Opiekunem Pana P. CHMIELARCZYKA by\u0142 dypl. Ing. P. LEZUO z Institut f\u00fcr Werkstofftechnik. Mgr in\u017c. Pawe\u0142 CHMIELARCZYK uczestniczy\u0142 w seminariach instytutowych ibadaniach laboratoryjnych. Efektem wizyty jest nawi\u0105zanie wielu kontakt\u00f3w, kt\u00f3re przyczyni\u0105 si\u0119 do zacie\u015bnienia wsp\u00f3\u0142pracy mi\u0119dzy naszymi uczelniami.\n<div align=\"CENTER\"><!-- MATH  $includegraphics [width=8cm]{Image2}$  --> <img loading=\"lazy\" decoding=\"async\" src=\"img2.gif\" alt=\"includegraphics [width=8cm]{Image2}\" width=\"362\" height=\"232\" align=\"BOTTOM\" border=\"0\" \/><\/div>\n<\/li>\n<\/ul>\n<p>&nbsp;<\/p>\n<p>&nbsp;<\/p>\n<ul>\n<li><i>14 grudnia 1999 r.<\/i> przebywa\u0142 w naszym Instytucie dr Andriy KRYSHTAFOVYCH z Lwowskiego Instytutu Stosowanych Problem\u00f3w Mechaniki i Matematyki. <i>17grudnia<\/i> wyg\u0142osi\u0142 referat na Seminarium Dynamiki pt. ,,Two-dimensional problems oninteraction of anisotropic bodies imperfect thermal and mechanical contact&#8221;.<\/li>\n<\/ul>\n<p>&nbsp;<\/p>\n<p>&nbsp;<\/p>\n<ul>\n<li><i>21 grudnia 1999 r.<\/i> zako\u0144czy\u0142 sw\u00f3j pobyt w naszym Instytucie dr Olesander CYRULNYK z FMI VAN ze Lwowa (Ukraina).<\/li>\n<\/ul>\n<p>&nbsp;<\/p>\n<p>&nbsp;<\/p>\n<ul>\n<li><i>28 stycznia 2000 r.<\/i> dr in\u017c. Mieczys\u0142aw SZATA go\u015bci\u0142 w TU Drezno (Niemcy). Celem wizyty by\u0142y sprawy organizacyjne zwi\u0105zane z VI Letni\u0105 Szko\u0142\u0105 Mechaniki P\u0119kania.<\/li>\n<\/ul>\n<p>&nbsp;<\/p>\n<h1><a name=\"SECTION00030000000000000000\"><\/a> Dzia\u0142alno\u015b\u0107 naukowo-badawcza<\/h1>\n<ul>\n<ul>\n<li><i>3 grudnia 1999 r.<\/i> odby\u0142a si\u0119 publiczna dyskusja na rozpraw\u0105 doktorsk\u0105 mgra in\u017c. Wojciecha B\u0141A\u017bEJEWSKIEGO pt. &#8221;<i>WP\u0141YW STRUKTURY NAWIJANIA W\u0141\u00d3KNA NA WYTRZYMA\u0141O\u015a\u0106 ELEMENT\u00d3W WALCOWYCH WYKONANYCH Z KOMPOZYTU EPOKSYDOWO-SZKLANEGO&#8221;.<\/i>Promotorem pracy jest dr hab. in\u017c. Rados\u0142aw IWANKIEWICZ, prof. nadzw. PWr.Pozytywne recenzje przed\u0142o\u017cyli: prof. Leszek GO\u0141ASKI (Politechnika \u015awi\u0119tokrzyska) i dr hab. in\u017c. Jerzy KALETA (Politechnika Wroc\u0142awska).&nbsp;<\/li>\n<\/ul>\n<\/ul>\n<p>&nbsp;<\/p>\n<ul>\n<li>Instytut zg\u0142osi\u0142 8 projekt\u00f3w badawczych (grant\u00f3w) do KBN (edycja stycze\u0144 2000 r.).\n<ol>\n<ol>\n<li>,,<i>Metoda kompleksowej oceny por\u00f3wnawczej rur kompozytowych<\/i> <i>opracowanie podstaw do\u015bwiadczalnych oraz procedury&#8221;<\/i> (projekt badawczy), kierownikiem projektu jest dr in\u017c. Andrzej BE\u0141ZOWSKI.<\/li>\n<\/ol>\n<\/ol>\n<p>&nbsp;<\/li>\n<li><i>,,Prognoza rozwoju technologii&#8221;<\/i> (projekt zwyk\u0142y), kierownikiem projektu jest prof. Wac\u0142aw KASPRZAK.<\/li>\n<li><i>,,Budowa typoszeregu przeno\u015bnych i p\u00f3\u0142sta\u0142ych wysokoci\u015bnieniowych zbiornik\u00f3w kompozytowych&#8221;<\/i> (projekt celowy), kierownikiem projektu jest drhab. in\u017c. Jerzy KALETA.<\/li>\n<li><i>,,Termoplastyczne kompozyty z w\u0142\u00f3knami naturalnymi&#8221;<\/i> &#8211; (projekt badawczy), kierownikiem projektu jest dr in\u017c. Anna KOZ\u0141OWSKA.<\/li>\n<li><i>,,Reaktory specjalne&#8221;<\/i> (projekt zamawiany), kierownikiem projektu jest dr in\u017c. Marek KOZ\u0141OWSKI.<\/li>\n<li><i>,,Nanomateria\u0142y organiczne <\/i> <i>Nanokompozyty polimerowe&#8221;<\/i> (projekt zamawiany), kierownikiem projektu jest dr in\u017c. Marek KOZ\u0141OWSKI.<\/li>\n<li><i>,,W\u0142\u00f3kniste kompozyty na bazie mieszanin polimerowych&#8221;<\/i> (projekt m\u0142odego badacza), kierownikiem projektu jest mgr in\u017c. Przemys\u0142aw OLSZY\u0143SKI.<\/li>\n<li><i>,,Modyfikacja w\u0142asno\u015bci kompozyt\u00f3w polimerowych znape\u0142niaczami naturalnymi&#8221;<\/i> (projekt m\u0142odego badacza), kierownikiem projektu jest mgr in\u017c. Izabela LACH.<\/li>\n<\/ul>\n<p>&nbsp;<\/p>\n<h1><a name=\"SECTION00040000000000000000\"><\/a> Konferencje<\/h1>\n<p>Instytut organizuje dwie Konferencje Naukowe:<\/p>\n<ol>\n<ol>\n<li><i>VI LETNIA SZKO\u0141A MECHANIKI P\u0118KANIA<\/i> od 13 do 16 czerwca 2000 r. w Dre\u017anie (Niemcy).Tematem Konferencji b\u0119dzie: ,,<i>Powstawanie i w\u0142asno\u015bci kr\u00f3tkich p\u0119kni\u0119\u0107 w warunkach obci\u0105\u017ce\u0144 zmiennych<\/i>&#8221;.<\/li>\n<\/ol>\n<\/ol>\n<p>&nbsp;<\/p>\n<ul>\n<li><i>RECYKLING TWORZYW SZTUCZNYCH<\/i>&#8211; od 19 do 22 wrze\u015bnia 2000 r. w Jeseniku (Czechy).<\/li>\n<\/ul>\n<p>&nbsp;<\/p>\n<h1><a name=\"SECTION00050000000000000000\"><\/a> Dydaktyka<\/h1>\n<ol>\n<ol>\n<li>Odby\u0142y si\u0119 zebrania Zespo\u0142\u00f3w Dydaktycznych:\n<ul>\n<ul>\n<li>Wytrzyma\u0142o\u015bci Materia\u0142\u00f3w 24 listopada 1999 r.<\/li>\n<\/ul>\n<\/ul>\n<p>&nbsp;<\/li>\n<li>Materia\u0142oznawstwa 17 grudnia 1999 r.<\/li>\n<li>Mechaniki 22 grudnia 1999 r.<\/li>\n<li>Celem spotka\u0144 by\u0142o om\u00f3wienie spraw bie\u017c\u0105cych oraz propozycje doskonalenia procesu dydaktycznego.&nbsp;<\/li>\n<\/ol>\n<\/ol>\n<p>&nbsp;<\/p>\n<ul>\n<li><i>08 grudnia 1999 r.<\/i> Pan Bartosz SOLARZ student Wydzia\u0142u Mechanicznego by\u0142 dziesi\u0119ciotysi\u0119cznym u\u017cytkownikiem Laboratorium Komputerowego, kt\u00f3re dzia\u0142a od marca 1998 r. w Zak\u0142adzie Dynamiki.<\/li>\n<\/ul>\n<p>&nbsp;<\/p>\n<p>&nbsp;<\/p>\n<ul>\n<li><i>W grudniu 1999 r.<\/i> ukaza\u0142 si\u0119 zbi\u00f3r zada\u0144 z Mechaniki cz.\u00a0I <i>KINEMATYKA<\/i>, wydany przez Oficyn\u0119 Wydawnicz\u0105 Politechniki Wroc\u0142awskiej, kt\u00f3rego autorem jest dr in\u017c. Czes\u0142aw WITKOWSKI.<\/li>\n<\/ul>\n<p>&nbsp;<\/p>\n<p>&nbsp;<\/p>\n<ul>\n<li>Dokonano modernizacji pomieszcze\u0144 dydaktycznych do zaj\u0119\u0107 laboratoryjnych z materia\u0142oznawstwa. Do pomieszcze\u0144 204a i b do\u0142\u0105czono sal\u0119 208, kt\u00f3r\u0105 wyposa\u017cono w nowe meble, mikroskopy \u015bwietlne i 6 komputer\u00f3w PC. Sala 204 otrzyma\u0142a r\u00f3wnie\u017c 5nowych komputer\u00f3w PC.Zainstalowano lokaln\u0105 sie\u0107 komputerow\u0105. Poprzez serwer zasoby dydaktycznej bazy danych b\u0119d\u0105 udost\u0119pnione w witrynach internetowych I-19.W salach dydaktycznych wyposa\u017conych w stanowiska do prowadzenia obserwacji mikroskopowych znajduj\u0105 si\u0119 terminale (jako klienci podsieci) z udost\u0119pnionymi prawami dost\u0119pu do wskazanych baz danych serwera. Znajduj\u0105 si\u0119 tam: obrazy struktur metalograficznych pr\u00f3bek oraz ich opisy i charakterystyka, zestawienie w\u0142a\u015bciwo\u015bci mechanicznych i fizykochemicznych, a tak\u017ce wyci\u0105gi z wybranych norm zwi\u0105zanych z badanymi pr\u00f3bkami.Algorytm programu obs\u0142uguj\u0105cego system dydaktyczny oraz jego praktyczn\u0105 realizacj\u0119 wykonali studenci ITS Robert G\u00d3RECKI, Daniel LEWANDOWSKI realizuj\u0105cy prac\u0119 magistersk\u0105 pod kierunkiem dr hab. in\u017c. W\u0142odzimierza DUDZI\u0143SKIEGO, prof. nadzw. PWr. oraz pracownicy Zak\u0142adu Materia\u0142oznawstwa.<\/li>\n<\/ul>\n<p>&nbsp;<\/p>\n<h1><a name=\"SECTION00060000000000000000\"><\/a> Inwestycje i remonty<\/h1>\n<ol>\n<ol>\n<li>Zako\u0144czono remont portierni i szatni w budynku B-1.<\/li>\n<\/ol>\n<\/ol>\n<p>&nbsp;<\/p>\n<ul>\n<li>Zako\u0144czono remont sali 208, kt\u00f3ra zosta\u0142a przekazana dla potrzeb dydaktycznych Zak\u0142adu Materia\u0142oznawstwa.<\/li>\n<\/ul>\n<p>&nbsp;<\/p>\n<p>&nbsp;<\/p>\n<ul>\n<li>Trwa kompleksowa wymiana instalacji elektrycznej imodernizacja o\u015bwietlenia w pomieszczeniach Zak\u0142adu Materia\u0142oznawstwa.<\/li>\n<\/ul>\n<p>&nbsp;<\/p>\n<h1><a name=\"SECTION00070000000000000000\"><\/a> Planowane zamierzenia w semestrze letnim 1999\/2000<\/h1>\n<p>Kolegium dyrektorskie, wsp\u00f3lnie z kierownikami zak\u0142ad\u00f3w, na spotkaniu w dniu 02 lutego 2000 r. przyj\u0119\u0142o nast\u0119puj\u0105ce zamierzenia:<\/p>\n<p><b><i>A. D\u0141UGOFALOWE<\/i><\/b><\/p>\n<p>Rozpocz\u0119cie dyskusji na temat wieloletniego programu rozwoju Instytutu (podobnie na Wydziale), a w tym:<\/p>\n<ol>\n<ol>\n<li>wyb\u00f3r kierunk\u00f3w badawczych, w kt\u00f3rych istnieje szansa na zdobycie znacz\u0105cej pozycji w Europie,<\/li>\n<\/ol>\n<\/ol>\n<p>&nbsp;<\/p>\n<ul>\n<li>okre\u015blenie kierunk\u00f3w dydaktycznych, zar\u00f3wno realizowanych obecnie jak i nowych.<\/li>\n<\/ul>\n<p>&nbsp;<\/p>\n<p>&nbsp;<\/p>\n<ul>\n<li>przyj\u0119cie plan\u00f3w szczeg\u00f3\u0142owych b\u0119d\u0105cych nast\u0119pstwem dyskusji o strategii, kt\u00f3re obejmowa\u0107 powinny zagadnienia: kadrowe, lokalowe, aparaturowe (laboratoria), kontakty z partnerami zagranicznymi.<\/li>\n<\/ul>\n<p>&nbsp;<\/p>\n<p><b><i>B. DORA\u0179NE<\/i><\/b><\/p>\n<p><b>Nauka<\/b><\/p>\n<ul>\n<ul>\n<li>organizacja 2 konferencji (Letnia Szko\u0142a Mechaniki P\u0119kania, Recykling Tworzyw Sztucznych),<\/li>\n<\/ul>\n<\/ul>\n<p>&nbsp;<\/p>\n<ul>\n<li>realizacja ustale\u0144 wynikaj\u0105cych z terminarza prac habilitacyjnych (konferencje, aparatura itp.),<\/li>\n<\/ul>\n<p>&nbsp;<\/p>\n<p>&nbsp;<\/p>\n<ul>\n<li>opracowanie wniosk\u00f3w o granty badawcze KBN; zwi\u0119kszenie liczby wyst\u0105pie\u0144,<\/li>\n<\/ul>\n<p>&nbsp;<\/p>\n<p>&nbsp;<\/p>\n<ul>\n<li>sprawdzenie mo\u017cliwo\u015bci udzia\u0142u w V Ramowym Programie Europejskim.<\/li>\n<\/ul>\n<p>&nbsp;<\/p>\n<p><b>Wsp\u00f3\u0142praca z przemys\u0142em<\/b><\/p>\n<ul>\n<ul>\n<li>organizacja seminarium prezentuj\u0105cego I-19,<\/li>\n<\/ul>\n<\/ul>\n<p>&nbsp;<\/p>\n<ul>\n<li>podj\u0119cie kontaktu z 2 &#8211; 3 du\u017cymi firmami.<\/li>\n<\/ul>\n<p>&nbsp;<\/p>\n<p><b>Dydaktyka i kszta\u0142cenie na stopie\u0144 doktora<\/b><\/p>\n<ul>\n<ul>\n<li>przygotowanie posiedzenia RN na temat dydaktyki,<\/li>\n<\/ul>\n<\/ul>\n<p>&nbsp;<\/p>\n<ul>\n<li>aktywny udzia\u0142 w dyskusji Wydzia\u0142owej na temat punkt\u00f3w kredytowych i siatki kszta\u0142cenia,<\/li>\n<\/ul>\n<p>&nbsp;<\/p>\n<p>&nbsp;<\/p>\n<ul>\n<li>uaktywnienie Zespo\u0142\u00f3w Dydaktycznych,<\/li>\n<\/ul>\n<p>&nbsp;<\/p>\n<p>&nbsp;<\/p>\n<ul>\n<li>obrona 1 pracy doktorskiej, zako\u0144czenie 1-2 przewod\u00f3w.<\/li>\n<\/ul>\n<p>&nbsp;<\/p>\n<p><b>Organizacyjne zabezpieczenie dzia\u0142a\u0144 Instytutu<\/b><\/p>\n<ul>\n<ul>\n<li>kontynuacja remont\u00f3w pomieszcze\u0144 dydaktycznych,<\/li>\n<\/ul>\n<\/ul>\n<p>&nbsp;<\/p>\n<ul>\n<li>racjonalizacja wydatk\u00f3w (szczeg\u00f3lnie w grupie &#8211; koszty wydzia\u0142owe),<\/li>\n<\/ul>\n<p>&nbsp;<\/p>\n<p>&nbsp;<\/p>\n<ul>\n<li>dalsze doskonalenie strony <i>www<\/i>.<\/li>\n<\/ul>\n<p>&nbsp;<\/p>\n<p>&nbsp;<\/p>\n<hr \/>\n","protected":false},"excerpt":{"rendered":"<p>Sprawy osobowe i organizacyjne Dr in\u017c. Wojciech MYSZKA pe\u0142ni\u0107 b\u0119dzie funkcj\u0119 Pe\u0142nomocnika Prorektora ds. Informatyzacji Procesu Nauczania od 1 listopada 1999 r. do 31 sierpnia 2000 r. W uzupe\u0142nieniu informacji (podanej w nr 1 Biuletynu) dotycz\u0105cej os\u00f3b nagrodzonych z okazji \u015awi\u0119ta Politechniki Wroc\u0142awskiej podajemy, \u017ce nagrod\u0119 Dziekana otrzymali (opr\u00f3cz dra in\u017c. T. Grzegorzewicza) tak\u017ce drin\u017c. &hellip; <a href=\"https:\/\/kmim.wm.pwr.edu.pl\/immt\/aktualnosci\/biuletyn-i-19\/biuletyn-informacyjny-immimt-nr-2\/\" class=\"more-link\">Czytaj dalej <span class=\"screen-reader-text\">Biuletyn I-19 Nr 2<\/span> <span class=\"meta-nav\">&rarr;<\/span><\/a><\/p>\n","protected":false},"author":1,"featured_media":0,"parent":1470,"menu_order":0,"comment_status":"closed","ping_status":"closed","template":"","meta":{"ngg_post_thumbnail":0,"footnotes":""},"class_list":["post-1471","page","type-page","status-publish","hentry"],"publishpress_future_action":{"enabled":false,"date":"2026-04-23 06:46:31","action":"change-status","newStatus":"draft","terms":[],"taxonomy":"language","extraData":[]},"publishpress_future_workflow_manual_trigger":{"enabledWorkflows":[]},"_links":{"self":[{"href":"https:\/\/kmim.wm.pwr.edu.pl\/immt\/wp-json\/wp\/v2\/pages\/1471","targetHints":{"allow":["GET"]}}],"collection":[{"href":"https:\/\/kmim.wm.pwr.edu.pl\/immt\/wp-json\/wp\/v2\/pages"}],"about":[{"href":"https:\/\/kmim.wm.pwr.edu.pl\/immt\/wp-json\/wp\/v2\/types\/page"}],"author":[{"embeddable":true,"href":"https:\/\/kmim.wm.pwr.edu.pl\/immt\/wp-json\/wp\/v2\/users\/1"}],"replies":[{"embeddable":true,"href":"https:\/\/kmim.wm.pwr.edu.pl\/immt\/wp-json\/wp\/v2\/comments?post=1471"}],"version-history":[{"count":4,"href":"https:\/\/kmim.wm.pwr.edu.pl\/immt\/wp-json\/wp\/v2\/pages\/1471\/revisions"}],"predecessor-version":[{"id":1547,"href":"https:\/\/kmim.wm.pwr.edu.pl\/immt\/wp-json\/wp\/v2\/pages\/1471\/revisions\/1547"}],"up":[{"embeddable":true,"href":"https:\/\/kmim.wm.pwr.edu.pl\/immt\/wp-json\/wp\/v2\/pages\/1470"}],"wp:attachment":[{"href":"https:\/\/kmim.wm.pwr.edu.pl\/immt\/wp-json\/wp\/v2\/media?parent=1471"}],"curies":[{"name":"wp","href":"https:\/\/api.w.org\/{rel}","templated":true}]}}