{"id":1472,"date":"2003-11-29T11:25:11","date_gmt":"2003-11-29T10:25:11","guid":{"rendered":"http:\/\/kmim.wm.pwr.edu.pl\/immt\/biuletyn-i-19-nr-3-od-19-lutego-do-1-lipca-2000-r\/"},"modified":"2014-11-01T22:56:57","modified_gmt":"2014-11-01T21:56:57","slug":"biuletyn-i-19-nr-3-od-19-lutego-do-1-lipca-2000-r","status":"publish","type":"page","link":"https:\/\/kmim.wm.pwr.edu.pl\/immt\/aktualnosci\/biuletyn-i-19\/biuletyn-i-19-nr-3-od-19-lutego-do-1-lipca-2000-r\/","title":{"rendered":"Biuletyn I-19 Nr 3 od 19 lutego do 1 lipca 2000 r"},"content":{"rendered":"<p><P>   <\/p>\n<h2>Sprawy osobowe i organizacyjne<\/h2>\n<p>  <P> 31 marca up\u0142yn\u0105\u0142 okres zatrudnienia mgr in\u017c. Moniki CZAS\u0141AWSKIEJ.  <P> 30 czerwca zako\u0144czyli prac\u0119 w naszym Instytucie; Telesfor CZARNY, Hipolit SOROKA oraz Mariusz KRYG.   <P> MINISTER OCHRONY \u015aRODOWISKA, ZASOB\u00d3W NATURALNYCH I LE\u015aNICTWA przyzna\u0142 nagrod\u0119 za  dzia\u0142alno\u015b\u0107 w dziedzinie Edukacji ekologicznej i promocji zagadnie\u0144 zwi\u0105zanych z recyklingiem tworzyw sztucznych zespo\u0142owi w sk\u0142adzie: dr in\u017c. Marek KOZ\u0141OWSKI, prof. dr hab. in\u017c. Jerzy ZWO\u0179DZIAK, dr in\u017c. Anna KOZ\u0141OWSKA. <P>   <P> 08 czerwca odby\u0142y si\u0119 wybory przedstawiciela do PRZEDSTAWICIELSTWA PRACOWNICZEGO  Politechniki Wroc\u0142awskiej. Na kadencj\u0119 (2000 &#8211; 2003) wybrany zosta\u0142 ponownie  Czes\u0142aw CZURY\u0141O.  <P>   <\/p>\n<h2>Rada Instytutu<\/h2>\n<p>  <P> 15 marca odby\u0142o si\u0119 posiedzenie Rady Naukowej Instytutu. Jej tematem by\u0142 stan aktualny i postulowane kierunki zmian w dydaktyce IMiMT.  <P> Na posiedzenie zaproszeniu byli: Dziekan W10 prof.dr hab.in\u017c. Wac\u0142aw KOLLEK; Prodziekani: dr in\u017c. Jerzy BOCHMAN i dr hab.in\u017c. Tomasz NOWAKOWSKI; Kierownicy Zespo\u0142\u00f3w Dydaktycznych oraz dr in\u017c. Andrzej PSZONKA, dr in\u017c. Mieczys\u0142aw SZATA, dr in\u017c. Wojciech MYSZKA.  <P> Dyrektor Instytutu przedstawi\u0142 wybrane zagadnienia zwi\u0105zane z dydaktyk\u0105 a zw\u0142aszcza jaka winna  by\u0107 &#8222;sylwetka&#8221; przysz\u0142ego absolwenta Wydzia\u0142u  Mechanicznego. Postulowa\u0142 opracowanie d\u0142ugofalowej koncepcji dydaktyki pozwalaj\u0105cej sprosta\u0107 wymaganiom gospodarki krajowej i zagranicznej.   <P> Dziekan przedstawi\u0142 propozycje siatek dydaktycznych pozwalaj\u0105ce realizowa\u0107 kszta\u0142cenie tak kadry naukowej jak i kadry dla zaplecza gospodarki krajowej i zagranicznej.  <P> Rada pozytywnie zaopiniowa\u0142a wniosek o nagrod\u0119 Ministra Ochrony \u015arodowiska, Zasob\u00f3w Naturalnych i Le\u015bnictwa dla Zespo\u0142u w sk\u0142adzie: prof.dr hab.in\u017c.  Jerzy ZWO\u0179DZIAK, dr in\u017c. Marek KOZ\u0141OWSKI, dr in\u017c. Anna KOZ\u0141OWSKA.  <P> 02 czerwca odby\u0142o si\u0119 posiedzenie Rady Naukowej. Rada pozytywnie zaopiniowa\u0142a kandydatury: dra hab.in\u017c. Marka RYBACZUKA i dra hab.in\u017c. Krzysztofa MARUSZEWSKIEGO na stanowisko prof. nadzw. PWr.  <P> Rada pozytywnie zaopiniowa\u0142a wnioski o przed\u0142u\u017cenie zatrudnienia: prof. dra hab. in\u017c. Mariana NOWAKA oraz prof.dr hab. in\u017c. Zdzis\u0142awa GABRYSZEWSKIEGO.  <P> 07 czerwca odby\u0142o si\u0119 posiedzenie Rady Naukowej Instytutu. Rada pozytywnie zaopiniowa\u0142a wniosek o przed\u0142u\u017cenie  zatrudnienia  prof. dr. hab. in\u017c.  Wac\u0142awa KASPRZAKA.  <P>   <\/p>\n<h2>Wsp\u00f3\u0142praca z zagranic\u0105<\/h2>\n<p>  <P> od 30 marca do 30 kwietnia w ramach stypendium im. J. Mianowskiego przebywa\u0142  w naszym Instytucie in\u017c. Andrij ANDREJKIV z FMI UAN Lw\u00f3w (UKRAINA).  <P> od 14 do 15 marca go\u015bci\u0142 w Instytucie prof. Ural Nuriewicz ZAKIROW z The Kazan Institute of Mechanics and Engineering z Kazania &#8211; Tatatarstan (ROSJA). 15 marca wyg\u0142osi\u0142 na seminarium Zak\u0142adu Dynamiki referat pt. DYNAMIC OF BODIES OF VARIABLE REST MASS &#8211; 1) Conclusion of equation 2) Optimum devision of the bodies of variable restmass.  <P> od 27 do 31 marca przebywa\u0142a w Instytucie dr ANKE PYZALLA z Strukturforschung SF Hahn &#8211; Meitner Institut Berlin (NIEMCY). 29 marca wyg\u0142osi\u0142a na seminarium Zak\u0142adu Dynamiki referat pt. MATERIAL AND RESIDUAL STRESS CHARACTERISATION BY X-RAYS, SYNCHRON RADIATION AND NEUTRON DIFFRACTION.  <P> od 27 marca kontynuuje swoje badania z zakresu mechaniki p\u0119kania dr Oleksander CYRULNYK z FMI UAN Lw\u00f3w (UKRAINA).  <P> od 03 kwietnia do 10 maja przebywa\u0142a na sta\u017cu w Uniwersytecie Karlsruhe (NIEMCY) dr in\u017c. Gra\u017cyna ZI\u0118TEK.  <P> W czasie wizyty zapozna\u0142a si\u0119 z pracami teoretycznymi i eksperymentalnymi prowadzonymi w Instytutach Mechaniki i Wytrzyma\u0142o\u015bci Materia\u0142\u00f3w oraz w Centrum J\u0105drowym. Prezentowa\u0142a r\u00f3wnie\u017c prace w\u0142asne.   <P> od 17 do 22 kwietnia dr in\u017c. Andrzej BE\u0141ZOWSKI i dr in\u017c. Wojciech B\u0141A\u017bEJEWSKI przebywali w Pary\u017cu (FRANCJA) na Mi\u0119dzynarodowej Wystawie Materia\u0142\u00f3w i Konstrukcji Kompozytowych JEC 2000.  <P> od 03 do 08 maja mgr in\u017c. Krzysztof WIDANKA bra\u0142 udzia\u0142 w Seminarium Naukowym &#8211; SURFACE ENGINEERING OF PM STRESS  w Trento (W\u0141OCHY).  <P> od 20 do 27 maja dr in\u017c. Marek KOZ\u0141OWSKI bra\u0142 udzia\u0142 w zorganizowanym przez ROSYJSK\u0104 AKADEMI\u0118 NAUK XX Symposion on Rheology, kt\u00f3re odby\u0142o si\u0119 w m. Karacharowo (ROSJA).  <P> od 27 maja do 2 czerwca przebywa\u0142 w naszym Instytucie prof. Witold BROSTOW z Uniwersytetu of North Texas w Denton &#8211; USA. 29 maja wyg\u0142osi\u0142 na seminarium Zak\u0142adu Materia\u0142oznawstwa referat pt. POLIMERY CIEK\u0141OKRYSTALICZNE (PLC) I ICH  ZASTOSOWANIE.  <P> od 19 &#8211; 21 czerwca dr in\u017c. Wojciech MYSZKA bra\u0142 udzia\u0142 w Konferencji Smart Structures and Materials 2000, kt\u00f3ra mia\u0142a miejsce w Madrycie.  <P> Konferencja po\u015bwi\u0119cona by\u0142a om\u00f3wieniu aktualnych kierunk\u00f3w w tworzeniu aktywnych materia\u0142\u00f3w i konstrukcji. W trakcie konferencji zorganizowano wycieczk\u0119 do Laboratorium Materia\u0142oznawstwa Szko\u0142y Budownictwa L\u0105dowego (Escuela T&#283;cnica  Superior de Ingenieros de Caminos, Canales y Puertos) Politechniki Madryckiej. Wyposa\u017cenie tej, najlepszej w Hiszpanii jednostki badawczej jest zbli\u017cone do posiadanego przez nasz Instytut.  <P> CEEPUS to program maj\u0105cy na celu umo\u017cliwienie wymiany student\u00f3w z kraj\u00f3w Europy \u015arodkowej. Kraje obj\u0119te przez program CEEPUS to Austria, Bu\u0142garia, Czechy, Polska, Rumunia, S\u0142owacja, S\u0142owenia i W\u0119gry.  <P> I-19 za spraw\u0105 Pracowni Recyklingu Tworzyw Sztucznych, r\u00f3wnie\u017c bierze udzia\u0142 w jednym z projekt\u00f3w CEEPUS o nazwie NETOPEREC (NETwork On Polymer Engineering and RECycling), kt\u00f3rego koordynatorem jest dr in\u017c. Marek KOZ\u0141OWSKI.  <P> Projekt NETOPEREC zak\u0142ada wymian\u0119 student\u00f3w zajmuj\u0105cych si\u0119 w krajach cz\u0142onkowskich problematyk\u0105 przetw\u00f3rstwa i recyklingu tworzyw sztucznych.  <P> Dzia\u0142alno\u015b\u0107 rozpocz\u0105\u0142 we wrze\u015bniu 1999 roku, obejmuj\u0105c trzy kraje: Bu\u0142gari\u0119 Polsk\u0119 i W\u0119gry i w za\u0142o\u017ceniu mia\u0142 trwa\u0107 jeden rok akademicki. Zosta\u0142 jednak przed\u0142u\u017cony na rok akademicki 2000\/2001, a do kraj\u00f3w uczestnicz\u0105cych  w wymianie do\u0142\u0105czy\u0142a Rumunia.  <P> Na pocz\u0105tku pa\u017adziernika 1999 roku w Pracowni Recyklingu Tworzyw Sztucznych przeprowadza\u0142a badania wraz z prof. Karolym Belin\u0105 studentka z Uniwersytetu Budapeszte\u0144skiego W kwietniu 2000r. go\u015bci\u0142 prof. Christo Betchev z Uniwersytetu  w Sofii, a dr in\u017c. M. KOZ\u0141OWSKI i dr in\u017c. A. KOZ\u0141OWSKA z\u0142o\u017cyli kr\u00f3tk\u0105 wizyt\u0119 na Politechnice w Budapeszcie. W maju i czerwcu na sta\u017cu w Pracowni Recyklingu przebywa\u0142o 2 student\u00f3w z Sofii.  <P> Aktualnie szkol\u0105 si\u0119 w Budapeszcie doktoranci: mgr in\u017c. Przemys\u0142aw OLSZY\u0143SKI i Izabela LACH. W  lipcu w Sofii odb\u0119dzie si\u0119 &#8222;Szko\u0142a Letnia&#8221;, kt\u00f3ra  ma skupi\u0107 wszystkich uczestnik\u00f3w projektu i podsumowa\u0107 roczny okres jego dzia\u0142alno\u015bci.  <P> Dodatkowo program CEEPUS patronuje drugiej edycji konferencji &#8222;Recykling Tworzyw Sztucznych&#8221; organizowanej w Velkich Losinach (Czechy) w dniach 19 &#8211; 22 wrze\u015bnia 2000r.  <P>   <\/p>\n<h2>Dzia\u0142alno\u015b\u0107 naukowo-badawcza<\/h2>\n<p>  <P> Instytut otrzyma\u0142 dofinansowanie na wsp\u00f3\u0142prac\u0119 z zagranic\u0105 w roku 2000. \u015arodki finansowe przeznaczone s\u0105 na wsp\u00f3\u0142prac\u0119 z Fizyko-Mechanicznym Instytutem im. KARPENKO Ukrai\u0144skiej Akademii Nauk we Lwowie (UKRAINA) oraz z Uniwersytetem w Siegen (NIEMCY).  <P> W ramach Uczelnianego Konkursu na Projekty Badawcze M\u0142odych Pracownik\u00f3w Nauki Instytut trzyma\u0142 dofinansowanie na 2 prace habilitacyjne i 1 doktorat w og\u00f3lnej kwocie 35 000z\u0142, a s\u0105 to:  <P> prace habilitacyjne:  <OL> <LI>,,Do\u015bwiadczalna ocena proces\u00f3w degradacji mechanicznej kompozyt\u00f3w polimerowych&#8221; &#8211; dra in\u017c. Andrzeja BE\u0141ZOWSKIEGO,<\/li>\n<p> <LI>,,Strukturalne aspekty odporno\u015bci na zu\u017cywanie \u015bcierne napoin (na przyk\u0142adzie napoin stosowanych w maszynach g\u00f3rnictwa odkrywkowego)&#8221; &#8211; dra in\u017c. Grzegorza P\u0118KALSKIEGO.<\/li>\n<\/ol>\n<p>  <P> praca doktorska:  <OL> <LI>Samowzmacniaj\u0105ce kompozyty na bazie mieszanin polimerowych- mgra in\u017c.  Przemys\u0142awa OLSZY\u0143SKIEGO.<\/li>\n<\/ol>\n<p>  <P> Uaktualniono 2 wnioski do Komitetu Bada\u0144 Naukowych o przyznanie dotacji na finansowanie zakupu aparatury naukowo-badawczej w roku 2001 a to:  <OL> <LI>Zakup aparatu rentgenowskiego do analizy struktury i pomiar\u00f3w napr\u0119\u017ce\u0144 w\u0142asnych w materia\u0142ach polikrystalicznych &#8211; dra hab. in\u017c.  Jerzego KALETY.<\/li>\n<p> <LI>Uzupe\u0142nienie wyposa\u017cenia Pracowni Recyklingu  Tworzyw Sztucznych w zwi\u0105zku z rozszerzeniem dzia\u0142alno\u015bci     w    wymiarze    \u015brodowiskowym   &#8211; dra in\u017c. Marka KOZ\u0141OWSKIEGO. <\/li>\n<\/ol>\n<p>  <P> Wydzia\u0142 Mechaniczny (w tym nasz Instytut) otrzyma\u0142 w tym roku \u015brodki z dotacji KBN dla Uczelni na unowocze\u015bnienie i rozbudow\u0119 naszego po\u0142\u0105czenia z  Sieci\u0105 Uczelnian\u0105. W ramach tych \u015brodk\u00f3w zakupione zostanie wyposa\u017cenie pozwalaj\u0105ce na  \u0142\u0105czenie naszego Instytutu z innymi instytutami Wydzia\u0142u i Sieci\u0105 Uczelnian\u0105 z szybko\u015bci\u0105 100Mbit\u00f3w\/sek.  <P> W maju zosta\u0142 z\u0142o\u017cony kolejny wniosek do KBN na dofinansowanie rozbudowy LAN w roku 2001.  <P> W zwi\u0105zku z przyj\u0119ciem bud\u017cetu Wydzia\u0142u Mechanicznego na rok 2000 dokonano podzia\u0142u \u015brodk\u00f3w na dzia\u0142alno\u015b\u0107 statutow\u0105. Z W10 przekazano 200.000z\u0142 do rozdysponowania na poszczeg\u00f3lne zlecenia w I-19.  <P> Przygotowywane s\u0105 3 wnioski do Centrum Materia\u0142\u00f3w Zaawansowanych i Nanotechnologii na dofinansowanie prac badawczych z dziedziny nanotechnologii.   <P> Projekt &#8222;Teaching and practice on recycling&#8221; zg\u0142oszony przez Zesp\u00f3\u0142 Szk\u00f3\u0142 Samochodowych w G\u0142ogowie oraz I-19 (koordynator &#8211; dr in\u017c. M. KOZ\u0141OWSKI, nadz\u00f3r merytoryczny &#8211; dr hab.in\u017c. W. DUDZI\u0143SKI, prof. nadzw. PWr.) zosta\u0142 zakwalifikowany do drugiej fazy programu LEONARDO da VINCI.  <P> Mgr in\u017c. Przemys\u0142aw OLSZY\u0143SKI otrzyma\u0142 stypendium Fundacji im. Stefana BATOREGO,  w ramach kt\u00f3rego b\u0119dzie odbywa\u0142 sta\u017c w North Texas University Denton (USA).  <P> 27 kwietnia Centralne Laboratorium Urz\u0119du Dozoru Technicznego przeprowadzi\u0142o kontrol\u0119 w Laboratorium Wytrzyma\u0142o\u015bci Materia\u0142\u00f3w. Celem kontroli by\u0142o sprawdzenie przestrzegania ustalonych procedur wdro\u017conego systemu jako\u015bci  z wymaganiami warunk\u00f3w technicznych Dozoru Technicznego DT-L\/95, normy PN-EIV 45001: 1993 i Przewodnika ISO\/IEC nr 25: 1990.  <P> Kontrola potwierdzi\u0142a kompetencje techniczne personelu Laboratorium i kolejny raz stwierdzi\u0142a, \u017ce prawid\u0142owo udokumentowany i wdro\u017cony system jako\u015bci spe\u0142nia wymagania Laboratori\u00f3w Badawczych Urz\u0119du Dozoru Technicznego.  <P> Wydana zosta\u0142a ksi\u0105\u017cka: METODY DO\u015aWIADCZALNE W ZM\u0118CZENIU MATERIA\u0141\u00d3W  I KONSTRUKCJI. BADANIA PODSTAWOWE, kt\u00f3rej autorami s\u0105: J. KALETA, D. KOCA\u0143DA,  M. SKORUPA i T. TOPOLI\u0143SKI. Pozycje wydano pod auspicjami i przy finansowym wsparciu Komitetu Budowy Maszyn PAN.  <P> od 01 stycznia do 30 maja 2000r. wp\u0142yn\u0119\u0142y do Instytutu 53 zlecenia drobne oraz zawarto 8 um\u00f3w na wykonanie prac badawczych o warto\u015bci powy\u017cej 7000 z\u0142. \u0141\u0105cznie z tego tytu\u0142u wp\u0142acono na nasze konto 125.021,88 z\u0142.  <P>   <\/p>\n<h2>KONFERENCJE MI\u0118DZYNARODOWE<\/h2>\n<p>  <P> W dniach 13 do 16 czerwca odby\u0142a si\u0119 w Dre\u017anie (NIEMCY) VI Letnia Szko\u0142a Mechaniki P\u0119kania. Zosta\u0142a zorganizowana przez Uniwersytet Techniczny w Dre\u017anie pod kierunkiem naukowym prof. S. S\u00c4HN (TU Drezno), prof. W. KASPRZAKA (TU Wroc\u0142aw), prof. V.V. PANASIUKA (Karpenko Instytut Lw\u00f3w).   <P> Szko\u0142\u0119 sponsorowa\u0142a Fundacja Volkswagen (Volkswagenstiftung). VI Szko\u0142a po\u015bwi\u0119cona by\u0142a inicjacji i rozwojowi p\u0119kni\u0119\u0107 wywo\u0142anych cyklicznymi  obci\u0105\u017ceniami (Initiation and behavior of small cracks under cyclic loadning). Wyk\u0142ady prowadzili profesorowie z kilku niemieckich o\u015brodk\u00f3w,  Instytutu Akademii Nauk we Lwowie, Uniwersytetu w Leoben w Austrii, Ziliny w S\u0142owacji oraz z Polski. W czasie Szko\u0142y zwiedzono Instytut Bada\u0144  Lotniczych (IMA) oraz oddzia\u0142 Instytutu Bada\u0144 Nieniszcz\u0105cych (DGZFP Frauenhofer w Dre\u017anie).  <P>   <P>   <\/p>\n<h2>KONFERENCJE KRAJOWE<\/h2>\n<p>  <P> dr in\u017c. Andrzej BE\u0141ZOWSKI bra\u0142 udzia\u0142 w IV Seminarium KOMPOZYTY 2000 &#8211; TEORIA  I PRAKTYKA, Jaszowiec 29 &#8211; 31 marca.  <P> dr in\u017c. Marek KOZ\u0141OWSKI bra\u0142 udzia\u0142 w Og\u00f3lnopolskim Seminarium GOSPODARKA  ZU\u017bYTYMI OPAKOWANIAMI ZGODNA Z WYMAGANIAMI UNII EUROPEJSKIEJ, Warszawa &#8211;  05 kwietnia.  <P> dr in\u017c. Wojciech B\u0141A\u017bEJEWSKI i mgr in\u017c. Przemys\u0142aw OLSZY\u0143SKI brali udzia\u0142  w V Seminarium MATERIA\u0141Y I UK\u0141ADY ELEKTROIZOLACYJNE W PRZEMY\u015aLE, Ustro\u0144- Jaszowiec 26 &#8211; 28 kwietnia.  <P> Mariusz KRYG bra\u0142 udzia\u0142 w XXI Mi\u0119dzynarodowym Sympozjum Naukowym Student\u00f3w i M\u0142odych Pracownik\u00f3w Nauki, Zielona G\u00f3ra 07 &#8211; 09 maja.  <P> dr in\u017c. Waldemar MORZUCH bra\u0142 udzia\u0142 w XIX Sympozjum DRGANIA I FALE w B\u0142a\u017cejewku  k. K\u00f3rnika, 24 &#8211; 27 maja.  <P> 11 osobowa grupa: dr hab.in\u017c. Jerzy KALETA, dr in\u017c. Gra\u017cyna ZI\u0118TEK, dr in\u017c. Mieczys\u0142aw SZATA, dr in\u017c. Wojciech MYSZKA, dr in\u017c. Wojciech B\u0141A\u017bEJEWSKI,  mgr in\u017c. Piotr KOTOWSKI, mgr in\u017c. Pawe\u0142 CHMIELARCZYK oraz studenci: J. BOMBA,  W. WI\u015aNIEWSKI, B.FASSA, M.STASIAK bra\u0142a udzia\u0142 w XVIII Sympozjum na temat ZM\u0118CZENIE MATERIA\u0141\u00d3W I KONSTRUKCJI &#8211; ZM\u0118CZENIE I MECHANIKA P\u0118KANIA w Pieczyskach  k.&nbsp;Bydgoszczy 23 &#8211; 26 maja.  <P> dr in\u017c. Henryk D\u0104BROWSKI, dr in\u017c. Jan KA\u0141WAK, dr in\u017c. Marek KOZ\u0141OWSKI i mgr in\u017c. Izabela LACH brali udzia\u0142 w IV konferencji POLIMERY I KOMPOZYTY KONSTRUKCYJNE, Ustro\u0144 31 maja &#8211; 2 czerwca.  <P> dr in\u017c. Andrzej BE\u0141ZOWSKI bra\u0142 udzia\u0142 w seminarium KOMPOZYTY, Katowice 29 maja.  <P> dr hab. in\u017c. Jerzy KALETA, dr in\u017c. Stanis\u0142aw PIESIAK, dr in\u017c. Wojciech MYSZKA, mgr in\u017c. Miros\u0142aw BOCIAN, mgr in\u017c. Mariusz WAJDA brali udzia\u0142 w V Mi\u0119dzynarodowej Konferencji Naukowej KOMPUTEROWE WSPOMAGANIE PRAC IN\u017bYNIERSKICH, Polanica Zdr\u00f3j 31 maja 03 czerwca.  <P> dr hab. in\u017c. W\u0142odzimierz DUDZI\u0143SKI, prof.nd.PWr. bra\u0142 udzia\u0142  w Konferencji PROBLEMY METALOZNAWSTWA W TECHNICE XXI WIEKU, Cedzyna k. Kielc 26 &#8211; 28 czerwca.  <P> dr in\u017c. Czes\u0142aw WITKOWSKI bra\u0142 udzia\u0142 w Mi\u0119dzynarodowej Konferencji Naukowej  MECHANIKA-2000, Rzesz\u00f3w 28 czerwca &#8211; 01 lipca.  <P>   <\/p>\n<h2>Inwestycje i remonty<\/h2>\n<p>  <P> Zako\u0144czono remont Zak\u0142adu Materia\u0142oznawstwa. Obecnie trwa &#8222;wielkie sprz\u0105tanie&#8221; i wymiana mebli.  <P>     <P> Rozstrzygni\u0119to konkurs na modernizacj\u0119 sali 316 (B-1). Projekt opracowuje firma GRAFO. Przewidywany koszt modernizacji 520 000z\u0142.  <P>   <\/p>\n<h2>Sprawy r\u00f3\u017cne<\/h2>\n<p>  <P> in\u017c. ds. aparatury informuje, \u017ce dr in\u017c. Bogdan ZI\u00d3\u0141KOWSKI przekaza\u0142 poni\u017csze urz\u0105dzenia jako aktualnie zb\u0119dne:  <UL> <LI>autotransformator<\/li>\n<p> <LI>kompensator samopisz\u0105cy<\/li>\n<p> <LI>kompensator elektryczny MKT-12<\/li>\n<p> <LI>kompensator elektryczny MKT-12<\/li>\n<p> <LI>przyrz\u0105d do badania odkszta\u0142ce\u0144<\/li>\n<p> <LI>przyrz\u0105d do badania odkszta\u0142ce\u0144<\/li>\n<p> <LI>maszyna zm\u0119czeniowa WN 5114<\/li>\n<\/ul>\n<p> Osoby zainteresowane mog\u0105 wy\u017cej wymieniony sprz\u0119t  przej\u0105\u0107 do dalszego u\u017cytkowania.  <P> Na pro\u015bb\u0119 Dyrektora Przedszkola nr 93 we Wroc\u0142awiu w dniu 15 maja nieodp\u0142atnie przekazano komputer PS\/1 &#8211; jako pomoc w wychowaniu przedszkolnym.  <P> Obecnie przygotowywane s\u0105 do nieodp\u0142atnego przekazania 3 komputery PS\/1 do polskiej szko\u0142y na Litwie.  <P> <BR><\/p>\n","protected":false},"excerpt":{"rendered":"<p>Sprawy osobowe i organizacyjne 31 marca up\u0142yn\u0105\u0142 okres zatrudnienia mgr in\u017c. Moniki CZAS\u0141AWSKIEJ. 30 czerwca zako\u0144czyli prac\u0119 w naszym Instytucie; Telesfor CZARNY, Hipolit SOROKA oraz Mariusz KRYG. MINISTER OCHRONY \u015aRODOWISKA, ZASOB\u00d3W NATURALNYCH I LE\u015aNICTWA przyzna\u0142 nagrod\u0119 za dzia\u0142alno\u015b\u0107 w dziedzinie Edukacji ekologicznej i promocji zagadnie\u0144 zwi\u0105zanych z recyklingiem tworzyw sztucznych zespo\u0142owi w sk\u0142adzie: dr in\u017c. &hellip; <a href=\"https:\/\/kmim.wm.pwr.edu.pl\/immt\/aktualnosci\/biuletyn-i-19\/biuletyn-i-19-nr-3-od-19-lutego-do-1-lipca-2000-r\/\" class=\"more-link\">Czytaj dalej <span class=\"screen-reader-text\">Biuletyn I-19 Nr 3 od 19 lutego do 1 lipca 2000 r<\/span> <span class=\"meta-nav\">&rarr;<\/span><\/a><\/p>\n","protected":false},"author":1,"featured_media":0,"parent":1470,"menu_order":0,"comment_status":"closed","ping_status":"closed","template":"","meta":{"ngg_post_thumbnail":0,"footnotes":""},"class_list":["post-1472","page","type-page","status-publish","hentry"],"publishpress_future_action":{"enabled":false,"date":"2026-04-21 21:12:28","action":"change-status","newStatus":"draft","terms":[],"taxonomy":"language","extraData":[]},"publishpress_future_workflow_manual_trigger":{"enabledWorkflows":[]},"_links":{"self":[{"href":"https:\/\/kmim.wm.pwr.edu.pl\/immt\/wp-json\/wp\/v2\/pages\/1472","targetHints":{"allow":["GET"]}}],"collection":[{"href":"https:\/\/kmim.wm.pwr.edu.pl\/immt\/wp-json\/wp\/v2\/pages"}],"about":[{"href":"https:\/\/kmim.wm.pwr.edu.pl\/immt\/wp-json\/wp\/v2\/types\/page"}],"author":[{"embeddable":true,"href":"https:\/\/kmim.wm.pwr.edu.pl\/immt\/wp-json\/wp\/v2\/users\/1"}],"replies":[{"embeddable":true,"href":"https:\/\/kmim.wm.pwr.edu.pl\/immt\/wp-json\/wp\/v2\/comments?post=1472"}],"version-history":[{"count":1,"href":"https:\/\/kmim.wm.pwr.edu.pl\/immt\/wp-json\/wp\/v2\/pages\/1472\/revisions"}],"predecessor-version":[{"id":1507,"href":"https:\/\/kmim.wm.pwr.edu.pl\/immt\/wp-json\/wp\/v2\/pages\/1472\/revisions\/1507"}],"up":[{"embeddable":true,"href":"https:\/\/kmim.wm.pwr.edu.pl\/immt\/wp-json\/wp\/v2\/pages\/1470"}],"wp:attachment":[{"href":"https:\/\/kmim.wm.pwr.edu.pl\/immt\/wp-json\/wp\/v2\/media?parent=1472"}],"curies":[{"name":"wp","href":"https:\/\/api.w.org\/{rel}","templated":true}]}}