{"id":1473,"date":"2003-11-29T12:08:58","date_gmt":"2003-11-29T11:08:58","guid":{"rendered":"http:\/\/kmim.wm.pwr.edu.pl\/immt\/biuletyn-i-19-nr-4-od-01-lipca-2000-r-do-15-grudnia-2000-r\/"},"modified":"2014-11-02T12:48:47","modified_gmt":"2014-11-02T11:48:47","slug":"biuletyn-i-19-nr-4-od-01-lipca-2000-r-do-15-grudnia-2000-r","status":"publish","type":"page","link":"https:\/\/kmim.wm.pwr.edu.pl\/immt\/aktualnosci\/biuletyn-i-19\/biuletyn-i-19-nr-4-od-01-lipca-2000-r-do-15-grudnia-2000-r\/","title":{"rendered":"Biuletyn I-19 nr 4 od 01 lipca 2000 r. do 15 grudnia 2000 r."},"content":{"rendered":"<h2><a name=\"SECTION00010000000000000000\"><\/a>Rada Instytutu<\/h2>\n<p>&nbsp;<\/p>\n<ul>\n<li>25 pa\u017adziernika odby\u0142o si\u0119 posiedzenie Rady Naukowej.Przyj\u0119to rozliczenie z dzia\u0142alno\u015bci statutowej za lata 1999\/2000.Zmieniono tytu\u0142 rozprawy doktorskiej mgra in\u017c. Adama CETERY na ,,Fraktalna analiza i symulacyjne modele proces\u00f3w wzrostu defekt\u00f3w w kompozytach&#8221;.\n<p>Promotor pracy: dr hab. in\u017c. Marek RYBACZUK, prof. nadzw. PWr.<\/p>\n<p>Na recenzent\u00f3w pracy wyznaczono:<\/p>\n<ol>\n<li>dra hab. in\u017c. Antoniego MITUSIA z Politechniki Wroc\u0142awskiej.<\/li>\n<li>prof. dr in\u017c. Leszka GO\u0141ASKIEGO z Politechniki \u015awi\u0119tokrzyskiej.<\/li>\n<\/ol>\n<p>Powo\u0142ano Komisj\u0119 Egzaminacyjn\u0105 egzamin\u00f3w doktorskich mgra in\u017c. Adama CETERY oraz upowa\u017cniono j\u0105 do ustalenia terminu egzamin\u00f3w.<\/p>\n<p>&nbsp;<\/li>\n<li>25 wrze\u015bnia odby\u0142o si\u0119 posiedzenie Komisji Rady Wydzia\u0142u Mechanicznego ds. przewod\u00f3w doktorskich w dyscyplinie Mechanika.Przyj\u0119to i dopuszczono do publicznej obrony rozpraw\u0119 doktorsk\u0105 mgra in\u017c. Przemys\u0142awa STR\u00d3\u017bYKA Promotor: prof. dr hab. in\u017c. Romuald B\u0118DZI\u0143SKI.Obrona zosta\u0142a wyznaczona na 16 pa\u017adziernika.\n<p>16 pa\u017adziernika przed Komisj\u0105 Rady Wydzia\u0142u ds.\u00a0Przewod\u00f3w Doktorskich odby\u0142a si\u0119 publiczna obrona rozprawy doktorskiej mgra in\u017c. Przemys\u0142awa STR\u00d3\u017bYKA.<\/p>\n<p>Rada Wydzia\u0142u na posiedzeniu w dniu 8 listopada 2000\u00a0r. nada\u0142a stopie\u0144 naukowy dra nauk technicznych w zakresie Mechaniki mgr in\u017c. Przemys\u0142awowi STR\u00d3\u017bYKOWI.<\/p>\n<p>&nbsp;<\/li>\n<li>30 listopada odby\u0142o si\u0119 posiedzenie Komisji Rady Wydzia\u0142u Mechanicznego ds. przewod\u00f3w doktorskich w dyscyplinie Mechanika.Komisja zaopiniowa\u0142a wniosek mgra in\u017c. Edwarda WICZKOWSKIEGO o wszcz\u0119cie przewodu doktorskiego na temat: ,,Wytrzyma\u0142o\u015b\u0107 ludzkiej tkanki \u0142\u0105cznej w\u0142a\u015bciwej&#8221; i wyznaczenie na promotora prof. dra hab. in\u017c. Zdzis\u0142awa GABRYSZEWSKIEGO.&nbsp;<\/li>\n<\/ul>\n<p>&nbsp;<\/p>\n<h2><a name=\"SECTION00020000000000000000\"><\/a>Sprawy osobowe i organizacyjne<\/h2>\n<p>&nbsp;<\/p>\n<ul>\n<li>11 sierpnia zmar\u0142 <a href=\"http:\/\/www.immt.pwr.wroc.pl\/content\/view\/822\/\" name=\"tex2html1\">prof. Jerzy ZAWADZKI<\/a>. Pogrzeb odby\u0142 si\u0119 17 sierpnia na Cmentarzu Osobowickim we Wroc\u0142awiu.<\/li>\n<li>31 sierpnia zako\u0144czy\u0142a prac\u0119 w naszym Instytucie i\u00a0przesz\u0142a na emerytur\u0119 p. Barbara SZWAJKOWSKA.<\/li>\n<li>29 wrze\u015bnia odby\u0142o si\u0119 zebranie pracownik\u00f3w Instytutu rozpoczynaj\u0105ce semestr zimowy 2000\/2001.<\/li>\n<li>1 pa\u017adziernika zosta\u0142 zatrudniony na stanowisku profesora nadzwyczajnego dr hab. in\u017c. Krzysztof MARUSZEWSKI.<\/li>\n<li>24 pa\u017adziernika, w obecno\u015bci Dziekana Wydzia\u0142u Mechanicznego prof. W.\u00a0KOLLEKA odby\u0142o si\u0119 spotkanie promocyjne z okazji wydania skryptu doc.\u00a0Rudolfa HAIMANNA ,,Metaloznawstwo&#8221; cz.\u00a0I\u00a0<a href=\"http:\/\/kmim.wm.pwr.edu.pl\/immt\/wp-content\/uploads\/sites\/58\/2003\/11\/4img11.gif\"><img loading=\"lazy\" decoding=\"async\" class=\"aligncenter size-full wp-image-1557\" src=\"http:\/\/kmim.wm.pwr.edu.pl\/immt\/wp-content\/uploads\/sites\/58\/2003\/11\/4img11.gif\" alt=\"4img1\" width=\"347\" height=\"231\" \/><\/a><\/li>\n<li>Przybyli nowi doktoranci:\n<ul>\n<li>mgr in\u017c. Dorota ANISZEWSKA, promotor: dr hab. in\u017c. Marek RYBACZUK, prof. nadzw.PWr.<\/li>\n<li>mgr in\u017c. Paulina HETMAN, promotor: prof. Wac\u0142aw KASPRZAK,<\/li>\n<li>mgr in\u017c. Mariusz KRYG, promotor: dr hab. in\u017c. W\u0142odzimierz DUDZI\u0143SKI, prof. nadzw. PWr.<\/li>\n<li>mgr in\u017c. Daniel LEWANDOWSKI, promotor: dr hab. in\u017c. Jerzy KALETA,<\/li>\n<li>mgr in\u017c. Marzanna PODREZ-RADZISZEWSKA, promotor: dr hab. in\u017c. W\u0142odzimierz DUDZI\u0143SKI, prof. nadzw. PWr.<\/li>\n<li>mgr in\u017c. Marcin GRZEGORCZYK, promotor: dr hab. in\u017c. Krzysztof MARUSZEWSKI, prof. nadzw. PWr.<\/li>\n<\/ul>\n<p>&nbsp;<\/li>\n<li>14 listopada odby\u0142o si\u0119 spotkanie os\u00f3b wyr\u00f3\u017cnionych nagrod\u0105 Dyrektora Instytutu za osi\u0105gni\u0119cia w dzia\u0142alno\u015bci zawodowej.\n<div align=\"center\">\n<div align=\"center\"><!-- MATH  $includegraphics[bb = 20 20 592 389, scale=0.39]{infnr4Fig1.eps}$  --><\/div>\n<\/div>\n<p><a href=\"http:\/\/kmim.wm.pwr.edu.pl\/immt\/wp-content\/uploads\/sites\/58\/2003\/11\/4img2.gif\"><img loading=\"lazy\" decoding=\"async\" class=\"aligncenter size-full wp-image-1555\" src=\"http:\/\/kmim.wm.pwr.edu.pl\/immt\/wp-content\/uploads\/sites\/58\/2003\/11\/4img2.gif\" alt=\"4img2\" width=\"356\" height=\"230\" \/><\/a><\/p>\n<p>Nagrody otrzymali:<\/p>\n<ul>\n<li>in\u017c. Dariusz B\u0104KOWSKI<\/li>\n<li>dr in\u017c. Wojciech B\u0141A\u017bEJEWSKI<\/li>\n<li>mgr Gra\u017cyna KO\u0143CZAL<\/li>\n<li>Leszek MROCZKOWSKI<\/li>\n<li>mgr in\u017c. Jowita OLSZEWSKA<\/li>\n<\/ul>\n<p>&nbsp;<\/li>\n<li>23 listopada na posiedzeniu Senatu PWr. zosta\u0142 mianowany na stanowisko profesora nadzwyczajnego w Politechnice Wroc\u0142awskiej dr hab. in\u017c. Marek RYBACZUK.<\/li>\n<li>Z okazji \u015bwi\u0119ta Politechniki Wroc\u0142awskiej Odznaczeniami i Nagrodami zostali uhonorowani:\n<ul>\n<li>SREBRNYMI KRZY\u017bAMI ZAS\u0141UGI\n<ul>\n<li>dr in\u017c. Jan KA\u0141WAK<\/li>\n<li>Jan OR\u0141OWSKI<\/li>\n<\/ul>\n<\/li>\n<li>NAGRODAMI REKTORA\n<ul>\n<li>dr hab. in\u017c. Jerzy KALETA<\/li>\n<li>prof. dr hab. in\u017c. Wac\u0142aw KASPRZAK<\/li>\n<\/ul>\n<\/li>\n<li>NAGRODAMI DZIEKANA\n<ul>\n<li>dr in\u017c. Wojciech MYSZKA,<\/li>\n<li>dr in\u017c. Mieczys\u0142aw SZATA i dr in\u017c. Stanis\u0142aw PIESIAK (zespo\u0142owo).<\/li>\n<\/ul>\n<p><i>Serdecznie gratulujemy!<\/i><\/li>\n<\/ul>\n<\/li>\n<\/ul>\n<p>&nbsp;<\/p>\n<h2><a name=\"SECTION00030000000000000000\"><\/a>Wsp\u00f3\u0142praca z zagranic\u0105<\/h2>\n<p>&nbsp;<\/p>\n<ul>\n<li>od 14 sierpnia do 14 wrze\u015bnia kontynuowa\u0142 swoje badania zwi\u0105zane z budow\u0105 energetycznych wykres\u00f3w zniszczenia materia\u0142\u00f3w dr Oleksander CYRULNYK z FMI UAN Lw\u00f3w (Ukraina).<\/li>\n<li>od 07 do 23 wrze\u015bnia przebywa\u0142 z wizyt\u0105 w Polsce i\u00a0odwiedzi\u0142 nasz Instytut prof. Ben-Zion WEISS z\u00a0Israel Institute of Technology Haifa (Izrael).<\/li>\n<li>od 1 pa\u017adziernika przebywa w Instytucie na rocznym sta\u017cu naukowym p. Chen HUANGPU z Xian (Chiny).<\/li>\n<li>od 5 listopada do 12 grudnia go\u015bci w Instytucie z\u00a0cyklem wyk\u0142ad\u00f3w prof. Michi\u0142o SAWRUK &#8211; Lw\u00f3w (Ukraina).<\/li>\n<li>od 14 do 15 listopada w Instytucie by\u0142 prof. Ural NURIEWICZ ZAKIROW z Instytutu Mechaniki Maszyn &#8211; Kaza\u0144 (Rosja).Omawiano wsp\u00f3\u0142prac\u0119 pomi\u0119dzy Instytutami.&nbsp;<\/li>\n<li>od 04 do 14 lipca przebywa\u0142 w Technische Universit\u00e4t Essen (Niemcy), z cyklem wyk\u0142ad\u00f3w z zakresu preparatyki oraz interpretacji i wynik\u00f3w bada\u0144 strukturalnych z zakresu mikroskopii elektronowej &#8211; dr hab. in\u017c. W\u0142odzimierz DUDZI\u0143SKI, prof. nadzw. PWr.<\/li>\n<li>od 01 do 05 lipca przebywa\u0142 w SF Hahn &#8211; Meitner Institut Berlin (Niemcy) &#8211; dr hab.in\u017c. Jerzy KALETA.Wyg\u0142osi\u0142 na seminarium referat pt. <i>,,Experimentelle Grundlagen zur Formulierung der energetischen Erm\u00fcdungshypothesen&#8221;<\/i> oraz om\u00f3wi\u0142 zasady wsp\u00f3\u0142pracy miedzy naszymi jednostkami. Strona niemiecka przedstawi\u0142a szerok\u0105 ofert\u0119 sta\u017cy dla dyplomant\u00f3w i doktorant\u00f3w.&nbsp;<\/li>\n<li>od 27 listopada do 03 grudnia dr hab. in\u017c. Krzysztof MARUSZEWSKI, prof. nadzw. PWr. przebywa\u0142 na zaproszenie prof. Renaty REISFELD w Jerozolimie i\u00a0Tel-Avivie (Izrael). Na seminarium w The Hebrew University wyg\u0142osi\u0142 referat pt.<i>,,Sol-gel nanospheres&#8221;<\/i>. Om\u00f3wi\u0142 zasady wsp\u00f3\u0142pracy, mo\u017cliwo\u015bci realizacji wsp\u00f3lnych projekt\u00f3w i\u00a0grant\u00f3w. Wyjazd finansowany by\u0142 z grantu KBN.<\/li>\n<\/ul>\n<p>&nbsp;<\/p>\n<h2><a name=\"SECTION00040000000000000000\"><\/a>Dzia\u0142alno\u015b\u0107 naukowo-badawcza<\/h2>\n<p>&nbsp;<\/p>\n<ul>\n<li>Ze zg\u0142oszonych 8 projekt\u00f3w badawczych (grant\u00f3w) do KBN (edycja &#8211; stycze\u0144 2000) &#8211; <i>patrz pe\u0142na lista Biuletynu nr 2<\/i> Instytut otrzyma\u0142 dofinansowanie na:\n<ol>\n<li><i>,,Budowa typoszeregu przeno\u015bnych i p\u00f3\u0142sta\u0142ych wysokoci\u015bnieniowych zbiornik\u00f3w kompozytowych&#8221;<\/i> (projekt celowy), kierownik projektu &#8211; dr hab. in\u017c. Jerzy KALETA.<\/li>\n<li><i>,,W\u0142\u00f3kniste kompozyty na bazie mieszanin polimerowych&#8221;<\/i> (projekt m\u0142odego badacza), kierownik projektu &#8211; mgr in\u017c. Przemys\u0142aw OLSZY\u0143SKI.<\/li>\n<li><i>,,Modyfikacja w\u0142asno\u015bci kompozyt\u00f3w polimerowych z nape\u0142niaczami naturalnymi&#8221;<\/i> (projekt m\u0142odego badacza), kierownik projektu &#8211; mgr in\u017c. Izabela LACH.<\/li>\n<\/ol>\n<p>&nbsp;<\/li>\n<li>Z Dzia\u0142u Nauki dofinansowanie przyznano na nast\u0119puj\u0105ce projekty:\n<ol>\n<li><i>,,Przemiana martenzytyczna indukowana cyklicznym odkszta\u0142ceniem plastycznym, modelowanie i\u00a0identyfikacja w\u00a0zakresie r\u00f3\u017cnych skal d\u0142ugo\u015bci&#8221;<\/i> &#8211; dra hab. in\u017c. Jerzego KALETY.<\/li>\n<li><i>,,Biorozk\u0142adalne kompozyty polimerowe&#8221;<\/i> &#8211; dra in\u017c. Marka KOZ\u0141OWSKIEGO.<\/li>\n<li><i>,,Fraktalna analiza wybranych uk\u0142ad\u00f3w naczyniowych cz\u0142owieka w patologii wywo\u0142anej czynnikami \u015brodowiskowymi&#8221;<\/i> &#8211; dra hab. in\u017c. Marka RYBACZUKA, prof. nadzw. PWr.<\/li>\n<\/ol>\n<p>&nbsp;<\/li>\n<li>Zawarto dwie umowy z przemys\u0142em:\n<ol>\n<li>ELEKTROWNIA TUR\u00d3W w Bogatyni &#8211; <i>,,Preparatyka 100 sztuk replik pozytywowych w\u00a0z\u0142ocie z\u00a0replik foliowych zleceniodawcy oraz ocena struktur z zastosowaniem mikroskopu skaningowego&#8221;<\/i><\/li>\n<li>HUTMEN S.A. <i>,,Badania pr\u0119t\u00f3w mosi\u0119\u017cnych w\u00a0celu ustalenia przyczyny ich p\u0119kania&#8221;.<\/i><\/li>\n<\/ol>\n<p>&nbsp;<\/li>\n<li>Instytut otrzyma\u0142 kwot\u0119 600.000 z\u0142. na realizacj\u0119 7\u00a0temat\u00f3w finansowanych ze \u015brodk\u00f3w na dzia\u0142alno\u015b\u0107 statutow\u0105, w tym 400.000 z\u0142. na pokrycie niedoboru osobowego i 200.000 z\u0142. na prowadzenie prac badawczych.<\/li>\n<li>W Zak\u0142adzie Dynamiki otwarto 3 zlecenia.Prowadz\u0105cy: dr hab. in\u017c. Jerzy KALETA, dr hab. in\u017c. Marek RYBACZUK, prof. nadzw. PWr, dr in\u017c. Stanis\u0142aw PIESIAK.&nbsp;<\/li>\n<li>W Zak\u0142adzie Wytrzyma\u0142o\u015bci Materia\u0142\u00f3w otwarto 3\u00a0zlecenia.Prowadz\u0105cy: dr in\u017c. Leszek KORUSIEWICZ, dr in\u017c. Andrzej KANIA, dr in\u017c. Czes\u0142aw WITKOWSKI.&nbsp;<\/li>\n<li>W ramach tzw. dzia\u0142alno\u015bci og\u00f3lnotechnicznej otrzymano dofinansowanie z KBN na:\n<ul>\n<li>unifikacj\u0119 i typizacj\u0119 wyrob\u00f3w,<\/li>\n<li>wydanie materia\u0142\u00f3w konferencyjnych <i>VI Letniej Szko\u0142y Mechaniki P\u0119kania<\/i>,<\/li>\n<li>wydanie publikacji przez Oficyn\u0119 Wydawnicz\u0105 Politechniki Wroc\u0142awskiej.<\/li>\n<\/ul>\n<\/li>\n<\/ul>\n<p>&nbsp;<\/p>\n<h2><a name=\"SECTION00050000000000000000\"><\/a>Konferencje<\/h2>\n<p>&nbsp;<\/p>\n<ul>\n<li>W dniach 19-22 wrze\u015bnia odby\u0142a si\u0119 w VIELKICH LOSINACH (Czechy) II Konferencja Naukowa ,,RECYKLING TWORZYW SZTUCZNYCH&#8221;.Konferencji patronowali: JM Rektor Politechniki Wroc\u0142awskiej, Marsza\u0142ek Wojew\u00f3dztwa Dolno\u015bl\u0105skiego, Prezydent Miasta Wroc\u0142awia oraz mi\u0119dzynarodowy program CEEPUS.<br \/>\nKonferencj\u0119 otworzy\u0142 Dyrektor Instytutu dr hab. in\u017c. Jerzy KALETA, za\u015b przewodnictwo naukowe obj\u0105\u0142 prof. dr hab. in\u017c. Jerzy ZWO\u0179DZIAK (I-15).<br \/>\nBra\u0142o w niej udzia\u0142 blisko 80. uczestnik\u00f3w z 7 kraj\u00f3w. W programie naukowym zawarto 40 referat\u00f3w, w kt\u00f3rych autorzy przedstawili zar\u00f3wno w\u0142asne osi\u0105gni\u0119cia naukowe (pochodz\u0105ce z o\u015brodk\u00f3w badawczych akademickich i resortowych propozycje zagospodarowania odpad\u00f3w mi\u0119dzy innymi PET, PVC, poliuretanu, opakowa\u0144 z polietylenu i polipropylenu), jak i do\u015bwiadczenia praktyczne zwi\u0105zane z zagospodarowaniem odpad\u00f3w tworzyw sztucznych (przemys\u0142 &#8211; ANVIL S.A. W\u0142oc\u0142awek, Zarz\u0105d Gospodarki Odpadami we Wroc\u0142awiu, Zesp\u00f3\u0142 Gmin \u017bywiecczyzny). Sytuacj\u0119 w Polsce mo\u017cna by\u0142o odnie\u015b\u0107 do innych europejskich do\u015bwiadcze\u0144. Recykling tworzyw sztucznych w krajach Europy centralnej przedstawili uczestnicy z W\u0119gier, Rumunii i S\u0142owacji. Wnioski wynikaj\u0105ce z praktyki Unii Europejskiej przedstawi\u0142 dr P. MAYNE z Sekcji Techniki i Ochrony \u015arodowiska w Europejskim Stowarzyszeniu Przetw\u00f3rc\u00f3w Tworzyw Sztucznych z Brukseli. Om\u00f3wi\u0142 r\u00f3wnie\u017c za\u0142o\u017cenia prognozowanych dla Unii Europejskiej przepis\u00f3w reguluj\u0105cych recykling samochod\u00f3w oraz sprz\u0119tu elektrycznego i elektronicznego. Z krajowymi projektami ustaw dotycz\u0105cych zagospodarowania odpad\u00f3w zapozna\u0142 zebranych przedstawiciel Ministerstwa Ochrony \u015arodowiska.<br \/>\nNast\u0119pna, III Konferencja odb\u0119dzie si\u0119 za dwa lata.&nbsp;<\/p>\n<figure id=\"attachment_1556\" aria-describedby=\"caption-attachment-1556\" style=\"width: 338px\" class=\"wp-caption aligncenter\"><a href=\"http:\/\/kmim.wm.pwr.edu.pl\/immt\/wp-content\/uploads\/sites\/58\/2003\/11\/4img3.gif\"><img loading=\"lazy\" decoding=\"async\" class=\"size-full wp-image-1556\" src=\"http:\/\/kmim.wm.pwr.edu.pl\/immt\/wp-content\/uploads\/sites\/58\/2003\/11\/4img3.gif\" alt=\"Referat wyg\u0142asza Zofia MACHOWSKA z Instytutu Chemii Przemys\u0142owej w Warszawie\" width=\"338\" height=\"214\" \/><\/a><figcaption id=\"caption-attachment-1556\" class=\"wp-caption-text\">Referat wyg\u0142asza Zofia MACHOWSKA z Instytutu Chemii Przemys\u0142owej w Warszawie<\/figcaption><\/figure>\n<p>&nbsp;<\/li>\n<li>W ramach Konferencji ,,RECYKLING TWORZYW SZTUCZNYCH&#8221; odby\u0142o si\u0119 spotkanie Komitetu Steruj\u0105cego sieci\u0105 CEEPUS o nazwie NETOPEREC, po\u015bwi\u0119cone in\u017cynierii i recyklingowi tworzyw sztucznych. W spotkaniu uczestniczyli przedstawiciele uczelni z W\u0119gier (prof. B. PUKANSZY), Rumunii (prof. C. VASILE), S\u0142owacji (dr V. KHUNOVA), Politechniki Wroc\u0142awskiej oraz dr P.MAYNE Dyrektor Sekcji Ekologii w Europejskim Stowarzyszeniu Przetw\u00f3rc\u00f3w Tworzyw sztucznych z Brukseli. Spotkanie prowadzi\u0142 dr in\u017c. Marek KOZ\u0141OWSKI &#8211; Koordynator Sieci CEEPUS.Om\u00f3wiono realizacj\u0119 planu wymiany student\u00f3w i kadry dydaktycznej w roku akademickim 1999\/2000 oraz przebieg Szko\u0142y Letniej In\u017cynierii i Recyklingu Tworzyw Sztucznych w Bu\u0142garii.<br \/>\nUstalono i zaakceptowano zasady wymiany w roku akademickim 2000\/2001.<br \/>\nRozmawiano o mo\u017cliwo\u015bciach wsp\u00f3\u0142pracy Sieci CEEPUS z Europejskim Stowarzyszeniem Przetw\u00f3rc\u00f3w oraz uczestnictwa w realizacji prac badawczych w ramach program\u00f3w europejskich.<\/li>\n<\/ul>\n<p>&nbsp;<\/p>\n<h2><a name=\"SECTION00051000000000000000\"><\/a>Konferencje zagraniczne<\/h2>\n<p>&nbsp;<\/p>\n<ul>\n<li>od 12 do 16 wrze\u015bnia dr in\u017c. Jan HEJNA bra\u0142 udzia\u0142 w Konferencji &#8222;EUROMET 2000&#8221; w Saarbr\u00fccken (Niemcy) w sesji plakatowej. Tytu\u0142 plakatu <i>,,Optimum Conditions for an Observation of Replicas of Metallographic Specimens in the Scanning Electron Microscope&#8221;.<\/i><\/li>\n<li>od 10 do 14 wrze\u015bnia dr in\u017c. Wojciech MYSZKA, mgr in\u017c. Miros\u0142aw BOCIAN, dr in\u017c. Wojciech B\u0141A\u017bEJEWSKI oraz mgr in\u017c. Piotr KOTOWSKI brali czynny udzia\u0142 w Konferencji ,,CZECH ASSOCIATION OF MECHANICAL ENGINEERS&#8221; w Pradze (Czechy).Wyg\u0142osili nast\u0119puj\u0105ce referaty:\n<ul>\n<li>dr in\u017c. Wojciech MYSZKA &#8211; <i>,,The method of damping measurements in the range of extremly small phase shift&#8221;.<\/i><\/li>\n<li>mgr in\u017c. Piotr KOTOWSKI &#8211; <i>,,Fractal characterization of Armco fractured surface&#8221;.<\/i><\/li>\n<li>mgr in\u017c. Miros\u0142aw BOCIAN &#8211; <i>,,Degenerate model application in identification process of dynamical properties of a rubber element&#8221;.<\/i><\/li>\n<\/ul>\n<p>&nbsp;<\/li>\n<li>od 06 do 09 listopada dr hab. in\u017c. Jerzy KALETA bra\u0142 udzia\u0142 w mi\u0119dzynarodowej Konferencji ,,EUROMET-2000&#8221; w Tours (Francja). Wyg\u0142osi\u0142 referat pt. <i>,,Magnetomechanical effect in fatigue investigations of ferromagnetics&#8221;.<\/i><\/li>\n<li>od 12 do 15 listopada prof. dr hab. in\u017c. Wac\u0142aw KASPRZAK i dr hab. in\u017c. Marek RYBACZUK, prof. nadzw. PWr. przebywali w Universit\u00e4t Stuttgart (Niemcy). Brali udzia\u0142 w Konferencji rd INTERNATIONAL WORKSHOP ON SIMILARITY METHODS. Wyg\u0142osili referaty:\n<ol>\n<li><i>,,Dimensional analysis for fractals&#8221;<\/i><\/li>\n<li><i>,,Similarity and model designing in nonscalar description of an examined process&#8221;.<\/i><\/li>\n<\/ol>\n<\/li>\n<\/ul>\n<p>&nbsp;<\/p>\n<h2><a name=\"SECTION00052000000000000000\"><\/a>Konferencje krajowe<\/h2>\n<p>&nbsp;<\/p>\n<ul>\n<li>dr in\u017c. Czes\u0142aw WITKOWSKI bra\u0142 udzia\u0142 w Konferencji ,,MECHANIKA 2000&#8221; &#8211; 28 czerwca &#8211; 01 lipca &#8211; Rzesz\u00f3w.<\/li>\n<li>dr hab. in\u017c. W\u0142odzimierz DUDZI\u0143SKI, prof. nadzw. PWr. bra\u0142 udzia\u0142 w ,,SEMINARIUM IN\u017bYNIERII MATERIA\u0141OWEJ&#8221;, 03-07 wrze\u015bnia &#8211; \u015awinouj\u015bcie.<\/li>\n<li>dr in\u017c. Gra\u017cyna ZI\u0118TEK, dr hab. in\u017c. Marek RYBACZUK, prof. nadzw. PWr. i mgr in\u017c. Edward WICZKOWSKI uczestniczyli w Konferencji ,,SolMech&#8221;, 05-09 wrze\u015bnia &#8211; Zakopane.<\/li>\n<li>mgr in\u017c. Edward WICZKOWSKI bra\u0142 udzia\u0142 w Konferencji ,,BIOMECHANIKA 2000&#8221;, 10-14 wrze\u015bnia &#8211; Miko\u0142ajki.<\/li>\n<li>dr in\u017c. Grzegorz P\u0118KALSKI uczestniczy\u0142 w Konferencji ,,BEZPIECZE\u0143STWO I DEGRADACJA MASZYN&#8221;, 11-15 wrze\u015bnia &#8211; \u015alesin k\/Konina.<\/li>\n<li>dr in\u017c. Waldemar MORZUCH bra\u0142 udzia\u0142 w IX Konferencji ,,WYTRZYMA\u0141O\u015a\u0106 I BADANIA MATERIA\u0141\u00d3W&#8221;, 13-15 wrze\u015bnia &#8211; Zakopane.<\/li>\n<li>dr in\u017c. Andrzej BE\u0141ZOWSKI uczestniczy\u0142 w ,,MI\u0118DZYNARODOWYM KONGRESIE DIAGNOSTYKI TECHNICZNEJ&#8221;, 19-22 wrze\u015bnia &#8211; Warszawa.<\/li>\n<li>dr hab. in\u017c. W\u0142odzimierz DUDZI\u0143SKI, prof. nadzw. PWr dr in\u017c. Andrzej BE\u0141ZOWSKI, dr in\u017c. Wojciech B\u0141A\u017bEJEWSKI, dr in\u017c. Eugeniusz GROZIK, dr in\u017c. Andrzej KANIA, dr in\u017c. Jan KA\u0141WAK, dr in\u017c. Marek KOZ\u0141OWSKI oraz dr in\u017c. Wies\u0142aw O\u015aWI\u0118CIMSKI uczestniczyli w IX Seminarium ,,TWORZYWA SZTUCZNE W BUDOWIE MASZYN&#8221;, 27-29 wrze\u015bnia &#8211; Krak\u00f3w.<\/li>\n<li>dr in\u017c. Andrzej BE\u0141ZOWSKI, mgr in\u017c. Miros\u0142aw BOCIAN, dr in\u017c. Wojciech B\u0141A\u017bEJEWSKI, dr hab. in\u017c. Jerzy KALETA, mgr in\u017c. Piotr KOTOWSKI, dr in\u017c. Wojciech MYSZKA, dr in\u017c. Wies\u0142aw O\u015aWI\u0118CIMSKI, dr in\u017c. Mieczys\u0142aw SZATA, mgr in\u017c. Edward WICZKOWSKI, doktoranci: mgr in\u017c. Mariusz WAJDA, Pawe\u0142 CHMIELARCZYK, oraz studenci: Bart\u0142omiej FASSA, Wojciech WI\u015aNIEWSKI uczestniczyli w ,,XIX SYMPOZJUM MECHANIKI EKSPERYMENTALNEJ CIA\u0141A STA\u0141EGO&#8221;, 18-20 pa\u017adziernika &#8211; Jachranka.<\/li>\n<li>prof. dr hab. in\u017c. Wac\u0142aw KASPRZAK bra\u0142 udzia\u0142 w II Dolno\u015bl\u0105skim ,,FORUM GOSPODARCZYM&#8221;, 03-05 listopada &#8211; Krzy\u017cowa k\/\u015awidnicy.<\/li>\n<li>dr in\u017c. Wojciech B\u0141A\u017bEJEWSKI bra\u0142 udzia\u0142 w X Sympozjum ,,KOMPOZYTY, KONSTRUKCJE WARSTWOWE&#8221;, 16-18 listopada &#8211; Szklarska Por\u0119ba.<\/li>\n<li>dr in\u017c. Gra\u017cyna ZI\u0118TEK i dr in\u017c. Mieczys\u0142aw SZATA uczestniczyli w Konferencji ,,ADVACED MATERIALS AND STRUCTURES&#8221;, 20-21 listopada &#8211; Warszawa, zorganizowanej z okazji 70 &#8211; lecia urodzin prof. Zenona MROZA z IPPT PAN.<\/li>\n<li>dr in\u017c. Grzegorz P\u0118KALSKI bra\u0142 udzia\u0142 w Konferencji ,,PROBLEMY I INOWACJE W REMONTACH ENERGETYCZNYCH PIRE-2000&#8221; od 28 listopada do 01 grudnia &#8211; Szklarska Por\u0119ba.<\/li>\n<\/ul>\n<p>&nbsp;<\/p>\n<h2><a name=\"SECTION00060000000000000000\"><\/a>Dydaktyka<\/h2>\n<ul>\n<li>Z mo\u017cliwo\u015bci uzyskania zaliczenia sesji letniej we wrze\u015bniu skorzysta\u0142o oko\u0142o 400 student\u00f3w z Wydzia\u0142u Mechanicznego i Mechaniczno-Energetycznego.<\/li>\n<li>W dniu 24 pa\u017adziernika odby\u0142o si\u0119 zebranie zespo\u0142u dydaktycznego <i>Mechaniki.<\/i>Celem spotkania by\u0142o om\u00f3wienie spraw bie\u017c\u0105cych oraz propozycje doskonalenia procesu dydaktycznego.&nbsp;<\/li>\n<li>W pa\u017adzierniku ukaza\u0142 si\u0119 skrypt <a href=\"http:\/\/www.immt.pwr.wroc.pl\/skrypt\/\" name=\"tex2html3\">,,METALOZNAWSTWO&#8221; &#8211; cz\u0119\u015b\u0107 I<\/a>, wydany przez Oficyn\u0119 Wydawnicz\u0105 Politechniki Wroc\u0142awskiej, kt\u00f3rego autorem by\u0142 doc.\u00a0Rudolf HAIMANN.<\/li>\n<\/ul>\n<p>&nbsp;<\/p>\n<h2><a name=\"SECTION00070000000000000000\"><\/a>Inwestycje i remonty<\/h2>\n<p>&nbsp;<\/p>\n<ul>\n<li>Wyremontowano i wyposa\u017cono w nowe meble pomieszczenie 207A oraz pomieszczenie 209.<\/li>\n<li>Firma GRAFO zako\u0144czy\u0142a i przekaza\u0142a <a href=\"sala.jpg\" name=\"tex2html4\">projekt<\/a> remontu i modernizacji sali 316 w bud. B-1.Jeszcze w br. planowana jest w tej sali wymiana stolarki okiennej.<\/li>\n<\/ul>\n<p>&nbsp;<\/p>\n<h2><a name=\"SECTION00080000000000000000\"><\/a>Sprawy r\u00f3\u017cne<\/h2>\n<p>&nbsp;<\/p>\n<ul>\n<li>We wrze\u015bniu przekazano Polskiej Szkole na Litwie 3 komputery PS\/1.<\/li>\n<li>07 listopada Pan Maciej OLEJNICZAK student Wydzia\u0142u Mechanicznego by\u0142 dwudziestotysi\u0119cznym u\u017cytkownikiem Laboratorium Komputerowego, kt\u00f3re dzia\u0142a od marca 1998 roku w Zak\u0142adzie Dynamiki.<\/li>\n<\/ul>\n<p>&nbsp;<\/p>\n<hr \/>\n<p>&nbsp;<\/p>\n<div align=\"center\"><b><i>Z okazji \u015awiat Bo\u017cego Narodzenia i Nowego Roku<br \/>\nsk\u0142adamy najserdeczniejsze \u017cyczenia wszystkim<br \/>\nPracownikom Instytutu.<br \/>\nDzi\u0119kuj\u0105c za owocn\u0105 wsp\u00f3\u0142prac\u0119 \u017cyczymy wielu<br \/>\nsukces\u00f3w w nachodz\u0105cym Nowym Tysi\u0105cleciu<\/i><\/b><\/div>\n<p>&nbsp;<\/p>\n<div align=\"center\"><b><i>Dyrektor i Kolegium Dyrektorskie I-19<\/i><\/b><\/div>\n<p><a href=\"http:\/\/kmim.wm.pwr.edu.pl\/immt\/wp-content\/uploads\/sites\/58\/2003\/11\/bb.gif\"><img loading=\"lazy\" decoding=\"async\" class=\"aligncenter size-full wp-image-1558\" src=\"http:\/\/kmim.wm.pwr.edu.pl\/immt\/wp-content\/uploads\/sites\/58\/2003\/11\/bb.gif\" alt=\"bb\" width=\"391\" height=\"228\" \/><\/a><\/p>\n","protected":false},"excerpt":{"rendered":"<p>Rada Instytutu &nbsp; 25 pa\u017adziernika odby\u0142o si\u0119 posiedzenie Rady Naukowej.Przyj\u0119to rozliczenie z dzia\u0142alno\u015bci statutowej za lata 1999\/2000.Zmieniono tytu\u0142 rozprawy doktorskiej mgra in\u017c. Adama CETERY na ,,Fraktalna analiza i symulacyjne modele proces\u00f3w wzrostu defekt\u00f3w w kompozytach&#8221;. Promotor pracy: dr hab. in\u017c. Marek RYBACZUK, prof. nadzw. PWr. Na recenzent\u00f3w pracy wyznaczono: dra hab. in\u017c. Antoniego MITUSIA z &hellip; <a href=\"https:\/\/kmim.wm.pwr.edu.pl\/immt\/aktualnosci\/biuletyn-i-19\/biuletyn-i-19-nr-4-od-01-lipca-2000-r-do-15-grudnia-2000-r\/\" class=\"more-link\">Czytaj dalej <span class=\"screen-reader-text\">Biuletyn I-19 nr 4 od 01 lipca 2000 r. do 15 grudnia 2000 r.<\/span> <span class=\"meta-nav\">&rarr;<\/span><\/a><\/p>\n","protected":false},"author":1,"featured_media":0,"parent":1470,"menu_order":0,"comment_status":"closed","ping_status":"closed","template":"","meta":{"ngg_post_thumbnail":0,"footnotes":""},"class_list":["post-1473","page","type-page","status-publish","hentry"],"publishpress_future_action":{"enabled":false,"date":"2026-04-14 15:55:38","action":"change-status","newStatus":"draft","terms":[],"taxonomy":"language","extraData":[]},"publishpress_future_workflow_manual_trigger":{"enabledWorkflows":[]},"_links":{"self":[{"href":"https:\/\/kmim.wm.pwr.edu.pl\/immt\/wp-json\/wp\/v2\/pages\/1473","targetHints":{"allow":["GET"]}}],"collection":[{"href":"https:\/\/kmim.wm.pwr.edu.pl\/immt\/wp-json\/wp\/v2\/pages"}],"about":[{"href":"https:\/\/kmim.wm.pwr.edu.pl\/immt\/wp-json\/wp\/v2\/types\/page"}],"author":[{"embeddable":true,"href":"https:\/\/kmim.wm.pwr.edu.pl\/immt\/wp-json\/wp\/v2\/users\/1"}],"replies":[{"embeddable":true,"href":"https:\/\/kmim.wm.pwr.edu.pl\/immt\/wp-json\/wp\/v2\/comments?post=1473"}],"version-history":[{"count":3,"href":"https:\/\/kmim.wm.pwr.edu.pl\/immt\/wp-json\/wp\/v2\/pages\/1473\/revisions"}],"predecessor-version":[{"id":1559,"href":"https:\/\/kmim.wm.pwr.edu.pl\/immt\/wp-json\/wp\/v2\/pages\/1473\/revisions\/1559"}],"up":[{"embeddable":true,"href":"https:\/\/kmim.wm.pwr.edu.pl\/immt\/wp-json\/wp\/v2\/pages\/1470"}],"wp:attachment":[{"href":"https:\/\/kmim.wm.pwr.edu.pl\/immt\/wp-json\/wp\/v2\/media?parent=1473"}],"curies":[{"name":"wp","href":"https:\/\/api.w.org\/{rel}","templated":true}]}}