{"id":1474,"date":"2003-11-29T15:37:42","date_gmt":"2003-11-29T14:37:42","guid":{"rendered":"http:\/\/kmim.wm.pwr.edu.pl\/immt\/biuletyn-i-19-nr-5-od-01-i-do-01-vii-2001\/"},"modified":"2014-11-01T22:57:19","modified_gmt":"2014-11-01T21:57:19","slug":"biuletyn-i-19-nr-5-od-01-i-do-01-vii-2001","status":"publish","type":"page","link":"https:\/\/kmim.wm.pwr.edu.pl\/immt\/aktualnosci\/biuletyn-i-19\/biuletyn-i-19-nr-5-od-01-i-do-01-vii-2001\/","title":{"rendered":"Biuletyn I-19 nr 5 od 01.I. do 01.VII.2001"},"content":{"rendered":"<p><H2><A name=SECTION00010000000000000000>Rada Instytutu<\/a> <\/h2>\n<p> <P><I>24 stycznia <\/i>odby\u0142o si\u0119 posiedzenie Rady Naukowej Instytutu. Tematem posiedzenia by\u0142y sprawy kadrowe jednostek organizacyjnych Instytutu a&nbsp;w szczeg\u00f3lno\u015bci kandydatura kierownika Zak\u0142adu Naukowo-Technicznego Wytrzyma\u0142o\u015bci Materia\u0142\u00f3w.  <P><I>27 czerwca <\/i>odby\u0142o si\u0119 kr\u00f3tkie posiedzenie Rady Naukowej Instytutu. Tematem posiedzenia by\u0142o zaopiniowanie 3. wniosk\u00f3w emerytowanych pracownik\u00f3w naukowych naszego Instytutu o zatrudnienie na cz\u0119\u015b\u0107 etatu.  <P><I>09 kwietnia <\/i>odby\u0142o si\u0119 posiedzenie Komisji Rady Wydzia\u0142u Mechanicznego ds. Przewod\u00f3w Doktorskich w&nbsp;dyscyplinie <I>Mechanika<\/i>.  <P> <OL> <LI>Przyj\u0119to i&nbsp;dopuszczono do publicznej obrony rozpraw\u0119 doktorsk\u0105 mgra in\u017c. Adama Cetery. Promotor: dr hab. in\u017c. Marek Rybaczuk, prof. nadzw. PWr. Obrona zosta\u0142a wyznaczona na 27.04.2001r.  <P><\/p>\n<p> <LI>Przyj\u0119to i&nbsp;dopuszczono do obrony rozpraw\u0119 doktorsk\u0105 mgra in\u017c. Piotra Stoppela. Promotor: dr hab. in\u017c. Marek Rybaczuk, prof. nadzw. PWr. Obrona zosta\u0142a wyznaczona na 27.04.2001r. <\/li>\n<\/ol>\n<p> <P><I>27 kwietnia <\/i>przed Komisj\u0105 Wydzia\u0142u ds. Przewod\u00f3w Doktorskich odby\u0142a si\u0119 publiczna obrona rozprawy doktorskiej mgra in\u017c. Adama Cetery pt. <I>,,Fraktalna analiza i&nbsp;symulacyjne modele proces\u00f3w wzrostu defekt\u00f3w w&nbsp;kompozytach&#8221;<\/i>.  <P><I>27 kwietnia <\/i>przed Komisj\u0105 Wydzia\u0142u ds. Przewod\u00f3w Doktorskich odby\u0142a si\u0119 publiczna obrona rozprawy doktorskiej mgra in\u017c. Piotra Stoppela pt. <I>,,Symulacje procesu zrywania w\u0142\u00f3kien w stochastycznym modelu kompozytu&#8221;<\/i>.  <P>Rada Wydzia\u0142u Mechanicznego na posiedzeniu wdniu 30 maja 2001r. podj\u0119\u0142a uchwa\u0142\u0119 o&nbsp;nadaniu stopnia naukowego doktora nauk technicznych magistrowi in\u017c. Adamowi Ceterze i&nbsp;magistrowi in\u017c. Piotrowi Stoppelowi.  <P> <H2><A name=SECTION00020000000000000000>Sprawy osobowe i&nbsp;organizacyjne<\/a> <\/h2>\n<p> <P><I>22 stycznia<\/i> zako\u0144czy\u0142 prac\u0119 w&nbsp;naszym Instytucie mgr in\u017c. Wies\u0142aw Mazur.  <P><I>16 lutego<\/i> odby\u0142o si\u0119 zebranie pracownik\u00f3w Instytutu rozpoczynaj\u0105ce semestr letni.  <P><I>Na 49. Targach Wynalazczo\u015bci<\/i> Brussels EUREKA 2000 zesp\u00f3\u0142 w&nbsp;sk\u0142adzie: dr hab. in\u017c. Krzysztof Maruszewski, prof. nadzw. PWr. (I-19), mgr Okni\u0144ski (PTH S.A. ,,Kolt&#8221; Warszawa) i&nbsp;prof. dr hab. Wies\u0142aw Str\u0119k (Instytut Niskich Temperatur i&nbsp;Bada\u0144 Strukturalnych, PAN Wroc\u0142aw) otrzyma\u0142 Z\u0142oty Medal z&nbsp;wyr\u00f3\u017cnieniem za <I>,,Opracowanie zol-\u017celowych \u015bwiat\u0142owod\u00f3w erbowych&#8221;<\/i>.  <P>Nagroda zosta\u0142a uhonorowana r\u00f3wnie\u017c dyplomem premiera Rzeczpospolitej Polskiej Jerzego Buzka.  <P>Dr in\u017c. Marek Koz\u0142owski otrzyma\u0142 z&nbsp;Fundacji Nauki Polskiej (program TECHNE) dofinansowanie na uruchomienie <I>demonstracyjnej linii recyklingu tworzyw sztucznych<\/i>.  <P><I>20 kwietnia<\/i> w Rydzynie podczas uroczystej sesji zwi\u0105zanej z&nbsp;75 leciem SIMP zosta\u0142y wr\u0119czone nagrody <I>Og\u00f3lnopolskiego Konkursu o&nbsp;Dyplom i&nbsp;Nagrod\u0119 Prezesa SIMP<\/i> na najlepsz\u0105 prac\u0119 dyplomow\u0105 w&nbsp;roku akademickim 1999\/2000.  <P>IV nagrod\u0105 zosta\u0142a uhonorowana praca naszej doktorantki mgr in\u017c. Marzeny Podrez-Radziszewskiej pt. ,,Analiza stanu odkszta\u0142cenia i&nbsp;napr\u0119\u017cenia w&nbsp;nasadzie bli\u017cszej ko\u015bci udowej w przypadku choroby PERTHESA&#8221; wykonana pod kierunkiem prof. dr hab. in\u017c. Romualda B\u0119dzi\u0144skiego.  <P> <DIV align=center><I>Serdecznie gratulujemy!<\/i> <\/div>\n<p> <P>Mgr in\u017c. Marzena Podrez-Radziszewska od 03.03.01 11.03.01r. przebywa\u0142a w&nbsp;FORLI-CESENA W\u0142ochy &#8211; University Center of Berfinoro, gdzie uko\u0144czy\u0142a kurs <I>&#8221;Quality for design&#8221;<\/i>.  <P><I>22 marca<\/i> w&nbsp;PWr. odby\u0142o si\u0119 seminarium na temat ustawy o&nbsp;finansach publicznych, w&nbsp;kt\u00f3rym uczestniczy\u0142y: mgr Gra\u017cyna Ko\u0144czal i&nbsp;mgr in\u017c. Jowita Olszewska.  <P>W&nbsp;PWr. na prze\u0142omie kwietnia i&nbsp;maja odbywa\u0142 si\u0119 okresowy kurs BHP. W\/w kurs uko\u0144czy\u0142y nast\u0119puj\u0105ce osoby: mgr in\u017c. K.&nbsp;Baranowski, Cz.&nbsp;Czury\u0142o, A.&nbsp;Magocka, J.&nbsp;Or\u0142owski, G.&nbsp;Pierzcha\u0142a, mgr B.&nbsp;Pilarska-Zapa\u0142a.  <P><I>22 maja <\/i>odby\u0142o si\u0119 we Wroc\u0142awiu Seminarium <I>Wsp\u00f3\u0142praca Nauka Gospodarka<\/i>. W&nbsp;Seminarium uczestniczy\u0142 dr hab. in\u017c. Krzysztof Maruszewski, prof. nadzw. PWr.  <P><I>W&nbsp;dniach 27 28 maja <\/i>odby\u0142o si\u0119 szkolenie w&nbsp;ramach projektu TEMPUS ,,EU-PULA&#8221;. Uczestniczy\u0142y wnim: mgr Gra\u017cyna Ko\u0144czal, mgr in\u017c. Jowita Olszewska i&nbsp;mgr Barbara Pilarska-Zapa\u0142a.  <P> <H2><A name=SECTION00030000000000000000>Wsp\u00f3\u0142praca z&nbsp;zagranic\u0105<\/a> <\/h2>\n<p> <P><I>Od 31 stycznia do 04 lutego <\/i>przebywa\u0142 z&nbsp;Zak\u0142adach VOLVO w&nbsp;Danii i&nbsp;Szwecji dr hab. in\u017c. W\u0142odzimierz Dudzi\u0144ski, prof. nadzw. PWr.  <P><I>Od 12-19 lutego<\/i> dr in\u017c. Mieczys\u0142aw Szata przebywa\u0142 w&nbsp;Fizyko-Mechanicznym Instytucie im. Karpenko we Lwowie (Ukraina). Celem wizyty by\u0142y uzgodnienia zwi\u0105zane z&nbsp;realizacj\u0105 wieloletniej wsp\u00f3\u0142pracy w&nbsp;zakresie <I>metod energetycznych w&nbsp;opisie rozwoju szczeliny zm\u0119czeniowej<\/i>, a&nbsp;tak\u017ce wsp\u00f3lne przygotowania imprez naukowych w&nbsp;roku 2001 (Lw\u00f3w, Pokrzywna k\/Prudnika).  <P>Od 05 marca do 26 kwietnia go\u015bci\u0142 w&nbsp;Instytucie z&nbsp;cyklem wyk\u0142ad\u00f3w nt. ,,R\u00f3wnania ca\u0142kowe w&nbsp;mechanice p\u0119kania&#8221; prof. Michai\u0142o Sawruk ze Lwowa (Ukraina).  <P>Od 25 marca do 07 kwietnia przebywa\u0142 w&nbsp;naszym Instytucie Christian Dettmann, J\u00f6rg Necker, Sando Kunath, Michael Klaus i&nbsp;Patrick Martini z&nbsp;Uniwersytetu Karlsruhe (Niemcy). Wys\u0142uchali cyklu wyk\u0142ad\u00f3w pt. ,,Fractals empirical modeling&#8221; dra hab. in\u017c. Marka Rybaczuka, prof. nadzw. PWr. Zwiedzali laboratoria i&nbsp;Centra Politechniki Wroc\u0142awskiej oraz Instytut Niskich Temperatur PAN. Odbyli wsp\u00f3lne seminaria i&nbsp;zaj\u0119cia laboratoryjne z&nbsp;doktorantami I-19 i&nbsp;I-15.  <P><I>Od 26 marca do 31 marca <\/i>dr in\u017c. Andrzej Be\u0142zowski i dr in\u017c. Wojciech B\u0142a\u017cejewski przebywali w&nbsp;Pary\u017cu (Francja) na Wystawie Materia\u0142\u00f3w Kompozytowych JEC 2001.  <P><I>Od 31 marca do 07 kwietnia <\/i>dr hab. in\u017c. W\u0142odzimierz Dudzi\u0144ski, prof. nadzw. PWr. przebywa\u0142 w&nbsp;zak\u0142adach Mexico Bus w&nbsp;Mexico City na zlecenie firmy Volvo oraz Helens w&nbsp;celu okre\u015blenia przyczyn powstawania uszkodze\u0144 stali stosowanych w produkcji nadwozi autobus\u00f3w oraz opracowania metod zapobiegaj\u0105cym tym uszkodzeniom. Om\u00f3wiono r\u00f3wnie\u017c mo\u017cliwo\u015bci wsp\u00f3\u0142pracy badawczej dotycz\u0105cej stali ferrytycznych stosowanych do wytwarzania autobus\u00f3w w&nbsp;firmie Volvo Mexico.  <P>Od 16 &#8211; 20 kwietnia doktorant Daniel Lewandowski przebywa\u0142 w&nbsp;ZARM University of Bremen (Niemcy).  <P>Od 30 kwietnia do 05 maja go\u015bci\u0142 w&nbsp;Instytucie prof. Siegfried S\u00e4hn z Technische Universit\u00e4t Dresden (Niemcy).  <P>Od 02 maja do 01 lipca dr in\u017c. Wojciech MYSZKA i&nbsp;mgr in\u017c. Miros\u0142aw BOCIAN przebywali w&nbsp;Uniwersytecie w&nbsp;Karlsruhe (Niemcy) na sta\u017cu naukowym.  <P>18 maja z&nbsp;wizyt\u0105 w&nbsp;naszym Instytucie przebywali przedstawiciele zak\u0142ad\u00f3w Volvo-Poland w&nbsp;osobach: Krzysztof KOCH oraz Rahmi Toptas w celu zapoznania si\u0119 z&nbsp;mo\u017cliwo\u015bciami prowadzenia wsp\u00f3\u0142pracy w&nbsp;zakresie bada\u0144 metalograficznych, strukturalnych i&nbsp;wytrzyma\u0142o\u015bciowych oraz pomiar\u00f3w d\u0142ugo\u015bci i&nbsp;k\u0105ta.  <P>Od 14 do 17 maja przebywali w&nbsp;Instytucie prof. Walter Reimers i&nbsp;dr Anke Pyzalla z&nbsp;Strukturforschung SF Hahn-Meitner Institut Berlin (Niemcy).  <P>W dniach od 15 &#8211; 17 maja dr in\u017c. Grzegorz P\u0119kalski przebywa\u0142 w&nbsp;Katedrze Metalurgie zelaza a&nbsp;zlievarenstva HFTU w&nbsp;Ko&#65533;iiciach Podbanske (S\u0142owacja).  <P>Od 04 07 czerwca go\u015bcili we Lwowie (Ukraina) prof. dr hab. in\u017c. Wac\u0142aw Kasprzak i&nbsp;dr in\u017c. Mieczys\u0142aw Szata. Brali udzia\u0142 w&nbsp;International Symposium ,,Contemporary Problems of Mechanics of Materials: Physico-chemical Aspects and Diagnostics of Materials Properties&#8221;  <P>W&nbsp;dniach 07 09 czerwca dr hab. in\u017c. Jerzy Kaleta i&nbsp;dr in\u017c. Wojciech B\u0142a\u017cejewski brali udzia\u0142 w&nbsp;Dresdner Leichtbausymposium 2001, Wettbewerbsfaktor Leichtbau, Perspektiven moderner Mischbauweisen Drezno (Niemcy).  <P>Decyzj\u0105 Biura Centralnego CEEPUS w&nbsp;Wiedniu przyznano finansowanie na kolejny rok dla \u015arodkowo-Europejskiej Sieci In\u017cynierii i&nbsp;Recyklingu Tworzyw Sztucznych PL-105 . Sie\u0107 ma na celu wymian\u0119 student\u00f3w i&nbsp;kadry &#8211; 15 czerwca zako\u0144czy\u0142 sta\u017c 1 profesor i&nbsp;3 student\u00f3w z&nbsp;Uniwersytetu Chemiczno-Metalurgicznego z&nbsp;Sofii. W&nbsp;lipcu wyje\u017cd\u017ca tam 14. osobowa grupa naszych student\u00f3w z&nbsp;opiekunem. W&nbsp;roku akademickim 2001\/2002 w&nbsp;sieci uczestnicz\u0105 wy\u017csze uczelnie z&nbsp;Polski, W\u0119gier, Bu\u0142garii, Rumunii i&nbsp;S\u0142owacji koordynatorem jest dr in\u017c. Marek Koz\u0142owski.  <P>W&nbsp;dniach 17 &#8211; 22 czerwca dr in\u017c. Wojciech B\u0142a\u017cejewski prowadzi\u0142 w&nbsp;Laboratorium Koncernu TENAX-FIBER w&nbsp;Wuppertalu TU. Kaiserslautern (Niemcy) konsultacje w&nbsp;sprawie zastosowania w\u0142\u00f3kien w\u0119glowych i&nbsp;aramidowych w&nbsp;konstrukcjach kompozytowych.  <P> <H2><A name=SECTION00040000000000000000>Dzia\u0142alno\u015b\u0107 naukowo-badawcza<\/a> <\/h2>\n<p> <P>Ze zg\u0142oszonych w&nbsp;2000r. 5 projekt\u00f3w badawczych (grant\u00f3w) do KBN Instytut otrzyma\u0142 dofinansowanie 1 projektu pt. <I>,,Opis w\u0142asno\u015bci materia\u0142u z&nbsp;przemian\u0105 martenzytyczn\u0105 indukowan\u0105 odkszta\u0142ceniem plastycznym w&nbsp;zakresie r\u00f3\u017cnych skal d\u0142ugo\u015bci&#8221;<\/i>. Kierownikiem projektu jest dr in\u017c. Gra\u017cyna Zi\u0119tek.  <P>Na 2001r. zg\u0142oszono do KBN dwa wnioski o&nbsp;dofinansowanie zakupu aparatury naukowo-badawczej.  <P>Instytut otrzyma\u0142 dofinansowanie wniosku pt. <I>,,Zakup aparatu rentgenowskiego do analizy struktury i pomiar\u00f3w napr\u0119\u017cenia w&nbsp;materia\u0142ach polikrystalicznych&#8221;<\/i> w&nbsp;kwocie 450.000,-z\u0142  <P>Na 2001r. zg\u0142oszono 2 tematy do finansowania przez Fundacj\u0119 Nauki Polskiej.  <P>Instytut otrzyma\u0142 dofinansowanie tematu pt. <I>,,Uruchomienie demonstracyjnej linii recyklingu tworzyw sztucznych&#8221;<\/i> w&nbsp;wysoko\u015bci 200.000,-z\u0142  <P>Z&nbsp;Dzia\u0142u Nauki PWr. dofinansowane s\u0105 4 projekty kontynuowane z&nbsp;2000r. s\u0105 to:  <UL> <LI><I>,,Do\u015bwiadczalna ocena degradacji mechanicznej kompozyt\u00f3w polimerowych&#8221;<\/i>, praca habilitacyjna dra in\u017c. Andrzeja Be\u0142zowskiego, kwota 5.000,-z\u0142  <P><\/p>\n<p> <LI><I>,,Samowzmacniaj\u0105ce kompozyty na bazie mieszanin polimerowych&#8221;<\/i>, praca doktorska mgra in\u017c. Przemys\u0142awa Olszy\u0144skiego, kwota 5.000,-z\u0142  <P><\/p>\n<p> <LI><I>,,Fraktalna analiza wybranych uk\u0142ad\u00f3w naczyniowych cz\u0142owieka w&nbsp;patologii wywo\u0142anych czynnikami \u015brodowiskowymi&#8221;<\/i>, kierownik pracy prof. Marek Rybaczuk, kwota do dyspozycji w&nbsp;2001r. w kwocie 22.300,-z\u0142  <P><\/p>\n<p> <LI><I>,,Przemiana martenzytyczna indukowana cyklicznym odkszta\u0142ceniem plastycznym; modelowanie iidentyfikacja w&nbsp;zakresie r\u00f3\u017cnych skal d\u0142ugo\u015bci&#8221;<\/i>, kierownikiem tematu jest dr hab. in\u017c. Jerzy Kaleta, kwota do dyspozycji w&nbsp;2001 roku, 27.900,-z\u0142  <P><\/p>\n<p> <LI>W&nbsp;2001r. na kontynuacj\u0119 wsp\u00f3\u0142pracy z&nbsp;zagranic\u0105 Instytut otrzyma\u0142 dofinansowanie na:  <UL> <LI>wsp\u00f3\u0142prac\u0119 z&nbsp;Uniwersytetem w&nbsp;Siegen (Niemcy), kwot\u0119 21.785,-z\u0142  <P><\/p>\n<p> <LI>wsp\u00f3\u0142prac\u0119 z&nbsp;Fizyko-Mechanicznym Instytutem Ukrai\u0144skiej Akademii Nauk we Lwowie (Ukraina), kwot\u0119 41.785,-z\u0142 <\/li>\n<\/ul>\n<p> <LI>W&nbsp;2001r. zawarto 6 um\u00f3w z&nbsp;przemys\u0142em s\u0105 to:  <UL> <LI>Zesp\u00f3\u0142 Elektrociep\u0142owni Wroc\u0142awskich 2 umowy,  <P><\/p>\n<p> <LI>Kopalnia W\u0119gla Brunatnego ,,Be\u0142chat\u00f3w&#8221;,  <P><\/p>\n<p> <LI>Zabrza\u0144skie Przedsi\u0119biorstwo Energetyki Cieplnej,  <P><\/p>\n<p> <LI>ABB Warszawa,  <P><\/p>\n<p> <LI>PROTRAM Wroc\u0142aw,  <P><\/p>\n<p> <LI>Elektrownia TUR\u00d3W S.A. <\/li>\n<\/ul>\n<p>na og\u00f3ln\u0105 kwot\u0119 158.415,-z\u0142 oraz zawarto umow\u0119 z&nbsp;Uniwersytetem w Dre\u017anie warto\u015bci 28.500,-z\u0142  <P><\/p>\n<p> <LI>W&nbsp;roku 2001 kontynuowane s\u0105 prace w&nbsp;7 zg\u0142oszonych w&nbsp;2000r. i&nbsp;aneksowanych na 2001r. zleceniach z&nbsp;dzia\u0142alno\u015bci statutowej.  <P>Og\u00f3lna kwota do dyspozycji w&nbsp;tych zleceniach w 2001r. wynosi 280.850,-z\u0142, w&nbsp;tym osobowy fundusz prac brutto 215.289,-z\u0142.  <P><\/p>\n<p> <LI>W&nbsp;ramach tzw. dzia\u0142alno\u015bci og\u00f3lnotechnicznej Instytut otrzyma\u0142 na 2001r. dofinansowanie z KBN na unifikacj\u0119 i&nbsp;typizacj\u0119 wyrob\u00f3w, w&nbsp;wysoko\u015bci 6.000,-z\u0142  <P><\/p>\n<p> <LI>Instytut zg\u0142osi\u0142 do KBN 5 wniosk\u00f3w na dofinansowanie lub finansowanie zakupu aparatury naukowo-badawczej na 2002r. na \u0142\u0105czn\u0105 kwot\u0119 2.223.690,-z\u0142 <\/li>\n<\/ul>\n<p> <P> <H2><A name=SECTION00050000000000000000>Konferencje krajowe<\/a> <\/h2>\n<p> <P>Dr hab. in\u017c. Maciej Kulisiewicz, prof. nadzw. PWr, dr in\u017c. Stanis\u0142aw Piesiak uczestniczyli w Konferencji ,,Problemy Rozwoju Maszyn Roboczych&#8221;, 22 &#8211; 25 stycznia Zakopane.  <P>Dr hab. in\u017c. Marek Rybaczuk, prof. nadzw. PWr, dr in\u017c. Marek Koz\u0142owski brali udzia\u0142 w&nbsp;I Sympozjum ,,Centrum Biomonitoriungu, Biotechnologii i&nbsp;Ochrony Ekosystem\u00f3w Dolnego \u015al\u0105ska&#8221;, 04 &#8211; 05 kwietnia Wroc\u0142aw.  <P>Dr in\u017c. Andrzej Be\u0142zowski bra\u0142 udzia\u0142 w&nbsp;V Seminarium ,,Kompozyty 2001, Teoria i&nbsp;Praktyka&#8221;, 18 20 kwietnia Jaszowiec.  <P>Dr hab. in\u017c. W\u0142odzimierz Dudzi\u0144ski, prof. nadzw. PWr. bra\u0142 udzia\u0142 w&nbsp;VII Seminarium ,,Programy Bada\u0144 i&nbsp;Kszta\u0142cenie w&nbsp;In\u017cynierii Materia\u0142owej&#8221;, 07 &#8211; 09 maja Ko\u0142obrzeg.  <P>Dr in\u017c. Czes\u0142aw Witkowski uczestniczy\u0142 w&nbsp;konferencji ,,Metody Do\u015bwiadczalne w&nbsp;Budowie i&nbsp;Eksploatacji Maszyn&#8221;, 14 &#8211; 16 maja Szklarska Por\u0119ba.  <P>Mgr in\u017c. Edward Wiczkowski bra\u0142 udzia\u0142 w&nbsp;Konferencji ,,Biomechanika Uk\u0142adu Kostnego&#8221;, 18 &#8211; 19 maja Warszawa.  <P>Dr in\u017c. Gra\u017cyna Zi\u0119tek, dr hab. in\u017c. Jerzy Kaleta, dr in\u017c. Mieczys\u0142aw Szata, dr in\u017c. Wojciech B\u0142a\u017cejewski, mgr in\u017c. Piotr Kotowski, Jacek Bomba, Wojciech Wi\u015bniewski brali udzia\u0142 w&nbsp;Sympozjum ,,Mechanika Zniszczenia 2001&#8221;, 23 &#8211; 26 maja August\u00f3w.  <P>W&nbsp;dniach 4 &#8211; 8 czerwca odbywa\u0142y si\u0119 warsztaty ,,Environmentally Degradable Plastics&#8221; organizowane przez United Nations Industrial Development Organization i&nbsp;Centrum Bada\u0144 Molekularnych i&nbsp;Makromolekularnych PAN w&nbsp;\u0141odzi. W&nbsp;spotkaniu uczestniczyli dr in\u017c. Anna Koz\u0142owska i&nbsp;dr in\u017c. Marek Koz\u0142owski.  <P>Dr in\u017c. Wojciech B\u0142a\u017cejewski, dr in\u017c. Marek Koz\u0142owski brali udzia\u0142 w&nbsp;konferencji ,,Pomerania Plast 2001&#8221;, 06 &#8211; 08 czerwca Mi\u0119dzyzdroje.  <P>Dr in\u017c. Marek Koz\u0142owski bra\u0142 udzia\u0142 w&nbsp;VI Profesorskich Warsztatach Naukowych ,,Przetw\u00f3rstwo Tworzyw Wielocz\u0105steczkowych&#8221;, 19-22 czerwca Poraj kz\u0119stochowy.  <P>W&nbsp;dniach 13 &#8211; 16 czerwca w&nbsp;Rokosowie odby\u0142a si\u0119 konferencja ,,International Seminar on Sol-Gel&#8221;, organizowana przez nasz Instytut wsp\u00f3lnie z&nbsp;Instytutem Niskich Temperatur PAN we Wroc\u0142awiu. Bra\u0142o w&nbsp;niej udzia\u0142 55. uczestnik\u00f3w z&nbsp;9. kraj\u00f3w. G\u0142\u00f3wnym organizatorem by\u0142 dr hab. in\u017c. Krzysztof Maruszewski, prof. nadzw. PWr.  <P>W dniach 18 22 czerwca w&nbsp;Pokrzywnej k\/Prudnika, odby\u0142a si\u0119 ,,VII Letnia Szko\u0142a Mechaniki P\u0119kania&#8221;, kt\u00f3rej wsp\u00f3\u0142organizatorem by\u0142 nasz Instytut.  <P> <H2><A name=SECTION00060000000000000000>Dydaktyka<\/a> <\/h2>\n<p> <P>W Oficynie Wydawniczej Politechniki Wroc\u0142awskiej ukaza\u0142y si\u0119 drugie wydania uzupe\u0142nione i&nbsp;poprawione:  <OL> <LI>Teoria spr\u0119\u017cysto\u015bci i&nbsp;plastyczno\u015bci Zdzis\u0142aw Gabryszewski,  <P><\/p>\n<p> <LI>Skrypt &#8211; Laboratorium wytrzyma\u0142o\u015bci materia\u0142\u00f3w Zdzis\u0142aw Rechul, Jerzy Ziaja, Ryszard \u017buchowski. <\/li>\n<\/ol>\n<p> <P>Sesja egzaminacyjna w&nbsp;semestrze zimowym przebiega\u0142a zgodnie z&nbsp;planem. By\u0142a jednak bardzo trudna z&nbsp;uwagi na kr\u00f3tki okres oraz konieczno\u015bci wynikaj\u0105ce z&nbsp;Regulaminu Studi\u00f3w, i\u017c ka\u017cdy kurs jest zdawany na ocen\u0119. Szacunkowo w&nbsp;naszym Instytucie przeegzaminowano oko\u0142o 700 student\u00f3w.  <P>Opracowano tematy prac dyplomowych na poszczeg\u00f3lnych kierunkach studi\u00f3w Wydzia\u0142u Mechanicznego.  <P>Zmodyfikowano i&nbsp;opracowano nowe kursy przedmiotu do Katalogu Og\u00f3lnouczelnianego oraz do Wydzia\u0142owego w&nbsp;j\u0119zyku polskim i angielskim.  <P>Uchwa\u0142\u0105 Rady Wydzia\u0142u zmodyfikowano siatk\u0119 dydaktyczn\u0105 dotycz\u0105c\u0105 Mechaniki na kierunku MBM poprzez zwi\u0119kszenie \u0107wicze\u0144 o&nbsp;1 godz.  <P> <H2><A name=SECTION00070000000000000000>Inwestycje i&nbsp;remonty<\/a> <\/h2>\n<p> <P>W&nbsp;sali dydaktycznej 316 zosta\u0142a wymieniona stolarka okienna. Ze wzgl\u0119du na fakt, ze budynek B-1 jest obj\u0119ty ochron\u0105 Wojew\u00f3dzkiego Konserwatora Zabytk\u00f3w, na przeprowadzenie wymiany okien musia\u0142 by\u0107 wykonany indywidualny projekt, zatwierdzony przez Miejskiego Konserwatora Zabytk\u00f3w. Wykonawc\u0105 prac by\u0142a firma ,,PARTNER&#8221; s.c. z&nbsp;Danowa.  <P>Trwa modernizacja instalacji elektrycznych w&nbsp;budynku B-1. Obecnie prowadzone s\u0105 prace remontowe w&nbsp;pom. 202 i&nbsp;203. Do ko\u0144ca br. planowane jest zako\u0144czenie prac modernizacyjnych we wszystkich pomieszczeniach I-19 oraz korytarza I&nbsp;pi\u0119tra budynku B-1.  <P> <H2><A name=SECTION00080000000000000000>Sprawy r\u00f3\u017cne<\/a> <\/h2>\n<p> <P> <DIV align=center>Wszystkim PT Pracownikom Instytutu \u017cyczymy du\u017co s\u0142o\u0144ca i&nbsp;mi\u0142ego wypoczynku <\/div>\n<p> <P>Dyrektor i&nbsp;Kolegium Dyrektorskie I-19  <P><BR> <HR><\/p>\n","protected":false},"excerpt":{"rendered":"<p>Rada Instytutu 24 stycznia odby\u0142o si\u0119 posiedzenie Rady Naukowej Instytutu. Tematem posiedzenia by\u0142y sprawy kadrowe jednostek organizacyjnych Instytutu a&nbsp;w szczeg\u00f3lno\u015bci kandydatura kierownika Zak\u0142adu Naukowo-Technicznego Wytrzyma\u0142o\u015bci Materia\u0142\u00f3w. 27 czerwca odby\u0142o si\u0119 kr\u00f3tkie posiedzenie Rady Naukowej Instytutu. Tematem posiedzenia by\u0142o zaopiniowanie 3. wniosk\u00f3w emerytowanych pracownik\u00f3w naukowych naszego Instytutu o zatrudnienie na cz\u0119\u015b\u0107 etatu. 09 kwietnia odby\u0142o si\u0119 &hellip; <a href=\"https:\/\/kmim.wm.pwr.edu.pl\/immt\/aktualnosci\/biuletyn-i-19\/biuletyn-i-19-nr-5-od-01-i-do-01-vii-2001\/\" class=\"more-link\">Czytaj dalej <span class=\"screen-reader-text\">Biuletyn I-19 nr 5 od 01.I. do 01.VII.2001<\/span> <span class=\"meta-nav\">&rarr;<\/span><\/a><\/p>\n","protected":false},"author":1,"featured_media":0,"parent":1470,"menu_order":0,"comment_status":"closed","ping_status":"closed","template":"","meta":{"ngg_post_thumbnail":0,"footnotes":""},"class_list":["post-1474","page","type-page","status-publish","hentry"],"publishpress_future_action":{"enabled":false,"date":"2026-04-22 08:55:53","action":"change-status","newStatus":"draft","terms":[],"taxonomy":"language","extraData":[]},"publishpress_future_workflow_manual_trigger":{"enabledWorkflows":[]},"_links":{"self":[{"href":"https:\/\/kmim.wm.pwr.edu.pl\/immt\/wp-json\/wp\/v2\/pages\/1474","targetHints":{"allow":["GET"]}}],"collection":[{"href":"https:\/\/kmim.wm.pwr.edu.pl\/immt\/wp-json\/wp\/v2\/pages"}],"about":[{"href":"https:\/\/kmim.wm.pwr.edu.pl\/immt\/wp-json\/wp\/v2\/types\/page"}],"author":[{"embeddable":true,"href":"https:\/\/kmim.wm.pwr.edu.pl\/immt\/wp-json\/wp\/v2\/users\/1"}],"replies":[{"embeddable":true,"href":"https:\/\/kmim.wm.pwr.edu.pl\/immt\/wp-json\/wp\/v2\/comments?post=1474"}],"version-history":[{"count":1,"href":"https:\/\/kmim.wm.pwr.edu.pl\/immt\/wp-json\/wp\/v2\/pages\/1474\/revisions"}],"predecessor-version":[{"id":1509,"href":"https:\/\/kmim.wm.pwr.edu.pl\/immt\/wp-json\/wp\/v2\/pages\/1474\/revisions\/1509"}],"up":[{"embeddable":true,"href":"https:\/\/kmim.wm.pwr.edu.pl\/immt\/wp-json\/wp\/v2\/pages\/1470"}],"wp:attachment":[{"href":"https:\/\/kmim.wm.pwr.edu.pl\/immt\/wp-json\/wp\/v2\/media?parent=1474"}],"curies":[{"name":"wp","href":"https:\/\/api.w.org\/{rel}","templated":true}]}}