{"id":1476,"date":"2003-11-29T15:42:22","date_gmt":"2003-11-29T14:42:22","guid":{"rendered":"http:\/\/kmim.wm.pwr.edu.pl\/immt\/biuletyn-i-19-numer-7-od-11-03-2002-do-30-09-2002\/"},"modified":"2014-11-01T23:00:50","modified_gmt":"2014-11-01T22:00:50","slug":"biuletyn-i-19-numer-7-od-11-03-2002-do-30-09-2002","status":"publish","type":"page","link":"https:\/\/kmim.wm.pwr.edu.pl\/immt\/aktualnosci\/biuletyn-i-19\/biuletyn-i-19-numer-7-od-11-03-2002-do-30-09-2002\/","title":{"rendered":"Biuletyn I-19 Nr 7 od 11.03.2002 do 30.09.2002"},"content":{"rendered":"<p><H2><A name=SECTION00010000000000000000>Rada Instytutu<\/a> <\/h2>\n<p> <P> <UL> <LI>Na posiedzeniu 29 kwietnia 2002r. Rada Naukowo &#8211; Dydaktyczna w g\u0142osowaniu tajnym wybra\u0142a Dyrektora Instytutu na now\u0105 kadencj\u0119 2002\/2005. Obowi\u0105zki powierzono drowi hab. in\u017c. <SPAN class=textbf>Jerzemu Kalecie<\/span>.  <LI>Na posiedzeniu 06 maja 2002r. Rada N-D w g\u0142osowaniu tajnym dokona\u0142a wyboru Zast\u0119pc\u00f3w Dyrektora Instytutu.  <UL> <LI>Zast\u0119pc\u0105 Dyrektora Instytutu ds. Nauki i Wsp\u00f3\u0142pracy z Przemys\u0142em zosta\u0142 wybrany dr hab. in\u017c. <SPAN class=textbf>W\u0142odzimierz Dudzi\u0144ski<\/span>, prof.nadzw.  <LI>Zast\u0119pc\u0105 Dyrektora Instytutu ds. Dydaktyki zosta\u0142 wybrany dr in\u017c. <SPAN class=textbf>Stanis\u0142aw Piesiak<\/span>. <\/li>\n<\/ul>\n<p> <LI>Na posiedzeniu 26 wrze\u015bnia 2002r. pozytywnie zaopiniowano wniosek o cz\u0119\u015bciowe zatrudnienie prof. Mariana Nowaka. <\/li>\n<\/ul>\n<p> <P>Pozytywnie zaopiniowano powo\u0142anie dw\u00f3ch nowych Zak\u0142ad\u00f3w Dydaktycznych:  <OL> <LI>Mechaniki Uk\u0142ad\u00f3w Dyskretnych pod kierownictwem dra hab. in\u017c. Macieja Kulisiewicza  <LI>Mechaniki O\u015brodk\u00f3w Ci\u0105g\u0142ych pod kierownictwem dra hab. in\u017c. Jerzego Kalety <\/li>\n<\/ol>\n<p>Jednocze\u015bnie pozytywnie zaopiniowano powo\u0142anie istniej\u0105cego dotychczas Zak\u0142adu, a mianowicie:  <UL> <LI>Materia\u0142oznawstwa pod kierownictwem dra hab. in\u017c. W\u0142odzimierza Dudzi\u0144skiego <\/li>\n<\/ul>\n<p> <P> <H2><A name=SECTION00011000000000000000>Posiedzenia Komisji Rady Wydzia\u0142u ds. Przewod\u00f3w Doktorskich w&nbsp;Dyscyplinie Mechanika<\/a> <\/h2>\n<p> <P> <UL> <LI>08 marca 2002r. Komisja Rady Wydzia\u0142u Mechanicznego ds. Przewod\u00f3w Doktorskich w dyscyplinie Mechanika z dzia\u0142em recenzent\u00f3w przyj\u0119\u0142a rozpraw\u0119 doktorsk\u0105 mgra in\u017c. Krzysztofa Widanki, a 22 marca br. odby\u0142a si\u0119 jej publiczna obrona.  <LI>27 marca 2002r. Rada Wydzia\u0142u nada\u0142a mgrowi in\u017c. Krzysztofowi Widance stopie\u0144 naukowy doktora nauk technicznych w zakresie Mechaniki.  <LI>01 lipca 2002r. Komisja pozytywnie zaopiniowa\u0142a wniosek mgra in\u017c. Daniela Lewandowskiego o wszcz\u0119cie przewodu doktorskiego nt. ,,Identyfikacja t\u0142umienia w wybranych uk\u0142adach mechanicznych z ciecz\u0105 magnetoreologiczn\u0105&#8221;, a 10 lipca br. Rada Wydzia\u0142u Mechanicznego wszcz\u0119\u0142a przew\u00f3d doktorski i wyznaczy\u0142a na promotora dra hab. in\u017c. Jerzego Kalet\u0119. <\/li>\n<\/ul>\n<p> <P> <H2><A name=SECTION00020000000000000000>Sprawy osobowe i organizacyjne<\/a> <\/h2>\n<p> <P> <UL> <LI>08 kwietnia 2002r. rozpocz\u0105\u0142 prac\u0119 w naszym Instytucie Pan S\u0142awomir Kozar, zatrudniony jako pracownik techniczny w Pracowni Recyklingu Tworzyw Sztucznych.  <LI>26 wrze\u015bnia 2002r. w Klubie Studenckim odby\u0142o si\u0119 kameralne spotkanie z okazji 70 lecia urodzin prof. Wac\u0142awa Kasprzaka. <\/li>\n<\/ul>\n<p> <P> <H2><A name=SECTION00030000000000000000>Wsp\u00f3\u0142praca z zagranic\u0105<\/a> <\/h2>\n<p> <P> <UL> <LI>od 08 do 11 kwietnia 2002r. na Wystawie Technologii i Wytwarzania Materia\u0142\u00f3w Kompozytowych (JEC) w Pary\u017cu (Francja) przebywali dr in\u017c. W. B\u0142a\u017cejewski, mgr in\u017c. B. Fassa oraz mgr in\u017c. W. Wi\u015bniewski.  <LI>od 15 do 20 czerwca 2002r. dr in\u017c. Marek Koz\u0142owski przebywa\u0142 w University of Minko, Guimaraes (Portugalia).  <LI>od 24 czerwca do 19 lipca 2002r. prof. W. Dudzi\u0144ski przebywa\u0142 w Technische Universit\u00e4t Essen, gdzie prowadzi\u0142 badania nad przemian\u0105 martenzytyczn\u0105 w nanowarstwach stali austenitycznej odkszta\u0142conej plastycznie.  <LI>od 22 lipca do 09 sierpnia 2002r. prof. W. Dudzi\u0144ski przebywa\u0142 w Technische Universit\u00e4t Hannover, gdzie prowadzi\u0142 badania ruchliwo\u015bci dyslokacji w stopach Al z Mg i Mn. Wyg\u0142osi\u0142 r\u00f3wnie\u017c cykl wyk\u0142ad\u00f3w na temat zastosowania metod transmisyjnej mikroskopii elektronowej w badaniach strukturalnych.  <LI>od 18 do 21 lipca br. dr in\u017c. Marek Koz\u0142owski przebywa\u0142 w Brukseli w siedzibie Komisji Europejskiej w celu negocjacji grantu finansuj\u0105cego dzia\u0142alno\u015b\u0107 Centrum Doskona\u0142o\u015bci Recyklingu Materia\u0142\u00f3w (<SPAN class=textbf>Materials Recycling Center of Excellence MAREC<\/span>).  <LI>od 31 sierpnia do 14 wrze\u015bnia br. mgr in\u017c. Bart\u0142omiej Fassa uczestniczy\u0142 w zaj\u0119ciach Letniej Szko\u0142y Naukowej w NATO ASI Termodynamics Microstructures and Plasticity &#8211; Frejus we Francji.  <LI>od 29 wrze\u015bnia do 01 pa\u017adziernika 2001r. dr hab. in\u017c. Jerzy Kaleta oraz dr in\u017c. Wojciech B\u0142a\u017cejewski przebywali w Technische Universit\u00e4t Dresden &#8211; Niemcy.  <LI>od 05 do 08 wrze\u015bnia 2002r. przebywali w naszym Instytucie cz\u0142onkowie Komitetu Naukowego Letnich Szk\u00f3\u0142 ,,Mechaniki P\u0119kania&#8221;: prof. J. Miller z University of Sheffield (Wielka Brytania), prof. Laszlo Toth z University of Miskolc (W\u0119gry) oraz prof. V.V. Panasiuk i prof. Ihor Dmytrokh z FMI Lw\u00f3w (Ukraina).  <LI>od 04 do 08 maja 2002r. go\u015bci\u0142 w Instytucie prof. Martin Maier z Universit\u00e4t Kaiserslauter (Niemcy).  <LI>od 11 do 18 lipca 2002r. go\u015bci\u0142 w Instytucie prof. G\u00fcnter Ernst z Universit\u00e4t Kaiserslauter (Niemcy).  <LI>od 01 do 04 sierpnia 2002r, przebywa\u0142 w Instytucie dyrektor Niemieckiej Agencji Kosmicznej DLR w K\u00f6ln prof. S. Wittig. Prof. S. Wittig, wieloletni Rektor Universit\u00e4t Karlsruhe oraz promotor aktywnej wymiany kadry naukowej pomi\u0119dzy naszymi uczelniami, zaproponowa\u0142 wsp\u00f3\u0142prac\u0119 naukow\u0105 z DLR. Prof. S. Wittig zosta\u0142 przyj\u0119ty przez Prorektora Prof. J. \u015awi\u0105tka.  <LI>od 07 sierpnia 2002r. Instytut odwiedzi\u0142a delegacja Technische Universit\u00e4t Dresden w sk\u0142adzie; A. Post (Kanclerz Uniwersytetu), prof. W. Hufenbach &#8211; Dyrektor Instytutu Tworzyw Sztucznych i Lekkich Konstrukcji oraz Dr H. Kroll z tego\u017c Instytutu.  <P>Delegacji akademickiej towarzyszy\u0142 Dr J. Lorenz, Dyrektor ds. Naukowych Koncernu ThyssenKrupp. Celem wizyty, w trakcie kt\u00f3rej przeprowadzono rozmow\u0119 z Prorektorem prof. J. \u015awi\u0105tkiem oraz Dziekanem prof. W. Kollekiem, by\u0142y mo\u017cliwo\u015bci kszta\u0142cenia kadr na potrzeby koncernu ThyssenKrupp w Polsce. <\/p>\n<p> <LI>W 2002 r. kontynuowano wymian\u0119 osobow\u0105 w ramach um\u00f3w mi\u0119dzyrz\u0105dowych z uczelniami:  <OL> <LI>Uniwersytetem w Siegen, Niemcy  <LI>Instytutem Fizyko &#8211; Mechanicznym Ukrai\u0144skiej Akademii Nauk we Lwowie, Ukraina Wymiana ta by\u0142a dofinansowana przez KBN. <\/li>\n<\/ol>\n<\/li>\n<\/ul>\n<p> <P> <H2><A name=SECTION00040000000000000000>Dzia\u0142alno\u015b\u0107 naukowo-badawcza<\/a> <\/h2>\n<p> <P> <UL> <LI>W marcu 2002 r. Instytut otrzyma\u0142, na zg\u0142oszone w lipcu 2001 r. do KBN projekty badawcze, finansowanie 2. projekt\u00f3w tzw. M\u0142odego Badacza.  <OL> <LI>,,Badanie t\u0142umienia w wybranych cieczach magnetoreologicznych w nast\u0119pstwie obci\u0105\u017ce\u0144 cyklicznych&#8221; &#8211; mgr in\u017c. Daniel Lewandowski.  <LI>,,Zmienno\u015b\u0107 wybranych efekt\u00f3w krzy\u017cowych a kinetyk\u0105 przemiany martenzytycznej indukowanej cyklicznym odkszta\u0142ceniem plastycznym&#8221; &#8211; mgr in\u017c. Wojciech Wi\u015bniewski. <\/li>\n<\/ol>\n<p> <LI>W lipcu 2002r. zg\u0142oszono do KBN 14 projekt\u00f3w badawczych (grant\u00f3w), w tym: 6 projekt\u00f3w trzyletnich, s\u0105 to:  <OL> <LI>,,Polimerowe kompozyty hybrydowe z w\u0142\u00f3knami naturalnymi&#8221; &#8211; dr in\u017c. Anna Koz\u0142owska.  <LI>,,Opracowanie wielodetektorowego systemu detekcyjnego do detekcji elektron\u00f3w w elektronowym mikroskopie skaningowym niskonapi\u0119ciowym&#8221; &#8211; dr in\u017c. Jan Hejna.  <LI>,,Identyfikacja dynamicznych uk\u0142ad\u00f3w mechanicznych z wykorzystaniem nieliniowych modeli zdegenerowanych &#8211; materia\u0142y, modele reologiczne, modele dynamiczne, dyssypacja energii&#8221; dr hab. in\u017c. Maciej Kulisiewicz &#8211; prof.nadzw.  <LI>,,Opracowanie stali spiekanych przeznaczonych do utwardzania powierzchniowego metod\u0105 azotowania plazmowego&#8221; &#8211; dr in\u017c. Krzysztof Widanka  <LI>,,Analiza mo\u017cliwo\u015bci zastosowania wysokojako\u015bciowych stali odpornych na zu\u017cywanie \u015bcierne na elementy koparek w\u0119gla brunatnego&#8221; &#8211; dr in\u017c. Grzegorz P\u0119kalski.  <LI>,,Inteligentne leki i aktywne materia\u0142y dla analityki medycznej uzyskiwane w technologii zol &#8211; \u017cel&#8221; &#8211; dr hab. in\u017c. Krzysztof Maruszewski, prof.nadzw. <\/li>\n<\/ol>\n<p>oraz 8 projekt\u00f3w dwuletnich (M\u0142odego Badacza):  <OL> <LI>,,Identyfikacja modelu magneto-mechanicznego wybranego materia\u0142u wykazuj\u0105cego gigantyczn\u0105 magnetostrykcj\u0119&#8221; &#8211; mgr in\u017c. Jacek Bomba.  <LI>,,Identyfikacja t\u0142umienia uk\u0142adu adaptacyjnego z ciecz\u0105 magnetoreologiczn\u0105&#8221; &#8211; mgr in\u017c. Piotr Zaj\u0105c.  <LI>,,Fraktalne modelowanie matryc uzyskiwanych w technologii zol &#8211; \u017cel&#8221; &#8211; mgr in\u017c. Marcin Grzegorczyk.  <LI>,,Kinetyka atermicznej przemiany martenzytycznej w foliach z materia\u0142\u00f3w z pami\u0119ci\u0105 kszta\u0142tu&#8221; &#8211; mgr in\u017c. Bart\u0142omiej Fassa.  <LI>,,Modelowanie zjawiska t\u0142umienia drga\u0144 w rurach skr\u0119canych cyklicznie z wykorzystaniem nieliniowych metod identyfikacji&#8221; &#8211; mgr in\u017c. Marjusz Wajda.  <LI>,,Otrzymywanie materia\u0142\u00f3w polimer organiczny &#8211; polimer nieorganiczny technik\u0105 zol &#8211; \u017cel&#8221; &#8211; mgr in\u017c. Iwona Zar\u0119ba-Grod\u017a.  <LI>,,Otrzymywanie i zbadanie domieszkowanych matryc krzemionkowych otrzymanych metod\u0105 zol &#8211; \u017cel wykazuj\u0105cych anizotropi\u0119 polaryzacji emisji domieszek&#8221; &#8211; mgr in\u017c. Agnieszka Hreniak.  <LI>,,Uwarunkowania materia\u0142owe trwa\u0142o\u015bci endoprotez stawu biodrowego i kolanowego&#8221; &#8211; mgr in\u017c. Marzena Podrez-Radziszewska. <\/li>\n<\/ol>\n<p> <LI>We wrze\u015bniu 2002 r. wsp\u00f3lnie z I-16, I-24 PWr oraz siedmioma zespo\u0142ami we Wroc\u0142awiu i Krakowie z\u0142o\u017cono w KBN ofert\u0119 na realizacj\u0119 projektu zamawianego pt. ,,Nowe materia\u0142y i technologie dla in\u017cynierii biomedycznej&#8221;.  <LI>We wrze\u015bniu 2002 r. wsp\u00f3lnie z Instytutem Energetyki w Warszawie z\u0142o\u017cono w KBN wniosek o finansowanie projektu badawczego pt. ,,Opis procesu zm\u0119czenia porcelany elektrotechnicznej&#8221;  <LI>Kontynuowano 4 zlecenia finansowane z dzia\u0142alno\u015bci statutowej aneksowane z 2001 na 2002 Oraz przygotowano do otwarcia 5 zlece\u0144 finansowanych z dzia\u0142alno\u015bci statutowej planowane do realizacji w 2002 roku.  <LI>We wrze\u015bniu 2002 zg\u0142oszono do KBN wnioski o przyznanie \u015brodk\u00f3w na dzia\u0142alno\u015b\u0107 wspomagaj\u0105c\u0105 badania w 2003 roku, a mianowicie:  <OL> <LI>Wnioski o dofinansowanie udzia\u0142u w targach i wystawach  <OL> <LI>XII Mi\u0119dzynarodowa Wystawa Motoryzacyjna ,,Intermoto&#8221;  <LI>75. Targi Technologii Przemys\u0142owych i D\u00f3br Inwestycyjnych, Nauka dla Gospodarki <\/li>\n<\/ol>\n<p> <LI>Wnioski o dofinansowanie konferencji naukowych  <OL> <LI>IX Seminarium na temat ,,Problemy Bada\u0144 i Kszta\u0142cenie w In\u017cynierii Materia\u0142owej&#8221;  <LI>IX Letnia Szko\u0142a Mechaniki P\u0119kania  <LI>Materia\u0142y zol &#8211; \u017cel  <LI>Zagospodarowanie odpad\u00f3w &#8211; legislacja w Polsce i Unii Europejskiej. <\/li>\n<\/ol>\n<p> <LI>Przez Oficyn\u0119 Wydawnicz\u0105 PWr zg\u0142oszono wniosek o dofinansowanie czasopism:  <OL> <LI>,,Geotechnica et Mechanica&#8221;  <LI>,,Materials Science&#8221; <\/li>\n<\/ol>\n<p> <LI>Przez Bibliotek\u0119 G\u0142\u00f3wn\u0105 zg\u0142oszono wniosek o dofinansowanie zakupu 12. czasopism zagranicznych. <\/li>\n<\/ol>\n<p>Na zg\u0142oszone w 2001 r. wnioski o dofinansowanie w 2002 r. w ramach dzia\u0142alno\u015bci og\u00f3lnotechnicznej, Instytut otrzyma\u0142 dofinansowanie na:  <OL> <LI>Zorganizowanie ,,VIII Letniej Szko\u0142y Mechaniki P\u0119kania&#8221;  <LI>Udzia\u0142 w targach: Brussels Eureka &#8211; the 51st World Exhibition of Innovation, Research and New Technologies <\/li>\n<\/ol>\n<p> <LI>W marcu 2002 r. z\u0142o\u017cono do Brukseli wniosek pt. Center of Excellence ,,Sol &#8211; Gel Materials and Nanotechnology&#8221; zg\u0142oszony przez dra hab. Krzysztofa Maruszewskiego, prof. nadzw.  <LI>Instytut otrzyma\u0142 w kwietniu i czerwcu br. \u015brodki, na zg\u0142oszone do KBN 3 wnioski o przyznanie \u015brodk\u00f3w finansowych na prace przygotowawcze zwi\u0105zane z uczestnictwem w V Programie Ramowym Unii Europejskiej i Centrach Doskona\u0142o\u015bci.  <LI>W 2002 roku zawarto dwie umowy o wykonanie prac badawczych z KGHM Mied\u017a w G\u0142ogowie i Elektrowni\u0105 Tur\u00f3w w Bogatyni. Realizowane s\u0105 ponadto zlecenia drobne; do 30.09.2002 r. wp\u0142yn\u0119\u0142o 79 zlece\u0144.  <LI>We wrze\u015bniu br. pracownicy Instytutu Konstrukcji i Eksploatacji Maszyn (I-16), Instytutu Materia\u0142oznawstwa i Mechaniki Technicznej (I-19), Instytutu Technologii Maszyn i Automatyzacji (I-24) oraz siedem Zespo\u0142\u00f3w Naukowych z Wroc\u0142awia i Krakowa z\u0142o\u017cyli w KBN ofert\u0119 realizacji grantu &#8211; projektu zamawianego pt. ,,Nowe materia\u0142y i technologie dla in\u017cynierii biomedycznej&#8221;. <\/li>\n<\/ul>\n<p> <P> <H2><A name=SECTION00050000000000000000>Dydaktyka<\/a> <\/h2>\n<p> <UL> <LI>W Oficynie Wydawniczej PWr. ukaza\u0142a si\u0119 monografia dra in\u017c. Mieczys\u0142awa Szaty pt. ,,Opis rozwoju zm\u0119czeniowego p\u0119kania w uj\u0119ciu energetycznym&#8221;, a 8 maja 2002r. na posiedzeniu Rady Wydzia\u0142u Mechanicznego odby\u0142o si\u0119 kolokwium habilitacyjne dr in\u017c. M. Szaty zako\u0144czone nadaniem habilitantowi stopnia naukowego doktora nauk technicznych w dyscyplinie Mechanika.  <LI>Sesja egzaminacyjna w semestrze zimowym przebiega\u0142a zgodnie z planem. Z uwagi na kr\u00f3tki okres jej trwania by\u0142a trudna dla student\u00f3w i nauczycieli akademickich. Szacunkowo w naszym Instytucie przeegzaminowano w semestrze zimowym 750 student\u00f3w.  <LI>Przyj\u0119to na jednomiesi\u0119czny sta\u017c 4. student\u00f3w wykonuj\u0105cych prace magisterskie (3 osoby z Bu\u0142garii i 1 osob\u0119 z W\u0119gier) oraz doktorantk\u0119 na dwumiesi\u0119czny sta\u017c do Pracowni Recyklingu Tworzyw Sztucznych.  <LI>W\u015br\u00f3d 14. student\u00f3w Wydzia\u0142u Mechanicznego 12. student\u00f3w z kierunku In\u017cynieria Materia\u0142owa odby\u0142o praktyk\u0119 zagraniczn\u0105 w&nbsp;Uniwersytecie Techniczno-Chemiczno-Metalurgicznym w Bu\u0142garii.  <LI>Zmodyfikowano i opracowano nowe kursy przedmiotu do Katalogu Og\u00f3lnouczelnianego i Wydzia\u0142owego na rok akademicki 2002\/2003.  <LI>Uchwa\u0142\u0105 Rady Wydzia\u0142u powo\u0142ano na Wydziale Mechanicznym kierunek: Transport. Instytut uczestniczy\u0142 w opracowaniu nowej siatki, kt\u00f3ra obowi\u0105zuje od nowego roku akademickiego.  <LI>21 kwietnia 2002r. zosta\u0142 rozstrzygni\u0119ty tegoroczny konkurs ,,Primus Inter Pares&#8221;. I miejsce we Wroc\u0142awiu oraz III miejsce w Finale Og\u00f3lnopolskim zaj\u0105\u0142 Piotr Zaj\u0105c student V roku Wydzia\u0142u Mechanicznego (ITS). Z r\u0105k premiera otrzyma\u0142 dyplom i&nbsp;statuetk\u0119 ,,Primus Inter Pares 2002&#8221;.  <LI>Pierwszy dyplom na kierunku In\u017cynieria Materia\u0142owa na Wydziale Mechanicznym w br. otrzymali nast\u0119puj\u0105cy absolwenci: Iwa\u0144czuk Andrzej, Kaniku\u0142a Tomasz, Kopacz Daria, Krawczyk Pawe\u0142, Kreczma\u0144ski Rados\u0142aw, Laska Marcin, Po\u0142e\u0107 Inga, \u015awietalski Krzysztof.  <LI>Uczestniczono w wydaniu Wydzia\u0142owego Informatora Dydaktycznego na rok akademicki 2002\/2003.  <LI>Instytut uruchomi\u0142 edukacyjn\u0105 lini\u0119 recyklingu tworzyw sztucznych. Linia stanowi wyposa\u017cenie Pracowni In\u017cynierii i Recyklingu Tworzyw Sztucznych i zosta\u0142a wykonana dzi\u0119ki dotacji Fundacji na Rzecz Nauki Polskiej w ramach programu TECHNE.  <LI>Pracownicy Instytutu aktywnie uczestniczyli w V Dolno\u015bl\u0105skim Festiwalu Nauki organizowanym na Politechnice Wroc\u0142awskiej w dniach 19 &#8211; 21 wrze\u015bnia br.  <UL> <LI>Prof. Marek Rybaczuk wyg\u0142osi\u0142 wyk\u0142ad nt. ,,Fraktale w materia\u0142ach i&nbsp;medycynie&#8221;,  <LI>Prof. Krzysztof Maruszewski wyg\u0142osi\u0142 wyk\u0142ad pt. ,,Nanomateria\u0142y&#8221;,  <LI>Zesp\u00f3\u0142 w sk\u0142adzie: prof. W\u0142odzimierz Dudzi\u0144ski, mgr in\u017c. Krystyna Haimann, mgr Anna Kami\u0144ska zaprezentowa\u0142 ,,Zastosowanie metod mikroskopii elektronowej w badaniach struktury materia\u0142\u00f3w&#8221;.  <LI>Dr hab. in\u017c. Jerzy Kaleta oraz dr in\u017c. Wojciech B\u0142a\u017cejewski przygotowali wyk\u0142ad pt. ,,Samochody zasilane metanem&#8221; po\u0142\u0105czony z prezentacj\u0105 pojazd\u00f3w i podzespo\u0142\u00f3w samochodowych. <\/li>\n<\/ul>\n<\/li>\n<\/ul>\n<p> <P> <H2><A name=SECTION00051000000000000000>Wsp\u00f3\u0142praca z zagranic\u0105, seminaria, konferencje, sta\u017ce<\/a> <\/h2>\n<p> <P> <UL> <LI>od 05 marca do 06 kwietnia 2002r. mgr in\u017c. Przemys\u0142aw Olszy\u0144ski odbywa\u0142 sta\u017c w University of Leeds (Wielka Brytania).  <LI>od 03 kwietnia do 02 czerwca 2002r. mgr in\u017c. Jacek Bomba i mgr in\u017c. Daniel Lewandowski odbywali sta\u017c w Europejskim Centrum Materia\u0142\u00f3w Zaawansowanych CAESAR &#8211; Bonn (Niemcy).  <LI>od 17 do 20 kwietnia 2002r. prof. W. Dudzi\u0144ski przebywa\u0142 w Krynicy na konferencji ,,Metalurgia 2002&#8221;.  <LI>Od 23 do 26 kwietnia br. w Pieczyskach k. Bydgoszczy odby\u0142a si\u0119 konferencja ,,Zm\u0119czenie i Mechanika P\u0119kania&#8221;, w kt\u00f3rej uczestniczyli: Joanna Budnik, mgr in\u017c. Przemys\u0142aw Wiewi\u00f3rski, \u0141ukasz Maciejewski, prof. Marek Rybaczuk, dr in\u017c. Mieczys\u0142aw Szata, dr hab.in\u017c. Jerzy Kaleta, prof. Wac\u0142aw Kasprzak, dr in\u017c. Gra\u017cyna Zi\u0119tek, dr in\u017c. Wojciech Myszka, mgr in\u017c. Wojciech Wi\u015bniewski oraz mgr in\u017c. Bart\u0142omiej Fassa.  <LI>od 14 do 17 kwietnia 2002r. dr in\u017c. Marek Koz\u0142owski przebywa\u0142 w Krakowie na 5th International ESAFORM ,,Conference on Material Forming&#8221;.  <LI>od 05 do 08 maja 2002r. prof. W. Dudzi\u0144ski uczestniczy\u0142 w konferencji w B\u0119dlewie nt. ,,Programy Bada\u0144 i Kszta\u0142cenie w In\u017cynierii Materia\u0142owej&#8221;.  <LI>od 29 do 30 kwietnia 2002r. prof. Krzysztof Maruszewski oraz od 09 do 10 maja dr in\u017c. Marek Koz\u0142owski uczestniczyli w szkoleniu w Warszawie z zakresu negocjacji, zawierania kontrakt\u00f3w oraz zarz\u0105dzania projektami badawczymi typu Centrum Doskona\u0142o\u015bci.  <LI>od 27 do 29 maja 2002r. dr in\u017c. Grzegorz P\u0119kalski przebywa\u0142 w Szczyrku na VIII Mi\u0119dzynarodowej Konferencji GRE 2002.  <LI>od 05 do 08 czerwca 2002r. mgr ni\u017c. Miros\u0142aw Bocian i mgr in\u017c. Mariusz Wajda przebywali w Polanicy na VI Mi\u0119dzynarodowej Konferencji Naukowej ,,Computer Aided Engineering&#8221;.  <LI>od 17 do 21 czerwca 2002r. dr in\u017c. Bogumi\u0142a Ku\u017anicka i dr in\u017c. Tadeusz Grzegorzewicz przebywali w Krakowie na VII Og\u00f3lnopolskiej Konferencji ,,Korozja 2002&#8221;.  <LI>od 01 wrze\u015bnia do 30 listopada 2002r. mgr in\u017c. Krzysztof Junik przebywa na stypendium w Stresstech OY w Vaajkokoski &#8211; Finlandia.  <LI>od 02 do 04 wrze\u015bnia br. w organizowanej przez PWr. ,,13th Conference of the European Society of Biomechanics&#8221; bra\u0142y udzia\u0142: mgr in\u017c. Marzena Podrez-Radzidzewska oraz mgr in\u017c. El\u017cbieta Gabry\u015b. <IMG height=218 alt=\"Image f2\" src=\".\/f2.png\" width=299 align=right border=0>  <LI>od 07 do 12 wrze\u015bnia 2002r. mgr in\u017c. Paulina Hetman przebywa\u0142a w Zakopanym na ,,Sympozjum on Statistical Physics&#8221;.  <LI>od 08 do 12 wrze\u015bnia br. w organizowanym przez PWr. IMEKO TC-1 ,,Kszta\u0142cenie w zakresie metrologii w obliczu wyzwa\u0144 nowych technologii&#8221; bra\u0142 udzia\u0142 dr in\u017c. Mieczys\u0142aw Szata.  <LI>od 07 do 13 wrze\u015bnia br. odby\u0142a si\u0119 w Krakowie konferencja ,,The 14th European Conference on Fracture Registration Form&#8221;, w kt\u00f3rej udzia\u0142 wzi\u0119li: prof. W. Kasprzak, dr hab. in\u017c. J. Kaleta, dr in\u017c. G. Zi\u0119tek, mgr in\u017c. M. Doma\u0144ski.  <LI>od 15 do 18 wrze\u015bnia br. dr in\u017c. Krzysztof Widanka uczestniczy\u0142 w Mi\u0119dzynarodowej Konferencji ,,Deformation and Fracture in Structural PM Materials DFPM 2002&#8221; w Stara Lesna &#8211; S\u0142owacja.  <LI>od 23 do 27 wrze\u015bnia br. dr Mieczys\u0142aw Szata uczestniczy\u0142 w ,,IV International Symposium on Tribo &#8211; Fatigue&#8221;, kt\u00f3re odby\u0142o si\u0119 w Ternopilu (Ukraina).  <LI>Od 23 do 26 wrze\u015bnia 2002r. w L\u0105dku Zdroju w XXV Szkole Trybologicznej uczestniczyli: mgr in\u017c. Marzena Podrez-Radziszewska oraz mgr in\u017c. Maciej Lachowicz.  <LI>od 24 do 27 wrze\u015bnia br. dr in\u017c. Marek Koz\u0142owski uczestniczy\u0142 w konferencji w Martin Huther University Halle &#8211; Wittenberg (Niemcy).  <LI>od 27 do 29 wrze\u015bnia br. w Jugowicach uczestniczy\u0142 w V Konferencji ,,Problemy i Innowacje w Remontach Energetycznych&#8221;, PIRE 2002 dr in\u017c. Adam Krajczyk. <IMG height=351 alt=\"Image f1\" src=\".\/f1.png\" width=179 align=right border=0>  <LI>W dniach 16 &#8211; 20 wrze\u015bnia 2002r. odby\u0142a si\u0119 w Velkich Losinach (Czechy), organizowana przez nasz Instytut III Mi\u0119dzynarodowa Konferencja ,,Recykling Tworzyw Sztucznych&#8221;. <\/li>\n<\/ul>\n<p> <P> <H2><A name=SECTION00060000000000000000>Inwestycje i remonty<\/a> <\/h2>\n<p> <P> <UL> <LI>Wykonano:  <UL> <LI>renowacje drzwi do pomieszcze\u0144 na parterze i I pi\u0119trze,  <LI>kompleksowy remont sali dydaktycznej 316. Wymieniono meble i wyposa\u017cono w najnowocze\u015bniejszy sprz\u0119t AVC,  <LI>prace remontowe w studenckiej pracowni komputerowej (pom. 112) oraz w Bibliotece Mi\u0119dzywydzia\u0142owej W10 (pom. 305 i 306). <\/li>\n<\/ul>\n<p> <LI>Trwa wymiana instalacji elektrycznej na korytarzach, klatkach schodowych budynku B-1 oraz wy\u0142onienie wykonawcy na remont dachu budynku B-1. <\/li>\n<\/ul>\n<p><BR><\/p>\n","protected":false},"excerpt":{"rendered":"<p>Rada Instytutu Na posiedzeniu 29 kwietnia 2002r. Rada Naukowo &#8211; Dydaktyczna w g\u0142osowaniu tajnym wybra\u0142a Dyrektora Instytutu na now\u0105 kadencj\u0119 2002\/2005. Obowi\u0105zki powierzono drowi hab. in\u017c. Jerzemu Kalecie. Na posiedzeniu 06 maja 2002r. Rada N-D w g\u0142osowaniu tajnym dokona\u0142a wyboru Zast\u0119pc\u00f3w Dyrektora Instytutu. Zast\u0119pc\u0105 Dyrektora Instytutu ds. Nauki i Wsp\u00f3\u0142pracy z Przemys\u0142em zosta\u0142 wybrany dr &hellip; <a href=\"https:\/\/kmim.wm.pwr.edu.pl\/immt\/aktualnosci\/biuletyn-i-19\/biuletyn-i-19-numer-7-od-11-03-2002-do-30-09-2002\/\" class=\"more-link\">Czytaj dalej <span class=\"screen-reader-text\">Biuletyn I-19 Nr 7 od 11.03.2002 do 30.09.2002<\/span> <span class=\"meta-nav\">&rarr;<\/span><\/a><\/p>\n","protected":false},"author":1,"featured_media":0,"parent":1470,"menu_order":0,"comment_status":"closed","ping_status":"closed","template":"","meta":{"ngg_post_thumbnail":0,"footnotes":""},"class_list":["post-1476","page","type-page","status-publish","hentry"],"publishpress_future_action":{"enabled":false,"date":"2026-04-24 15:42:23","action":"change-status","newStatus":"draft","terms":[],"taxonomy":"language","extraData":[]},"publishpress_future_workflow_manual_trigger":{"enabledWorkflows":[]},"_links":{"self":[{"href":"https:\/\/kmim.wm.pwr.edu.pl\/immt\/wp-json\/wp\/v2\/pages\/1476","targetHints":{"allow":["GET"]}}],"collection":[{"href":"https:\/\/kmim.wm.pwr.edu.pl\/immt\/wp-json\/wp\/v2\/pages"}],"about":[{"href":"https:\/\/kmim.wm.pwr.edu.pl\/immt\/wp-json\/wp\/v2\/types\/page"}],"author":[{"embeddable":true,"href":"https:\/\/kmim.wm.pwr.edu.pl\/immt\/wp-json\/wp\/v2\/users\/1"}],"replies":[{"embeddable":true,"href":"https:\/\/kmim.wm.pwr.edu.pl\/immt\/wp-json\/wp\/v2\/comments?post=1476"}],"version-history":[{"count":2,"href":"https:\/\/kmim.wm.pwr.edu.pl\/immt\/wp-json\/wp\/v2\/pages\/1476\/revisions"}],"predecessor-version":[{"id":1516,"href":"https:\/\/kmim.wm.pwr.edu.pl\/immt\/wp-json\/wp\/v2\/pages\/1476\/revisions\/1516"}],"up":[{"embeddable":true,"href":"https:\/\/kmim.wm.pwr.edu.pl\/immt\/wp-json\/wp\/v2\/pages\/1470"}],"wp:attachment":[{"href":"https:\/\/kmim.wm.pwr.edu.pl\/immt\/wp-json\/wp\/v2\/media?parent=1476"}],"curies":[{"name":"wp","href":"https:\/\/api.w.org\/{rel}","templated":true}]}}