{"id":1477,"date":"2004-10-22T11:08:07","date_gmt":"2004-10-22T09:08:07","guid":{"rendered":"http:\/\/kmim.wm.pwr.edu.pl\/immt\/biuletyn-8-od-01-x-2002-do-30-ix-2003\/"},"modified":"2014-11-17T21:56:05","modified_gmt":"2014-11-17T20:56:05","slug":"biuletyn-8-od-01-x-2002-do-30-ix-2003","status":"publish","type":"page","link":"https:\/\/kmim.wm.pwr.edu.pl\/immt\/aktualnosci\/biuletyn-i-19\/biuletyn-8-od-01-x-2002-do-30-ix-2003\/","title":{"rendered":"Biuletyn I-19 Nr 8 od 1 pa\u017cdziernika 2002 do 30 wrze\u015bnia 2003"},"content":{"rendered":"<h2><a name=\"SECTION00010000000000000000\"><\/a>Rada Instytutu\u00a0<a href=\"http:\/\/kmim.wm.pwr.edu.pl\/immt\/wp-content\/uploads\/sites\/58\/2004\/06\/immt.png\"><img loading=\"lazy\" decoding=\"async\" class=\"alignright size-full wp-image-1762\" src=\"http:\/\/kmim.wm.pwr.edu.pl\/immt\/wp-content\/uploads\/sites\/58\/2004\/06\/immt.png\" alt=\"immt\" width=\"180\" height=\"219\" \/><\/a><\/h2>\n<p>&nbsp;<\/p>\n<ul>\n<li>11 grudnia 2002r. odby\u0142o si\u0119 posiedzenie Rady Naukowej Instytutu. Om\u00f3wiono g\u0142\u00f3wne zamierzenia Instytutu w bie\u017c\u0105cym roku akademickim 2002\/2003 oraz podzia\u0142 zada\u0144 dyrekcji instytutu.G\u0142osowano w sprawie pozytywnej opinii o realizacji temat\u00f3w badawczych finansowanych ze \u015brodk\u00f3w na badania w\u0142asne otwartych w 2002r.G\u0142osowano w sprawie zamkni\u0119cia przewodu doktorskiego mgra in\u017c. Piotra Mieleckiego nt. &#8222;Ocena anizotropowych w\u0142a\u015bciwo\u015bci mechanicznych struktur kostnych w badaniach tomografii komputerowej&#8221;. &#8211; Promotor &#8211; prof. R. B\u0119dzi\u0144ski.\n<p>&nbsp;<\/li>\n<li>07 maja 2003r. na posiedzeniu Rady Naukowej om\u00f3wiono bie\u017c\u0105c\u0105 dzia\u0142alno\u015b\u0107 Instytutu oraz dyskutowano o potrzebach lokalowych I-19.W zwi\u0105zku z umocnieniem si\u0119 sytuacji kadrowej zosta\u0142y Instytutowi przywr\u00f3cone prawa w zakresie prowadzenia przewod\u00f3w doktorskich i zgodnie z Ustaw\u0105 wybrano Przewodnicz\u0105cego Instytutowej Komisji ds. Przewod\u00f3w Doktorskich z dyscypliny Mechanika dra hab. in\u017c. Mieczys\u0142awa Szat\u0119.G\u0142osowano w sprawie wszcz\u0119cia 4. przewod\u00f3w doktorskich i wyznaczenia promotor\u00f3w:\n<ol>\n<li>mgr in\u017c. Karol Kaczamark promotor: prof.dr in\u017c.L. Go\u0142aski<\/li>\n<li>mgr in\u017c. Bart\u0142omiej Fassa promotor: dr hab.in\u017c. J. Kaleta<\/li>\n<li>mgr in\u017c. Wojciech Wi\u015bniewski promotor: dr hab.in\u017c. J. Kaleta<\/li>\n<li>mgr in\u017c. Jacek Bomba promotor: dr hab.in\u017c. J. Kaleta<\/li>\n<\/ol>\n<p>G\u0142osowano w sprawie zamkni\u0119cia 2. przewod\u00f3w doktorskich:<\/p>\n<ol>\n<li>mgr in\u017c. Adam Cetera<\/li>\n<li>mgr in\u017c. Miros\u0142aw Bocian<\/li>\n<\/ol>\n<p>&nbsp;<\/li>\n<li>02 lipca odby\u0142o si\u0119 posiedzenie Rady Naukowej Instytutu, na kt\u00f3rej wyznaczono recenzent\u00f3w i komisje egzaminacyjne dla mgra in\u017c. Karola Kaczmarka.<\/li>\n<\/ul>\n<h2><a name=\"SECTION00020000000000000000\"><\/a>Sprawy osobowe i organizacyjne<\/h2>\n<ul>\n<li>31 grudnia 2002r. zako\u0144czy\u0142 prac\u0119 mgr in\u017c. Krzysztof Bakalarczyk.<\/li>\n<li>30 czerwca 2003r. zako\u0144czy\u0142 prac\u0119 S\u0142awomir Kozar<\/li>\n<li>30 stycznia 2003r. rozpocz\u0105\u0142 prac\u0119 dr in\u017c. Rafa\u0142 Wysoki\u0144ski, zatrudniony jako referent ds. wsp\u00f3\u0142-pracy Europejskiej w Centrum Doskona\u0142o\u015bci SOL-GEL.<\/li>\n<li>17 lutego 2003r. rozpocz\u0119\u0142a prac\u0119 dr Aleksandra Matraszek, zatrudniona jako starszy referent ds. wsp\u00f3\u0142pracy ds. wsp\u00f3\u0142pracy Europejskiej w Centrum Doskona\u0142o\u015bci SOL-GEL.<\/li>\n<li>14 kwietnia 2003r. rozpocz\u0119\u0142a prac\u0119 mgr in\u017c. Olga Bobilak, zatrudniona jako starszy referent ds. wsp\u00f3\u0142pracy Europejskiej w Centrum Doskona\u0142o\u015bci Recyklingu Materia\u0142\u00f3w.<\/li>\n<li>7 lipca 2003r. rozpocz\u0105\u0142 prac\u0119 dr Marek Jasiorski, zatrudniony jako samodzielny referent ds. wsp\u00f3\u0142pracy Europejskiej w Centrum Doskona\u0142o\u015bci SOL-GEL.<\/li>\n<li>Do Instytutu przyj\u0119to nowych doktorant\u00f3w w osobach:\n<ul>\n<li>mgr in\u017c. Wojciech Borkowski (promotor: prof. M. Rybaczuk)<\/li>\n<li>mgr in\u017c. Julita Czopor (promotor: prof. M. Rybaczuk)<\/li>\n<li>mgr in\u017c. Marcin Doma\u0144ski (promotor: dr hab. in\u017c. E. Skubalska-Rafaj\u0142owicz)<\/li>\n<li>mgr in\u017c. Krzysztof Junik (promotor: prof. W. Kasprzak)<\/li>\n<li>mgr in\u017c. \u0141ukasz Konat (promotor: prof. W. Dudzi\u0144ski)<\/li>\n<li>mgr Anna \u0141ukowiak (promotor: prof. K. Maruszewski)<\/li>\n<li>mgr in\u017c. Agnieszka M\u0105drala (promotor: prof. K. Kasprzak)<\/li>\n<li>mgr in\u017c. Inga Po\u0142e\u0107 (promotor: dr hab. in\u017c. Marek Koz\u0142owski)<\/li>\n<li>mgr in\u017c. Przemys\u0142aw Wiewi\u00f3rski (promotor: dr hab. in\u017c. Jerzy Kaleta)<\/li>\n<li>mgr in\u017c. Piotr Zaj\u0105c (promotor: dr hab. in\u017c. Jerzy Kaleta)<\/li>\n<\/ul>\n<\/li>\n<li>9 pa\u017adziernika 2002 odby\u0142o si\u0119 zebranie pracownik\u00f3w Instytutu rozpoczynaj\u0105ce semestr zimowy 2003\/2003. Om\u00f3wiono plan przedsi\u0119wzi\u0119\u0107 naukowych, organizacyjnych i sytuacj\u0119 finansow\u0105 Instytutu.<\/li>\n<li>23 pa\u017adziernika odby\u0142o si\u0119 uroczyste otwarcie sali dydaktycznej 316, B-1.<\/li>\n<li>Z okazji \u015awi\u0119ta Politechniki Wroc\u0142awskiej za osi\u0105gni\u0119cia w pracy zawodowej zostali uhonorowani:<br \/>\nSrebrnym Krzy\u017cem Zas\u0142ugi<\/p>\n<ul>\n<li>in\u017c. Marian \u0106mikiewicz<\/li>\n<li>dr hab. in\u017c. Marek Rybaczuk, prof. nadzw. PWr.<\/li>\n<\/ul>\n<p>Nagrodami Dyrektora Instytutu<\/p>\n<ul>\n<li>mgr Anna Kami\u0144ska<\/li>\n<li>mgr Gra\u017cyna Ko\u0144czal<\/li>\n<li>Jan Or\u0142owski<\/li>\n<li>Gra\u017cyna Pierzcha\u0142a<\/li>\n<\/ul>\n<\/li>\n<\/ul>\n<h2><a name=\"SECTION00030000000000000000\"><\/a>Dzia\u0142alno\u015b\u0107 naukowo-badawcza<\/h2>\n<p>Na 51. Mi\u0119dzynarodowych Targach Wynalazczo\u015bci &#8222;EUREKA `02&#8221;, kt\u00f3re odby\u0142y si\u0119 w Brukseli zesp\u00f3\u0142 dr hab. inz. K. Maruszewskiego, prof. nadzw. otrzyma\u0142 Z\u0142oty Medal za opracowanie &#8222;Technologia produkcji czystych i domieszkowanych nanoproszk\u00f3w krzemionkowych do zastosowa\u0144 katalitycznych, medycznych i analityczych&#8221;.<\/p>\n<p>od 18 do 21 maja 2003r. w Szklarskiej Por\u0119bie odby\u0142o si\u0119 IX Seminarium &#8222;Programy Bada\u0144 i Kszta\u0142cenie w Inzynierii Materia\u0142owej&#8221;. W Seminarium bra\u0142o udzia\u0142 86 os\u00f3b.<\/p>\n<p>Od 09 &#8211; 12 czerwca 2003r. w Poznaniu odby\u0142y si\u0119 75. Targi Technologii Przemys\u0142owych i D\u00f3br Inwestycyjnych. W\u015br\u00f3d wystawc\u00f3w pojawi\u0142o si\u0119 po raz pierwszy Centrum Doskona\u0142osci &#8211; Materia\u0142y zol-\u017celowe i nanotechnologie, kt\u00f3re zaprezentowa\u0142o miedzy innymi materia\u0142y uzyskane technologi\u0105 zol-\u017celow\u0105 w postaci bloczk\u00f3w, cienkich film\u00f3w i proszk\u00f3w. Du\u017c\u0105 cz\u0119\u015b\u0107 ekspozycji zajmowa\u0142y Konstrukcje Kompozytowe wystawione przez Instytut.<\/p>\n<p>Od 15 do 20 czerwca 2003 w Szklarskiej Por\u0119bie odby\u0142a si\u0119 II Mi\u0119dzynarodowa Konferencja Naukowa &#8222;Sol-Gel-Materials SGM 2003&#8221;. Bra\u0142o w niej udzia\u0142 85. uczestnik\u00f3w z 10. kraj\u00f3w \u015bwiata.<\/p>\n<h3><a name=\"SECTION00031000000000000000\"><\/a>Dzia\u0142alno\u015b\u0107 Statutowa<\/h3>\n<p>W pa\u017adzierniku 2002 r. rozliczono 5 zlece\u0144 statutowych, aneksowanch z 2001 roku, kt\u00f3rych termin zako\u0144czenia up\u0142yn\u0105\u0142 30.09.2002 r., oraz realizowano 5 zlece\u0144, finansowanych z dzia\u0142alno\u015bci statutowej otwartych w sierpniu 2003 r.<\/p>\n<h3><a name=\"SECTION00032000000000000000\"><\/a>Badania W\u0142asne<\/h3>\n<p>We wrze\u015bniu 2003 r. otwarto dwa zlecenia finansowane ze \u015brodk\u00f3w na badania w\u0142asne, s\u0105 to:<\/p>\n<ol>\n<li>&#8222;Uwarunkowania materia\u0142owe i biomechaniczne trwa\u0142o\u015bci i stabilno\u015bci implant\u00f3w&#8221; &#8211; dofinansowanie pracy doktorskiej mgr in\u017c. Marzeny Podrez-Radziszewskiej. Zlecenie zosta\u0142o zako\u0144czone w dniu 31.12.2003 r.<\/li>\n<li>&#8222;Opis w\u0142asno\u015bci mechanicznych materia\u0142u z pami\u0119ci\u0105 kszta\u0142tu&#8221; &#8211; dr in\u017c. Gra\u017cyna Zi\u0119tek &#8211; dofinansowanie pracy habilitacyjnej. Zlecenie zosta\u0142o zako\u0144czone 31.12.2003 r.<\/li>\n<\/ol>\n<h3><a name=\"SECTION00033000000000000000\"><\/a>Granty KBN<\/h3>\n<p>W 2003 roku kontynuowano dwa projekty tzw. M\u0142odego Badacza<\/p>\n<ol>\n<li>&#8222;Badanie t\u0142umienia w wybranych cieczach magnetoreologicznych w nast\u0119pstwie obci\u0105\u017ce\u0144 cyklicznych&#8221; &#8211; mgr in\u017c. Daniel Lewandowski. Grant zako\u0144czy\u0142 si\u0119 w planowanym terminie 131.01.2004 i zosta\u0142 rozliczony.<\/li>\n<li>&#8222;Zmienno\u015b\u0107 wybranych efekt\u00f3w krzy\u017cowych a kinetyka przemiany martenzytycznej indukowanej cyklicznym odkszta\u0142ceniem plastycznym&#8221; &#8211; mgr in\u017c. Wojciech Wi\u015bniewski. Grant zako\u0144czy\u0142 si\u0119 w planowanym terminie 31.01.2004 i zosta\u0142 rozliczony.<\/li>\n<\/ol>\n<p>Jeden projekt promotorski.<\/p>\n<ol>\n<li>&#8222;Anizotropia w wielosk\u0142adnikowych uk\u0142adach polimerowych&#8221; &#8211; promotor dr hab. Marek Koz\u0142owski. Projekt zako\u0144czono 31.07.2003 i rozliczono.<\/li>\n<\/ol>\n<p>oraz jeden projekt trzyletni<\/p>\n<ol>\n<li>&#8222;Opis w\u0142asno\u015bci materia\u0142u z przemian\u0105 martenzytyczn\u0105 indukowan\u0105 odkszta\u0142ceniem plastycznym w zakresie r\u00f3\u017cnych skal d\u0142ugo\u015bci&#8221; &#8211; dr in\u017c. Gra\u017cyna Zi\u0119tek. Grant zosta\u0142 zako\u0144czony 30.12.2003r. i rozliczony<\/li>\n<\/ol>\n<p>Zg\u0142oszony we wrze\u015bniu 2002 r. wsp\u00f3lnie z Instytutem Energetyki w Warszawie do KBN wniosek o finansowanie projektu badawczego pt.&#8221; Opis procesu zm\u0119czenia porcelany elektrotechnicznej&#8221; otrzyma\u0142 dofinansowanie z KBN, zesp\u00f3\u0142 z I-19 bierze w nim udzia\u0142.<\/p>\n<p>W styczniu 2003 r. zg\u0142oszono do KBN 4 projekty badawcze (granty), s\u0105 to:<\/p>\n<ol>\n<li>&#8222;Opracowanie stali spiekanych przeznaczonych do utwardzania powierzchniowego metod\u0105 azotowania plazmowego&#8221; &#8211; dr in\u017c. Krzysztof Widanka,<\/li>\n<li>&#8222;Wp\u0142yw obr\u00f3bki cieplnej na struktur\u0119 i wybrane w\u0142asno\u015bci nadstop\u00f3w na bazie niklu w strefie wp\u0142ywu ciep\u0142a&#8221; &#8211; mgr in\u017c. Maciej Lachowicz,<\/li>\n<li>&#8222;Identyfikacja modelu magneto-mechanicznego wybranego materia\u0142u wykazuj\u0105cego gigantyczn\u0105 magnetostrykcj\u0119&#8221; &#8211; mgr in\u017c. Jacek Bomba,<\/li>\n<li>&#8222;Hybrydowe kompozyty polimerowe&#8221; &#8211; dr in\u017c. Anna Koz\u0142owska.<\/li>\n<\/ol>\n<p>W lipcu 2003 roku zg\u0142oszono do KBN 13 projekt\u00f3w badawczych (grant\u00f3w), s\u0105 to:<\/p>\n<ol>\n<li>&#8222;Wp\u0142yw obr\u00f3bki cieplnej na struktur\u0119 i wybrane w\u0142asno\u015bci spawanych nadstop\u00f3w na osnowie niklu&#8221; &#8211; mgr in\u017c. Maciej Lachowicz,<\/li>\n<li>&#8222;Opracowanie stali spiekanych przeznaczonych do utwardzania powierzchniowego metod\u0105 azotowania plazmowego&#8221; &#8211; dr in\u017c. Krzysztof Widanka,<\/li>\n<li>&#8222;Identyfikacja modelu magnetomechanicznego wybranego materia\u0142u wykazuj\u0105cego gigantyczn\u0105 magnetostrykcj\u0119&#8221; &#8211; mgr in\u017c. Jacek Bomba,<\/li>\n<li>&#8222;Identyfikacja t\u0142umienia magnetomechanicznego w kompozytach z ciecz\u0105 magnetoreologiczn\u0105&#8221; &#8211; mgr in\u017c. Piotr Zaj\u0105c,<\/li>\n<li>&#8222;Fraktalny model atermicznej przemiany martenzytycznej w foliach z metastabilnego austenitu&#8221; &#8211; mgr in\u017c. Bat\u0142omiej Fassa,<\/li>\n<li>&#8222;Synteza i zbadanie w\u0142a\u015bciwo\u015bci submikronowych cz\u0105stek SiO2 i TiO2 otrzymywanych metoda zol-\u017cel, optycznie i magnetycznie aktywnych i okre\u015blenie ich mo\u017cliwo\u015bci aplikacyjnych&#8221; &#8211; dr Marek Jasiorski,<\/li>\n<li>&#8222;Synteza i w\u0142a\u015bciwo\u015bci magnetycznych nanoproszk\u00f3w krzemionkowych i tytanowych otrzymywanych przy u\u017cyciu meto zol-\u017celowej i emulsyjnej&#8221; &#8211; (promotorski) -prof. Krzysztof Maruszewski,<\/li>\n<li>&#8222;Otrzymywanie i zbadanie domieszkowanych cienkich warstw SiO2 i TiO2 otrzymywanych metod\u0105 zol-\u017cel wykazuj\u0105cych anizotropi\u0119 polaryzacji emisji domieszek&#8221; (promotorski) &#8211; prof. Krzysztof Maruszewski,<\/li>\n<li>&#8222;Organiczno-nieorganiczne hybrydy polimerowe otrzymywane metoda zol-\u017cel&#8221; (promotorski) &#8211; prof. Krzysztof Maruszewski,<\/li>\n<li>&#8222;Czujniki optyczne (optody) oparte o domieszkowane krzemowe i tytanowe nanoproszki oraz cienkie filmy uzyskiwane metoda zol-\u017cel&#8221; &#8211; prof. Krzysztof Maruszewski,<\/li>\n<li>&#8222;Porowate kompozyty polimerowe z nape\u0142niaczami drewnopochodnymi&#8221; &#8211; dr hab. in\u017c. Marek Koz\u0142owski<\/li>\n<li>&#8222;Analiza mo\u017cliwo\u015bci zastosowania wysokojako\u015bciowych stali odpornych na zu\u017cywanie \u015bcierne na elementy koparek w\u0119gla brunatnego&#8221; &#8211; dr in\u017c. Grzegorz P\u0119kalski,<\/li>\n<li>&#8222;Opracowanie detektorow kontrastu topograficznego do elektronowego mikroskopu skaningowego niskonapi\u0119ciowego&#8221; &#8211; dr in\u017c. Jan Hejna.<\/li>\n<\/ol>\n<p>oraz dwie oferty na wykonanie wyodr\u0119bnionej cz\u0119\u015bci projektu badawczego zamawianego realizowanego przez Politechnik\u0119 Warszawsk\u0105<\/p>\n<ol>\n<li>&#8222;Nanokompozyty funkcjonalne&#8221; &#8211; dr hab. in\u017c. Marek Koz\u0142owski.<\/li>\n<li>&#8222;Nanocz\u0105stki uzyskiwane metod\u0105 zol-\u017cel do modyfikacji funkcjonalnych materia\u0142\u00f3w w\u0142\u00f3kienniczych i w\u0142\u00f3kienniczo &#8211; tworzywowych i pow\u0142okowych&#8221; &#8211; prof. Krzysztof Maruszewski.<\/li>\n<\/ol>\n<p>Instytut otrzyma\u0142 dofinansowanie na realizacj\u0119 6. projekt\u00f3w (poz. od 8 do 13) w latach 2004-2006 oraz podpisana zosta\u0142a umowa z Politechnika Warszawsk\u0105 na realizacj\u0119 obu temat\u00f3w w ramach projektu badawczego &#8211; zamawianego.<\/p>\n<h3><a name=\"SECTION00034000000000000000\"><\/a>Dzia\u0142alno\u015b\u0107 Og\u00f3lno-Techniczna (DOT)<\/h3>\n<p>Na zg\u0142oszone w 2002 roku wnioski o dofinansowanie w 2003 r. w ramach dzia\u0142alno\u015bci og\u00f3lnotechnicznej, Instytut otrzyma\u0142 dofinansowanie na zorganizowanie konferencji:<\/p>\n<ol>\n<li>&#8222;Materia\u0142y Zol &#8211; \u017bel&#8221;<\/li>\n<li>&#8222;Drugie kolokwium czesko &#8211; \u015bl\u0105sko &#8211; sakso\u0144skie z Mechaniki&#8221;<\/li>\n<li>&#8222;Zagospodarowanie odpad\u00f3w &#8211; legislacja w Polsce i Unii Europejskiej&#8221;<\/li>\n<\/ol>\n<p>We wrze\u015bniu 2003 zg\u0142oszono do KBN wnioski o przyznanie \u015brodk\u00f3w na dzia\u0142alno\u015b\u0107 wspomagaj\u0105c\u0105 badania w 2004 roku (dawne DOT), a mianowicie:<\/p>\n<ol>\n<li>Wnioski o dofinansowanie udzia\u0142u w targach i wystawach\n<ol>\n<li>Brussels Eureka &#8211; the 53st World Exhibition of Innovation, Research and New Technologies, Bruksela, Belgia<\/li>\n<li>76. Targi Technologii Przemys\u0142owych i D\u00f3br Inwestycyjnych, Nauka dla Gospodarki, Pozna\u0144<\/li>\n<li>XIII Mi\u0119dzynarodowa Wystawa Motoryzacyjna &#8222;Intermoto&#8221;, Wroc\u0142aw<\/li>\n<\/ol>\n<\/li>\n<li>Wnioski o dofinansowanie konferencji naukowych\n<ol>\n<li>&#8222;Materia\u0142y Zol &#8211; \u017bel&#8221;<\/li>\n<li>&#8222;Analiza Wymiarowa &#8211; Modele Empiryczne&#8221;<\/li>\n<li>IV Mi\u0119dzynarodowa Konferencja &#8222;Recykling Tworzyw Sztucznych&#8221;<\/li>\n<\/ol>\n<p>Na wszystkie zg\u0142oszone wnioski o dofinansowanie konferencji Instytut otrzyma\u0142 \u015brodki<\/p>\n<p>&nbsp;<\/li>\n<li>Przez Oficyn\u0119 Wydawnicz\u0105 PWr zg\u0142oszono wniosek o dofinansowanie czasopisma pt.&#8221;Measurements, Dimensions, Invariant Models and Fractals&#8221;, wniosek zosta\u0142 za\u0142atwiony pozytywnie i Instytut otrzyma\u0142 dofinansowanie.<\/li>\n<\/ol>\n<h3><a name=\"SECTION00035000000000000000\"><\/a>Wsp\u00f3\u0142praca z Uni\u0105 Europejsk\u0105 oraz zwi\u0105zane z unijnymi tematami, dwa tematy dofinansowane przez Ministerstwo Nauki i Informatyzacji tzw. SPUB-M<\/h3>\n<p>Od stycznia 2003 roku w Instytucie realizowane s\u0105 dwa tematy w ramach 5. Programu Ramowego &#8222;Centrum Doskona\u0142o\u015bci&#8221;,<\/p>\n<ol>\n<li>Centrer of Excellence 'Sol-G \u0119l Materials and Nanotechnology&#8221; &#8211; prof. Krzysztofa Maruszewskiego,<\/li>\n<li>&#8222;Materials Recycling Center of Excellence&#8221; &#8211; dr hab. in\u017c. Marek Koz\u0142owski<\/li>\n<\/ol>\n<p>oraz zwi\u0105zane z unijnymi tematami, dwa tematy dofinansowane przez Ministerstwo Nauki i Informatyzacji tzw. SPUB-M<\/p>\n<ol>\n<li>Materia\u0142y zol-\u017celowe i nanotechnologia&#8221; &#8211; prof. K. Maruszewski,<\/li>\n<li>&#8222;Centrum doskona\u0142o\u015bci recykklingu materia\u0142\u00f3w&#8221; &#8211; dr hab. in\u017c. Marek Koz\u0142owski,<\/li>\n<\/ol>\n<p>realizowany jest r\u00f3wnie\u017c temat w ramach specjalnych program\u00f3w badawczych pt. &#8222;Sie\u0107 Naukowa pn. Recykling Materia\u0142\u00f3w &#8211; 3 RNET&#8221; &#8211; dr hab. in\u017c. Marek Koz\u0142owski.<\/p>\n<p>W zwi\u0105zku z tym, \u017ce pracownicy Instytutu z\u0142o\u017cyli do Unii Europejskiej kilka temat\u00f3w, kt\u00f3re uzyska\u0142y pozytywn\u0105 ocen\u0119, ale nie s\u0105 jeszcze przyj\u0119te do realizacji , Ministerstwo Nauki i Informatyzacji dofinansowa\u0142o w 2003r. prace nad uzupe\u0142nieniem tych temat\u00f3w. S\u0105 to:<\/p>\n<ol>\n<li>&#8222;Technologie i aplikacje zaawansowanych materia\u0142\u00f3w wielofukcyjnych&#8221; &#8211; dr hab. in\u017c. Jerzy Kaleta,<\/li>\n<li>&#8222;Ochrona zdrowia, \u015brodowiska i przeciwdzia\u0142anie korozji&#8221; &#8211; prof. Krzysztof Maruszewski,<\/li>\n<li>&#8222;Zaawansowane nanomateria\u0142y optyczne&#8221; &#8211; prof. Krzysztof Maruszewski,<\/li>\n<li>&#8222;Nowe zintegrowane badania nad opracowaniem zaawansowanych nanokompozyt\u00f3w&#8221; &#8211; dr hab. in\u017c. Marek Koz\u0142owski,<\/li>\n<li>&#8222;Innowacyjne metody zagospodarowania odpad\u00f3w z tworzyw sztucznych&#8221; &#8211; dr hab. in\u017c. Marek Koz\u0142owski,<\/li>\n<li>&#8222;Przysz\u0142o\u015b\u0107 tworzyw sztucznych w chemii przyjaznej \u015brodowisku&#8221; &#8211; dr hab. in\u017c. Marek Koz\u0142owski.<\/li>\n<\/ol>\n<p>W dniach 19.02 &#8211; 20.02.2004 r. zorganizowano cykliczne seminarium (drugie) dotycz\u0105ce recyklingu materia\u0142\u00f3w oraz planuje si\u0119 dwa kolejne seminaria.<\/p>\n<p>W 2004 roku rozpocznie si\u0119 realizacj\u0119 dw\u00f3ch temat\u00f3w zg\u0142oszonych do Unii Europejskiej w 6 Programu Ramowego. S\u0105 to:<\/p>\n<ol>\n<li>&#8222;Innovative molecular modelling approach to up-grade polymeric materials from post industrial rejects&#8221; &#8211; dr hab. in\u017c. Marek Kozlowski,<\/li>\n<li>&#8222;Hydrogen Storage Systems for Automative Application&#8221; &#8211; dr hab. in\u017c. Jerzy Kaleta.<\/li>\n<\/ol>\n<p>oraz jeden temat tzw. SPUB-M pt.&#8221;Innowacje europejskie w zakresie technologii w\u0142\u00f3kien naturalnych&#8221; &#8211; dr hab. in\u017c. Marek Koz\u0142owski.<\/p>\n<p>Instytut otrzyma r\u00f3wnie\u017c dofinansowanie dzia\u0142alno\u015bci statutowej. B\u0119d\u0105 kontynuowane tematy &#8211; 5 zlece\u0144. Planuje si\u0119 zorganizowanie czterech konferencji.<\/p>\n<h3><a name=\"SECTION00036000000000000000\"><\/a>Umowy z przemys\u0142em<\/h3>\n<p>W 2003 roku zawarto dwie umowy o wykonanie prac badawczych z Elektrowni\u0105 w Opolu oraz jedn\u0105 z Elektrowni\u0105 Tur\u00f3w w Bogatyni, realizowane s\u0105 zlecenia drobne. W 2004 roku zawarto umow\u0119 z Elektrowni\u0105 Tur\u00f3w w Bogatyni.<\/p>\n<p>&nbsp;<\/p>\n<h3><a name=\"SECTION00037000000000000000\"><\/a>Wsp\u00f3\u0142praca z zagranic\u0105<\/h3>\n<p>W 2003 r. kontynuowano wymian\u0119 osobow\u0105 w ramach um\u00f3w mi\u0119dzyrz\u0105dowych z: Instytutem Fizyko &#8211; Mechanicznym Ukrai\u0144skiej Akademii Nauk we Lwowie &#8211; Ukraina Wymiana ta by\u0142a dofinansowana przez KBN. W 2004 roku wsp\u00f3\u0142praca jest kontynuowana.<\/p>\n<p>Od kilku lat zesp\u00f3\u0142 z Instytutu wsp\u00f3\u0142pracuje z Uniwersytetem Technicznym w Dre\u017anie. W 2003 roku podpisano jedn\u0105 umow\u0119 na realizacji tematu badawczego. W 2004 roku dwie umowy.<\/p>\n<h2><a name=\"SECTION00040000000000000000\"><\/a>Dydaktyka<\/h2>\n<p>Sesja egzaminacyjna w semestrze zimowym i letnim 2002\/2003 przebiega\u0142a zgodnie z planem. Trudniejsza by\u0142a dla student\u00f3w i pracownik\u00f3w sesja zimowa z uwagi na kr\u00f3tki czas trwania.<\/p>\n<p>Szacunkowo w naszym Instytucie w semestrze zimowym z\u0142o\u017cy\u0142o egzamin oko\u0142o 900. student\u00f3w, a w semestrze letnim 1100 student\u00f3w.<\/p>\n<p>Pracownicy Instytutu aktywnie uczestniczyli w przygotowaniach do wydania Wydzia\u0142owego Informatora Dydaktycznego na rok akademicki 2003\/2004.<\/p>\n<p>29 listopada 2002r. na Wydziale In\u017cynierii Materia\u0142owej Politechniki Warszawskiej przedstawi\u0142 rozpraw\u0119 habilitacyjn\u0105 dr in\u017c. M. Koz\u0142owski pt. &#8222;Termoplastyczne kompozyty in situ&#8221; i uzyska\u0142 stopie\u0144 doktora habilitowanego.<\/p>\n<p>Pracownicy Instytutu aktywnie uczestniczyli w VI Dolno\u015blaskim Festiwalu Nauki organizowanym w dniach 11-20 wrze\u015bnia 2003r.<\/p>\n<ul>\n<li>Dr hab. in\u017c. J. Kaleta i dr in\u017c. W. B\u0142a\u017cejewski przygotowali wyk\u0142ad z prezentacj\u0105 pt. &#8221; Samochody na gaz? Dlaczego nie!&#8221;,<\/li>\n<li>Doktoranci: \u0141. Maciejewski i J. Bomba przygotowali wyk\u0142ad z prezentacj\u0105 pt. &#8222;Nowoczesne materia\u0142y w g\u00f3rach&#8221;,<\/li>\n<li>Prof. K. Maruszewski, przygotowa\u0142 wyk\u0142ad i prezentacj\u0119 pt. &#8222;Nanomateria\u0142y&#8221;,<\/li>\n<li>Dr hab. in\u017c. M. Koz\u0142owski przygotowa\u0142 wyk\u0142ad z prezentacj\u0105 pt. &#8222;Odpady z tworzyw sztucznych &#8211; kosz i co dalej?&#8221;.<\/li>\n<\/ul>\n<p>15 stycznia 2003r. odby\u0142a si\u0119 publiczna obrona pracy doktorskiej mgra in\u017c. Miros\u0142awa Bociana pt. &#8222;Analiza procesu identyfikacji podanych element\u00f3w mechanicznych poddanych z\u0142o\u017conym wzbudzeniom dynamicznym z zastosowaniem modeli nieliniowych&#8221;. Promotorem pracy by\u0142 dr hab. in\u017c. M. Kulisiewicz, prof. nadzw.<\/p>\n","protected":false},"excerpt":{"rendered":"<p>Rada Instytutu\u00a0 &nbsp; 11 grudnia 2002r. odby\u0142o si\u0119 posiedzenie Rady Naukowej Instytutu. Om\u00f3wiono g\u0142\u00f3wne zamierzenia Instytutu w bie\u017c\u0105cym roku akademickim 2002\/2003 oraz podzia\u0142 zada\u0144 dyrekcji instytutu.G\u0142osowano w sprawie pozytywnej opinii o realizacji temat\u00f3w badawczych finansowanych ze \u015brodk\u00f3w na badania w\u0142asne otwartych w 2002r.G\u0142osowano w sprawie zamkni\u0119cia przewodu doktorskiego mgra in\u017c. Piotra Mieleckiego nt. &#8222;Ocena anizotropowych &hellip; <a href=\"https:\/\/kmim.wm.pwr.edu.pl\/immt\/aktualnosci\/biuletyn-i-19\/biuletyn-8-od-01-x-2002-do-30-ix-2003\/\" class=\"more-link\">Czytaj dalej <span class=\"screen-reader-text\">Biuletyn I-19 Nr 8 od 1 pa\u017cdziernika 2002 do 30 wrze\u015bnia 2003<\/span> <span class=\"meta-nav\">&rarr;<\/span><\/a><\/p>\n","protected":false},"author":1,"featured_media":0,"parent":1470,"menu_order":0,"comment_status":"closed","ping_status":"closed","template":"","meta":{"ngg_post_thumbnail":0,"footnotes":""},"class_list":["post-1477","page","type-page","status-publish","hentry"],"publishpress_future_action":{"enabled":false,"date":"2026-04-21 21:12:34","action":"change-status","newStatus":"draft","terms":[],"taxonomy":"language","extraData":[]},"publishpress_future_workflow_manual_trigger":{"enabledWorkflows":[]},"_links":{"self":[{"href":"https:\/\/kmim.wm.pwr.edu.pl\/immt\/wp-json\/wp\/v2\/pages\/1477","targetHints":{"allow":["GET"]}}],"collection":[{"href":"https:\/\/kmim.wm.pwr.edu.pl\/immt\/wp-json\/wp\/v2\/pages"}],"about":[{"href":"https:\/\/kmim.wm.pwr.edu.pl\/immt\/wp-json\/wp\/v2\/types\/page"}],"author":[{"embeddable":true,"href":"https:\/\/kmim.wm.pwr.edu.pl\/immt\/wp-json\/wp\/v2\/users\/1"}],"replies":[{"embeddable":true,"href":"https:\/\/kmim.wm.pwr.edu.pl\/immt\/wp-json\/wp\/v2\/comments?post=1477"}],"version-history":[{"count":5,"href":"https:\/\/kmim.wm.pwr.edu.pl\/immt\/wp-json\/wp\/v2\/pages\/1477\/revisions"}],"predecessor-version":[{"id":2716,"href":"https:\/\/kmim.wm.pwr.edu.pl\/immt\/wp-json\/wp\/v2\/pages\/1477\/revisions\/2716"}],"up":[{"embeddable":true,"href":"https:\/\/kmim.wm.pwr.edu.pl\/immt\/wp-json\/wp\/v2\/pages\/1470"}],"wp:attachment":[{"href":"https:\/\/kmim.wm.pwr.edu.pl\/immt\/wp-json\/wp\/v2\/media?parent=1477"}],"curies":[{"name":"wp","href":"https:\/\/api.w.org\/{rel}","templated":true}]}}