{"id":1478,"date":"2004-06-30T11:19:32","date_gmt":"2004-06-30T09:19:32","guid":{"rendered":"http:\/\/kmim.wm.pwr.edu.pl\/immt\/biuletyn-9-od-01-x-2003-do-30-iv-2004\/"},"modified":"2014-11-17T21:58:04","modified_gmt":"2014-11-17T20:58:04","slug":"biuletyn-9-od-01-x-2003-do-30-iv-2004","status":"publish","type":"page","link":"https:\/\/kmim.wm.pwr.edu.pl\/immt\/aktualnosci\/biuletyn-i-19\/biuletyn-9-od-01-x-2003-do-30-iv-2004\/","title":{"rendered":"Biuletyn I-19 Nr 9 od 01.X.2003 do 30.IV.2004"},"content":{"rendered":"<h2><a name=\"SECTION00010000000000000000\"><\/a>Rada Instytutu\u00a0<a href=\"http:\/\/kmim.wm.pwr.edu.pl\/immt\/wp-content\/uploads\/sites\/58\/2004\/06\/immt.png\"><img loading=\"lazy\" decoding=\"async\" class=\"alignright size-full wp-image-1762\" src=\"http:\/\/kmim.wm.pwr.edu.pl\/immt\/wp-content\/uploads\/sites\/58\/2004\/06\/immt.png\" alt=\"immt\" width=\"180\" height=\"219\" \/><\/a><\/h2>\n<p>&nbsp;<\/p>\n<ul>\n<li>22 pa\u017adziernika 2003r. odby\u0142o si\u0119 posiedzenie Rady Naukowej Instytutu, na kt\u00f3rej g\u0142osowano w sprawie wszcz\u0119cia 6. przewod\u00f3w doktorskich i wyznaczenia promotor\u00f3w:\n<ol>\n<li>mgr in\u017c. Julita Czopor promotor: prof. M. Rybaczuk<\/li>\n<li>mgr in\u017c. Dorota Aniszewska promotor: prof. M. Rybaczuk<\/li>\n<li>mgr in\u017c. El\u017cbieta Gabry\u015b promotor: prof. M. Rybaczuk<\/li>\n<li>mgr in\u017c. \u0141ukasz Maciejewski promotor: prof. W. Kasprzak<\/li>\n<li>mgr in\u017c. Piotr Zaj\u0105c promotor: dr hab.in\u017c. J. Kaleta<\/li>\n<li>mgr in\u017c. Przemys\u0142aw Wiewi\u00f3rski promotor: dr hab.in\u017c. J. Kaleta<\/li>\n<\/ol>\n<\/li>\n<li>26 listopada 2003r. Rada Naukowa Instytutu przyj\u0119\u0142a rozpraw\u0119 doktorsk\u0105 mgra in\u017c. Karola Kaczmarka i wyznaczy\u0142a termin publicznej obrony na dzie\u0144 10 grudnia 2003r.<\/li>\n<li>10 grudnia 2003r. odby\u0142a si\u0119 publiczna obrona rozprawy doktorskiej mgra in\u017c. Karola Kaczmarka pt. &#8222;Efekt brzegowy w przestrzennych elementach wykonanych z laminat\u00f3w kompozytowych&#8221;. Promotor: prof. dr in\u017c. Leszek Go\u0142aski &#8211; Politechnika \u015awi\u0119tokrzyska, Recenzenci:\n<ol>\n<li>dr hab. in\u017c. T. Topoli\u0144ski, prof. nadzw. &#8211; Akademia Techniczno-Rolnicza, Bydgoszcz,<\/li>\n<li>dr hab. in\u017c. Marek Rybaczuk, prof. nadzw. &#8211; Politechika Wroc\u0142awska<\/li>\n<\/ol>\n<\/li>\n<li>11 lutego 2004r. odby\u0142o si\u0119 posiedzenie Rady Naukowej Instytutu, na kt\u00f3rej g\u0142osowano w sprawie wszcz\u0119cia 8. przewod\u00f3w doktorskich i wyznaczenia promotor\u00f3w:\n<ol>\n<li>mgr in\u017c. Roman Fr\u0105tczak promotor: dr hab. in\u017c. M. Szata<\/li>\n<li>mgr in\u017c. Daniel Lewandowski promotor: dr hab.in\u017c. J. Kaleta<\/li>\n<li>mgr in\u017c. Maciej Lachowicz promotor: prof. W. Dudz\u0144sdki<\/li>\n<li>mgr in\u017c. Krzysztof Junik promotor: prof. W. Kasprzak<\/li>\n<li>mgr in\u017c. Anna Ostrowska promotor: prof. R. B\u0119dzi\u0144ski<\/li>\n<li>mgr in\u017c. M. Podrez-Radziszewska promotor: prof. W. Dudzi\u0144ski<\/li>\n<li>mgr in\u017c. Waldemar Pilarski promotor: prof. R. B\u0119dzi\u0144ski<\/li>\n<li>mgr in\u017c. Inga Po\u0142e\u0107 promotor: dr hab. in\u017c. M. Koz\u0142owski<\/li>\n<\/ol>\n<\/li>\n<\/ul>\n<h2><a name=\"SECTION00020000000000000000\"><\/a>Sprawy osobowe i organizacyjne<\/h2>\n<ul>\n<li>30 stycznia 2004 zako\u0144czy\u0142 prac\u0119 dr Rafa\u0142 Wysoki\u0144ski.<\/li>\n<li>02 lutego 2004r. rozpocz\u0119\u0142a prac\u0119 dr Katarzyna Koz\u0142owska, zatrudniona jako starszy referent ds. wsp\u00f3\u0142pracy Europejskiej w Centrum Doskona\u0142o\u015bci Sol-Gel.<\/li>\n<li>14 lutego zako\u0144czy\u0142a prac\u0119 dr Aleksandra Matraszek.<\/li>\n<li>15 lutego 2004 zako\u0144czy\u0142 prac\u0119 dr Marek Jasiorski.<\/li>\n<li>8 pa\u017adziernika 2004 odby\u0142o si\u0119 zebranie pracownik\u00f3w Instytutu rozpoczynaj\u0105ce semestr zimowy 2003\/2004. Na zebraniu om\u00f3wiono zadania dydaktyczne, naukowe i organizacyjne.<\/li>\n<li>10 marca 2004 odby\u0142o si\u0119 zebranie pracownik\u00f3w Instytutu rozpoczynaj\u0105ce semestr letni.<\/li>\n<\/ul>\n<p>Z okazji \u015awi\u0119ta Politechniki Wroc\u0142awskiej za osi\u0105gni\u0119cia w pracy zawodowej zostali uhonorowani:<\/p>\n<p>Srebrnym Krzy\u017cem Zas\u0142ugi:<\/p>\n<ul>\n<li>mgr in\u017c. Karol Baranowski<\/li>\n<li>dr in\u017c. Bogumi\u0142 Zi\u00f3\u0142kowski<\/li>\n<\/ul>\n<p>Br\u0105zowym Krzy\u017cem Zas\u0142ugi<\/p>\n<ul>\n<li>Gra\u017cyna Pierzcha\u0142a<\/li>\n<\/ul>\n<p>Nagrody Dyrektora Instytutu Otrzymali:<\/p>\n<ul>\n<li>mgr in\u017c. Bogdan Bana\u015b<\/li>\n<li>mgr in\u017c. Karol Baranowski<\/li>\n<li>in\u017c. Marian \u0106mikiewicz<\/li>\n<li>Leszek Mroczkowski<\/li>\n<li>mgr in\u017c. Jowita Olszewska<\/li>\n<\/ul>\n<p>22 grudnia 2003r. odby\u0142o si\u0119 uroczyste otwarcie nowo wyremontowanego Laboratorium Dynamiki.<\/p>\n<h2><a name=\"SECTION00030000000000000000\"><\/a>Dzia\u0142alno\u015b\u0107 naukowo-badawcza<\/h2>\n<p>Na 52. Mi\u0119dzynarodowych Targach Wynalazczo\u015bci &#8222;EUREKA `03&#8221;, kt\u00f3re odby\u0142y si\u0119 w Brukseli &#8222;Europejskie Centrum Doskona\u0142o\u015bci SOL-GEL Materials&#8221; otrzyma\u0142o kolejny Z\u0142oty Medal. Koordynatorem Centrum jest dr hab. in\u017c. Krzysztof Maruszewski, prof. nadzw. PWr. Medal zosta\u0142 przyznany za wynalazek pt. &#8222;Materia\u0142y nanokompozytowe w antybakteryjnych tekstyliach &#8211; antyalergiczne i antybakteryjne pokrowce po\u015bcieli&#8221;.<\/p>\n<p>02 i 03 pa\u017adziernika 2003r Centrum Doskona\u0142o\u015bci Recyklingu Materia\u0142\u00f3w zorganizowa\u0142o we Wroc\u0142awiu Seminarium &#8222;Zagospodarowanie odpad\u00f3w &#8211; legislacja w Polsce i Unii Europejskiej&#8221;. W Seminarium bra\u0142o udzia\u0142 30. uczestnik\u00f3w.<\/p>\n<p>17 &#8211; 18 pa\u017adziernika 2003 Instytut by\u0142 organizatorem spotkania &#8222;Second Bohemian-Saxon-Silesian Mechanics Colloquium&#8221;. Bra\u0142o w nim udzia\u0142 70. uczestnik\u00f3w z Czech, Niemiec i Polski.<\/p>\n<p>19 &#8211; 20 lutego 2004 Centrum Doskona\u0142o\u015bci Recyklingu Materia\u0142\u00f3w zorganizowa\u0142o we Wroc\u0142awiu Seminarium pt. &#8222;Technologie Recyklingu Tworzyw Sztucznych&#8221;. Bra\u0142o w nim udzia\u0142 55. uczestnik\u00f3w.<\/p>\n<p>od 23 marca do 06 kwietnia 2004r. Centrum Doskona\u0142o\u015bci Recyklingu Materia\u0142\u00f3w zorganizowa\u0142o w gmachu g\u0142\u00f3wnym Politechniki Wroc\u0142awskiej (A-1, antresola) wystaw\u0119 pt. &#8222;Recykling Materia\u0142\u00f3w&#8221;.<\/p>\n<p>07 kwietnia 2004 odby\u0142o si\u0119 uroczyste otwarcie przedstawicielstwa TUDAG w Politechnice Wroc\u0142awskiej.<\/p>\n<h2><a name=\"SECTION00040000000000000000\"><\/a>Dydaktyka<\/h2>\n<p>W Oficynie Wydawniczej Politechniki Wroc\u0142awskiej ukaza\u0142a si\u0119 monografia dra in\u017c. Stanis\u0142awa Piesiaka pt. &#8222;Identyfikacja uk\u0142ad\u00f3w mechanicznych w dziedzinie nieliniowych i zdegradowanych modeli dynamicznych&#8221;, a 15 pa\u017adziernika 2003r. Na posiedzeniu Rady Wydzia\u0142u odby\u0142o si\u0119 kolokwium habilitacyjne dra in\u017c. S. Piesiaka zako\u0144czone nadaniem stopnia naukowego habilitowanego doktora nauk technicznych w dyscyplinie Mechanika .<\/p>\n<p>12 listopada 2003r. na Wydziale Mechanicznym odby\u0142a si\u0119 publiczna obrona pracy doktorskiej mgra in\u017c. K. Jamroziaka pt. &#8222;Uwarunkowania dynamiczne w konstruowaniu i identyfikacji lekkich os\u0142on balistycznych poddanych obci\u0105\u017ceniom udarowym&#8221;. Decyzj\u0105 Rady Wydzia\u0142u zosta\u0142 nadany mgr in\u017c. K. Jamroziakowi stopie\u0144 naukowy doktora nauk technicznych w zakresie Mechanika. Promotor: dr hab. in\u017c. M. Kulisiewicz, prof. nadzw.<\/p>\n<p>01 grudnia 2003r. na Wydziale Mechanicznym odby\u0142a si\u0119 publiczna obrona pracy doktorskiej mgra in\u017c. M. Wajdy pt. &#8222;Wp\u0142yw obci\u0105\u017ce\u0144 cyklicznych na model t\u0142umienia drga\u0144 skr\u0119tnych wybranych element\u00f3w konstrukcyjnych z wykorzystaniem nieliniowych modeli identyfikacji&#8221;. Decyzj\u0105 Rady Wydzia\u0142u zosta\u0142 nadany mgr in\u017c. M. Wajdzie stopie\u0144 naukowy doktora nauk technicznych w zakresie Mechanika. Promotor: dr hab. in\u017c. M. Kulisiewicz, prof. nadzw.<\/p>\n<p>10 grudnia 2003r. przed Rad\u0105 Naukow\u0105 Instytutu odby\u0142a si\u0119 publiczna obrona pracy doktorskiej mgra in\u017c. K. Kaczmarka pt. &#8222;Efekt brzegowy w przestrzennych elementach wykonanych z laminat\u00f3w kompozytowych&#8221;. Rada Naukowa Instytutu Materia\u0142oznawstwa i Mechaniki Technicznej nada\u0142a magistrowi in\u017cynierowi Karolowi Kaczmarkowi stopie\u0144 naukowy doktora nauk technicznych w zakresie Mechanika. Promotor: prof. dr in\u017c. Leszek Go\u0142aski<\/p>\n<p>Sesja egzaminacyjna w semestrze zimowym 2003\/2004 przebiega\u0142a zgodnie z planem. Z uwagi na stosunkowo kr\u00f3tki czas trwania by\u0142a trudna tak dla student\u00f3w, jak i pracownik\u00f3w naukowo-dydaktycznych. Szacunkowo w naszym Instytucie w semestrze zimowym z\u0142o\u017cy\u0142o egzamin oko\u0142o 900. student\u00f3w.<\/p>\n<h2><a name=\"SECTION00050000000000000000\"><\/a>Wsp\u00f3\u0142praca z zagranic\u0105<\/h2>\n<h3><a name=\"SECTION00051000000000000000\"><\/a>Przyjazdy Go\u015bci<\/h3>\n<ul>\n<li>od 30 wrze\u015bnia do 02 pa\u017adziernika 2003 go\u015bci\u0142 w naszym Instytucie z cyklem wyk\u0142ad\u00f3w prof. Daniel Niznansky z Uniwersytetu Karola w Pradze (Czechy).<\/li>\n<li>W ramach programu PHARE i Akredytacji Laboratori\u00f3w Badawczych od 29 wrze\u015bnia do 03 pa\u017adziernika 2003 i od 15 do 19 grudnia 2003 go\u015bci\u0142 Yves Albisser z AFNOR Pary\u017c (Francja).<\/li>\n<li>od 27 do 31 pa\u017adziernika 2003 przebywa\u0142 w Instytucie Marta Krauze z Technische Universit\u00e4t Hannover (Niemcy).<\/li>\n<li>od 08 do 09 grudnia 2003 go\u015bci\u0142 Lothar Kroll i Raimund Grodhaus z TU Drezno.<\/li>\n<li>Od 26 do 27 stycznia 2004 przebywa\u0142a w Politechnice Wroc\u0142awskiej i Instytucie 5. osobowa delegacja z TU Drezno. Celem wizyty by\u0142o przygotowanie pobytu Rektora i Kanclerza TU Drezno oraz otwarcia we Wroc\u0142awiu TUDAG.<\/li>\n<li>Od 18 do 29 marca 2004 przebywali na konsultacjach w ramach wsp\u00f3lnego projektu europejskiego: dr Koen Reybrouck i dr Marek Nowakowski z Tenneco Auttomotive Europe z Brikseli (Belgia).<\/li>\n<li>od 22 do 24 marca 2004 przebywa\u0142 Edorta Larrauri z Bilbao (Hiszpania). Bra\u0142 udzia\u0142 w otwarciu wystawy &#8222;Recykling Materia\u0142\u00f3w&#8221;.<\/li>\n<li>od 06 do 07 kwietnia 2004 przebywa\u0142a dr Sabine Heymann z Unweltforschungszentrum Lipsk (Niemcy). Bra\u0142a udzia\u0142 w otwarciu przedstawicielstwa TUDAG.<\/li>\n<\/ul>\n<h3><a name=\"SECTION00052000000000000000\"><\/a>Wyjazdy Zagraniczne<\/h3>\n<ul>\n<li>od 06 do 14 pa\u017adziernika 2003 dr hab. in\u017c. Marek Koz\u0142owski przebywa\u0142 na Uniwersytecie w Pizie (W\u0142ochy).<\/li>\n<li>od 14 do 24 pa\u017adziernika 2003 dr hab. in\u017c. Marek Koz\u0142owski, dr in\u017c. Anna Koz\u0142owska i mgr in\u017c. Anna Po\u0142e\u0107 przebywali w University of Minko Guimoraes (Portugalia).<\/li>\n<li>od 19 do 23 pa\u017adziernika 2003 dr hab. in\u017c. Krzysztof Maruszewski, prof. nadzw. przebywa\u0142 w Uniwersytecie Wile\u0144skim (Litwa).<\/li>\n<li>od 15 do 17 pa\u017adziernika 2003 dr A. Matraszek przebywa\u0142a w TU Drezno.<\/li>\n<li>od 28 do 30 pa\u017adziernika dr hab. in\u017c. Marek Koz\u0142owski przebywa\u0142 w Politechnice Bratyslawskiej (S\u0142owacja).<\/li>\n<li>od 10 do 17 listopada 2003 dr hab. in\u017c. Krzysztof Maruszewski, prof. nadzw. przebywa\u0142 w Brukseli (Belgia) na Targach Wynalazczo\u015bci &#8222;EUREKA 2003&#8221;.<\/li>\n<li>od 10 do 14 grudnia 2003 dr hab. in\u017c. Krzysztof Maruszewski, prof. nadzw. przebywa\u0142 w Uniwersytecie Karola w Pradze (Czechy).<\/li>\n<li>od 17 stycznia do 02 lutego 2004 dr hab. in\u017c. Marek Rybaczuk, prof. nadzw. przebywa\u0142 w University of Witwatersrand w Johanesburgu (RPA).<\/li>\n<li>od 23 stycznia do 15 lutego 2004 dr hab. in\u017c. W. Dudzi\u0144ski, prof. nadzw. przebywa\u0142 w TU Duisburg (Niemcy).<\/li>\n<li>od 28 stycznia do 01 lutego 2004 dr hab. in\u017c. Marek Koz\u0142owski przebywa\u0142 w Bilbao i San Sebastian (Hiszpania). Celem wizyty by\u0142o om\u00f3wienie zasad organizacji Konferencji w Madrycie.<\/li>\n<li>od 02 do 05 lutego 2004 dr Marek Jasiorski prowadzi\u0142 badania na Uniwersytecie Karola w Pradze (Czechy).<\/li>\n<li>od 11 do 12 lutego 2004 dr hab. in\u017c. Krzysztof Maruszewski, prof. nadzw. przebywa\u0142 w TU Drezno (Niemcy).<\/li>\n<li>od 09 do 19 lutego 2004 mgr R\u00f3\u017ca Kornak prowadzi\u0142a badania na Uniwersytecie Karola w Pradze (Czechy).<\/li>\n<li>od 15 do 17 lutego 2004 dr hab. in\u017c. Marek Koz\u0142owski przebywa\u0142 w Centrum Badawczym Fiata w Turynie (W\u0142ochy).<\/li>\n<li>od 26 do 27 lutego dr hab. in\u017c. J. Kaleta i dr in\u017c. W. B\u0142a\u017cejewski przebywali w TU Drezno (Niemcy).<\/li>\n<li>od 01 do 04 marca dr hab. in\u017c. J. Kaleta i dr in\u017c. W. B\u0142a\u017cejewski i mgr in\u017c. P. Zaj\u0105c przebywali w MAGNA Steyr Fahrzegtechnik AG w Grazu (Austria).<\/li>\n<li>12 marca 2004 dr W. B\u0142a\u017cejewski przebywa\u0142 w TU Drezno.<\/li>\n<li>od 13 do 17 marca 2004 dr hab. in\u017c. J. Kaleta i dr hab. in\u017c. Marek Rybaczuk, prof. nadzw. przebywali w Universit\u00e4t Karlsruhe (Niemcy).<\/li>\n<li>Od 27 do 30 marca 2004 dr hab. in\u017c. J. Kaleta i dr in\u017c. W. B\u0142a\u017cejewski przebywali na spotkaniu Konsorcjum Naukowym 6. PR w Pary\u017cu (Francja).<\/li>\n<li>od 29 marca do 01 kwietnia 2004 w firmie Bruker AXS &#8211; Karlsruhe (Niemcy) przebywali: mgr in\u017c. Bogdan Bana\u015b i mgr in\u017c. Krzysztof Junik. Celem wizyty by\u0142o zapoznanie si\u0119 z najnowszymi aparatami do dyfrakcji rentgenowskich.<\/li>\n<li>od 31 marca do 02 kwietnia 2004 dr hab. in\u017c. Krzysztof Maruszewski, prof. nadzw. przebywa\u0142 w TU Drezno.<\/li>\n<li>od 19 do 21 kwietnia 2004 dr hab. in\u017c. Marek Koz\u0142owski przebywa\u0142 w University of Worwick (W.Brytania).<\/li>\n<li>od 22 do 24 kwietnia 2004 dr hab. in\u017c. Marek Koz\u0142owski i dr in\u017c. Anna Koz\u0142owska przebywali w Technologiezentrum Verkenrstechnik w Berlinie (Niemcy).<\/li>\n<\/ul>\n<p>&nbsp;<\/p>\n<h3><a name=\"SECTION00053000000000000000\"><\/a>Seminaria &#8211; konferencje &#8211; sta\u017ce<\/h3>\n<p>&nbsp;<\/p>\n<ul>\n<li>od 22 do 23 pa\u017adziernika 2003 mgr Olga Bobilak przebywa\u0142a na Konferencji w Eisenh\u0171ttenstadt (Niemcy).<\/li>\n<li>od 03 listopada 2003 do 16 kwietnia 2004 przebywa\u0142 w Instytucie Dominik Brunner z Universit\u00e4t Karlsruhe (Niemcy). Celem wizyty by\u0142o przygotowanie pracy dyplomowej pod kierunkiem dra hab. in\u017c. Marka Rybaczuka, prof. nadzw.<\/li>\n<li>od 06 do 23 lutego 2004 oraz od 26 marca do 09 kwietnia 2004 mgr in\u017c. Bart\u0142omiej Fassa przebywa\u0142 na sta\u017cu i prowadzi\u0142 badania w Technische Universit\u00e4t Kaiserslauten (Niemcy).<\/li>\n<li>od 23 do 24 kwietnia dr hab. in\u017c. J. Kaleta, dr hab. in\u017c. M. Rybaczuk, prof. nadzw., dr in\u017c. W. Myszka, dr in\u017c. G. Zi\u0119tek, mgr in\u017c. K. Junik, mgr in\u017c. D. Lewandowski uczestniczyli w kolejnym spotkaniu &#8222;Bohemian-Saxon-Silesian Mechanics Colloquium&#8221; w Pradze (Czechy).<\/li>\n<\/ul>\n<p>&nbsp;<\/p>\n<h2><a name=\"SECTION00060000000000000000\"><\/a>Inwestycje i remonty<\/h2>\n<p>&nbsp;<\/p>\n<ul>\n<li>Wykonano ekspertyzy techniczne dla planowanej przebudowy i adaptacji poddasza w budynku B-1.<\/li>\n<li>Zako\u0144czono remont Laboratorium Dynamiki (piwnica, hala, antresola) &#8211; wymieniono wyposa\u017cenie meblowe.<\/li>\n<\/ul>\n","protected":false},"excerpt":{"rendered":"<p>Rada Instytutu\u00a0 &nbsp; 22 pa\u017adziernika 2003r. odby\u0142o si\u0119 posiedzenie Rady Naukowej Instytutu, na kt\u00f3rej g\u0142osowano w sprawie wszcz\u0119cia 6. przewod\u00f3w doktorskich i wyznaczenia promotor\u00f3w: mgr in\u017c. Julita Czopor promotor: prof. M. Rybaczuk mgr in\u017c. Dorota Aniszewska promotor: prof. M. Rybaczuk mgr in\u017c. El\u017cbieta Gabry\u015b promotor: prof. M. Rybaczuk mgr in\u017c. \u0141ukasz Maciejewski promotor: prof. W. &hellip; <a href=\"https:\/\/kmim.wm.pwr.edu.pl\/immt\/aktualnosci\/biuletyn-i-19\/biuletyn-9-od-01-x-2003-do-30-iv-2004\/\" class=\"more-link\">Czytaj dalej <span class=\"screen-reader-text\">Biuletyn I-19 Nr 9 od 01.X.2003 do 30.IV.2004<\/span> <span class=\"meta-nav\">&rarr;<\/span><\/a><\/p>\n","protected":false},"author":1,"featured_media":0,"parent":1470,"menu_order":0,"comment_status":"closed","ping_status":"closed","template":"","meta":{"ngg_post_thumbnail":0,"footnotes":""},"class_list":["post-1478","page","type-page","status-publish","hentry"],"publishpress_future_action":{"enabled":false,"date":"2026-04-26 23:38:36","action":"change-status","newStatus":"draft","terms":[],"taxonomy":"language","extraData":[]},"publishpress_future_workflow_manual_trigger":{"enabledWorkflows":[]},"_links":{"self":[{"href":"https:\/\/kmim.wm.pwr.edu.pl\/immt\/wp-json\/wp\/v2\/pages\/1478","targetHints":{"allow":["GET"]}}],"collection":[{"href":"https:\/\/kmim.wm.pwr.edu.pl\/immt\/wp-json\/wp\/v2\/pages"}],"about":[{"href":"https:\/\/kmim.wm.pwr.edu.pl\/immt\/wp-json\/wp\/v2\/types\/page"}],"author":[{"embeddable":true,"href":"https:\/\/kmim.wm.pwr.edu.pl\/immt\/wp-json\/wp\/v2\/users\/1"}],"replies":[{"embeddable":true,"href":"https:\/\/kmim.wm.pwr.edu.pl\/immt\/wp-json\/wp\/v2\/comments?post=1478"}],"version-history":[{"count":5,"href":"https:\/\/kmim.wm.pwr.edu.pl\/immt\/wp-json\/wp\/v2\/pages\/1478\/revisions"}],"predecessor-version":[{"id":2718,"href":"https:\/\/kmim.wm.pwr.edu.pl\/immt\/wp-json\/wp\/v2\/pages\/1478\/revisions\/2718"}],"up":[{"embeddable":true,"href":"https:\/\/kmim.wm.pwr.edu.pl\/immt\/wp-json\/wp\/v2\/pages\/1470"}],"wp:attachment":[{"href":"https:\/\/kmim.wm.pwr.edu.pl\/immt\/wp-json\/wp\/v2\/media?parent=1478"}],"curies":[{"name":"wp","href":"https:\/\/api.w.org\/{rel}","templated":true}]}}