{"id":1479,"date":"1999-11-15T10:06:39","date_gmt":"1999-11-15T09:06:39","guid":{"rendered":"http:\/\/kmim.wm.pwr.edu.pl\/immt\/biuletyn-i-19-nr-1-od-1-pazdziernika-do-15-listopada-1999\/"},"modified":"2014-11-02T12:22:36","modified_gmt":"2014-11-02T11:22:36","slug":"biuletyn-i-19-nr-1-od-1-pazdziernika-do-15-listopada-1999","status":"publish","type":"page","link":"https:\/\/kmim.wm.pwr.edu.pl\/immt\/aktualnosci\/biuletyn-i-19\/biuletyn-i-19-nr-1-od-1-pazdziernika-do-15-listopada-1999\/","title":{"rendered":"Biuletyn I-19 Nr 1 od 1 pa\u017adziernika do 15 listopada 1999"},"content":{"rendered":"<h2>Rada Instytutu<\/h2>\n<p>13 pa\u017adziernika 99 r. odby\u0142o si\u0119 posiedzenie Rady Naukowej. Jej tematem by\u0142a informacja o realizacji temat\u00f3w badawczych finansowanych z funduszu na dzia\u0142alno\u015b\u0107 statutow\u0105 otwartych w 1998r. i aneksowanych w roku 1999.<\/p>\n<p>Pozytywnie zaopiniowano wniosek mgr in\u017c. Przemys\u0142awa STR\u00d3\u017bYKA o wszcz\u0119cie przewodu doktorskiego w dyscyplinie Mechanika na temat: Rola fluorku sodu w zmianach w\u0142a\u015bciwo\u015bci mechanicznych ko\u015bci. Na promotora wyznaczono prof. dra hab. in\u017c. Romualda B\u0118DZI\u0143SKIEGO.<\/p>\n<p>18 listopada 99 r. odby\u0142o si\u0119 w Instytucie posiedzenie Komisji Rady Wydzia\u0142u Mechanicznego ds. przewod\u00f3w doktorskich w dyscyplinie Mechanika.<\/p>\n<p>Przyj\u0119to i dopuszczono do publicznej obrony prac\u0119 doktorsk\u0105 mgr in\u017c. Wojciecha B\u0141A\u017bEJEWSKIEGO pt. Wp\u0142yw struktury nawijania w\u0142\u00f3kna na wytrzyma\u0142o\u015b\u0107 element\u00f3w walcowych wykonanych z kompozytu epoksydowo-szklanego.<br \/>\nPromotor: dr hab. in\u017c. Rados\u0142aw IWANKIEWICZ, prof. nadzw. PWr. Obrona zosta\u0142a wyznaczona na 3 grudnia 1999 r.<\/p>\n<h2>Sprawy osobowe i organizacyjne<\/h2>\n<ul>\n<li>Od 1 pa\u017adziernika 1999 r. Zak\u0142ad Dynamiki powi\u0119kszy\u0142 si\u0119 o Pracowni\u0119 Recyklingu Tworzyw Sztucznych i nowych pracownik\u00f3w. S\u0105 to:<\/li>\n<li>dr in\u017c. Anna KOZ\u0141OWSKA<\/li>\n<li>dr in\u017c. Marek KOZ\u0141OWSKI<\/li>\n<\/ul>\n<p><dir>doktoranci:<\/dir><\/p>\n<ul>\n<li>mgr in\u017c. Przemys\u0142aw OLSZY\u0143SKI<\/li>\n<li>mgr in\u017c. Izabela LACH<\/li>\n<li>Zatrudniona zosta\u0142a:<\/li>\n<li>mgr in\u017c. Monika CZAS\u0141AWSKA<\/li>\n<\/ul>\n<p><dir>oraz asystent sta\u017cysta Mariusz KRYG student V roku<\/dir><\/p>\n<ul>\n<li>Przybyli nowi doktoranci:<\/li>\n<li>mgr in\u017c. Pawe\u0142 CHMIELARCZYK<\/li>\n<\/ul>\n<p><dir><dir>(promotor: dr hab. in\u017c. Jerzy KALETA)<\/dir><\/dir><\/p>\n<ul>\n<li>mgr in\u017c. El\u017cbieta GABRY\u015a<\/li>\n<\/ul>\n<p><dir><dir>(promotor: dr hab. in\u017c. Marek RYBACZUK)<\/dir><\/dir><\/p>\n<ul>\n<li>Na zebraniu 8 listopada 99 r. Vice-Przewodnicz\u0105cym Przedstawicielstwa Pracowniczego PWr. wybrano Pana Czes\u0142awa CZURY\u0141\u0118 gratulujemy.<\/li>\n<li>Z okazji \u015awi\u0119ta Politechniki Wroc\u0142awskiej za osi\u0105gni\u0119cia w dzia\u0142alno\u015bci zawodowej zostali uhonorowani:<\/li>\n<\/ul>\n<ol>\n<li>Medalem Edukacji Narodowej:\n<ul>\n<li>dr in\u017c. Tadeusz GRZEGORZEWICZ<\/li>\n<\/ul>\n<\/li>\n<li>Z\u0142otymi Odznakami Politechniki Wroc\u0142awskiej:\n<ul>\n<li>dr in\u017c. Leszek KORUSIEWICZ<\/li>\n<li>dr in\u017c. Jan STASIE\u0143KO<\/li>\n<li>dr in\u017c. Wies\u0142aw \u015aR\u00d3DKA<\/li>\n<li>dr in\u017c. Gra\u017cyna ZI\u0118TEK<\/li>\n<\/ul>\n<\/li>\n<li>Nagrodami Rektora:\n<ul>\n<li>dr hab. in\u017c. Jerzy KALETA<\/li>\n<li>dr in\u017c. Jan KA\u0141WAK<\/li>\n<li>dr in\u017c. Grzegorz P\u0118KALSKI<\/li>\n<li>dr in\u017c. Stanis\u0142aw PIESIAK<\/li>\n<li>dr in\u017c. Andrzej PSZONKA<\/li>\n<\/ul>\n<\/li>\n<li>Nagrod\u0105 Dziekana:\n<ul>\n<li>dr in\u017c. Tadeusz GRZEGORZEWICZ<\/li>\n<\/ul>\n<\/li>\n<li>Nagrodami Dyrektora Instytutu:\n<ul>\n<li>mgr in\u017c. Bogdan BANA\u015a<\/li>\n<li>mgr in\u017c. Karol BARANOWSKI<\/li>\n<li>Czes\u0142aw CZURY\u0141O<\/li>\n<li>mgr Gra\u017cyna KO\u0143CZAL<\/li>\n<li>Jan OR\u0141OWSKI<\/li>\n<li>Gra\u017cyna PIERZCHA\u0141A<\/li>\n<li>Teresa PTAK<\/li>\n<li>mgr in\u017c. Edward WICZKOWSKI<\/li>\n<\/ul>\n<\/li>\n<\/ol>\n<p>Podczas uroczystej inauguracji roku akademickiego wr\u0119czono nagrody najlepszym absolwentom Politechniki Wroc\u0142awskiej w roku akademickim 1998\/99. Laureatami zostali mi\u0119dzy innymi absolwenci Wydzia\u0142u Mechanicz nego i Indywidualnego Toku Studi\u00f3w. S\u0105 to: Przemys\u0142aw MOCZKO i Tomasz WOJTASIK.<br \/>\nSerdecznie gratulujemy<\/p>\n<h2>Dzia\u0142alno\u015b\u0107 naukowo-badawcza<\/h2>\n<p>Aktualnie realizowane s\u0105 3 granty:<\/p>\n<ol type=\"A\">\n<li>GRANT KBN\n<ol>\n<li>Uk\u0142ady mechaniczne i materia\u0142y poddane losowym obci\u0105\u017ceniom impulsowym rozw\u00f3j metod dynamiki stochastycznej identyfikacji uk\u0142ad\u00f3w oraz bada\u0144 materia\u0142\u00f3w kierowany przez dra hab. in\u017c. Macieja KULISIEWICZA, prof. nadzw.PWr.<\/li>\n<li>Nieniszcz\u0105ce diagnozowanie ferromagnetyk\u00f3w obci\u0105\u017conych zm\u0119czeniowo kierowany przez dra hab. in\u017c. Jerzego KALET\u0118.<\/li>\n<\/ol>\n<\/li>\n<li>GRANT Phare Fundacja na rzecz Nauki Polskiej\n<ol>\n<li>Fraktalne modele proces\u00f3w wzrostu i fizjologii wybranych uk\u0142ad\u00f3w naczyniowych m\u00f3zgu dra hab. in\u017c. Marka RYBACZUKA.<\/li>\n<\/ol>\n<\/li>\n<\/ol>\n<ul>\n<li>Od 1 pa\u017adziernika do 15 listopada 1999r. wp\u0142yn\u0119\u0142o 16 zlece\u0144 drobnych (wszystkie do Zak\u0142adu Materia\u0142oznawstwa).<\/li>\n<\/ul>\n<p>W tym samym okresie wystawiono faktury do 17 zlece\u0144 drobnych.<\/p>\n<ul>\n<li>Prowadzone s\u0105 prace w zakresie projektowania, wytwarzania i bada\u0144 kompozyt\u00f3w polimerowych.<\/li>\n<\/ul>\n<p>Na zlecenie TU Drezno opracowywana jest technologia wytwarzania nawijanych rur epoksydowo-szklanych wg programowanych struktur. Wykonano rury pr\u00f3bne oraz prowadzi si\u0119 badania ci\u015bnieniowe.<\/p>\n<p>Trwaj\u0105 r\u00f3wnie\u017c badania rur z kompozyt\u00f3w epoksydowo-szklanych (skr\u0119canie, zginanie, \u015bciskanie) na zlecenie Zak\u0142adu Do\u015bwiadczalnego III w Mi\u0119dzylesiu.<\/p>\n<ul>\n<li>Instytut wyst\u0105pi\u0142 do Zak\u0142ad\u00f3w Volkswagen Motor Polska Polkowice z ofert\u0105 przeprowadzenia kurs\u00f3w szkoleniowych z zakresu materia\u0142oznawstwa i badania w\u0142a\u015bciwo\u015bci mechanicznych materia\u0142\u00f3w stosowanych do budowy silnik\u00f3w wysokopr\u0119\u017cnych.<\/li>\n<\/ul>\n<p><dir>Podobne oferty s\u0105 przygotowywane dla zak\u0142ad\u00f3w Amica Wronki oraz Polar Wroc\u0142aw.<\/dir>&nbsp;<\/p>\n<h2>Wsp\u00f3\u0142praca z zagranic\u0105<\/h2>\n<ol>\n<li>Od 25 pa\u017adziernika do 21 grudnia 1999r. przebywa w naszym Instytucie dr Olesander CYRULNYK z FMI VAN ze Lwowa (Ukraina). W czasie wizyty wyg\u0142osi cykl wyk\u0142ad\u00f3w oraz kontynuowa\u0107 b\u0119dzie badania z zakresu mechaniki p\u0119kania.<\/li>\n<li>Od 20 do 26 pa\u017adziernika 1999r. dr in\u017c. Mieczys\u0142aw SZATA i dr in\u017c. Stanis\u0142aw PIESIAK przebywali w Uniwersytecie Technicznym w CLUJ-NOPOCA (Rumunia). Byli go\u015b\u0107mi prof. Radu ORBANA Kierownika Katedry Materia\u0142oznawstwa i Technologii Materia\u0142\u00f3w. Pobyt by\u0142 rewizyt\u0105 go\u015bcie z Rumunii przebywali w naszym Instytucie w ubieg\u0142ym roku. Wsp\u00f3\u0142praca mi\u0119dzy naszymi jednostkami prowadzona jest zgodnie z umow\u0105, w ramach kt\u00f3rej przygotowywane s\u0105 wsp\u00f3lne aplikacje o granty europejskie.<\/li>\n<li>Od 03 do 07 listopada 1999r. przebywali w naszym Instytucie go\u015bcie z Uniwersytetu SIEGEN (Niemcy); prof. H. J. CHRIST, dr U. KRUPP oraz dipl. Ing. P. LEZUO. Na seminarium 4 listopada 99 r. przedstawili informacj\u0119 o dzia\u0142alno\u015bci badawczej swojego Instytutu (Institut f\u00fcr Werkstofftechnik) oraz wyg\u0142osili w j\u0119zyku angielskim nast\u0119puj\u0105ce referaty:\n<ul>\n<li>Korozja wysokotemperaturowa, azotowanie stop\u00f3w na bazie niklu.<\/li>\n<li>Por\u00f3wnanie izoterm i w\u0142asno\u015bci w zakresie zm\u0119czenia cieplno &#8211; mechanicznego w odniesieniu do materia\u0142\u00f3w \u017caroodpornych.<\/li>\n<li>Przemiana martenzytyczna indukowana odkszta\u0142ceniem plastycznym:.<\/li>\n<\/ul>\n<\/li>\n<li>Od 13 do 17 listopada 99r. przebywali w naszej Uczelni &#8211; na wniosek mi\u0119dzy innymi naszego Instytutu &#8211; REKTOR Uniwersytetu w Karlsruhe (Niemcy) prof. Sigmar WITTIG oraz prof. G\u00fcnter ERNST. Go\u015bcie brali udzia\u0142 w obchodach \u015awi\u0119ta Politechniki Wroc\u0142awskiej oraz uczestniczyli w uroczystym podpisaniu protoko\u0142u wykonawczego do umowy o wsp\u00f3\u0142pracy mi\u0119dzy naszymi uczelniami.<\/li>\n<\/ol>\n<p>Aktualnie realizowane s\u0105 w Instytucie 3 mi\u0119dzynarodowe projekty badawcze z trzema o\u015brodkami zagranicznymi:<\/p>\n<ol>\n<li>Modele teoretyczne i empiryczne zm\u0119czenia materia\u0142\u00f3w i do\u015bwiadczalne metody ich weryfikacji Lw\u00f3w (Ukraina).<\/li>\n<li>Przemiana martenzytyczna indukowana odkszta\u0142ceniem Siegen (Niemcy).<\/li>\n<li>Zastosowanie pomiar\u00f3w pola magnetycznego i temperatury w celu badania w\u0142asno\u015bci zm\u0119czeniowych Essen (Niemcy).<\/li>\n<\/ol>\n<h2>Dydaktyka<\/h2>\n<ul>\n<li>Sala dydaktyczna 204a w Zak\u0142adzie Materia\u0142oznawstwa zosta\u0142a przystosowana do obs\u0142ugi procesu dydaktycznego: \u0106wiczenia Laboratoryjne z Materia\u0142oznawstwa, w systemie komputerowym pracuj\u0105cym w sieci lokalnej.<\/li>\n<li>Przygotowano autorski program umo\u017cliwiaj\u0105cy interaktywne korzystanie z systemu przez student\u00f3w prowadz\u0105cych obserwacje mikroskopowe.<\/li>\n<li>Przygotowano 6 stanowisk wykorzystuj\u0105c aktualnie nie u\u017cywane komputery PC 386\/PS.<\/li>\n<li>Planowane jest (po uzyskaniu \u015brodk\u00f3w finansowych na zakup komputer\u00f3w) rozszerzenie lokalnej sieci komputerowej na pozosta\u0142e 2 sale do zaj\u0119\u0107 laboratoryjnych,<\/li>\n<\/ul>\n<h2>Inwestycje i remonty<\/h2>\n<ul>\n<li>Zako\u0144czony zosta\u0142 remont daszku przybud\u00f3wki nad Laboratorium Dynamiki,<br \/>\n<a href=\"http:\/\/kmim.wm.pwr.edu.pl\/immt\/wp-content\/uploads\/sites\/58\/1999\/11\/dach2.jpg\"><img loading=\"lazy\" decoding=\"async\" class=\"aligncenter size-full wp-image-1551\" src=\"http:\/\/kmim.wm.pwr.edu.pl\/immt\/wp-content\/uploads\/sites\/58\/1999\/11\/dach2.jpg\" alt=\"dach2\" width=\"729\" height=\"476\" srcset=\"https:\/\/kmim.wm.pwr.edu.pl\/immt\/wp-content\/uploads\/sites\/58\/1999\/11\/dach2.jpg 729w, https:\/\/kmim.wm.pwr.edu.pl\/immt\/wp-content\/uploads\/sites\/58\/1999\/11\/dach2-300x195.jpg 300w\" sizes=\"auto, (max-width: 729px) 100vw, 729px\" \/><\/a><\/li>\n<li>Jeszcze w grudniu br. b\u0119dzie zako\u0144czony remont sali dydaktycznej 208 dla potrzeb Zak\u0142adu Materia\u0142oznawstwa,<\/li>\n<li>W najbli\u017cszym czasie czeka nas:<\/li>\n<li>remont szatni i portierni w budynku B-1,<\/li>\n<li>kompleksowa wymiana instalacji elektrycznej i modernizacja o\u015bwietlenia w pomieszczeniach Zak\u0142adu Materia\u0142oznawstwa,<\/li>\n<li>remont pomieszcze\u0144 209 oraz 207a i b.<\/li>\n<\/ul>\n<h2>Zakupy aparaturowe i oprogramowania<\/h2>\n<ul>\n<li>Zakupiono program PB Quant do mikroskopu <a href=\"http:\/\/www.jeol.com\/\" target=\"_top\">JEOL<\/a> oraz komputer Pentium III 450.<\/li>\n<li>Dzi\u0119ki dofinansowaniu z KBN otrzymali\u015bmy now\u0105 wersj\u0119 programu <a href=\"http:\/\/www.wolfram.com\" target=\"_top\">MATHEMATICA<\/a> wersja 4.<\/li>\n<li>Przed\u0142u\u017cona zosta\u0142a licencja na system <a href=\"http:\/\/www.mathworks.com\/\" target=\"_top\">MATLAB<\/a> wersja 5.3.<\/li>\n<li>Otrzymali\u015bmy najnowsz\u0105 wersj\u0119 (1.1) pakietu <a href=\"1999:\/\/www.femlab.com\/\" target=\"_top\">FEMLAB<\/a>.<\/li>\n<\/ul>\n","protected":false},"excerpt":{"rendered":"<p>Rada Instytutu 13 pa\u017adziernika 99 r. odby\u0142o si\u0119 posiedzenie Rady Naukowej. Jej tematem by\u0142a informacja o realizacji temat\u00f3w badawczych finansowanych z funduszu na dzia\u0142alno\u015b\u0107 statutow\u0105 otwartych w 1998r. i aneksowanych w roku 1999. Pozytywnie zaopiniowano wniosek mgr in\u017c. Przemys\u0142awa STR\u00d3\u017bYKA o wszcz\u0119cie przewodu doktorskiego w dyscyplinie Mechanika na temat: Rola fluorku sodu w zmianach w\u0142a\u015bciwo\u015bci &hellip; <a href=\"https:\/\/kmim.wm.pwr.edu.pl\/immt\/aktualnosci\/biuletyn-i-19\/biuletyn-i-19-nr-1-od-1-pazdziernika-do-15-listopada-1999\/\" class=\"more-link\">Czytaj dalej <span class=\"screen-reader-text\">Biuletyn I-19 Nr 1 od 1 pa\u017adziernika do 15 listopada 1999<\/span> <span class=\"meta-nav\">&rarr;<\/span><\/a><\/p>\n","protected":false},"author":1,"featured_media":0,"parent":1470,"menu_order":0,"comment_status":"closed","ping_status":"closed","template":"","meta":{"ngg_post_thumbnail":0,"footnotes":""},"class_list":["post-1479","page","type-page","status-publish","hentry"],"publishpress_future_action":{"enabled":false,"date":"2026-04-24 13:55:16","action":"change-status","newStatus":"draft","terms":[],"taxonomy":"language","extraData":[]},"publishpress_future_workflow_manual_trigger":{"enabledWorkflows":[]},"_links":{"self":[{"href":"https:\/\/kmim.wm.pwr.edu.pl\/immt\/wp-json\/wp\/v2\/pages\/1479","targetHints":{"allow":["GET"]}}],"collection":[{"href":"https:\/\/kmim.wm.pwr.edu.pl\/immt\/wp-json\/wp\/v2\/pages"}],"about":[{"href":"https:\/\/kmim.wm.pwr.edu.pl\/immt\/wp-json\/wp\/v2\/types\/page"}],"author":[{"embeddable":true,"href":"https:\/\/kmim.wm.pwr.edu.pl\/immt\/wp-json\/wp\/v2\/users\/1"}],"replies":[{"embeddable":true,"href":"https:\/\/kmim.wm.pwr.edu.pl\/immt\/wp-json\/wp\/v2\/comments?post=1479"}],"version-history":[{"count":2,"href":"https:\/\/kmim.wm.pwr.edu.pl\/immt\/wp-json\/wp\/v2\/pages\/1479\/revisions"}],"predecessor-version":[{"id":1552,"href":"https:\/\/kmim.wm.pwr.edu.pl\/immt\/wp-json\/wp\/v2\/pages\/1479\/revisions\/1552"}],"up":[{"embeddable":true,"href":"https:\/\/kmim.wm.pwr.edu.pl\/immt\/wp-json\/wp\/v2\/pages\/1470"}],"wp:attachment":[{"href":"https:\/\/kmim.wm.pwr.edu.pl\/immt\/wp-json\/wp\/v2\/media?parent=1479"}],"curies":[{"name":"wp","href":"https:\/\/api.w.org\/{rel}","templated":true}]}}