{"id":1480,"date":"2003-11-27T19:27:48","date_gmt":"2003-11-27T18:27:48","guid":{"rendered":"http:\/\/kmim.wm.pwr.edu.pl\/immt\/2nd-bohemian-saxon-silesian-mechanics-colloquium\/"},"modified":"2014-11-08T16:33:25","modified_gmt":"2014-11-08T15:33:25","slug":"2nd-bohemian-saxon-silesian-mechanics-colloquium","status":"publish","type":"page","link":"https:\/\/kmim.wm.pwr.edu.pl\/immt\/instytut-materialoznawstwa-i-mechaniki-technicznej\/konferencje-organizowane-przez-instytut-materialoznawstwa-i-mechaniki-technicznej\/bohemian-saxon-silesian-mechanics-colloquium\/2nd-bohemian-saxon-silesian-mechanics-colloquium\/","title":{"rendered":"2nd Bohemian-Saxon-Silesian Mechanics-Colloquium"},"content":{"rendered":"<p><a href=\"http:\/\/kmim.wm.pwr.edu.pl\/immt\/wp-content\/uploads\/sites\/58\/2008\/12\/BSS.gif\"><img loading=\"lazy\" decoding=\"async\" class=\"alignright size-full wp-image-1539\" src=\"http:\/\/kmim.wm.pwr.edu.pl\/immt\/wp-content\/uploads\/sites\/58\/2008\/12\/BSS.gif\" alt=\"BSS\" width=\"200\" height=\"200\" \/><\/a>The aim of the &#8222;Bohemian-Saxon-Silesian Mechanics-Colloquium&#8221; is to bring together colleagues to exchange recent scientific results, to provide a forum for young researchers for first presentations and last not least to improve the personal understanding of all colleagues working in the wide field of mechanics of solids and fluids.<\/p>\n<p>Since we live in the heart of Europe it seems to be a good idea to support the unification of neighbouring countries such as the provinces Bohemia, Saxony and Lower Silesia from the Czech Republic, Germany and Poland.<\/p>\n<ul class=\"list-pages-shortcode child-pages\"><li class=\"page_item page-item-2002\"><a href=\"https:\/\/kmim.wm.pwr.edu.pl\/immt\/instytut-materialoznawstwa-i-mechaniki-technicznej\/konferencje-organizowane-przez-instytut-materialoznawstwa-i-mechaniki-technicznej\/bohemian-saxon-silesian-mechanics-colloquium\/2nd-bohemian-saxon-silesian-mechanics-colloquium\/list-of-participants-in-2nd-bohemian-saxon-silesian-mechanics-colloquium\/\">List of Participants in 2nd Bohemian-Saxon-Silesian Mechanics-Colloquium<\/a><\/li>\n<li class=\"page_item page-item-2006\"><a href=\"https:\/\/kmim.wm.pwr.edu.pl\/immt\/instytut-materialoznawstwa-i-mechaniki-technicznej\/konferencje-organizowane-przez-instytut-materialoznawstwa-i-mechaniki-technicznej\/bohemian-saxon-silesian-mechanics-colloquium\/2nd-bohemian-saxon-silesian-mechanics-colloquium\/the-2nd-bohemian-saxon-silesian-mechanics-colloquium-photo-gallery\/\">The 2nd Bohemian Saxon Silesian Mechanics Colloquium: photo gallery<\/a><\/li>\n<\/ul>\n<h3><strong>Organization committee<\/strong><\/h3>\n<p><strong>Fculty of Civil Engineering<\/strong><\/p>\n<p>Institute of Civil Engineering<\/p>\n<p>Prof. dr hab. in\u017c. <em>Pawe\u0142 \u015aniady<\/em> &#8211; dynamics and reliability of mechanics<br \/>\nProf. dr hab. in\u017c. <em>Piotr Kondera<\/em> &#8211; strength of material, numerical methods<br \/>\nProf. dr hab. in\u017c. <em>W\u0142adys\u0142aw Mironowicz<\/em> &#8211; structure dynamics<br \/>\nProf. dr hab. in\u017c. <em>Wojciech Glabisz<\/em> &#8211; numerical methods in mechanics<\/p>\n<p><strong>Faculty of Mechanical Engineering<\/strong><\/p>\n<p>Institute of Material Science and Applied Mechanics<\/p>\n<p>Prof. dr hab. in\u017c. <em>W\u0142odzimierz Dudzi\u0144ski<\/em>\u00a0&#8211; materials science, materials engineering, mechanics<br \/>\nProf. dr hab. in\u017c. <em>Rados\u0142aw Iwankiewicz<\/em> &#8211; mechanics, dynamics<br \/>\nDr hab. in\u017c <em>Jerzy Kaleta<\/em>\u00a0&#8211; mechanics, experimental mechanics, materials strength, fatigue<br \/>\nProf. dr hab. in\u017c. <em>Wac\u0142aw Kasprzak<\/em> &#8211; mechanics, dimensional analysis, dynamics of processes, applied mechanics, computer methods<br \/>\nProf. dr hab. in\u017c. <em>Maciej Kulisiewicz<\/em>\u00a0&#8211; machine dynamics, mechanics<br \/>\nProf. dr hab. in\u017c. <em>Krzysztof Maruszewski<\/em>\u00a0&#8211; biotechnology chemical science<br \/>\nProf. dr hab. in\u017c <em>Marek Rybaczuk<\/em>\u00a0&#8211; physics, mechanics, mathematical modeling<br \/>\nDr hab. <em>Mieczys\u0142aw Szata<\/em>\u00a0&#8211; mechanics, fracture<\/p>\n<p>Institute of Machine Design and Operation<\/p>\n<p>Prof. dr hab. in\u017c. Romuald B\u0119dzi\u0144ski &#8211; mechanics, biomechanics, experimental mechanics<\/p>\n<h3><strong>Program<\/strong><\/h3>\n<p>9:30\u00a0&#8211; 10:15 visit in Panorama of the Battle of Rac\u0142awice<\/p>\n<p>10:45 &#8211; opening session (welcome adresses)<\/p>\n<p>11:00 &#8211; 12:00 first session<\/p>\n<ul>\n<li><em>P. \u015aniady, W. Zielichowski-Haber<\/em> Probabilistic analysis of the structures using SFEM.<\/li>\n<li><em>J. Bomba, J. Kaleta<\/em> Magnetomechanical properties investigation of giant magnetosrtrictive Materials.<\/li>\n<li><em>R. Kuty\u0142owski<\/em> Topology optimization of continuum structure.<\/li>\n<li><em>M. Rybaczuk, J. Czopor<\/em> Applications of Movable Cellular Automata theory<\/li>\n<\/ul>\n<p>12:00\u00a0&#8211; 12:30 coffee break<\/p>\n<p>12:30\u00a0&#8211; 13:15 second session<\/p>\n<ul>\n<li><em>J. Kaleta, D. Lewandowski, P. Zaj\u0105c<\/em> Magnetorheological composites &#8211; testing, properties and modeling.<\/li>\n<li><em>D. Bryja<\/em> Different damping models in forced vibration problem of multi-span suspension bridges.<\/li>\n<li><em>\u0141. Maciejewski, W. Myszka<\/em> Collaboratory.<\/li>\n<\/ul>\n<p>13:15\u00a0&#8211; 13:30 conclusion<\/p>\n<p>14:00 lunch<\/p>\n","protected":false},"excerpt":{"rendered":"<p>The aim of the &#8222;Bohemian-Saxon-Silesian Mechanics-Colloquium&#8221; is to bring together colleagues to exchange recent scientific results, to provide a forum for young researchers for first presentations and last not least to improve the personal understanding of all colleagues working in the wide field of mechanics of solids and fluids. Since we live in the heart &hellip; <a href=\"https:\/\/kmim.wm.pwr.edu.pl\/immt\/instytut-materialoznawstwa-i-mechaniki-technicznej\/konferencje-organizowane-przez-instytut-materialoznawstwa-i-mechaniki-technicznej\/bohemian-saxon-silesian-mechanics-colloquium\/2nd-bohemian-saxon-silesian-mechanics-colloquium\/\" class=\"more-link\">Czytaj dalej <span class=\"screen-reader-text\">2nd Bohemian-Saxon-Silesian Mechanics-Colloquium<\/span> <span class=\"meta-nav\">&rarr;<\/span><\/a><\/p>\n","protected":false},"author":1,"featured_media":0,"parent":1463,"menu_order":0,"comment_status":"closed","ping_status":"closed","template":"","meta":{"ngg_post_thumbnail":0,"footnotes":""},"class_list":["post-1480","page","type-page","status-publish","hentry"],"publishpress_future_action":{"enabled":false,"date":"2026-04-27 13:11:39","action":"change-status","newStatus":"draft","terms":[],"taxonomy":"language","extraData":[]},"publishpress_future_workflow_manual_trigger":{"enabledWorkflows":[]},"_links":{"self":[{"href":"https:\/\/kmim.wm.pwr.edu.pl\/immt\/wp-json\/wp\/v2\/pages\/1480","targetHints":{"allow":["GET"]}}],"collection":[{"href":"https:\/\/kmim.wm.pwr.edu.pl\/immt\/wp-json\/wp\/v2\/pages"}],"about":[{"href":"https:\/\/kmim.wm.pwr.edu.pl\/immt\/wp-json\/wp\/v2\/types\/page"}],"author":[{"embeddable":true,"href":"https:\/\/kmim.wm.pwr.edu.pl\/immt\/wp-json\/wp\/v2\/users\/1"}],"replies":[{"embeddable":true,"href":"https:\/\/kmim.wm.pwr.edu.pl\/immt\/wp-json\/wp\/v2\/comments?post=1480"}],"version-history":[{"count":5,"href":"https:\/\/kmim.wm.pwr.edu.pl\/immt\/wp-json\/wp\/v2\/pages\/1480\/revisions"}],"predecessor-version":[{"id":2094,"href":"https:\/\/kmim.wm.pwr.edu.pl\/immt\/wp-json\/wp\/v2\/pages\/1480\/revisions\/2094"}],"up":[{"embeddable":true,"href":"https:\/\/kmim.wm.pwr.edu.pl\/immt\/wp-json\/wp\/v2\/pages\/1463"}],"wp:attachment":[{"href":"https:\/\/kmim.wm.pwr.edu.pl\/immt\/wp-json\/wp\/v2\/media?parent=1480"}],"curies":[{"name":"wp","href":"https:\/\/api.w.org\/{rel}","templated":true}]}}