{"id":1484,"date":"2006-06-16T08:01:50","date_gmt":"2006-06-16T06:01:50","guid":{"rendered":"http:\/\/kmim.wm.pwr.edu.pl\/immt\/7th-mechanics-colloquium\/"},"modified":"2014-11-17T20:35:55","modified_gmt":"2014-11-17T19:35:55","slug":"7th-mechanics-colloquium","status":"publish","type":"page","link":"https:\/\/kmim.wm.pwr.edu.pl\/immt\/instytut-materialoznawstwa-i-mechaniki-technicznej\/konferencje-organizowane-przez-instytut-materialoznawstwa-i-mechaniki-technicznej\/bohemian-saxon-silesian-mechanics-colloquium\/7th-mechanics-colloquium\/","title":{"rendered":"7th Mechanics Colloquium"},"content":{"rendered":"<p><a href=\"http:\/\/kmim.wm.pwr.edu.pl\/immt\/wp-content\/uploads\/sites\/58\/2008\/12\/BSS.gif\"><img loading=\"lazy\" decoding=\"async\" class=\"alignright size-full wp-image-1539\" src=\"http:\/\/kmim.wm.pwr.edu.pl\/immt\/wp-content\/uploads\/sites\/58\/2008\/12\/BSS.gif\" alt=\"BSS\" width=\"200\" height=\"200\" \/><\/a><\/p>\n<h4>Organization Committee<\/h4>\n<p>Faculty of Civil Engineering<br \/>\nInstitute of Civil Engineering<\/p>\n<ul>\n<li>Prof. dr hab. in\u017c. Pawe\u0142 \u015aniady (dynamics and reliability of mechanics)<\/li>\n<li>Prof. dr hab. in\u017c. Piotr Kondera (strength of material, numerical methods)<\/li>\n<li>Prof. dr hab. in\u017c. W\u0142adys\u0142aw Mironowicz (structure dynamics)<\/li>\n<li>Prof. dr hab. in\u017c. Wojciech Glabisz (numerical methods in mechanics)<\/li>\n<li>Dr hab. in\u017c. Zbigniew W\u00f3jcicki (dynamics)<\/li>\n<li>Dr in\u017c. Danuta Bryja (dynamics)<\/li>\n<li>Dr in\u017c. Ryszard Kuty\u0142owski (numerical methods in mechanics)<\/li>\n<li>Dr in\u017c. Kazimierz My\u015blecki (numerical methods in mechanics)<\/li>\n<\/ul>\n<p>Faculty of Mechanical Engineering<br \/>\nInstitute of Material Science and Applied Mechanics<\/p>\n<ul>\n<li>Prof. dr hab. in\u017c. W\u0142odzimierz Dudzi\u0144ski (materials science, materials engineering, mechanics)<\/li>\n<li>Prof. dr hab. in\u017c. Rados\u0142aw Iwankiewicz (mechanics, dynamics)<\/li>\n<li>Dr hab.in\u017c Jerzy Kaleta (mechanics, experimental mechanics, materials strength, fatigue)<\/li>\n<li>Prof. dr hab. in\u017c. Wac\u0142aw Kasprzak (mechanics, dimensional analysis, dynamics of processes, applied mechanics, computer methods)<\/li>\n<li>Prof. dr hab. in\u017c. Maciej Kulisiewicz (machine dynamics, mechanics)<\/li>\n<li>Prof. dr hab. in\u017c. Krzysztof Maruszewski (biotechnology, chemical science)<\/li>\n<li>Prof. dr hab. in\u017c. Marek Rybaczuk (physics, mechanics, mathematical modeling)<\/li>\n<li>Dr hab. Mieczys\u0142aw Szata (mechanics, fracture)<\/li>\n<\/ul>\n<p>Institute of Machine Design and Operation<\/p>\n<ul>\n<li>Prof. dr hab. in\u017c. Romuald B\u0119dzi\u0144ski (mechanics, biomechanics, experimental mechanics)<\/li>\n<\/ul>\n<h4>Program<\/h4>\n<p>9:00&#8211;10:00 cofee and sandwiches<br \/>\n10:00 opening session (<a href=\"http:\/\/kmim.wm.pwr.edu.pl\/immt\/wp-content\/uploads\/sites\/58\/2006\/06\/WUT_presentation.pdf\">welcome adresses<\/a>)<br \/>\n10:15 &#8212; 11:15 first session<\/p>\n<ul>\n<li>Jerzy Kaleta, <span style=\"font-weight: bold;\">Daniel Lewandowski<\/span>, Gra\u017cyna Zi\u0119tek\u00a0<a href=\"http:\/\/kmim.wm.pwr.edu.pl\/immt\/wp-content\/uploads\/sites\/58\/2006\/06\/Lewandowski_Kaleta_Zietek.pdf\">Damping properties of magnetorheological composites. Tests, models, identification<\/a><\/li>\n<li><span style=\"font-weight: bold;\">Dorota Aniszewska<\/span>, Marek Rybaczuk\u00a0<a href=\"http:\/\/kmim.wm.pwr.edu.pl\/immt\/wp-content\/uploads\/sites\/58\/2006\/06\/Aniszewska_Rybaczuk.pdf\">Fractal models of defects growth in materials<\/a><\/li>\n<li><span style=\"font-weight: bold;\">Micha\u0142 Szcze\u015bniak<\/span>\u00a0<a href=\"http:\/\/kmim.wm.pwr.edu.pl\/immt\/wp-content\/uploads\/sites\/58\/2006\/06\/Konderla_szczesniak1.pdf\">Numerical Modelling of Heterogenous Composite Material<\/a><\/li>\n<li><span style=\"font-weight: bold;\">El\u017cbieta Gabry\u015b<\/span>, Marek Rybaczuk\u00a0<a href=\"http:\/\/kmim.wm.pwr.edu.pl\/immt\/wp-content\/uploads\/sites\/58\/2006\/06\/Gabrys_Rybaczuk.pdf\">Blood flow simulation for human circulatory system<\/a><\/li>\n<\/ul>\n<p>11:15 &#8212; 11:45 coffee break<br \/>\n11:45 &#8212; 12:45 second session<\/p>\n<ul>\n<li>Jacek Grosel, <span style=\"font-weight: bold;\">Zbigniew W\u00f3jcicki<\/span>\u00a0<a href=\"http:\/\/kmim.wm.pwr.edu.pl\/immt\/wp-content\/uploads\/sites\/58\/2006\/06\/Grosel_Wojcicki.pdf\">Horizontal parametric resonant vibration of suspension footbridges<\/a><\/li>\n<li><span style=\"font-weight: bold;\">Piotr Koszela<\/span>\u00a0<a href=\"http:\/\/kmim.wm.pwr.edu.pl\/immt\/wp-content\/uploads\/sites\/58\/2006\/06\/Koszela.pdf\">Identification of chaos phenomenon in mechanics of construction problems<\/a><\/li>\n<li><span style=\"font-weight: bold;\">\u0141ukasz Maciejewski<\/span>, Wojciech Myszka\u00a0<a href=\"http:\/\/kmim.wm.pwr.edu.pl\/immt\/wp-content\/uploads\/sites\/58\/2006\/06\/Maciejewski_Myszka_Zietek.pdf\">Application of an evolution algorithm and cluster computing for parameters identification of the Friderick Armstrong&#8217;s material model<\/a><\/li>\n<\/ul>\n<p>12:30 &#8212; 12:45 conclusion<br \/>\n13:00 &#8212; 13:30 visit in laboratory<\/p>\n<p>13:30 <span style=\"font-weight: bold;\">lunch<\/span><\/p>\n<p>All lectures are in the Wroclaw Center of Technology Transfer (B11) ul. Smoluchowskiego 48<\/p>\n<p>No fees have to be paid for the Mechanics Colloquium.<\/p>\n<p>Wroclaw University of Technology<br \/>\nInstitute of Materials Science and Applied Mechanics<br \/>\nWybrzeze Wyspianskiego 27<br \/>\n50-370 Wroclaw, POLAND<\/p>\n<p>Tel.: (0048)713203426 (0048)713202766<br \/>\nFax: (0048)713211235<\/p>\n<p>email: &#106;&#x65;&#x72;z&#121;&#x2e;k&#97;&#x6c;&#x65;t&#97;&#x40;p&#119;&#x72;&#x2e;w&#114;&#x6f;c&#46;&#x70;&#x6c;<br \/>\n&#x6a;&#x75;&#x6c;&#x69;&#x74;&#x61;&#46;&#99;&#122;&#111;por&#64;&#x70;&#x77;&#x72;&#x2e;&#x77;&#x72;&#111;&#99;&#46;&#112;&#108;<\/p>\n<p><a title=\"BSS Wroc\u0142aw: gallery\" href=\"http:\/\/kmim.wm.pwr.edu.pl\/immt\/instytut-materialoznawstwa-i-mechaniki-technicznej\/konferencje-organizowane-przez-instytut-materialoznawstwa-i-mechaniki-technicznej\/bohemian-saxon-silesian-mechanics-colloquium\/7th-mechanics-colloquium\/bss-wroclaw-gallery\/\">Photo-gallery<\/a><\/p>\n","protected":false},"excerpt":{"rendered":"<p>Organization Committee Faculty of Civil Engineering Institute of Civil Engineering Prof. dr hab. in\u017c. Pawe\u0142 \u015aniady (dynamics and reliability of mechanics) Prof. dr hab. in\u017c. Piotr Kondera (strength of material, numerical methods) Prof. dr hab. in\u017c. W\u0142adys\u0142aw Mironowicz (structure dynamics) Prof. dr hab. in\u017c. Wojciech Glabisz (numerical methods in mechanics) Dr hab. in\u017c. Zbigniew W\u00f3jcicki &hellip; <a href=\"https:\/\/kmim.wm.pwr.edu.pl\/immt\/instytut-materialoznawstwa-i-mechaniki-technicznej\/konferencje-organizowane-przez-instytut-materialoznawstwa-i-mechaniki-technicznej\/bohemian-saxon-silesian-mechanics-colloquium\/7th-mechanics-colloquium\/\" class=\"more-link\">Czytaj dalej <span class=\"screen-reader-text\">7th Mechanics Colloquium<\/span> <span class=\"meta-nav\">&rarr;<\/span><\/a><\/p>\n","protected":false},"author":1,"featured_media":0,"parent":1463,"menu_order":0,"comment_status":"closed","ping_status":"closed","template":"","meta":{"ngg_post_thumbnail":0,"footnotes":""},"class_list":["post-1484","page","type-page","status-publish","hentry"],"publishpress_future_action":{"enabled":false,"date":"2026-04-16 15:04:44","action":"change-status","newStatus":"draft","terms":[],"taxonomy":"language","extraData":[]},"publishpress_future_workflow_manual_trigger":{"enabledWorkflows":[]},"_links":{"self":[{"href":"https:\/\/kmim.wm.pwr.edu.pl\/immt\/wp-json\/wp\/v2\/pages\/1484","targetHints":{"allow":["GET"]}}],"collection":[{"href":"https:\/\/kmim.wm.pwr.edu.pl\/immt\/wp-json\/wp\/v2\/pages"}],"about":[{"href":"https:\/\/kmim.wm.pwr.edu.pl\/immt\/wp-json\/wp\/v2\/types\/page"}],"author":[{"embeddable":true,"href":"https:\/\/kmim.wm.pwr.edu.pl\/immt\/wp-json\/wp\/v2\/users\/1"}],"replies":[{"embeddable":true,"href":"https:\/\/kmim.wm.pwr.edu.pl\/immt\/wp-json\/wp\/v2\/comments?post=1484"}],"version-history":[{"count":6,"href":"https:\/\/kmim.wm.pwr.edu.pl\/immt\/wp-json\/wp\/v2\/pages\/1484\/revisions"}],"predecessor-version":[{"id":2638,"href":"https:\/\/kmim.wm.pwr.edu.pl\/immt\/wp-json\/wp\/v2\/pages\/1484\/revisions\/2638"}],"up":[{"embeddable":true,"href":"https:\/\/kmim.wm.pwr.edu.pl\/immt\/wp-json\/wp\/v2\/pages\/1463"}],"wp:attachment":[{"href":"https:\/\/kmim.wm.pwr.edu.pl\/immt\/wp-json\/wp\/v2\/media?parent=1484"}],"curies":[{"name":"wp","href":"https:\/\/api.w.org\/{rel}","templated":true}]}}