{"id":1485,"date":"2006-11-21T10:39:33","date_gmt":"2006-11-21T09:39:33","guid":{"rendered":"http:\/\/kmim.wm.pwr.edu.pl\/immt\/8th-mechanics-colloquium\/"},"modified":"2014-11-07T21:59:31","modified_gmt":"2014-11-07T20:59:31","slug":"8th-mechanics-colloquium","status":"publish","type":"page","link":"https:\/\/kmim.wm.pwr.edu.pl\/immt\/instytut-materialoznawstwa-i-mechaniki-technicznej\/konferencje-organizowane-przez-instytut-materialoznawstwa-i-mechaniki-technicznej\/bohemian-saxon-silesian-mechanics-colloquium\/8th-mechanics-colloquium\/","title":{"rendered":"8th Mechanics Colloquium"},"content":{"rendered":"<h4>Personal invitation<\/h4>\n<blockquote><p><a href=\"http:\/\/kmim.wm.pwr.edu.pl\/immt\/wp-content\/uploads\/sites\/58\/2008\/12\/BSS.gif\"><img loading=\"lazy\" decoding=\"async\" class=\"alignright size-full wp-image-1539\" src=\"http:\/\/kmim.wm.pwr.edu.pl\/immt\/wp-content\/uploads\/sites\/58\/2008\/12\/BSS.gif\" alt=\"BSS\" width=\"200\" height=\"200\" \/><\/a>8th Bohemian \u2013 Saxon \u2013 Silesian Mechanics Colloquium is a continuation of already established tradition. The aim is to bring together colleagues of mechanics from neighbouring European regions of Bohemia, Saxony and Lower Silesia. During one day meeting the colleagues-guests should get an overview of CTU research activities.<\/p>\n<div style=\"text-align: left;\">Dear colleagues, I cordially invite you to visit us in Prague.<\/div>\n<p style=\"text-align: right;\">Prof. Michael Val\u00e1\u0161ek<\/p>\n<\/blockquote>\n<h4>Venue<\/h4>\n<p>Historical campus of CTU in Prague, Faculty of Mechanical Engineering at Karlovo n\u00e1m. 13. Subway line B, station \u201eKarlovo n\u00e1m\u011bst\u00ed\u201c<\/p>\n<p><a href=\"http:\/\/www.mapy.cz\/?query=karlovo%20n%C3%A1m%C4%9Bst%C3%AD%2013%20Praha%202&amp;portWidth=934&amp;portHeight=749&amp;zoom=5&amp;mapType=ba%20se&amp;centerX=135549861&amp;centerY=134989697#centerX=133069765@centerY=135912616@typ=hybrid@zoom=15@vizType=none@vizIds=none\" target=\"_blank\">WWW map addres<\/a><\/p>\n<h4>Scientific Program<\/h4>\n<p>09.00-10.00 <span style=\"font-weight: bold;\">Coffee and soup<\/span><br \/>\n10.00-10.15 Prof. Michael Val\u00e1\u0161ek <span style=\"font-style: italic;\">Welcome Address<\/span><br \/>\n10.15-10.30 Valasek, Sika, Vaculin: <span style=\"font-style: italic;\">New Multibody Formalism for Real Time Application<\/span><br \/>\n10.30-10.45 Zavrel, Skopec, Valasek, Steinbauer, Bauma, Sika, Vampola: <span style=\"font-style: italic;\">Redundantly Actuated PKM Sliding Star \u2013 Concept and Control<\/span><br \/>\n10.45-11.00 Benes, Valasek, Sika, Hamrle: <span style=\"font-style: italic;\">Measuring Machine for 6 DOF with Minimized Error Transfer<\/span><br \/>\n11.00-11.30 <span style=\"font-weight: bold;\">Coffee Break<\/span><br \/>\n11.30-11.45 Necas, Valasek: <span style=\"font-style: italic;\">Mechatronic Stiffness of a Beam<\/span><br \/>\n11.45-12.00 Steinbauer, Valasek, Sika: <span style=\"font-style: italic;\">HIL Experiments of Brake Friendly Car Suspension<\/span><br \/>\n12.00-12.15 Vampola: <span style=\"font-style: italic;\">Modeling of Acoustical Characteristics of Human Vocal Tract<\/span><br \/>\n12.15-12.30 <span style=\"font-style: italic;\">Conclusions<\/span><br \/>\n12.30-12.45 <span style=\"font-style: italic;\">Laboratory visit<\/span><br \/>\n13.00-14.00 <span style=\"font-weight: bold;\">Lunch<\/span><br \/>\n14.00-15.00 Discussions, Individual program (Suggested Prague Center visit)<\/p>\n<h4>Registration<\/h4>\n<p>Participants should register till December 4, 2006, preferably via e-mail.<\/p>\n<h4>Contact:<\/h4>\n<p>Prof. Michael Val\u00e1\u0161ek<br \/>\nDept. of Mechanics, Biomechanics and Mechatronics Faculty of Mechanical Engineering<br \/>\nCzech Technical University in Prague<br \/>\nKarlovo n\u00e1m. 13<br \/>\n121 35 Prague 2<br \/>\nTel.: +420 224357361<br \/>\nFax: +420 224916709<br \/>\nE-mail: mechanika AT fs.cvut.cz<br \/>\nWWW: <a href=\"http:\/\/www.mechatronics.cz\/\" target=\"_blank\">http:\/\/www.mechatronics.cz\/<\/a><\/p>\n","protected":false},"excerpt":{"rendered":"<p>Personal invitation 8th Bohemian \u2013 Saxon \u2013 Silesian Mechanics Colloquium is a continuation of already established tradition. The aim is to bring together colleagues of mechanics from neighbouring European regions of Bohemia, Saxony and Lower Silesia. During one day meeting the colleagues-guests should get an overview of CTU research activities. Dear colleagues, I cordially invite &hellip; <a href=\"https:\/\/kmim.wm.pwr.edu.pl\/immt\/instytut-materialoznawstwa-i-mechaniki-technicznej\/konferencje-organizowane-przez-instytut-materialoznawstwa-i-mechaniki-technicznej\/bohemian-saxon-silesian-mechanics-colloquium\/8th-mechanics-colloquium\/\" class=\"more-link\">Czytaj dalej <span class=\"screen-reader-text\">8th Mechanics Colloquium<\/span> <span class=\"meta-nav\">&rarr;<\/span><\/a><\/p>\n","protected":false},"author":1,"featured_media":0,"parent":1463,"menu_order":0,"comment_status":"closed","ping_status":"closed","template":"","meta":{"ngg_post_thumbnail":0,"footnotes":""},"class_list":["post-1485","page","type-page","status-publish","hentry"],"publishpress_future_action":{"enabled":false,"date":"2026-04-30 14:21:10","action":"change-status","newStatus":"draft","terms":[],"taxonomy":"language","extraData":[]},"publishpress_future_workflow_manual_trigger":{"enabledWorkflows":[]},"_links":{"self":[{"href":"https:\/\/kmim.wm.pwr.edu.pl\/immt\/wp-json\/wp\/v2\/pages\/1485","targetHints":{"allow":["GET"]}}],"collection":[{"href":"https:\/\/kmim.wm.pwr.edu.pl\/immt\/wp-json\/wp\/v2\/pages"}],"about":[{"href":"https:\/\/kmim.wm.pwr.edu.pl\/immt\/wp-json\/wp\/v2\/types\/page"}],"author":[{"embeddable":true,"href":"https:\/\/kmim.wm.pwr.edu.pl\/immt\/wp-json\/wp\/v2\/users\/1"}],"replies":[{"embeddable":true,"href":"https:\/\/kmim.wm.pwr.edu.pl\/immt\/wp-json\/wp\/v2\/comments?post=1485"}],"version-history":[{"count":3,"href":"https:\/\/kmim.wm.pwr.edu.pl\/immt\/wp-json\/wp\/v2\/pages\/1485\/revisions"}],"predecessor-version":[{"id":1996,"href":"https:\/\/kmim.wm.pwr.edu.pl\/immt\/wp-json\/wp\/v2\/pages\/1485\/revisions\/1996"}],"up":[{"embeddable":true,"href":"https:\/\/kmim.wm.pwr.edu.pl\/immt\/wp-json\/wp\/v2\/pages\/1463"}],"wp:attachment":[{"href":"https:\/\/kmim.wm.pwr.edu.pl\/immt\/wp-json\/wp\/v2\/media?parent=1485"}],"curies":[{"name":"wp","href":"https:\/\/api.w.org\/{rel}","templated":true}]}}