{"id":1487,"date":"2007-10-04T12:12:29","date_gmt":"2007-10-04T10:12:29","guid":{"rendered":"http:\/\/kmim.wm.pwr.edu.pl\/immt\/10-th-bohemian-saxon-silesian-mechanics-colloquium\/"},"modified":"2014-11-01T22:52:21","modified_gmt":"2014-11-01T21:52:21","slug":"10-th-bohemian-saxon-silesian-mechanics-colloquium","status":"publish","type":"page","link":"https:\/\/kmim.wm.pwr.edu.pl\/immt\/instytut-materialoznawstwa-i-mechaniki-technicznej\/konferencje-organizowane-przez-instytut-materialoznawstwa-i-mechaniki-technicznej\/bohemian-saxon-silesian-mechanics-colloquium\/10-th-bohemian-saxon-silesian-mechanics-colloquium\/","title":{"rendered":"10 th Bohemian &#8211; Saxon &#8211; Silesian Mechanics-Colloquium"},"content":{"rendered":"<p>The 10th Bohemian-Saxon-Silesian Mechanics Colloquium is organized on 20th October 2007 by the Institute of Building Engineering at the University of Zielona G\u00f3ra. <\/p>\n<p>The aim of these scientific meetings is to bring together colleagues from the neighbouring regions of the Czech Republic, Germany and Poland, and to exchange ideas in the field of solid and fluid mechanics. <\/p>\n<p>It is our great pleasure to sincerely invite you to the 10th Bohemian-Saxon-Silesian Mechanics Colloquium which consists of eight lectures on subjects of our research and of the presentation of our Institute in its new building. <\/p>\n<p>On behalf of the Institute <\/p>\n<p>Krzysztof Wilmanski <\/p>\n<h4>Professors at the Institute:<\/h4>\n<ul>\n<li> Tadeusz Bili\u0144ski <\/li>\n<li>J\u00f3zef Gil <\/li>\n<li>Czes\u0142aw Machelski <\/li>\n<li>Jakub Marcinowski <\/li>\n<li>Jacek Przybylski <\/li>\n<li>Janusz Szelka <\/li>\n<li>J\u00f3zef Wranik <\/li>\n<li>Krzysztof Wilma\u0144ski <\/li>\n<li>Mieczys\u0142aw Kuczma <\/li>\n<li>Antoni Matysiak <\/li>\n<li>Romuald \u015awitka <\/li>\n<li>Adam Wysokowski  <\/li>\n<\/ul>\n<h4>Programme of the Mechanics Colloquium<\/h4>\n<p> Friday, 19st October 2007,<br \/>19:00 &#8211; 21:00 Get-together (1 Szafrana street, bldg. A-8, campus A of UZ)<\/p>\n<p>Saturday, 20th October 2007<\/p>\n<p>9.30 Registration and breakfast<\/p>\n<p>10:00 Opening session<\/p>\n<ul>\n<li>Deputy Rector for Scientific Research and International Cooperation of the UZ Prof. J\u00f3zef Korbicz<\/li>\n<li>Deputy Dean for Scientific Affairs of the Faculty of Civil and Environmental Engineering Prof. Mieczys\u0142aw Kuczma<\/li>\n<li>Director of the Institute of Building Engineering Prof. Jakub Marcinowski&nbsp;    <\/li>\n<\/ul>\n<p>Session I <\/p>\n<p>10:20 K. Urba\u0144ska, M. Kuczma <span style=\"font-style: italic;\">Modelling of masonry accounting for damage<\/span><br \/>10:40 B. Kuczma, M. Kuczma <span style=\"font-style: italic;\">Connectors in composite beams<\/span><br \/>11:00 G. Burczy\u0144ski, J. Marcinowski <span style=\"font-style: italic;\">Numerical modelling of steel pylon supporting a suspended roof<\/span><br \/>11:20 Coffee break <\/p>\n<p>Session II <\/p>\n<p>11:40 M. Dudek <span style=\"font-style: italic;\">Magnetic materials with negative Poisson&#8217;s ratio<\/span><br \/>12:00 A. Rahman Ali <span style=\"font-style: italic;\">Influence of freezing on changes of porosity in brittle porous materials<\/span><br \/>12:20 M. Kuczma, K. Kula, R Schlebusch (TU-Dresden), B. W. Zastrau (TU-Dresden) <span style=\"font-style: italic;\">Composite structures with delamination<\/span><br \/>12:40 Lunch <\/p>\n<p>Session III <\/p>\n<p>13:30 W. Szajna <span style=\"font-style: italic;\">Numerical simulation of soil-steel culverts interaction considering construction stages<\/span> <\/p>\n<p>13:50 K. Wilmanski <span style=\"font-style: italic;\">On waves in weakly nonlinear poroelastic materials modeling impacts of meteorites<\/span><br \/>14:10 Coffee break <\/p>\n<p>14:40 Sightseeing of the Institute Laboratory <\/p>\n<p>16:00 Closure <\/p>\n<p>&nbsp;<\/p>\n<p>The get-together and lectures will be held in the bldg. A-8 at 1 Szafrana street, (Faculty of Civil and Environmental Engineering), University of Zielona Gora, Campus A. <\/p>\n<p>The get-together at the News Cafe in 1st floor, and the lectures in the lecture theatre 213 of bldg. A-8. <\/p>\n<p>There is no conference fee. <\/p>\n<p>Costs for lunch and coffee are carried by the organizers. <\/p>\n<h6>Registration <\/h6>\n<p>The participants are requested to register by e-mail or fax before 15th October 2007. <\/p>\n<p>Contact Mechanics Colloquium Institute of Building Engineering prof. Z. Szafrana 1 Str. 65-516 Zielona G\u00f3ra tel. : +48 68 328 24 16, +48 68 328 22 71 fax. : +48 68 328 4777 E-mail : kr&#122;&#121;&#115;&#122;&#x74;&#x6f;&#x66;&#x5f;&#x77;il&#109;&#97;&#110;&#115;&#x6b;&#x69;&#x40;&#x74;&#x2d;on&#108;&#105;&#110;&#101;&#x2e;&#x64;&#x65; <\/p>\n<h6>Hotels in Zielona G\u00f3ra<\/h6>\n<p>POLAN ***, Zielona G\u00f3ra, ul. Staszica 9a tel. (+48 68) 327 00 91 www.orbis.pl\/polan<br \/>QUBUS ***, Zielona G\u00f3ra, ul. Ceglana 14a tel. (+48 68) 324 34 44 www.qubushotel.com<br \/>\u015aR\u00d3DMIEJSKI **, Zielona G\u00f3ra, ul. \u017beromskiego 23 tel. (+48 68) 325 44 71 www.lubtour.pti.pl\/srodmiejski.php<br \/>POD LWEM, Zielona G\u00f3ra, ul. Dworcowa 14 tel. (+48 68) 324 10 55 www.lubuskie-info.com<br \/>SENATOR, Zielona G\u00f3ra, ul. Chopina 23a tel. (+48 68) 324 04 36<br \/>MINERVA, Zielona G\u00f3ra, ul. Nieca\u0142a 2e tel. (+48 68) 324 32 80 www.hotelminerva.go3.pl  <\/p>\n","protected":false},"excerpt":{"rendered":"<p>The 10th Bohemian-Saxon-Silesian Mechanics Colloquium is organized on 20th October 2007 by the Institute of Building Engineering at the University of Zielona G\u00f3ra. The aim of these scientific meetings is to bring together colleagues from the neighbouring regions of the Czech Republic, Germany and Poland, and to exchange ideas in the field of solid and &hellip; <a href=\"https:\/\/kmim.wm.pwr.edu.pl\/immt\/instytut-materialoznawstwa-i-mechaniki-technicznej\/konferencje-organizowane-przez-instytut-materialoznawstwa-i-mechaniki-technicznej\/bohemian-saxon-silesian-mechanics-colloquium\/10-th-bohemian-saxon-silesian-mechanics-colloquium\/\" class=\"more-link\">Czytaj dalej <span class=\"screen-reader-text\">10 th Bohemian &#8211; Saxon &#8211; Silesian Mechanics-Colloquium<\/span> <span class=\"meta-nav\">&rarr;<\/span><\/a><\/p>\n","protected":false},"author":1,"featured_media":0,"parent":1463,"menu_order":0,"comment_status":"closed","ping_status":"closed","template":"","meta":{"ngg_post_thumbnail":0,"footnotes":""},"class_list":["post-1487","page","type-page","status-publish","hentry"],"publishpress_future_action":{"enabled":false,"date":"2026-04-24 10:50:34","action":"change-status","newStatus":"draft","terms":[],"taxonomy":"language","extraData":[]},"publishpress_future_workflow_manual_trigger":{"enabledWorkflows":[]},"_links":{"self":[{"href":"https:\/\/kmim.wm.pwr.edu.pl\/immt\/wp-json\/wp\/v2\/pages\/1487","targetHints":{"allow":["GET"]}}],"collection":[{"href":"https:\/\/kmim.wm.pwr.edu.pl\/immt\/wp-json\/wp\/v2\/pages"}],"about":[{"href":"https:\/\/kmim.wm.pwr.edu.pl\/immt\/wp-json\/wp\/v2\/types\/page"}],"author":[{"embeddable":true,"href":"https:\/\/kmim.wm.pwr.edu.pl\/immt\/wp-json\/wp\/v2\/users\/1"}],"replies":[{"embeddable":true,"href":"https:\/\/kmim.wm.pwr.edu.pl\/immt\/wp-json\/wp\/v2\/comments?post=1487"}],"version-history":[{"count":1,"href":"https:\/\/kmim.wm.pwr.edu.pl\/immt\/wp-json\/wp\/v2\/pages\/1487\/revisions"}],"predecessor-version":[{"id":1492,"href":"https:\/\/kmim.wm.pwr.edu.pl\/immt\/wp-json\/wp\/v2\/pages\/1487\/revisions\/1492"}],"up":[{"embeddable":true,"href":"https:\/\/kmim.wm.pwr.edu.pl\/immt\/wp-json\/wp\/v2\/pages\/1463"}],"wp:attachment":[{"href":"https:\/\/kmim.wm.pwr.edu.pl\/immt\/wp-json\/wp\/v2\/media?parent=1487"}],"curies":[{"name":"wp","href":"https:\/\/api.w.org\/{rel}","templated":true}]}}