{"id":1489,"date":"2008-11-25T13:08:22","date_gmt":"2008-11-25T12:08:22","guid":{"rendered":"http:\/\/kmim.wm.pwr.edu.pl\/immt\/12th-bohemian-saxon-silesian-colloquium-in-wroclaw\/"},"modified":"2014-11-03T16:30:49","modified_gmt":"2014-11-03T15:30:49","slug":"12th-bohemian-saxon-silesian-colloquium-in-wroclaw","status":"publish","type":"page","link":"https:\/\/kmim.wm.pwr.edu.pl\/immt\/instytut-materialoznawstwa-i-mechaniki-technicznej\/konferencje-organizowane-przez-instytut-materialoznawstwa-i-mechaniki-technicznej\/bohemian-saxon-silesian-mechanics-colloquium\/12th-bohemian-saxon-silesian-colloquium-in-wroclaw\/","title":{"rendered":"12th Bohemian-Saxon-Silesian Colloquium in Wroc\u0142aw"},"content":{"rendered":"<p><a href=\"http:\/\/kmim.wm.pwr.edu.pl\/immt\/wp-content\/uploads\/sites\/58\/2008\/12\/BSS.gif\"><img loading=\"lazy\" decoding=\"async\" class=\"alignright size-full wp-image-1539\" src=\"http:\/\/kmim.wm.pwr.edu.pl\/immt\/wp-content\/uploads\/sites\/58\/2008\/12\/BSS.gif\" alt=\"BSS\" width=\"200\" height=\"200\" \/><\/a><\/p>\n<ol>\n<li>8:30 -9:30 Come together<\/li>\n<li>9:30-9:35 Welcome addresses<\/li>\n<li>9:35-9:50 Jerzy Kaleta: Wroclaw University of Technology and Research in the Continuum Mechanics Division (Mechanical Faculty, Institute of Materials Science and Applied Mechanics)<\/li>\n<li>9:50-10:10 Wojciech B\u0142a\u017cejewski, Pawe\u0142 G\u0105sior, Jerzy Kaleta: Application of optical fiber sensors for strain state monitoring of high pressure composites vessels for gas fuels<\/li>\n<li>10:10-10:30 Jerzy Kaleta, Daniel Lewandowski, Gra\u017cyna Zi\u0119tek: Identification of the parameters of magnetorheological composite model<\/li>\n<li>10:30-11:30 Coffee Break (coffee\/tea\/juice\/snacks) Visit of the Laboratory A<\/li>\n<li>11:40-12:00 Anna Woszczyna, Danuta Bryja: Buffeting response of cable-stayed bridge under non-stationary wind action<\/li>\n<li>12:00-12:20 Dorota Aniszewska, Marek Rybaczuk: Chaos in multiplicative dynamical systems<\/li>\n<li>12:20-12:40 Jacek Ole\u0144kiewicz, Kazimierz My\u015blecki: Free vibration analysis of the thick plate using boundary element method<\/li>\n<li>12:40-13:00 Julita Czopor, Marek Rybaczuk: Models and numerical simulations of fibers breaking process in composites<\/li>\n<li>13:00-13:40 Lunch<\/li>\n<li>13:40-14:10 Visit of the Laboratory B<\/li>\n<li>14:10 Afternoon Coffee<\/li>\n<\/ol>\n<p><span style=\"font-weight: bold;\">Location<\/span> The Colloquium will take place in B1 building, Smoluchowskiego Street 25, Wroc\u0142aw, Poland.<\/p>\n<p>The lectures will be held at room 316 (third floor). Come together, coffee, and lunch will be held at room 117 (first floor).<\/p>\n<p>Contact phone: 0048713202766<\/p>\n<p>Use this link to <a href=\"http:\/\/maps.google.com\/maps\/ms?ie=UTF8&amp;msa=0&amp;msid=102202700656511094481.00045c7f35bbac8602cb5&amp;ll=51.108776,17.064214&amp;spn=0.011209,0.026865&amp;z=15\" target=\"_blank\">open the map<\/a> (in Web browser) and plan your trip (click on the BSS logo and use \u201cGet directions: To here\u201d).<\/p>\n","protected":false},"excerpt":{"rendered":"<p>8:30 -9:30 Come together 9:30-9:35 Welcome addresses 9:35-9:50 Jerzy Kaleta: Wroclaw University of Technology and Research in the Continuum Mechanics Division (Mechanical Faculty, Institute of Materials Science and Applied Mechanics) 9:50-10:10 Wojciech B\u0142a\u017cejewski, Pawe\u0142 G\u0105sior, Jerzy Kaleta: Application of optical fiber sensors for strain state monitoring of high pressure composites vessels for gas fuels 10:10-10:30 &hellip; <a href=\"https:\/\/kmim.wm.pwr.edu.pl\/immt\/instytut-materialoznawstwa-i-mechaniki-technicznej\/konferencje-organizowane-przez-instytut-materialoznawstwa-i-mechaniki-technicznej\/bohemian-saxon-silesian-mechanics-colloquium\/12th-bohemian-saxon-silesian-colloquium-in-wroclaw\/\" class=\"more-link\">Czytaj dalej <span class=\"screen-reader-text\">12th Bohemian-Saxon-Silesian Colloquium in Wroc\u0142aw<\/span> <span class=\"meta-nav\">&rarr;<\/span><\/a><\/p>\n","protected":false},"author":1,"featured_media":0,"parent":1463,"menu_order":0,"comment_status":"closed","ping_status":"closed","template":"","meta":{"ngg_post_thumbnail":0,"footnotes":""},"class_list":["post-1489","page","type-page","status-publish","hentry"],"publishpress_future_action":{"enabled":false,"date":"2026-04-23 04:50:44","action":"change-status","newStatus":"draft","terms":[],"taxonomy":"language","extraData":[]},"publishpress_future_workflow_manual_trigger":{"enabledWorkflows":[]},"_links":{"self":[{"href":"https:\/\/kmim.wm.pwr.edu.pl\/immt\/wp-json\/wp\/v2\/pages\/1489","targetHints":{"allow":["GET"]}}],"collection":[{"href":"https:\/\/kmim.wm.pwr.edu.pl\/immt\/wp-json\/wp\/v2\/pages"}],"about":[{"href":"https:\/\/kmim.wm.pwr.edu.pl\/immt\/wp-json\/wp\/v2\/types\/page"}],"author":[{"embeddable":true,"href":"https:\/\/kmim.wm.pwr.edu.pl\/immt\/wp-json\/wp\/v2\/users\/1"}],"replies":[{"embeddable":true,"href":"https:\/\/kmim.wm.pwr.edu.pl\/immt\/wp-json\/wp\/v2\/comments?post=1489"}],"version-history":[{"count":3,"href":"https:\/\/kmim.wm.pwr.edu.pl\/immt\/wp-json\/wp\/v2\/pages\/1489\/revisions"}],"predecessor-version":[{"id":1672,"href":"https:\/\/kmim.wm.pwr.edu.pl\/immt\/wp-json\/wp\/v2\/pages\/1489\/revisions\/1672"}],"up":[{"embeddable":true,"href":"https:\/\/kmim.wm.pwr.edu.pl\/immt\/wp-json\/wp\/v2\/pages\/1463"}],"wp:attachment":[{"href":"https:\/\/kmim.wm.pwr.edu.pl\/immt\/wp-json\/wp\/v2\/media?parent=1489"}],"curies":[{"name":"wp","href":"https:\/\/api.w.org\/{rel}","templated":true}]}}