{"id":1490,"date":"2009-06-30T19:16:03","date_gmt":"2009-06-30T17:16:03","guid":{"rendered":"http:\/\/kmim.wm.pwr.edu.pl\/immt\/13th-bohemian-saxon-silesian-mechanics-colloquium\/"},"modified":"2014-11-01T22:53:16","modified_gmt":"2014-11-01T21:53:16","slug":"13th-bohemian-saxon-silesian-mechanics-colloquium","status":"publish","type":"page","link":"https:\/\/kmim.wm.pwr.edu.pl\/immt\/instytut-materialoznawstwa-i-mechaniki-technicznej\/konferencje-organizowane-przez-instytut-materialoznawstwa-i-mechaniki-technicznej\/bohemian-saxon-silesian-mechanics-colloquium\/13th-bohemian-saxon-silesian-mechanics-colloquium\/","title":{"rendered":"13th Bohemian-Saxon-Silesian Mechanics Colloquium"},"content":{"rendered":"<p>Personal invitation: <\/p>\n<p style=\"font-style: italic;\">13th Bohemian &#8211; Saxon &#8211; Silesian Mechanics &#8211; Colloquium is a continuation of already established tradition. The aim is to bring together colleagues of mechanics from neighbouring European regions of Bohemia, Saxony and Lower Silesia. During one day meeting the colleagues-guests should get an overview of CTU research activities. Dear colleagues, I cordially invite you to visit us in Prague. <\/p>\n<p style=\"text-align: right;\">Prof. Michael Val\u00e1\u0161ek<\/p>\n<p> Scientific Program: <\/p>\n<ul>\n<li>09.00-10.00 <span style=\"font-weight: bold;\">Coffee and soup<\/span> <\/li>\n<li>10.00-10.15 Prof. Michael Val\u00e1\u0161ek <span style=\"font-style: italic;\">Welcome Address <\/span><\/li>\n<li>10.15-10.30 Valasek: <span style=\"font-style: italic;\">Numerical Integration Algorithm For Contact Problems <\/span><\/li>\n<li>10.30-10.45 Valasek, Karasek: <span style=\"font-style: italic;\">Hexasphere &#8211; New Redundantly Actuated Spherical Parallel Kinematical Mechanism <\/span><\/li>\n<li>10.45-11.00 Valasek, Gresl, Sika: <span style=\"font-style: italic;\">Parametric Synthesis of Linkage Mechanisms by Dynamic Systems <\/span><\/li>\n<li>11.00-11.30 <span style=\"font-weight: bold;\">Coffee Break <\/span><\/li>\n<li>11.30-11.45 Valasek, Drobny: <span style=\"font-style: italic;\">Vehicle Lateral Dynamic Stability by Limited-Active Nonlinear Suspension Control <\/span><\/li>\n<li>11.45-12.00 Valasek, Vampola: <span style=\"font-style: italic;\">Investigation of Interaction between Human Gait and Elastic Bridge <\/span><\/li>\n<li>12.00-12.15 Valasek, Bujosevic: <span style=\"font-style: italic;\">The Influence of Muscle Tension On Human Body Eigenproperties <\/span><\/li>\n<li>12.15-12.30 <span style=\"font-style: italic;\">Conclusions<\/span> <\/li>\n<li>12.30-12.45 <span style=\"font-style: italic;\">Laboratory visit <\/span><\/li>\n<li>13.00-14.00 <span style=\"font-weight: bold;\">Lunch <\/span><\/li>\n<li>14.00-15.00 <span style=\"font-style: italic;\">Discussions, Individual program (Suggested Prague Center visit) <\/span>\n<p \/><\/li>\n<\/ul>\n<p>&nbsp;<\/p>\n<h6> Venue: <\/h6>\n<p>Historical campus of CTU in Prague, Faculty of Mechanical Engineering at Karlovo n\u00e1m. 13. Subway line B, station &#8222;Karlovo n\u00e1m\u011bst\u00ed&#8220;<\/p>\n<p>  <iframe loading=\"lazy\" width=\"425\" scrolling=\"no\" height=\"350\" frameborder=\"0\" src=\"http:\/\/maps.google.com\/maps?f=q&#038;source=s_q&#038;hl=en&#038;geocode=&#038;q=Praha,+Czech+Republic,+Karlovo+namesti+13&#038;sll=50.081351,14.421573&#038;sspn=0.008234,0.027595&#038;ie=UTF8&#038;ll=50.083141,14.423161&#038;spn=0.012862,0.027595&#038;z=14&#038;iwloc=A&#038;output=embed\" marginwidth=\"0\" marginheight=\"0\" \/><br \/><small><a style=\"color: rgb(0, 0, 255); text-align: left;\" href=\"http:\/\/maps.google.com\/maps?f=q&#038;source=embed&#038;hl=en&#038;geocode=&#038;q=Praha,+Czech+Republic,+Karlovo+namesti+13&#038;sll=50.081351,14.421573&#038;sspn=0.008234,0.027595&#038;ie=UTF8&#038;ll=50.083141,14.423161&#038;spn=0.012862,0.027595&#038;z=14&#038;iwloc=A\">View Larger Map<\/a><\/small><\/p>\n","protected":false},"excerpt":{"rendered":"<p>Personal invitation: 13th Bohemian &#8211; Saxon &#8211; Silesian Mechanics &#8211; Colloquium is a continuation of already established tradition. The aim is to bring together colleagues of mechanics from neighbouring European regions of Bohemia, Saxony and Lower Silesia. During one day meeting the colleagues-guests should get an overview of CTU research activities. Dear colleagues, I cordially &hellip; <a href=\"https:\/\/kmim.wm.pwr.edu.pl\/immt\/instytut-materialoznawstwa-i-mechaniki-technicznej\/konferencje-organizowane-przez-instytut-materialoznawstwa-i-mechaniki-technicznej\/bohemian-saxon-silesian-mechanics-colloquium\/13th-bohemian-saxon-silesian-mechanics-colloquium\/\" class=\"more-link\">Czytaj dalej <span class=\"screen-reader-text\">13th Bohemian-Saxon-Silesian Mechanics Colloquium<\/span> <span class=\"meta-nav\">&rarr;<\/span><\/a><\/p>\n","protected":false},"author":1,"featured_media":0,"parent":1463,"menu_order":0,"comment_status":"closed","ping_status":"closed","template":"","meta":{"ngg_post_thumbnail":0,"footnotes":""},"class_list":["post-1490","page","type-page","status-publish","hentry"],"publishpress_future_action":{"enabled":false,"date":"2026-04-21 21:12:27","action":"change-status","newStatus":"draft","terms":[],"taxonomy":"language","extraData":[]},"publishpress_future_workflow_manual_trigger":{"enabledWorkflows":[]},"_links":{"self":[{"href":"https:\/\/kmim.wm.pwr.edu.pl\/immt\/wp-json\/wp\/v2\/pages\/1490","targetHints":{"allow":["GET"]}}],"collection":[{"href":"https:\/\/kmim.wm.pwr.edu.pl\/immt\/wp-json\/wp\/v2\/pages"}],"about":[{"href":"https:\/\/kmim.wm.pwr.edu.pl\/immt\/wp-json\/wp\/v2\/types\/page"}],"author":[{"embeddable":true,"href":"https:\/\/kmim.wm.pwr.edu.pl\/immt\/wp-json\/wp\/v2\/users\/1"}],"replies":[{"embeddable":true,"href":"https:\/\/kmim.wm.pwr.edu.pl\/immt\/wp-json\/wp\/v2\/comments?post=1490"}],"version-history":[{"count":1,"href":"https:\/\/kmim.wm.pwr.edu.pl\/immt\/wp-json\/wp\/v2\/pages\/1490\/revisions"}],"predecessor-version":[{"id":1495,"href":"https:\/\/kmim.wm.pwr.edu.pl\/immt\/wp-json\/wp\/v2\/pages\/1490\/revisions\/1495"}],"up":[{"embeddable":true,"href":"https:\/\/kmim.wm.pwr.edu.pl\/immt\/wp-json\/wp\/v2\/pages\/1463"}],"wp:attachment":[{"href":"https:\/\/kmim.wm.pwr.edu.pl\/immt\/wp-json\/wp\/v2\/media?parent=1490"}],"curies":[{"name":"wp","href":"https:\/\/api.w.org\/{rel}","templated":true}]}}