{"id":1523,"date":"2003-12-10T22:33:53","date_gmt":"2003-12-10T21:33:53","guid":{"rendered":"http:\/\/kmim.wm.pwr.edu.pl\/immt\/instytut-materialoznawstwa-i-mechaniki-technicznej\/badania-naukowe\/laboratoria\/laboratorium-dynamiki\/prace-naukowo-badawcze-realizowane-w-laboratorium\/"},"modified":"2014-11-02T20:33:46","modified_gmt":"2014-11-02T19:33:46","slug":"prace-naukowo-badawcze-realizowane-w-laboratorium","status":"publish","type":"page","link":"https:\/\/kmim.wm.pwr.edu.pl\/immt\/instytut-materialoznawstwa-i-mechaniki-technicznej\/badania-naukowe\/laboratoria\/laboratorium-dynamiki\/prace-naukowo-badawcze-realizowane-w-laboratorium\/","title":{"rendered":"Prace naukowo-badawcze realizowane w laboratorium"},"content":{"rendered":"<ol>\n<li>Wytwarzanie, badanie i identyfikacja w\u0142asno\u015bci nanomateria\u0142\u00f3w uzyskiwanych technologiami zol-\u017cel <\/li>\n<li>Wytwarzanie, badanie i identyfikacja w\u0142asno\u015bci mechanicznych i krzy\u017cowych materia\u0142\u00f3w funkcjonalnych stymulowanych polem magnetycznym <\/li>\n<li>Matematyczne modelowanie proces\u00f3w uszkodzenia materia\u0142\u00f3w oraz ewolucji uk\u0142ad\u00f3w biologicznych z wykorzystaniem fraktali i automat\u00f3w kom\u00f3rkowych <\/li>\n<li>Metody rzutowe i modele aproksymacyjne w mechanice <\/li>\n<li>Metody do\u015bwiadczalne mechaniki p\u0119kania. <\/li>\n<li>Modele matematyczne hipotez zm\u0119czeniowych <\/li>\n<li>W\u0142asno\u015bci cykliczne materia\u0142\u00f3w magnetycznych grupy Smart.<\/li>\n<li>Wytwarzanie, badanie i identyfikacja proces\u00f3w zm\u0119czenia i p\u0119kania  wysokoci\u015bnieniowych konstrukcji kompozytowych w z\u0142o\u017conym stanie napr\u0119\u017cenia <\/li>\n<li>Rozw\u00f3j metod nieniszcz\u0105cych w mechanice eksperymentalnej z wykorzystaniem krzy\u017cowych efekt\u00f3w termo- i magnetomechanicznych <\/li>\n<li>Aplikacja magnetowizji w badaniach  procesu zm\u0119czenia i p\u0119kania <\/li>\n<li>Budowa i identyfikacja r\u00f3wna\u0144 konstytutywnych dla cia\u0142 z atermicznymi przemianami fazowymi indukowanymi odkszta\u0142ceniem  plastycznym <\/li>\n<li>Analiza i programowanie struktur polimerowych  kompozyt\u00f3w d\u0142ugow\u0142\u00f3knistych <\/li>\n<li>Metody numeryczne i eksperymentalne badania wyt\u0119\u017cenia w\u0142\u00f3knistych materia\u0142\u00f3w kompozytowych <\/li>\n<li>Deterministyczne i stochastyczne metody w teorii drga\u0144 uk\u0142ad\u00f3w mechanicznych <\/li>\n<li>Badania symulacyjno-do\u015bwiadczalne w celu tworzenia i weryfikacji nowych metod identyfikacji uk\u0142ad\u00f3w nieliniowych do okre\u015blania zmian w\u0142asno\u015bci dynamicznych materia\u0142\u00f3w konstrukcyjnych pod wp\u0142ywem drga\u0144 <\/li>\n<li>Opracowanie metod identyfikacji uk\u0142ad\u00f3w nieliniowych metod\u0105 bilansu energii i bilansu mocy <\/li>\n<li>Wyznaczanie charakterystyk materia\u0142\u00f3w w procesie quasi-statycznego przebijania. (w trakcie przygotowywania)<\/li>\n<li>Opis procesu zm\u0119czenia porcelany elektrotechnicznej. <\/li>\n<\/ol>\n<ul class=\"list-pages-shortcode sibling-pages\"><li class=\"page_item page-item-1524\"><a href=\"https:\/\/kmim.wm.pwr.edu.pl\/immt\/instytut-materialoznawstwa-i-mechaniki-technicznej\/badania-naukowe\/laboratoria\/laboratorium-dynamiki\/aparatura-specjalistyczna\/\">Aparatura specjalistyczna<\/a><\/li>\n<li class=\"page_item page-item-1526\"><a href=\"https:\/\/kmim.wm.pwr.edu.pl\/immt\/instytut-materialoznawstwa-i-mechaniki-technicznej\/badania-naukowe\/laboratoria\/laboratorium-dynamiki\/oferta-wspolpracy-dla-przemyslu\/\">Oferta wsp\u00f3\u0142pracy dla przemys\u0142u<\/a><\/li>\n<li class=\"page_item page-item-1525\"><a href=\"https:\/\/kmim.wm.pwr.edu.pl\/immt\/instytut-materialoznawstwa-i-mechaniki-technicznej\/badania-naukowe\/laboratoria\/laboratorium-dynamiki\/oprogramowanie\/\">Oprogramowanie<\/a><\/li>\n<li class=\"page_item page-item-1523\"><a href=\"https:\/\/kmim.wm.pwr.edu.pl\/immt\/instytut-materialoznawstwa-i-mechaniki-technicznej\/badania-naukowe\/laboratoria\/laboratorium-dynamiki\/prace-naukowo-badawcze-realizowane-w-laboratorium\/\">Prace naukowo-badawcze realizowane w laboratorium<\/a><\/li>\n<\/ul>\n","protected":false},"excerpt":{"rendered":"<p>Wytwarzanie, badanie i identyfikacja w\u0142asno\u015bci nanomateria\u0142\u00f3w uzyskiwanych technologiami zol-\u017cel Wytwarzanie, badanie i identyfikacja w\u0142asno\u015bci mechanicznych i krzy\u017cowych materia\u0142\u00f3w funkcjonalnych stymulowanych polem magnetycznym Matematyczne modelowanie proces\u00f3w uszkodzenia materia\u0142\u00f3w oraz ewolucji uk\u0142ad\u00f3w biologicznych z wykorzystaniem fraktali i automat\u00f3w kom\u00f3rkowych Metody rzutowe i modele aproksymacyjne w mechanice Metody do\u015bwiadczalne mechaniki p\u0119kania. Modele matematyczne hipotez zm\u0119czeniowych W\u0142asno\u015bci cykliczne materia\u0142\u00f3w &hellip; <a href=\"https:\/\/kmim.wm.pwr.edu.pl\/immt\/instytut-materialoznawstwa-i-mechaniki-technicznej\/badania-naukowe\/laboratoria\/laboratorium-dynamiki\/prace-naukowo-badawcze-realizowane-w-laboratorium\/\" class=\"more-link\">Czytaj dalej <span class=\"screen-reader-text\">Prace naukowo-badawcze realizowane w laboratorium<\/span> <span class=\"meta-nav\">&rarr;<\/span><\/a><\/p>\n","protected":false},"author":1,"featured_media":0,"parent":1441,"menu_order":0,"comment_status":"closed","ping_status":"open","template":"","meta":{"ngg_post_thumbnail":0,"footnotes":""},"class_list":["post-1523","page","type-page","status-publish","hentry"],"publishpress_future_action":{"enabled":false,"date":"2026-04-22 23:17:33","action":"change-status","newStatus":"draft","terms":[],"taxonomy":"language","extraData":[]},"publishpress_future_workflow_manual_trigger":{"enabledWorkflows":[]},"_links":{"self":[{"href":"https:\/\/kmim.wm.pwr.edu.pl\/immt\/wp-json\/wp\/v2\/pages\/1523","targetHints":{"allow":["GET"]}}],"collection":[{"href":"https:\/\/kmim.wm.pwr.edu.pl\/immt\/wp-json\/wp\/v2\/pages"}],"about":[{"href":"https:\/\/kmim.wm.pwr.edu.pl\/immt\/wp-json\/wp\/v2\/types\/page"}],"author":[{"embeddable":true,"href":"https:\/\/kmim.wm.pwr.edu.pl\/immt\/wp-json\/wp\/v2\/users\/1"}],"replies":[{"embeddable":true,"href":"https:\/\/kmim.wm.pwr.edu.pl\/immt\/wp-json\/wp\/v2\/comments?post=1523"}],"version-history":[{"count":1,"href":"https:\/\/kmim.wm.pwr.edu.pl\/immt\/wp-json\/wp\/v2\/pages\/1523\/revisions"}],"predecessor-version":[{"id":1571,"href":"https:\/\/kmim.wm.pwr.edu.pl\/immt\/wp-json\/wp\/v2\/pages\/1523\/revisions\/1571"}],"up":[{"embeddable":true,"href":"https:\/\/kmim.wm.pwr.edu.pl\/immt\/wp-json\/wp\/v2\/pages\/1441"}],"wp:attachment":[{"href":"https:\/\/kmim.wm.pwr.edu.pl\/immt\/wp-json\/wp\/v2\/media?parent=1523"}],"curies":[{"name":"wp","href":"https:\/\/api.w.org\/{rel}","templated":true}]}}