{"id":1524,"date":"2003-12-10T22:35:19","date_gmt":"2003-12-10T21:35:19","guid":{"rendered":"http:\/\/kmim.wm.pwr.edu.pl\/immt\/instytut-materialoznawstwa-i-mechaniki-technicznej\/badania-naukowe\/laboratoria\/laboratorium-dynamiki\/aparatura-specjalistyczna\/"},"modified":"2014-11-02T20:32:34","modified_gmt":"2014-11-02T19:32:34","slug":"aparatura-specjalistyczna","status":"publish","type":"page","link":"https:\/\/kmim.wm.pwr.edu.pl\/immt\/instytut-materialoznawstwa-i-mechaniki-technicznej\/badania-naukowe\/laboratoria\/laboratorium-dynamiki\/aparatura-specjalistyczna\/","title":{"rendered":"Aparatura specjalistyczna"},"content":{"rendered":"<ol>\n<li>Dwa pulsatory hydrauliczne MTS 810 (100kN) wraz z komor\u0105 termiczn\u0105 (do 1200<sup>o<\/sup>C), sterowane komputerowo. <\/li>\n<li>Pulsator hydrauliczny MTS 319 (250kN, 2000Nm) (aktualne od sierpnia 2005 r). <\/li>\n<li>Dyfraktometr rentgenowski Xstress3000. <\/li>\n<li>Uk\u0142ad pomiarowy do bada\u0144 drga\u0144. <\/li>\n<li>Analizator widmowy wraz z wyposa\u017ceniem (m\u0142otek udarowy, czujniki przyspieszenia, oprogramowanie CADA-X) do analizy drga\u0144 uk\u0142ad\u00f3w dynamicznych (eksperymentalna analiza modalna). <\/li>\n<li>Skomputeryzowany system pomiarowy AMS 3 firmy Vallen do bada\u0144 emisji akustycznej.<\/li>\n<li>Wielokana\u0142owy analizator widma HP z oprogramowaniem HP VEE do akwizycji i przetwarzania sygna\u0142\u00f3w mechanicznych, termicznych i magnetycznych <\/li>\n<li>Aparatura do pomiaru sk\u0142adowych pola magnetycznego (kamera magnetowizyjna) <\/li>\n<li>Aparatura do pomiaru temperatury z wykorzystaniem uk\u0142adu termopar <\/li>\n<li>Nawijarka dwuosiowa i czteroosiowa (sterowane numerycznie) do wytwarzania element\u00f3w kompozytowych <\/li>\n<li>Stanowisko do bada\u0144 zbiornik\u00f3w wysokoci\u015bnieniowych <\/li>\n<li>Linia do wytwarzania profili z tworzyw sztucznych metod\u0105 pultruzji <\/li>\n<\/ol>\n<ul class=\"list-pages-shortcode sibling-pages\"><li class=\"page_item page-item-1524\"><a href=\"https:\/\/kmim.wm.pwr.edu.pl\/immt\/instytut-materialoznawstwa-i-mechaniki-technicznej\/badania-naukowe\/laboratoria\/laboratorium-dynamiki\/aparatura-specjalistyczna\/\">Aparatura specjalistyczna<\/a><\/li>\n<li class=\"page_item page-item-1526\"><a href=\"https:\/\/kmim.wm.pwr.edu.pl\/immt\/instytut-materialoznawstwa-i-mechaniki-technicznej\/badania-naukowe\/laboratoria\/laboratorium-dynamiki\/oferta-wspolpracy-dla-przemyslu\/\">Oferta wsp\u00f3\u0142pracy dla przemys\u0142u<\/a><\/li>\n<li class=\"page_item page-item-1525\"><a href=\"https:\/\/kmim.wm.pwr.edu.pl\/immt\/instytut-materialoznawstwa-i-mechaniki-technicznej\/badania-naukowe\/laboratoria\/laboratorium-dynamiki\/oprogramowanie\/\">Oprogramowanie<\/a><\/li>\n<li class=\"page_item page-item-1523\"><a href=\"https:\/\/kmim.wm.pwr.edu.pl\/immt\/instytut-materialoznawstwa-i-mechaniki-technicznej\/badania-naukowe\/laboratoria\/laboratorium-dynamiki\/prace-naukowo-badawcze-realizowane-w-laboratorium\/\">Prace naukowo-badawcze realizowane w laboratorium<\/a><\/li>\n<\/ul>\n","protected":false},"excerpt":{"rendered":"<p>Dwa pulsatory hydrauliczne MTS 810 (100kN) wraz z komor\u0105 termiczn\u0105 (do 1200oC), sterowane komputerowo. Pulsator hydrauliczny MTS 319 (250kN, 2000Nm) (aktualne od sierpnia 2005 r). Dyfraktometr rentgenowski Xstress3000. Uk\u0142ad pomiarowy do bada\u0144 drga\u0144. Analizator widmowy wraz z wyposa\u017ceniem (m\u0142otek udarowy, czujniki przyspieszenia, oprogramowanie CADA-X) do analizy drga\u0144 uk\u0142ad\u00f3w dynamicznych (eksperymentalna analiza modalna). Skomputeryzowany system pomiarowy &hellip; <a href=\"https:\/\/kmim.wm.pwr.edu.pl\/immt\/instytut-materialoznawstwa-i-mechaniki-technicznej\/badania-naukowe\/laboratoria\/laboratorium-dynamiki\/aparatura-specjalistyczna\/\" class=\"more-link\">Czytaj dalej <span class=\"screen-reader-text\">Aparatura specjalistyczna<\/span> <span class=\"meta-nav\">&rarr;<\/span><\/a><\/p>\n","protected":false},"author":1,"featured_media":0,"parent":1441,"menu_order":0,"comment_status":"closed","ping_status":"open","template":"","meta":{"ngg_post_thumbnail":0,"footnotes":""},"class_list":["post-1524","page","type-page","status-publish","hentry"],"publishpress_future_action":{"enabled":false,"date":"2026-04-25 16:37:56","action":"change-status","newStatus":"draft","terms":[],"taxonomy":"language","extraData":[]},"publishpress_future_workflow_manual_trigger":{"enabledWorkflows":[]},"_links":{"self":[{"href":"https:\/\/kmim.wm.pwr.edu.pl\/immt\/wp-json\/wp\/v2\/pages\/1524","targetHints":{"allow":["GET"]}}],"collection":[{"href":"https:\/\/kmim.wm.pwr.edu.pl\/immt\/wp-json\/wp\/v2\/pages"}],"about":[{"href":"https:\/\/kmim.wm.pwr.edu.pl\/immt\/wp-json\/wp\/v2\/types\/page"}],"author":[{"embeddable":true,"href":"https:\/\/kmim.wm.pwr.edu.pl\/immt\/wp-json\/wp\/v2\/users\/1"}],"replies":[{"embeddable":true,"href":"https:\/\/kmim.wm.pwr.edu.pl\/immt\/wp-json\/wp\/v2\/comments?post=1524"}],"version-history":[{"count":1,"href":"https:\/\/kmim.wm.pwr.edu.pl\/immt\/wp-json\/wp\/v2\/pages\/1524\/revisions"}],"predecessor-version":[{"id":1568,"href":"https:\/\/kmim.wm.pwr.edu.pl\/immt\/wp-json\/wp\/v2\/pages\/1524\/revisions\/1568"}],"up":[{"embeddable":true,"href":"https:\/\/kmim.wm.pwr.edu.pl\/immt\/wp-json\/wp\/v2\/pages\/1441"}],"wp:attachment":[{"href":"https:\/\/kmim.wm.pwr.edu.pl\/immt\/wp-json\/wp\/v2\/media?parent=1524"}],"curies":[{"name":"wp","href":"https:\/\/api.w.org\/{rel}","templated":true}]}}