{"id":1525,"date":"2003-12-10T22:36:43","date_gmt":"2003-12-10T21:36:43","guid":{"rendered":"http:\/\/kmim.wm.pwr.edu.pl\/immt\/instytut-materialoznawstwa-i-mechaniki-technicznej\/badania-naukowe\/laboratoria\/laboratorium-dynamiki\/oprogramowanie\/"},"modified":"2014-11-02T20:33:21","modified_gmt":"2014-11-02T19:33:21","slug":"oprogramowanie","status":"publish","type":"page","link":"https:\/\/kmim.wm.pwr.edu.pl\/immt\/instytut-materialoznawstwa-i-mechaniki-technicznej\/badania-naukowe\/laboratoria\/laboratorium-dynamiki\/oprogramowanie\/","title":{"rendered":"Oprogramowanie"},"content":{"rendered":"<ol>\n<li value=\"1\">         System <a href=\"http:\/\/www.matlab.com\">Matlab<\/a> (10 licencji) wraz         z pakietami dodatkowymi: Simulink (10), Control (1),         Identification (10), Optimization (1), Signal (10),         Symbolic (1), Statistics (10), Wavelet (1), Matlab Compiler         (1).       <\/li>\n<li value=\"2\">         System <a href=\"http:\/\/www.wolfram.com\/\">Mathematica<\/a> (24         licencje).       <\/li>\n<li value=\"3\">         System <a href=\"http:\/\/www.tm.agilent.com\/tmo\/pia\/HPVEE\/PIATop\/English\/HPVEE_Home.html\">         HP-VEE<\/a> (ver. 5).       <\/li>\n<li value=\"4\">         Pakiet oprogramowania do analizy modalnej CADA-X firmy <a href=\"http:\/\/www.lmsinternational.com\/\">LMS<\/a>.       <\/li>\n<li value=\"5\">         Dost\u0119p do \u015brodowiskowej licencji systemu <a href=\"http:\/\/www.ansys.com\/\">Ansys<\/a>.       <\/li>\n<li value=\"6\">         Dost\u0119p do <a href=\"http:\/\/www.kdm.wcss.wroc.pl\/wiki\/index.php\/MSC\">\u015brodowiskowej         licencji<\/a> oprogramowania <a href=\"http:\/\/www.mscsoftware.com\/\">MSC<\/a>.       <\/li>\n<li value=\"7\">         Dost\u0119p do <a href=\"http:\/\/www.kdm.wcss.wroc.pl\/wiki\/index.php\/Abaqus\">\u015brodowiskowej         licencji<\/a> systemu <a href=\"http:\/\/www.hks.com\/\">Abaqus<\/a>.       <\/li>\n<\/ol>\n<p>     <!--l. 34-->     <\/p>\n<p>       Oprogramowanie Matlab (aktualnie wersja ) i Mathematica       (aktualnie zainstalowana wersja 5) posiadamy dzi\u0119ki       wsp\u00f3\u0142finansowaniu przez Ministerstwo Edukacji i Nauki (a       dawniej KBN). Oprogramowanie to jest udost\u0119pniane \u015brodowisku       naukowemu Politechniki Wroc\u0142awskiej.     <\/p>\n<ul class=\"list-pages-shortcode sibling-pages\"><li class=\"page_item page-item-1524\"><a href=\"https:\/\/kmim.wm.pwr.edu.pl\/immt\/instytut-materialoznawstwa-i-mechaniki-technicznej\/badania-naukowe\/laboratoria\/laboratorium-dynamiki\/aparatura-specjalistyczna\/\">Aparatura specjalistyczna<\/a><\/li>\n<li class=\"page_item page-item-1526\"><a href=\"https:\/\/kmim.wm.pwr.edu.pl\/immt\/instytut-materialoznawstwa-i-mechaniki-technicznej\/badania-naukowe\/laboratoria\/laboratorium-dynamiki\/oferta-wspolpracy-dla-przemyslu\/\">Oferta wsp\u00f3\u0142pracy dla przemys\u0142u<\/a><\/li>\n<li class=\"page_item page-item-1525\"><a href=\"https:\/\/kmim.wm.pwr.edu.pl\/immt\/instytut-materialoznawstwa-i-mechaniki-technicznej\/badania-naukowe\/laboratoria\/laboratorium-dynamiki\/oprogramowanie\/\">Oprogramowanie<\/a><\/li>\n<li class=\"page_item page-item-1523\"><a href=\"https:\/\/kmim.wm.pwr.edu.pl\/immt\/instytut-materialoznawstwa-i-mechaniki-technicznej\/badania-naukowe\/laboratoria\/laboratorium-dynamiki\/prace-naukowo-badawcze-realizowane-w-laboratorium\/\">Prace naukowo-badawcze realizowane w laboratorium<\/a><\/li>\n<\/ul>\n","protected":false},"excerpt":{"rendered":"<p>System Matlab (10 licencji) wraz z pakietami dodatkowymi: Simulink (10), Control (1), Identification (10), Optimization (1), Signal (10), Symbolic (1), Statistics (10), Wavelet (1), Matlab Compiler (1). System Mathematica (24 licencje). System HP-VEE (ver. 5). Pakiet oprogramowania do analizy modalnej CADA-X firmy LMS. Dost\u0119p do \u015brodowiskowej licencji systemu Ansys. Dost\u0119p do \u015brodowiskowej licencji oprogramowania MSC. &hellip; <a href=\"https:\/\/kmim.wm.pwr.edu.pl\/immt\/instytut-materialoznawstwa-i-mechaniki-technicznej\/badania-naukowe\/laboratoria\/laboratorium-dynamiki\/oprogramowanie\/\" class=\"more-link\">Czytaj dalej <span class=\"screen-reader-text\">Oprogramowanie<\/span> <span class=\"meta-nav\">&rarr;<\/span><\/a><\/p>\n","protected":false},"author":1,"featured_media":0,"parent":1441,"menu_order":0,"comment_status":"closed","ping_status":"open","template":"","meta":{"ngg_post_thumbnail":0,"footnotes":""},"class_list":["post-1525","page","type-page","status-publish","hentry"],"publishpress_future_action":{"enabled":false,"date":"2026-04-23 04:50:52","action":"change-status","newStatus":"draft","terms":[],"taxonomy":"language","extraData":[]},"publishpress_future_workflow_manual_trigger":{"enabledWorkflows":[]},"_links":{"self":[{"href":"https:\/\/kmim.wm.pwr.edu.pl\/immt\/wp-json\/wp\/v2\/pages\/1525","targetHints":{"allow":["GET"]}}],"collection":[{"href":"https:\/\/kmim.wm.pwr.edu.pl\/immt\/wp-json\/wp\/v2\/pages"}],"about":[{"href":"https:\/\/kmim.wm.pwr.edu.pl\/immt\/wp-json\/wp\/v2\/types\/page"}],"author":[{"embeddable":true,"href":"https:\/\/kmim.wm.pwr.edu.pl\/immt\/wp-json\/wp\/v2\/users\/1"}],"replies":[{"embeddable":true,"href":"https:\/\/kmim.wm.pwr.edu.pl\/immt\/wp-json\/wp\/v2\/comments?post=1525"}],"version-history":[{"count":1,"href":"https:\/\/kmim.wm.pwr.edu.pl\/immt\/wp-json\/wp\/v2\/pages\/1525\/revisions"}],"predecessor-version":[{"id":1570,"href":"https:\/\/kmim.wm.pwr.edu.pl\/immt\/wp-json\/wp\/v2\/pages\/1525\/revisions\/1570"}],"up":[{"embeddable":true,"href":"https:\/\/kmim.wm.pwr.edu.pl\/immt\/wp-json\/wp\/v2\/pages\/1441"}],"wp:attachment":[{"href":"https:\/\/kmim.wm.pwr.edu.pl\/immt\/wp-json\/wp\/v2\/media?parent=1525"}],"curies":[{"name":"wp","href":"https:\/\/api.w.org\/{rel}","templated":true}]}}