{"id":1526,"date":"2003-12-10T22:37:47","date_gmt":"2003-12-10T21:37:47","guid":{"rendered":"http:\/\/kmim.wm.pwr.edu.pl\/immt\/instytut-materialoznawstwa-i-mechaniki-technicznej\/badania-naukowe\/laboratoria\/laboratorium-dynamiki\/oferta-wspolpracy-dla-przemyslu\/"},"modified":"2014-11-02T20:32:55","modified_gmt":"2014-11-02T19:32:55","slug":"oferta-wspolpracy-dla-przemyslu","status":"publish","type":"page","link":"https:\/\/kmim.wm.pwr.edu.pl\/immt\/instytut-materialoznawstwa-i-mechaniki-technicznej\/badania-naukowe\/laboratoria\/laboratorium-dynamiki\/oferta-wspolpracy-dla-przemyslu\/","title":{"rendered":"Oferta wsp\u00f3\u0142pracy dla przemys\u0142u"},"content":{"rendered":"<p><P>W dziedzinie bada\u0144 dynamicznych pracownicy Zak\u0142adu mog\u0105 oferowa\u0107 nast\u0119puj\u0105ce us\u0142ugi:  <UL> <LI>przeprowadza\u0107 syntez\u0119 i&nbsp;analiz\u0119 dowolnie z\u0142o\u017conych uk\u0142ad\u00f3w mechanicznych podczas wymusze\u0144 zdeterminowanych i&nbsp;losowych metodami symulacji komputerowej,  <LI>wyznacza\u0107 eksperymentalnie parametry modalne dla rzeczywistych konstrukcji mechanicznych,  <LI>okre\u015bla\u0107 funkcj\u0119 dyssypacji energii (funkcj\u0119 t\u0142umienia drga\u0144) w&nbsp;dowolnych materia\u0142ach poddanych cyklicznym odkszta\u0142ceniom,  <LI>okre\u015bla\u0107 podatno\u015b\u0107 dynamiczn\u0105 uk\u0142ad\u00f3w mechanicznych jako pewn\u0105 w\u0142a\u015bciwo\u015b\u0107 tego uk\u0142adu,  <LI>por\u00f3wnywa\u0107 jako\u015b\u0107 r\u00f3\u017cnych uk\u0142ad\u00f3w pod wzgl\u0119dem ich zu\u017cycia w&nbsp;okre\u015blonych warunkach wymusze\u0144 dynamicznych,  <LI>okre\u015bla\u0107 zar\u00f3wno struktur\u0119 uk\u0142ad\u00f3w mechanicznych (r\u00f3wnoleg\u0142a, szeregowa), jak i&nbsp;kszta\u0142t funkcji dynamicznych,  <LI>wyznacza\u0107 statyczny i&nbsp;dynamiczny stan napr\u0119\u017cenia konstrukcji metodami tensometrycznymi. <\/LI><\/UL><\/p>\n<ul class=\"list-pages-shortcode sibling-pages\"><li class=\"page_item page-item-1524\"><a href=\"https:\/\/kmim.wm.pwr.edu.pl\/immt\/instytut-materialoznawstwa-i-mechaniki-technicznej\/badania-naukowe\/laboratoria\/laboratorium-dynamiki\/aparatura-specjalistyczna\/\">Aparatura specjalistyczna<\/a><\/li>\n<li class=\"page_item page-item-1526\"><a href=\"https:\/\/kmim.wm.pwr.edu.pl\/immt\/instytut-materialoznawstwa-i-mechaniki-technicznej\/badania-naukowe\/laboratoria\/laboratorium-dynamiki\/oferta-wspolpracy-dla-przemyslu\/\">Oferta wsp\u00f3\u0142pracy dla przemys\u0142u<\/a><\/li>\n<li class=\"page_item page-item-1525\"><a href=\"https:\/\/kmim.wm.pwr.edu.pl\/immt\/instytut-materialoznawstwa-i-mechaniki-technicznej\/badania-naukowe\/laboratoria\/laboratorium-dynamiki\/oprogramowanie\/\">Oprogramowanie<\/a><\/li>\n<li class=\"page_item page-item-1523\"><a href=\"https:\/\/kmim.wm.pwr.edu.pl\/immt\/instytut-materialoznawstwa-i-mechaniki-technicznej\/badania-naukowe\/laboratoria\/laboratorium-dynamiki\/prace-naukowo-badawcze-realizowane-w-laboratorium\/\">Prace naukowo-badawcze realizowane w laboratorium<\/a><\/li>\n<\/ul>\n","protected":false},"excerpt":{"rendered":"<p>W dziedzinie bada\u0144 dynamicznych pracownicy Zak\u0142adu mog\u0105 oferowa\u0107 nast\u0119puj\u0105ce us\u0142ugi: przeprowadza\u0107 syntez\u0119 i&nbsp;analiz\u0119 dowolnie z\u0142o\u017conych uk\u0142ad\u00f3w mechanicznych podczas wymusze\u0144 zdeterminowanych i&nbsp;losowych metodami symulacji komputerowej, wyznacza\u0107 eksperymentalnie parametry modalne dla rzeczywistych konstrukcji mechanicznych, okre\u015bla\u0107 funkcj\u0119 dyssypacji energii (funkcj\u0119 t\u0142umienia drga\u0144) w&nbsp;dowolnych materia\u0142ach poddanych cyklicznym odkszta\u0142ceniom, okre\u015bla\u0107 podatno\u015b\u0107 dynamiczn\u0105 uk\u0142ad\u00f3w mechanicznych jako pewn\u0105 w\u0142a\u015bciwo\u015b\u0107 tego uk\u0142adu, por\u00f3wnywa\u0107 &hellip; <a href=\"https:\/\/kmim.wm.pwr.edu.pl\/immt\/instytut-materialoznawstwa-i-mechaniki-technicznej\/badania-naukowe\/laboratoria\/laboratorium-dynamiki\/oferta-wspolpracy-dla-przemyslu\/\" class=\"more-link\">Czytaj dalej <span class=\"screen-reader-text\">Oferta wsp\u00f3\u0142pracy dla przemys\u0142u<\/span> <span class=\"meta-nav\">&rarr;<\/span><\/a><\/p>\n","protected":false},"author":1,"featured_media":0,"parent":1441,"menu_order":0,"comment_status":"closed","ping_status":"open","template":"","meta":{"ngg_post_thumbnail":0,"footnotes":""},"class_list":["post-1526","page","type-page","status-publish","hentry"],"publishpress_future_action":{"enabled":false,"date":"2026-04-28 05:30:24","action":"change-status","newStatus":"draft","terms":[],"taxonomy":"language","extraData":[]},"publishpress_future_workflow_manual_trigger":{"enabledWorkflows":[]},"_links":{"self":[{"href":"https:\/\/kmim.wm.pwr.edu.pl\/immt\/wp-json\/wp\/v2\/pages\/1526","targetHints":{"allow":["GET"]}}],"collection":[{"href":"https:\/\/kmim.wm.pwr.edu.pl\/immt\/wp-json\/wp\/v2\/pages"}],"about":[{"href":"https:\/\/kmim.wm.pwr.edu.pl\/immt\/wp-json\/wp\/v2\/types\/page"}],"author":[{"embeddable":true,"href":"https:\/\/kmim.wm.pwr.edu.pl\/immt\/wp-json\/wp\/v2\/users\/1"}],"replies":[{"embeddable":true,"href":"https:\/\/kmim.wm.pwr.edu.pl\/immt\/wp-json\/wp\/v2\/comments?post=1526"}],"version-history":[{"count":1,"href":"https:\/\/kmim.wm.pwr.edu.pl\/immt\/wp-json\/wp\/v2\/pages\/1526\/revisions"}],"predecessor-version":[{"id":1569,"href":"https:\/\/kmim.wm.pwr.edu.pl\/immt\/wp-json\/wp\/v2\/pages\/1526\/revisions\/1569"}],"up":[{"embeddable":true,"href":"https:\/\/kmim.wm.pwr.edu.pl\/immt\/wp-json\/wp\/v2\/pages\/1441"}],"wp:attachment":[{"href":"https:\/\/kmim.wm.pwr.edu.pl\/immt\/wp-json\/wp\/v2\/media?parent=1526"}],"curies":[{"name":"wp","href":"https:\/\/api.w.org\/{rel}","templated":true}]}}