{"id":1527,"date":"2003-12-27T11:06:32","date_gmt":"2003-12-27T10:06:32","guid":{"rendered":"http:\/\/kmim.wm.pwr.edu.pl\/immt\/instytut-materialoznawstwa-i-mechaniki-technicznej\/badania-naukowe\/laboratoria\/laboratorium-materialoznawstwa\/prace-naukowo-badawcze-realizowane-w-laboratorium\/"},"modified":"2014-11-02T20:31:05","modified_gmt":"2014-11-02T19:31:05","slug":"prace-naukowo-badawcze-realizowane-w-laboratorium","status":"publish","type":"page","link":"https:\/\/kmim.wm.pwr.edu.pl\/immt\/instytut-materialoznawstwa-i-mechaniki-technicznej\/badania-naukowe\/laboratoria\/laboratorium-materialoznawstwa\/prace-naukowo-badawcze-realizowane-w-laboratorium\/","title":{"rendered":"Prace naukowo-badawcze realizowane w Laboratorium"},"content":{"rendered":"<p><OL> <LI>Badania metalograficzne i korozyjne stop\u00f3w miedzi.  <LI>Badania metalograficzne stali stopowych i niestopowych.  <LI>Badania kompozyt\u00f3w o osnowie polimerowej i metalowej.  <LI>Badania proces\u00f3w korozyjnych.  <LI>Badania biomateria\u0142\u00f3w  <LI>Badania stop\u00f3w \u017carowytrzyma\u0142ych  <LI>Teoretyczna i eksperymentalna analiza doboru materia\u0142\u00f3w na elementy maszyn i urz\u0105dze\u0144.<\/LI><\/OL><\/p>\n<ul class=\"list-pages-shortcode sibling-pages\"><li class=\"page_item page-item-1529\"><a href=\"https:\/\/kmim.wm.pwr.edu.pl\/immt\/instytut-materialoznawstwa-i-mechaniki-technicznej\/badania-naukowe\/laboratoria\/laboratorium-materialoznawstwa\/aparatura-specjalistyczna\/\">Aparatura specjalistyczna<\/a><\/li>\n<li class=\"page_item page-item-1528\"><a href=\"https:\/\/kmim.wm.pwr.edu.pl\/immt\/instytut-materialoznawstwa-i-mechaniki-technicznej\/badania-naukowe\/laboratoria\/laboratorium-materialoznawstwa\/charakterystyka-mozliwosci-badawczych\/\">Charakterystyka mo\u017cliwo\u015bci badawczych<\/a><\/li>\n<li class=\"page_item page-item-1527\"><a href=\"https:\/\/kmim.wm.pwr.edu.pl\/immt\/instytut-materialoznawstwa-i-mechaniki-technicznej\/badania-naukowe\/laboratoria\/laboratorium-materialoznawstwa\/prace-naukowo-badawcze-realizowane-w-laboratorium\/\">Prace naukowo-badawcze realizowane w Laboratorium<\/a><\/li>\n<\/ul>\n","protected":false},"excerpt":{"rendered":"<p>Badania metalograficzne i korozyjne stop\u00f3w miedzi. Badania metalograficzne stali stopowych i niestopowych. Badania kompozyt\u00f3w o osnowie polimerowej i metalowej. Badania proces\u00f3w korozyjnych. Badania biomateria\u0142\u00f3w Badania stop\u00f3w \u017carowytrzyma\u0142ych Teoretyczna i eksperymentalna analiza doboru materia\u0142\u00f3w na elementy maszyn i urz\u0105dze\u0144.<\/p>\n","protected":false},"author":1,"featured_media":0,"parent":1442,"menu_order":0,"comment_status":"closed","ping_status":"open","template":"","meta":{"ngg_post_thumbnail":0,"footnotes":""},"class_list":["post-1527","page","type-page","status-publish","hentry"],"publishpress_future_action":{"enabled":false,"date":"2026-04-21 21:17:31","action":"change-status","newStatus":"draft","terms":[],"taxonomy":"language","extraData":[]},"publishpress_future_workflow_manual_trigger":{"enabledWorkflows":[]},"_links":{"self":[{"href":"https:\/\/kmim.wm.pwr.edu.pl\/immt\/wp-json\/wp\/v2\/pages\/1527","targetHints":{"allow":["GET"]}}],"collection":[{"href":"https:\/\/kmim.wm.pwr.edu.pl\/immt\/wp-json\/wp\/v2\/pages"}],"about":[{"href":"https:\/\/kmim.wm.pwr.edu.pl\/immt\/wp-json\/wp\/v2\/types\/page"}],"author":[{"embeddable":true,"href":"https:\/\/kmim.wm.pwr.edu.pl\/immt\/wp-json\/wp\/v2\/users\/1"}],"replies":[{"embeddable":true,"href":"https:\/\/kmim.wm.pwr.edu.pl\/immt\/wp-json\/wp\/v2\/comments?post=1527"}],"version-history":[{"count":2,"href":"https:\/\/kmim.wm.pwr.edu.pl\/immt\/wp-json\/wp\/v2\/pages\/1527\/revisions"}],"predecessor-version":[{"id":1565,"href":"https:\/\/kmim.wm.pwr.edu.pl\/immt\/wp-json\/wp\/v2\/pages\/1527\/revisions\/1565"}],"up":[{"embeddable":true,"href":"https:\/\/kmim.wm.pwr.edu.pl\/immt\/wp-json\/wp\/v2\/pages\/1442"}],"wp:attachment":[{"href":"https:\/\/kmim.wm.pwr.edu.pl\/immt\/wp-json\/wp\/v2\/media?parent=1527"}],"curies":[{"name":"wp","href":"https:\/\/api.w.org\/{rel}","templated":true}]}}