{"id":1528,"date":"2003-12-27T11:09:04","date_gmt":"2003-12-27T10:09:04","guid":{"rendered":"http:\/\/kmim.wm.pwr.edu.pl\/immt\/instytut-materialoznawstwa-i-mechaniki-technicznej\/badania-naukowe\/laboratoria\/laboratorium-materialoznawstwa\/charakterystyka-mozliwosci-badawczych\/"},"modified":"2014-11-02T20:31:53","modified_gmt":"2014-11-02T19:31:53","slug":"charakterystyka-mozliwosci-badawczych","status":"publish","type":"page","link":"https:\/\/kmim.wm.pwr.edu.pl\/immt\/instytut-materialoznawstwa-i-mechaniki-technicznej\/badania-naukowe\/laboratoria\/laboratorium-materialoznawstwa\/charakterystyka-mozliwosci-badawczych\/","title":{"rendered":"Charakterystyka mo\u017cliwo\u015bci badawczych"},"content":{"rendered":"<p><OL> <LI>Analiza strukturalna i krystalograficzna materia\u0142\u00f3w prowadzona metodami rentgenowskimi oraz metodami mikroskopii elektronowej transmisyjnej i skaningowej.<\/LI> <LI>Analiza mikrostruktury materia\u0142\u00f3w metalicznych i tworzyw sztucznych z zastosowaniem metod komputerowego systemu przetwarzania obrazu.<\/LI> <LI>Odtwarzanie technologii wytwarzania element\u00f3w nie posiadaj\u0105cych kart technologicznych, optymalizacja i opracowanie nowych technologii.<\/LI> <LI>Okre\u015blanie przyczyn uszkodze\u0144 korozyjnych, opracowanie warunk\u00f3w, metod i technologii zabezpiecze\u0144 korozyjnych.<\/LI> <LI>Okre\u015blanie przyczyn uszkodze\u0144 i awarii maszyn i urz\u0105dze\u0144 w oparciu o do\u015bwiadczenia nabyte w d\u0142ugoletniej wsp\u00f3\u0142pracy z przemys\u0142em.<\/LI> <LI>Okre\u015blanie jako\u015bci i prawid\u0142owo\u015bci wykonania po\u0142\u0105cze\u0144 spawanych, napoin, warstw obrobionych powierzchniowo i cieplno-chemicznie.<\/LI> <LI>Analiza chemiczna i metalograficzna materia\u0142\u00f3w konstrukcyjnych, narz\u0119dzi, element\u00f3w maszyn i urz\u0105dze\u0144.<\/LI> <LI>Okre\u015blanie gatunku i struktury materia\u0142u oraz stanu jego obr\u00f3bki cieplnej i cieplno-chemicznej.<BR><\/LI><\/OL><\/p>\n<ul class=\"list-pages-shortcode sibling-pages\"><li class=\"page_item page-item-1529\"><a href=\"https:\/\/kmim.wm.pwr.edu.pl\/immt\/instytut-materialoznawstwa-i-mechaniki-technicznej\/badania-naukowe\/laboratoria\/laboratorium-materialoznawstwa\/aparatura-specjalistyczna\/\">Aparatura specjalistyczna<\/a><\/li>\n<li class=\"page_item page-item-1528\"><a href=\"https:\/\/kmim.wm.pwr.edu.pl\/immt\/instytut-materialoznawstwa-i-mechaniki-technicznej\/badania-naukowe\/laboratoria\/laboratorium-materialoznawstwa\/charakterystyka-mozliwosci-badawczych\/\">Charakterystyka mo\u017cliwo\u015bci badawczych<\/a><\/li>\n<li class=\"page_item page-item-1527\"><a href=\"https:\/\/kmim.wm.pwr.edu.pl\/immt\/instytut-materialoznawstwa-i-mechaniki-technicznej\/badania-naukowe\/laboratoria\/laboratorium-materialoznawstwa\/prace-naukowo-badawcze-realizowane-w-laboratorium\/\">Prace naukowo-badawcze realizowane w Laboratorium<\/a><\/li>\n<\/ul>\n","protected":false},"excerpt":{"rendered":"<p>Analiza strukturalna i krystalograficzna materia\u0142\u00f3w prowadzona metodami rentgenowskimi oraz metodami mikroskopii elektronowej transmisyjnej i skaningowej. Analiza mikrostruktury materia\u0142\u00f3w metalicznych i tworzyw sztucznych z zastosowaniem metod komputerowego systemu przetwarzania obrazu. Odtwarzanie technologii wytwarzania element\u00f3w nie posiadaj\u0105cych kart technologicznych, optymalizacja i opracowanie nowych technologii. Okre\u015blanie przyczyn uszkodze\u0144 korozyjnych, opracowanie warunk\u00f3w, metod i technologii zabezpiecze\u0144 korozyjnych. Okre\u015blanie przyczyn &hellip; <a href=\"https:\/\/kmim.wm.pwr.edu.pl\/immt\/instytut-materialoznawstwa-i-mechaniki-technicznej\/badania-naukowe\/laboratoria\/laboratorium-materialoznawstwa\/charakterystyka-mozliwosci-badawczych\/\" class=\"more-link\">Czytaj dalej <span class=\"screen-reader-text\">Charakterystyka mo\u017cliwo\u015bci badawczych<\/span> <span class=\"meta-nav\">&rarr;<\/span><\/a><\/p>\n","protected":false},"author":1,"featured_media":0,"parent":1442,"menu_order":0,"comment_status":"closed","ping_status":"open","template":"","meta":{"ngg_post_thumbnail":0,"footnotes":""},"class_list":["post-1528","page","type-page","status-publish","hentry"],"publishpress_future_action":{"enabled":false,"date":"2026-04-30 17:37:33","action":"change-status","newStatus":"draft","terms":[],"taxonomy":"language","extraData":[]},"publishpress_future_workflow_manual_trigger":{"enabledWorkflows":[]},"_links":{"self":[{"href":"https:\/\/kmim.wm.pwr.edu.pl\/immt\/wp-json\/wp\/v2\/pages\/1528","targetHints":{"allow":["GET"]}}],"collection":[{"href":"https:\/\/kmim.wm.pwr.edu.pl\/immt\/wp-json\/wp\/v2\/pages"}],"about":[{"href":"https:\/\/kmim.wm.pwr.edu.pl\/immt\/wp-json\/wp\/v2\/types\/page"}],"author":[{"embeddable":true,"href":"https:\/\/kmim.wm.pwr.edu.pl\/immt\/wp-json\/wp\/v2\/users\/1"}],"replies":[{"embeddable":true,"href":"https:\/\/kmim.wm.pwr.edu.pl\/immt\/wp-json\/wp\/v2\/comments?post=1528"}],"version-history":[{"count":1,"href":"https:\/\/kmim.wm.pwr.edu.pl\/immt\/wp-json\/wp\/v2\/pages\/1528\/revisions"}],"predecessor-version":[{"id":1567,"href":"https:\/\/kmim.wm.pwr.edu.pl\/immt\/wp-json\/wp\/v2\/pages\/1528\/revisions\/1567"}],"up":[{"embeddable":true,"href":"https:\/\/kmim.wm.pwr.edu.pl\/immt\/wp-json\/wp\/v2\/pages\/1442"}],"wp:attachment":[{"href":"https:\/\/kmim.wm.pwr.edu.pl\/immt\/wp-json\/wp\/v2\/media?parent=1528"}],"curies":[{"name":"wp","href":"https:\/\/api.w.org\/{rel}","templated":true}]}}