{"id":1529,"date":"2003-12-27T11:11:38","date_gmt":"2003-12-27T10:11:38","guid":{"rendered":"http:\/\/kmim.wm.pwr.edu.pl\/immt\/instytut-materialoznawstwa-i-mechaniki-technicznej\/badania-naukowe\/laboratoria\/laboratorium-materialoznawstwa\/aparatura-specjalistyczna\/"},"modified":"2014-11-02T20:40:07","modified_gmt":"2014-11-02T19:40:07","slug":"aparatura-specjalistyczna","status":"publish","type":"page","link":"https:\/\/kmim.wm.pwr.edu.pl\/immt\/instytut-materialoznawstwa-i-mechaniki-technicznej\/badania-naukowe\/laboratoria\/laboratorium-materialoznawstwa\/aparatura-specjalistyczna\/","title":{"rendered":"Aparatura specjalistyczna"},"content":{"rendered":"<ul>\n<li>Mikroskopy elektronowe transmisyjne EM301-PHILIPS i TESLA BS 540;<\/li>\n<li>mikroskopy elektronowe skaningowy JEOL JMS-5800LV i SC-180\u00a0CAMBRIDGE wraz z systemem do mikroanalizy rentgenowskiej;<\/li>\n<li>mikroanalizator widma rentgenowskiego EDS-ISIS 300-OXFORD;<\/li>\n<li>system komputerowego przetwarzania obrazu;<\/li>\n<li>kompletne stanowisko do bada\u0144 korozyjnych;<\/li>\n<li>dyfraktometry rentgenowskie HZG-4, URD-6;<\/li>\n<li>piec pr\u00f3\u017cniowy firmy SECO-WARWICK;<\/li>\n<li>urz\u0105dzenie do okre\u015blania odporno\u015bci na \u015bcieranie TESTER T-07;<\/li>\n<li>napylarki pr\u00f3\u017cniowe E306 firmy EDWARDS i HBA1 firmy ZEISS.<\/li>\n<\/ul>\n<ul class=\"list-pages-shortcode sibling-pages\"><li class=\"page_item page-item-1529\"><a href=\"https:\/\/kmim.wm.pwr.edu.pl\/immt\/instytut-materialoznawstwa-i-mechaniki-technicznej\/badania-naukowe\/laboratoria\/laboratorium-materialoznawstwa\/aparatura-specjalistyczna\/\">Aparatura specjalistyczna<\/a><\/li>\n<li class=\"page_item page-item-1528\"><a href=\"https:\/\/kmim.wm.pwr.edu.pl\/immt\/instytut-materialoznawstwa-i-mechaniki-technicznej\/badania-naukowe\/laboratoria\/laboratorium-materialoznawstwa\/charakterystyka-mozliwosci-badawczych\/\">Charakterystyka mo\u017cliwo\u015bci badawczych<\/a><\/li>\n<li class=\"page_item page-item-1527\"><a href=\"https:\/\/kmim.wm.pwr.edu.pl\/immt\/instytut-materialoznawstwa-i-mechaniki-technicznej\/badania-naukowe\/laboratoria\/laboratorium-materialoznawstwa\/prace-naukowo-badawcze-realizowane-w-laboratorium\/\">Prace naukowo-badawcze realizowane w Laboratorium<\/a><\/li>\n<\/ul>\n","protected":false},"excerpt":{"rendered":"<p>Mikroskopy elektronowe transmisyjne EM301-PHILIPS i TESLA BS 540; mikroskopy elektronowe skaningowy JEOL JMS-5800LV i SC-180\u00a0CAMBRIDGE wraz z systemem do mikroanalizy rentgenowskiej; mikroanalizator widma rentgenowskiego EDS-ISIS 300-OXFORD; system komputerowego przetwarzania obrazu; kompletne stanowisko do bada\u0144 korozyjnych; dyfraktometry rentgenowskie HZG-4, URD-6; piec pr\u00f3\u017cniowy firmy SECO-WARWICK; urz\u0105dzenie do okre\u015blania odporno\u015bci na \u015bcieranie TESTER T-07; napylarki pr\u00f3\u017cniowe E306 firmy &hellip; <a href=\"https:\/\/kmim.wm.pwr.edu.pl\/immt\/instytut-materialoznawstwa-i-mechaniki-technicznej\/badania-naukowe\/laboratoria\/laboratorium-materialoznawstwa\/aparatura-specjalistyczna\/\" class=\"more-link\">Czytaj dalej <span class=\"screen-reader-text\">Aparatura specjalistyczna<\/span> <span class=\"meta-nav\">&rarr;<\/span><\/a><\/p>\n","protected":false},"author":1,"featured_media":0,"parent":1442,"menu_order":0,"comment_status":"closed","ping_status":"open","template":"","meta":{"ngg_post_thumbnail":0,"footnotes":""},"class_list":["post-1529","page","type-page","status-publish","hentry"],"publishpress_future_action":{"enabled":false,"date":"2026-04-26 20:26:45","action":"change-status","newStatus":"draft","terms":[],"taxonomy":"language","extraData":[]},"publishpress_future_workflow_manual_trigger":{"enabledWorkflows":[]},"_links":{"self":[{"href":"https:\/\/kmim.wm.pwr.edu.pl\/immt\/wp-json\/wp\/v2\/pages\/1529","targetHints":{"allow":["GET"]}}],"collection":[{"href":"https:\/\/kmim.wm.pwr.edu.pl\/immt\/wp-json\/wp\/v2\/pages"}],"about":[{"href":"https:\/\/kmim.wm.pwr.edu.pl\/immt\/wp-json\/wp\/v2\/types\/page"}],"author":[{"embeddable":true,"href":"https:\/\/kmim.wm.pwr.edu.pl\/immt\/wp-json\/wp\/v2\/users\/1"}],"replies":[{"embeddable":true,"href":"https:\/\/kmim.wm.pwr.edu.pl\/immt\/wp-json\/wp\/v2\/comments?post=1529"}],"version-history":[{"count":2,"href":"https:\/\/kmim.wm.pwr.edu.pl\/immt\/wp-json\/wp\/v2\/pages\/1529\/revisions"}],"predecessor-version":[{"id":1578,"href":"https:\/\/kmim.wm.pwr.edu.pl\/immt\/wp-json\/wp\/v2\/pages\/1529\/revisions\/1578"}],"up":[{"embeddable":true,"href":"https:\/\/kmim.wm.pwr.edu.pl\/immt\/wp-json\/wp\/v2\/pages\/1442"}],"wp:attachment":[{"href":"https:\/\/kmim.wm.pwr.edu.pl\/immt\/wp-json\/wp\/v2\/media?parent=1529"}],"curies":[{"name":"wp","href":"https:\/\/api.w.org\/{rel}","templated":true}]}}