{"id":1531,"date":"2005-03-14T11:54:07","date_gmt":"2005-03-14T10:54:07","guid":{"rendered":"http:\/\/kmim.wm.pwr.edu.pl\/immt\/instytut-materialoznawstwa-i-mechaniki-technicznej\/badania-naukowe\/laboratoria\/srodowiskowe-laboratorium-mikroskopii-elektronowej\/charakterystyka-mozliwosci-badawczych\/"},"modified":"2014-11-02T20:40:59","modified_gmt":"2014-11-02T19:40:59","slug":"charakterystyka-mozliwosci-badawczych","status":"publish","type":"page","link":"https:\/\/kmim.wm.pwr.edu.pl\/immt\/instytut-materialoznawstwa-i-mechaniki-technicznej\/badania-naukowe\/laboratoria\/srodowiskowe-laboratorium-mikroskopii-elektronowej\/charakterystyka-mozliwosci-badawczych\/","title":{"rendered":"Charakterystyka mo\u017cliwo\u015bci badawczych"},"content":{"rendered":"<ol>\n<li>Badania topografii powierzchni preparat\u00f3w w elektronowych mikroskopach skaningowych oraz metod\u0105 replik w elektronowych mikroskopach transmisyjnych.<\/li>\n<li>Analiza strukturalna materia\u0142\u00f3w (badania dyfrakcyjne oraz badania defekt\u00f3w struktury) za pomoc\u0105 elektronowego mikroskopu transmisyjnego.<\/li>\n<li>Okre\u015blanie sk\u0142adu preparat\u00f3w w mikroobszarach metod\u0105 mikroanalizy rentgenowskiej.<\/li>\n<\/ol>\n<p>Laboratorium prowadzi prace dla Politechniki, pozosta\u0142ych wy\u017cszych uczelni Wroc\u0142awia oraz wszystkich innych zainteresowanych tymi us\u0142ugami podmiot\u00f3w.<\/p>\n<ul class=\"list-pages-shortcode sibling-pages\"><li class=\"page_item page-item-1532\"><a href=\"https:\/\/kmim.wm.pwr.edu.pl\/immt\/instytut-materialoznawstwa-i-mechaniki-technicznej\/badania-naukowe\/laboratoria\/srodowiskowe-laboratorium-mikroskopii-elektronowej\/aparatura-specjalistyczna\/\">Aparatura specjalistyczna<\/a><\/li>\n<li class=\"page_item page-item-1531\"><a href=\"https:\/\/kmim.wm.pwr.edu.pl\/immt\/instytut-materialoznawstwa-i-mechaniki-technicznej\/badania-naukowe\/laboratoria\/srodowiskowe-laboratorium-mikroskopii-elektronowej\/charakterystyka-mozliwosci-badawczych\/\">Charakterystyka mo\u017cliwo\u015bci badawczych<\/a><\/li>\n<li class=\"page_item page-item-1530\"><a href=\"https:\/\/kmim.wm.pwr.edu.pl\/immt\/instytut-materialoznawstwa-i-mechaniki-technicznej\/badania-naukowe\/laboratoria\/srodowiskowe-laboratorium-mikroskopii-elektronowej\/prace-naukowo-badawcze-realizowane-w-laboratorium\/\">Prace naukowo-badawcze realizowane w laboratorium<\/a><\/li>\n<\/ul>\n","protected":false},"excerpt":{"rendered":"<p>Badania topografii powierzchni preparat\u00f3w w elektronowych mikroskopach skaningowych oraz metod\u0105 replik w elektronowych mikroskopach transmisyjnych. Analiza strukturalna materia\u0142\u00f3w (badania dyfrakcyjne oraz badania defekt\u00f3w struktury) za pomoc\u0105 elektronowego mikroskopu transmisyjnego. Okre\u015blanie sk\u0142adu preparat\u00f3w w mikroobszarach metod\u0105 mikroanalizy rentgenowskiej. Laboratorium prowadzi prace dla Politechniki, pozosta\u0142ych wy\u017cszych uczelni Wroc\u0142awia oraz wszystkich innych zainteresowanych tymi us\u0142ugami podmiot\u00f3w.<\/p>\n","protected":false},"author":1,"featured_media":0,"parent":1443,"menu_order":0,"comment_status":"closed","ping_status":"open","template":"","meta":{"ngg_post_thumbnail":0,"footnotes":""},"class_list":["post-1531","page","type-page","status-publish","hentry"],"publishpress_future_action":{"enabled":false,"date":"2026-04-22 04:12:46","action":"change-status","newStatus":"draft","terms":[],"taxonomy":"language","extraData":[]},"publishpress_future_workflow_manual_trigger":{"enabledWorkflows":[]},"_links":{"self":[{"href":"https:\/\/kmim.wm.pwr.edu.pl\/immt\/wp-json\/wp\/v2\/pages\/1531","targetHints":{"allow":["GET"]}}],"collection":[{"href":"https:\/\/kmim.wm.pwr.edu.pl\/immt\/wp-json\/wp\/v2\/pages"}],"about":[{"href":"https:\/\/kmim.wm.pwr.edu.pl\/immt\/wp-json\/wp\/v2\/types\/page"}],"author":[{"embeddable":true,"href":"https:\/\/kmim.wm.pwr.edu.pl\/immt\/wp-json\/wp\/v2\/users\/1"}],"replies":[{"embeddable":true,"href":"https:\/\/kmim.wm.pwr.edu.pl\/immt\/wp-json\/wp\/v2\/comments?post=1531"}],"version-history":[{"count":1,"href":"https:\/\/kmim.wm.pwr.edu.pl\/immt\/wp-json\/wp\/v2\/pages\/1531\/revisions"}],"predecessor-version":[{"id":1579,"href":"https:\/\/kmim.wm.pwr.edu.pl\/immt\/wp-json\/wp\/v2\/pages\/1531\/revisions\/1579"}],"up":[{"embeddable":true,"href":"https:\/\/kmim.wm.pwr.edu.pl\/immt\/wp-json\/wp\/v2\/pages\/1443"}],"wp:attachment":[{"href":"https:\/\/kmim.wm.pwr.edu.pl\/immt\/wp-json\/wp\/v2\/media?parent=1531"}],"curies":[{"name":"wp","href":"https:\/\/api.w.org\/{rel}","templated":true}]}}