{"id":1533,"date":"2008-04-19T20:02:50","date_gmt":"2008-04-19T18:02:50","guid":{"rendered":"http:\/\/kmim.wm.pwr.edu.pl\/immt\/instytut-materialoznawstwa-i-mechaniki-technicznej\/badania-naukowe\/laboratoria\/laboratorium-materialow-zol-zelowych-i-nanotechnologii-dczt\/laboratorium-materialow-zol-zelowych-i-nanotechnologii-charakterystyka\/"},"modified":"2014-11-02T20:35:09","modified_gmt":"2014-11-02T19:35:09","slug":"laboratorium-materialow-zol-zelowych-i-nanotechnologii-charakterystyka","status":"publish","type":"page","link":"https:\/\/kmim.wm.pwr.edu.pl\/immt\/instytut-materialoznawstwa-i-mechaniki-technicznej\/badania-naukowe\/laboratoria\/laboratorium-materialow-zol-zelowych-i-nanotechnologii-dczt\/laboratorium-materialow-zol-zelowych-i-nanotechnologii-charakterystyka\/","title":{"rendered":"Laboratorium Materia\u0142\u00f3w Zol-\u017belowych i Nanotechnologii &#8212; Charakterystyka"},"content":{"rendered":"<p>Celem Laboratorium Materia\u0142\u00f3w Zol-\u017belowych i Nanotechnologii DCZT jest prowadzenie bada\u0144 naukowych z wykorzystaniem najnowszych technik badawczych w szerokim zakresie pomiarowym dla r\u00f3\u017cnych grup materia\u0142\u00f3w takich jak materia\u0142y metalograficzne, materia\u0142y biologiczne, zwi\u0105zki chemiczne i inne. Doskona\u0142e parametry techniczne urz\u0105dze\u0144 umo\u017cliwiaj\u0105 obserwacj\u0119 i identyfikacj\u0119 obiekt\u00f3w w skali nano. Zlokalizowanie aparatury naukowo-badawczej w jednym miejscu pozwala na kompleksow\u0105 analiz\u0119 badanych materia\u0142\u00f3w oraz integracj\u0119 kadr naukowych. Pracownicy Laboratorium posiadaj\u0105 wieloletnie do\u015bwiadczenie badawcze w przeprowadzaniu pomiar\u00f3w i gwarantuj\u0105 profesjonaln\u0105 analiz\u0119 otrzymanych wynik\u00f3w. Wsp\u00f3\u0142praca naukowa z takimi o\u015brodkami i instytutami naukowymi Wroc\u0142awia jak Instytut Niskich Temperatur i Bada\u0144 Strukturalnych PAN, Politechnika Wroc\u0142awska, Uniwersytet Wroc\u0142awski i innymi o\u015brodkami krajowymi i zagranicznymi gwarantuje rozw\u00f3j naszych kadr oraz zapewnia im dost\u0119p do najnowszych technologii wytwarzania r\u00f3\u017cnych rodzaj\u00f3w nowych funkcjonalnych materia\u0142\u00f3w. Jednym z g\u0142\u00f3wnych cel\u00f3w Laboratorium Materia\u0142\u00f3w Zol-\u017belowych i Nanotechnologii DCZT jest zwi\u0119kszenie skali zlece\u0144 z gospodarki oraz innych jednostek naukowo-badawczych oraz umo\u017cliwienie nawi\u0105zywania wsp\u00f3\u0142pracy pomi\u0119dzy o\u015brodkami naukowymi i przemys\u0142owymi. Laboratorium stawia sobie r\u00f3wnie\u017c za cel wykonywanie pomiar\u00f3w i analiz na najwy\u017cszym poziomie co w przysz\u0142o\u015bci b\u0119dzie podstaw\u0105 do utworzenie wzorcowej jednostki z zakresu nanotechnologii. Zapraszani go\u015bci z o\u015brodk\u00f3w krajowych i zagranicznych b\u0119d\u0105 prezentowa\u0107 nowe osi\u0105gni\u0119cia w badaniach nad grupami nowych materia\u0142\u00f3w oraz przeprowadza\u0107 wyk\u0142ady i szkolenia z mo\u017cliwo\u015bci rozszerzania bada\u0144 z wykorzystaniem istniej\u0105cej aparatury. Przewiduje si\u0119 tak\u017ce, \u017ce w Laboratorium realizowane b\u0119d\u0105 r\u00f3wnie\u017c prace dyplomowe, magisterskie i doktorskie  <\/p>\n<p>Laboratorium Materia\u0142\u00f3w Zol-\u017belowych i Nanotechnologii DCZT umiejscowione zosta\u0142o w pomieszczeniach Instytutu Materia\u0142oznawstwa i Mechaniki Technicznej Politechniki Wroc\u0142awskiej przy ul. Krasi\u0144skiego 13a we Wroc\u0142awiu. <a target=\"_blank\" href=\"http:\/\/maps.google.com\/maps?f=q&#038;hl=pl&#038;geocode=&#038;q=polska,+wroc%C5%82aw,+krasinskiego+13&#038;jsv=107&#038;sll=37.0625,-95.677068&#038;sspn=36.726391,68.554688&#038;ie=UTF8&#038;ll=51.106809,17.043593&#038;spn=0.007114,0.016737&#038;z=16&#038;iwloc=addr\">Doskona\u0142a lokalizacja<\/a> w centrum miasta sprawia, \u017ce Laboratorium jest \u0142atwo dost\u0119pne. W sk\u0142ad Laboratorium, opr\u00f3cz pomieszcze\u0144, w kt\u00f3rych zlokalizowana zosta\u0142a aparatura naukowo-badawcza wchodzi r\u00f3wnie\u017c laboratorium chemiczne oraz sala seminaryjna, w kt\u00f3rej istnieje mo\u017cliwo\u015b\u0107 prowadzenia wyk\u0142ad\u00f3w i spotka\u0144 naukowych. Laboratorium posiada doskona\u0142e zaplecze informatyczne i zapewnia \u0142\u0105czno\u015b\u0107 internetow\u0105 na najwy\u017cszym poziomie.  <\/p>\n<p>Wszystkie informacje dotycz\u0105ce funkcjonowania Laboratorium Materia\u0142\u00f3w Zol-\u017belowych i Nanotechnologii Dolno\u015bl\u0105skiego Centrum Zaawansowanych Technologii b\u0119d\u0105 uaktualniane i zamieszczane na stronie internetowej: www.sgml.pwr.wroc.pl.<\/p>\n<ul class=\"list-pages-shortcode sibling-pages\"><li class=\"page_item page-item-1534\"><a href=\"https:\/\/kmim.wm.pwr.edu.pl\/immt\/instytut-materialoznawstwa-i-mechaniki-technicznej\/badania-naukowe\/laboratoria\/laboratorium-materialow-zol-zelowych-i-nanotechnologii-dczt\/laboratorium-materialow-zol-zelowych-i-nanotechnologii-wyposazenie\/\">Laboratorium Materia\u0142\u00f3w Zol-\u017belowych i Nanotechnologii &#8212;  Wyposa\u017cenie<\/a><\/li>\n<li class=\"page_item page-item-1533\"><a href=\"https:\/\/kmim.wm.pwr.edu.pl\/immt\/instytut-materialoznawstwa-i-mechaniki-technicznej\/badania-naukowe\/laboratoria\/laboratorium-materialow-zol-zelowych-i-nanotechnologii-dczt\/laboratorium-materialow-zol-zelowych-i-nanotechnologii-charakterystyka\/\">Laboratorium Materia\u0142\u00f3w Zol-\u017belowych i Nanotechnologii &#8212; Charakterystyka<\/a><\/li>\n<li class=\"page_item page-item-1535\"><a href=\"https:\/\/kmim.wm.pwr.edu.pl\/immt\/instytut-materialoznawstwa-i-mechaniki-technicznej\/badania-naukowe\/laboratoria\/laboratorium-materialow-zol-zelowych-i-nanotechnologii-dczt\/laboratorium-materialow-zol-zelowych-i-nanotechnologii-oferta\/\">Laboratorium Materia\u0142\u00f3w Zol-\u017belowych i Nanotechnologii &#8212; Oferta<\/a><\/li>\n<\/ul>\n","protected":false},"excerpt":{"rendered":"<p>Celem Laboratorium Materia\u0142\u00f3w Zol-\u017belowych i Nanotechnologii DCZT jest prowadzenie bada\u0144 naukowych z wykorzystaniem najnowszych technik badawczych w szerokim zakresie pomiarowym dla r\u00f3\u017cnych grup materia\u0142\u00f3w takich jak materia\u0142y metalograficzne, materia\u0142y biologiczne, zwi\u0105zki chemiczne i inne. Doskona\u0142e parametry techniczne urz\u0105dze\u0144 umo\u017cliwiaj\u0105 obserwacj\u0119 i identyfikacj\u0119 obiekt\u00f3w w skali nano. Zlokalizowanie aparatury naukowo-badawczej w jednym miejscu pozwala na kompleksow\u0105 &hellip; <a href=\"https:\/\/kmim.wm.pwr.edu.pl\/immt\/instytut-materialoznawstwa-i-mechaniki-technicznej\/badania-naukowe\/laboratoria\/laboratorium-materialow-zol-zelowych-i-nanotechnologii-dczt\/laboratorium-materialow-zol-zelowych-i-nanotechnologii-charakterystyka\/\" class=\"more-link\">Czytaj dalej <span class=\"screen-reader-text\">Laboratorium Materia\u0142\u00f3w Zol-\u017belowych i Nanotechnologii &#8212; Charakterystyka<\/span> <span class=\"meta-nav\">&rarr;<\/span><\/a><\/p>\n","protected":false},"author":1,"featured_media":0,"parent":1440,"menu_order":0,"comment_status":"closed","ping_status":"open","template":"","meta":{"ngg_post_thumbnail":0,"footnotes":""},"class_list":["post-1533","page","type-page","status-publish","hentry"],"publishpress_future_action":{"enabled":false,"date":"2026-04-26 07:55:21","action":"change-status","newStatus":"draft","terms":[],"taxonomy":"language","extraData":[]},"publishpress_future_workflow_manual_trigger":{"enabledWorkflows":[]},"_links":{"self":[{"href":"https:\/\/kmim.wm.pwr.edu.pl\/immt\/wp-json\/wp\/v2\/pages\/1533","targetHints":{"allow":["GET"]}}],"collection":[{"href":"https:\/\/kmim.wm.pwr.edu.pl\/immt\/wp-json\/wp\/v2\/pages"}],"about":[{"href":"https:\/\/kmim.wm.pwr.edu.pl\/immt\/wp-json\/wp\/v2\/types\/page"}],"author":[{"embeddable":true,"href":"https:\/\/kmim.wm.pwr.edu.pl\/immt\/wp-json\/wp\/v2\/users\/1"}],"replies":[{"embeddable":true,"href":"https:\/\/kmim.wm.pwr.edu.pl\/immt\/wp-json\/wp\/v2\/comments?post=1533"}],"version-history":[{"count":1,"href":"https:\/\/kmim.wm.pwr.edu.pl\/immt\/wp-json\/wp\/v2\/pages\/1533\/revisions"}],"predecessor-version":[{"id":1573,"href":"https:\/\/kmim.wm.pwr.edu.pl\/immt\/wp-json\/wp\/v2\/pages\/1533\/revisions\/1573"}],"up":[{"embeddable":true,"href":"https:\/\/kmim.wm.pwr.edu.pl\/immt\/wp-json\/wp\/v2\/pages\/1440"}],"wp:attachment":[{"href":"https:\/\/kmim.wm.pwr.edu.pl\/immt\/wp-json\/wp\/v2\/media?parent=1533"}],"curies":[{"name":"wp","href":"https:\/\/api.w.org\/{rel}","templated":true}]}}