{"id":1534,"date":"2008-04-19T20:08:09","date_gmt":"2008-04-19T18:08:09","guid":{"rendered":"http:\/\/kmim.wm.pwr.edu.pl\/immt\/instytut-materialoznawstwa-i-mechaniki-technicznej\/badania-naukowe\/laboratoria\/laboratorium-materialow-zol-zelowych-i-nanotechnologii-dczt\/laboratorium-materialow-zol-zelowych-i-nanotechnologii-wyposazenie\/"},"modified":"2014-11-02T20:34:38","modified_gmt":"2014-11-02T19:34:38","slug":"laboratorium-materialow-zol-zelowych-i-nanotechnologii-wyposazenie","status":"publish","type":"page","link":"https:\/\/kmim.wm.pwr.edu.pl\/immt\/instytut-materialoznawstwa-i-mechaniki-technicznej\/badania-naukowe\/laboratoria\/laboratorium-materialow-zol-zelowych-i-nanotechnologii-dczt\/laboratorium-materialow-zol-zelowych-i-nanotechnologii-wyposazenie\/","title":{"rendered":"Laboratorium Materia\u0142\u00f3w Zol-\u017belowych i Nanotechnologii &#8212;  Wyposa\u017cenie"},"content":{"rendered":"<p>W sk\u0142ad wyposa\u017cenia Laboratorium Materia\u0142\u00f3w Zol-\u017belowych i Nanotechnologii DCZT wchodz\u0105 nast\u0119puj\u0105ce urz\u0105dzenia:<\/p>\n<ul>\n<li> System do pomiaru porowato\u015bci ASAP 2020 firmy Micromeritics (w pe\u0142ni zautomatyzowany system do oznaczania jedno i wielopunktowej powierzchni w\u0142a\u015bciwej metod\u0105 Brunauera-Emmetta-Tellera i Langmuira oraz do wyznaczania wielko\u015bci i dystrybucji por\u00f3w, w tym mikropor\u00f3w. <\/li>\n<li>Porozymetr rt\u0119ciowy AutoPore IV firmy Micromeritics (uk\u0142ad do wyznaczania m.in. ca\u0142kowitej obj\u0119to\u015bci por\u00f3w, rozk\u0142adu wielko\u015bci por\u00f3w, porowato\u015bci procentowej, g\u0119sto\u015bci, w\u0142asno\u015bci transportowych, kr\u0119to\u015bci por\u00f3w, \u015bci\u015bliwo\u015bci i innych) <\/li>\n<li>Proszkowy dyfraktometr rentgenowski Ultima IV firmy Rigaku (analizy struktury substancji krystalicznych na podstawie ich widm dyfrakcyjnych) <\/li>\n<li>Wysoko rozdzielczy spektrometr Ramana  z FTIR LabRam HR800 firmy Horiba Jobin Yvon (pomiar i analiza nieelestycznego rozpraszania foton\u00f3w tj. promieniowania rozproszenia Ramana)<\/li>\n<li>Skaningowy mikroskop elektronowy (SEM) S-3400N firmy Hitachi (mikroskop wykorzystuj\u0105cy wi\u0105zk\u0119 elektronow\u0105 do bada\u0144 badania morfologii powierzchni cia\u0142 sta\u0142ych w mikro- i nanoskali) z mikroanalizatorem rentgenowskim EDS. <\/li>\n<li>Mikroskop si\u0142 atomowych (AFM) XE-100 firmy Park Systems (mikroskop umo\u017cliwiaj\u0105cy uzyskanie topografii powierzchni z atomow\u0105 zdolno\u015bci\u0105 rozdzielcz\u0105 dzi\u0119ki wykorzystaniu mi\u0119dzyatomowych si\u0142 oddzia\u0142ywa\u0144) <\/li>\n<li>Dwuwi\u0105zkowy spektrofotometr absorpcyjny UV\/VIS Evolution 100 firmy Thermo (spektrofotometr s\u0142u\u017c\u0105cy do badania absorpcji promieniowania elektromagnetycznego w nadfiolecie i zakresie widzialnym widma) <\/li>\n<li>Spektrofotometr emisyjny z uk\u0142adem do pomiar\u00f3w czas\u00f3w \u017cycia FluoroMax-4 firmy Horiba Jobin Yvon (spektrofotometr pozwalaj\u0105cym na rejestracj\u0119 i analiz\u0119 widm emisyjnych i wzbudzeniowych pr\u00f3bek) <\/li>\n<li>Spektrofluorymetr z mikroskopem konfokalnym Fluorolog-3 firmy Horiba Jobin Yvon (modu\u0142owy spektrofotometr pozwalaj\u0105cym na rejestracj\u0119 i analiz\u0119 widm emisyjnych i wzbudzeniowych pr\u00f3bek)<\/li>\n<li>Generator gaz\u00f3w firmy Horiba <\/li>\n<li>Miernik LCR firmy Agilent Technologies<\/li>\n<\/ul>\n<ul class=\"list-pages-shortcode sibling-pages\"><li class=\"page_item page-item-1534\"><a href=\"https:\/\/kmim.wm.pwr.edu.pl\/immt\/instytut-materialoznawstwa-i-mechaniki-technicznej\/badania-naukowe\/laboratoria\/laboratorium-materialow-zol-zelowych-i-nanotechnologii-dczt\/laboratorium-materialow-zol-zelowych-i-nanotechnologii-wyposazenie\/\">Laboratorium Materia\u0142\u00f3w Zol-\u017belowych i Nanotechnologii &#8212;  Wyposa\u017cenie<\/a><\/li>\n<li class=\"page_item page-item-1533\"><a href=\"https:\/\/kmim.wm.pwr.edu.pl\/immt\/instytut-materialoznawstwa-i-mechaniki-technicznej\/badania-naukowe\/laboratoria\/laboratorium-materialow-zol-zelowych-i-nanotechnologii-dczt\/laboratorium-materialow-zol-zelowych-i-nanotechnologii-charakterystyka\/\">Laboratorium Materia\u0142\u00f3w Zol-\u017belowych i Nanotechnologii &#8212; Charakterystyka<\/a><\/li>\n<li class=\"page_item page-item-1535\"><a href=\"https:\/\/kmim.wm.pwr.edu.pl\/immt\/instytut-materialoznawstwa-i-mechaniki-technicznej\/badania-naukowe\/laboratoria\/laboratorium-materialow-zol-zelowych-i-nanotechnologii-dczt\/laboratorium-materialow-zol-zelowych-i-nanotechnologii-oferta\/\">Laboratorium Materia\u0142\u00f3w Zol-\u017belowych i Nanotechnologii &#8212; Oferta<\/a><\/li>\n<\/ul>\n","protected":false},"excerpt":{"rendered":"<p>W sk\u0142ad wyposa\u017cenia Laboratorium Materia\u0142\u00f3w Zol-\u017belowych i Nanotechnologii DCZT wchodz\u0105 nast\u0119puj\u0105ce urz\u0105dzenia: System do pomiaru porowato\u015bci ASAP 2020 firmy Micromeritics (w pe\u0142ni zautomatyzowany system do oznaczania jedno i wielopunktowej powierzchni w\u0142a\u015bciwej metod\u0105 Brunauera-Emmetta-Tellera i Langmuira oraz do wyznaczania wielko\u015bci i dystrybucji por\u00f3w, w tym mikropor\u00f3w. Porozymetr rt\u0119ciowy AutoPore IV firmy Micromeritics (uk\u0142ad do wyznaczania m.in. &hellip; <a href=\"https:\/\/kmim.wm.pwr.edu.pl\/immt\/instytut-materialoznawstwa-i-mechaniki-technicznej\/badania-naukowe\/laboratoria\/laboratorium-materialow-zol-zelowych-i-nanotechnologii-dczt\/laboratorium-materialow-zol-zelowych-i-nanotechnologii-wyposazenie\/\" class=\"more-link\">Czytaj dalej <span class=\"screen-reader-text\">Laboratorium Materia\u0142\u00f3w Zol-\u017belowych i Nanotechnologii &#8212;  Wyposa\u017cenie<\/span> <span class=\"meta-nav\">&rarr;<\/span><\/a><\/p>\n","protected":false},"author":1,"featured_media":0,"parent":1440,"menu_order":0,"comment_status":"closed","ping_status":"open","template":"","meta":{"ngg_post_thumbnail":0,"footnotes":""},"class_list":["post-1534","page","type-page","status-publish","hentry"],"publishpress_future_action":{"enabled":false,"date":"2026-04-23 15:10:35","action":"change-status","newStatus":"draft","terms":[],"taxonomy":"language","extraData":[]},"publishpress_future_workflow_manual_trigger":{"enabledWorkflows":[]},"_links":{"self":[{"href":"https:\/\/kmim.wm.pwr.edu.pl\/immt\/wp-json\/wp\/v2\/pages\/1534","targetHints":{"allow":["GET"]}}],"collection":[{"href":"https:\/\/kmim.wm.pwr.edu.pl\/immt\/wp-json\/wp\/v2\/pages"}],"about":[{"href":"https:\/\/kmim.wm.pwr.edu.pl\/immt\/wp-json\/wp\/v2\/types\/page"}],"author":[{"embeddable":true,"href":"https:\/\/kmim.wm.pwr.edu.pl\/immt\/wp-json\/wp\/v2\/users\/1"}],"replies":[{"embeddable":true,"href":"https:\/\/kmim.wm.pwr.edu.pl\/immt\/wp-json\/wp\/v2\/comments?post=1534"}],"version-history":[{"count":1,"href":"https:\/\/kmim.wm.pwr.edu.pl\/immt\/wp-json\/wp\/v2\/pages\/1534\/revisions"}],"predecessor-version":[{"id":1572,"href":"https:\/\/kmim.wm.pwr.edu.pl\/immt\/wp-json\/wp\/v2\/pages\/1534\/revisions\/1572"}],"up":[{"embeddable":true,"href":"https:\/\/kmim.wm.pwr.edu.pl\/immt\/wp-json\/wp\/v2\/pages\/1440"}],"wp:attachment":[{"href":"https:\/\/kmim.wm.pwr.edu.pl\/immt\/wp-json\/wp\/v2\/media?parent=1534"}],"curies":[{"name":"wp","href":"https:\/\/api.w.org\/{rel}","templated":true}]}}