{"id":2002,"date":"2003-11-27T20:41:06","date_gmt":"2003-11-27T19:41:06","guid":{"rendered":"http:\/\/kmim.wm.pwr.edu.pl\/immt\/?page_id=2002"},"modified":"2014-11-08T11:42:20","modified_gmt":"2014-11-08T10:42:20","slug":"list-of-participants-in-2nd-bohemian-saxon-silesian-mechanics-colloquium","status":"publish","type":"page","link":"https:\/\/kmim.wm.pwr.edu.pl\/immt\/instytut-materialoznawstwa-i-mechaniki-technicznej\/konferencje-organizowane-przez-instytut-materialoznawstwa-i-mechaniki-technicznej\/bohemian-saxon-silesian-mechanics-colloquium\/2nd-bohemian-saxon-silesian-mechanics-colloquium\/list-of-participants-in-2nd-bohemian-saxon-silesian-mechanics-colloquium\/","title":{"rendered":"List of Participants in 2nd Bohemian-Saxon-Silesian Mechanics-Colloquium"},"content":{"rendered":"<ul>\n<li>Aliawdin, Piotr<\/li>\n<li>Beirow, Bernard<\/li>\n<li>B\u0119dzi\u0144ski, Romuald<\/li>\n<li>Bomba, Jacek<\/li>\n<li>Brummund, Jorg<\/li>\n<li>Bryja, Danuta<\/li>\n<li>Budnik, Joanna<\/li>\n<li>Chmielewski, Tadeusz<\/li>\n<li>Czopor, Julita<\/li>\n<li>Dudzi\u0144ski, W\u0142odzimierz<\/li>\n<li>Falicki, Jaros\u0142aw<\/li>\n<li>Glabisz, Wojciech<\/li>\n<li>Hasemann, Georg<\/li>\n<li>Hauptenbuchner, Barbara<\/li>\n<li>Ingolf, Lepenies<\/li>\n<li>Iwankiewicz, Rados\u0142aw<\/li>\n<li>Kaleta, Jerzy<\/li>\n<li>Kasprzak, Wac\u0142aw<\/li>\n<li>Konderla, Piotr<\/li>\n<li>Ko\u0144czal, Grazyna<\/li>\n<li>Kuczma, Bo\u017cena<\/li>\n<li>Kuczma, Mieczys\u0142aw<\/li>\n<li>Kuhhorn, Arnold<\/li>\n<li>Kukl\u00edk, Pavel<\/li>\n<li>Kula, Krzysztof<\/li>\n<li>Kulisiewicz, Maciej<\/li>\n<li>Kuty\u0142owski, Ryszard<\/li>\n<li>Lewandowski, Daniel<\/li>\n<li>Maciejewski, \u0141ukasz<\/li>\n<li>Marcinowski, Jakub<\/li>\n<li>Maruszewski, Krzysztof<\/li>\n<li>Matheas, Jan<\/li>\n<li>Mazur-\u015aniady, Krystyna<\/li>\n<li>Milan David<\/li>\n<li>Mironowicz, W\u0142adys\u0142aw<\/li>\n<li>Myszka, Wojciech<\/li>\n<li>Prochazka, Petr<\/li>\n<li>Pryputniewicz, Tomasz<\/li>\n<li>Richter, Mike<\/li>\n<li>Rybaczuk, Marek<\/li>\n<li>Sahn, Siegfred<\/li>\n<li>Schlebusch, Rainer<\/li>\n<li>Steinigen, Frank<\/li>\n<li>Szajna, Waldemar<\/li>\n<li>Szata, Mieczys\u0142aw<\/li>\n<li>Ulbricht, Volker<\/li>\n<li>Wybranow, Krystyna<\/li>\n<li>Zaj\u0105c, Piotr<\/li>\n<li>Zastrau, Bernd<\/li>\n<li>Zastrau, Ursula<\/li>\n<li>\u017belichowski-Haber W.<\/li>\n<\/ul>\n","protected":false},"excerpt":{"rendered":"<p>Aliawdin, Piotr Beirow, Bernard B\u0119dzi\u0144ski, Romuald Bomba, Jacek Brummund, Jorg Bryja, Danuta Budnik, Joanna Chmielewski, Tadeusz Czopor, Julita Dudzi\u0144ski, W\u0142odzimierz Falicki, Jaros\u0142aw Glabisz, Wojciech Hasemann, Georg Hauptenbuchner, Barbara Ingolf, Lepenies Iwankiewicz, Rados\u0142aw Kaleta, Jerzy Kasprzak, Wac\u0142aw Konderla, Piotr Ko\u0144czal, Grazyna Kuczma, Bo\u017cena Kuczma, Mieczys\u0142aw Kuhhorn, Arnold Kukl\u00edk, Pavel Kula, Krzysztof Kulisiewicz, Maciej Kuty\u0142owski, Ryszard Lewandowski, &hellip; <a href=\"https:\/\/kmim.wm.pwr.edu.pl\/immt\/instytut-materialoznawstwa-i-mechaniki-technicznej\/konferencje-organizowane-przez-instytut-materialoznawstwa-i-mechaniki-technicznej\/bohemian-saxon-silesian-mechanics-colloquium\/2nd-bohemian-saxon-silesian-mechanics-colloquium\/list-of-participants-in-2nd-bohemian-saxon-silesian-mechanics-colloquium\/\" class=\"more-link\">Czytaj dalej <span class=\"screen-reader-text\">List of Participants in 2nd Bohemian-Saxon-Silesian Mechanics-Colloquium<\/span> <span class=\"meta-nav\">&rarr;<\/span><\/a><\/p>\n","protected":false},"author":1,"featured_media":0,"parent":1480,"menu_order":0,"comment_status":"closed","ping_status":"open","template":"","meta":{"ngg_post_thumbnail":0,"footnotes":""},"class_list":["post-2002","page","type-page","status-publish","hentry"],"publishpress_future_action":{"enabled":false,"date":"2026-04-24 17:14:40","action":"change-status","newStatus":"draft","terms":[],"taxonomy":"language","extraData":[]},"publishpress_future_workflow_manual_trigger":{"enabledWorkflows":[]},"_links":{"self":[{"href":"https:\/\/kmim.wm.pwr.edu.pl\/immt\/wp-json\/wp\/v2\/pages\/2002","targetHints":{"allow":["GET"]}}],"collection":[{"href":"https:\/\/kmim.wm.pwr.edu.pl\/immt\/wp-json\/wp\/v2\/pages"}],"about":[{"href":"https:\/\/kmim.wm.pwr.edu.pl\/immt\/wp-json\/wp\/v2\/types\/page"}],"author":[{"embeddable":true,"href":"https:\/\/kmim.wm.pwr.edu.pl\/immt\/wp-json\/wp\/v2\/users\/1"}],"replies":[{"embeddable":true,"href":"https:\/\/kmim.wm.pwr.edu.pl\/immt\/wp-json\/wp\/v2\/comments?post=2002"}],"version-history":[{"count":1,"href":"https:\/\/kmim.wm.pwr.edu.pl\/immt\/wp-json\/wp\/v2\/pages\/2002\/revisions"}],"predecessor-version":[{"id":2003,"href":"https:\/\/kmim.wm.pwr.edu.pl\/immt\/wp-json\/wp\/v2\/pages\/2002\/revisions\/2003"}],"up":[{"embeddable":true,"href":"https:\/\/kmim.wm.pwr.edu.pl\/immt\/wp-json\/wp\/v2\/pages\/1480"}],"wp:attachment":[{"href":"https:\/\/kmim.wm.pwr.edu.pl\/immt\/wp-json\/wp\/v2\/media?parent=2002"}],"curies":[{"name":"wp","href":"https:\/\/api.w.org\/{rel}","templated":true}]}}