{"id":2423,"date":"2004-04-24T18:18:51","date_gmt":"2004-04-24T16:18:51","guid":{"rendered":"http:\/\/kmim.wm.pwr.edu.pl\/immt\/?page_id=2423"},"modified":"2014-11-17T18:37:41","modified_gmt":"2014-11-17T17:37:41","slug":"3rd-bohemian-saxon-silesian-mechanics-colloquium","status":"publish","type":"page","link":"https:\/\/kmim.wm.pwr.edu.pl\/immt\/instytut-materialoznawstwa-i-mechaniki-technicznej\/konferencje-organizowane-przez-instytut-materialoznawstwa-i-mechaniki-technicznej\/bohemian-saxon-silesian-mechanics-colloquium\/3rd-bohemian-saxon-silesian-mechanics-colloquium\/","title":{"rendered":"3rd Bohemian-Saxon-Silesian Mechanics-Colloquium"},"content":{"rendered":"<p>April 24, 2004 \u00a0Department of Mechanics<\/p>\n<p>Faculty of Mechanical Eng.<\/p>\n<p>Czech Technical University\u00a0in Prague,\u00a0Czech Republic<\/p>\n<h3>Personal invitation:<\/h3>\n<p>3rd Bohemian \u2013 Saxon \u2013 Silesian Mechanics &#8211; Colloquium is a continuation of already established tradition. The aim is to bring together colleagues of mechanics from neighbouring European regions of Bohemia, Saxony and Lower Silesia.<\/p>\n<p>During one day meeting the colleagues-guests should get an overview of CTU research activities.\u00a0 Dear colleagues, I cordially invite you to visit us in Prague.<\/p>\n<p style=\"text-align: right;\">Prof. Michael Val\u00e1\u0161ek<\/p>\n<h3>Scientific Program:<\/h3>\n<p>10.00-10.15\u00a0Prof. Michael Val\u00e1\u0161ek\u00a0Welcome Address<\/p>\n<p>10.15-10.45\u00a0Valasek, Bauma, Sika, Vampola:\u00a0Redudantly actuated parallel kinematics \u2013 new concept of machine tools<\/p>\n<p>10.45-11.05\u00a0Sika, Valasek:\u00a0Controlled vibration suppression<\/p>\n<p>11.05-11.25\u00a0Steinbauer, Valasek, Sika:\u00a0Clockwork: Knowledge support of simulation model life cycle<\/p>\n<p>11.25-12.00\u00a0Coffee Break<\/p>\n<p>12.00-12.20\u00a0Pelikan, Stefan, Sika, Florian, Valasek:\u00a0Predictive model of combustion engine<\/p>\n<p>12.20-12.40\u00a0Dedouch, Vampola:\u00a0Elastoacoustic properties of human vocal tract<\/p>\n<p>12.40-13.00\u00a0Maca, Smilauer, Valasek, Sika: Interaction of trucks with bridge<\/p>\n<p>13.00-14.00\u00a0Lunch<\/p>\n<p>14.00-15.00\u00a0Laboratory visit<\/p>\n<p>Individual program\u00a0(Suggested Prague Center visit)<\/p>\n<h3>Venue:<\/h3>\n<p>Historical campus of CTU in Prague, Faculty of Mechanical Engineering at Karlovo n\u00e1m. 13.\u00a0Subway line B, station \u201eKarlovo n\u00e1m\u011bst\u00ed\u201c<\/p>\n<p><a href=\"http:\/\/en.wikipedia.org\/wiki\/File:CVUT_Karlovo_namesti.jpg#filelinks\"><img loading=\"lazy\" decoding=\"async\" class=\"aligncenter size-medium wp-image-2425\" src=\"http:\/\/kmim.wm.pwr.edu.pl\/immt\/wp-content\/uploads\/sites\/58\/2004\/04\/800px-CVUT_Karlovo_namesti-300x225.jpg\" alt=\"A building of the Czech Technical University in Prague, Karlovo n\u00e1m\u011bst\u00ed. Architect: Ign\u00e1c Vojt\u011bch Ullmann, 1871\u201374 ; Credit Petr Kedlac\" width=\"300\" height=\"225\" srcset=\"https:\/\/kmim.wm.pwr.edu.pl\/immt\/wp-content\/uploads\/sites\/58\/2004\/04\/800px-CVUT_Karlovo_namesti-300x225.jpg 300w, https:\/\/kmim.wm.pwr.edu.pl\/immt\/wp-content\/uploads\/sites\/58\/2004\/04\/800px-CVUT_Karlovo_namesti.jpg 800w\" sizes=\"auto, (max-width: 300px) 100vw, 300px\" \/><\/a><\/p>\n<h3>Registration:<\/h3>\n<p>Participants should register till April 17, 2004, preferably via e-mail.<\/p>\n<p>&nbsp;<\/p>\n<h3>Download:<\/h3>\n<p><a href=\"http:\/\/kmim.wm.pwr.edu.pl\/immt\/wp-content\/uploads\/sites\/58\/2004\/04\/bss04.pdf\">Invitation booklet<\/a>\u00a0 (pdf)<\/p>\n<h3>Contact:<\/h3>\n<p>Prof. Michael Val\u00e1\u0161ek<\/p>\n<p>Dept. Of Mechanics<\/p>\n<p>Faculty of Mechanical Engineering<\/p>\n<p>Czech Technical University in Prague<\/p>\n<p>Karlovo n\u00e1m. 13<\/p>\n<p>121 35 Prague 2<\/p>\n<p>Tel.: +420 224357361<\/p>\n<p>Fax: +420 224916709<\/p>\n<p>E-mail: &#98;&#x73;&#115;&#x30;4&#x40;f&#101;&#x6c;&#98;&#x65;&#114;&#x2e;f&#x73;i&#107;&#x2e;&#99;&#x76;u&#x74;&#46;&#x63;&#x7a;<\/p>\n<p>WWW: http:\/\/www.mechatronics.cz\/bss04\/<\/p>\n<p>(Page recreated based on <a href=\"https:\/\/archive.org\/web\/\" target=\"_blank\">Wayback Machine<\/a>:<a href=\"https:\/\/web.archive.org\/web\/20040401112942\/http:\/\/www.mechatronics.cz\/bss04\/\" target=\"_blank\">\u00a0https:\/\/web.archive.org\/web\/20040401112942\/http:\/\/www.mechatronics.cz\/bss04\/<\/a>)<\/p>\n","protected":false},"excerpt":{"rendered":"<p>April 24, 2004 \u00a0Department of Mechanics Faculty of Mechanical Eng. Czech Technical University\u00a0in Prague,\u00a0Czech Republic Personal invitation: 3rd Bohemian \u2013 Saxon \u2013 Silesian Mechanics &#8211; Colloquium is a continuation of already established tradition. The aim is to bring together colleagues of mechanics from neighbouring European regions of Bohemia, Saxony and Lower Silesia. During one day &hellip; <a href=\"https:\/\/kmim.wm.pwr.edu.pl\/immt\/instytut-materialoznawstwa-i-mechaniki-technicznej\/konferencje-organizowane-przez-instytut-materialoznawstwa-i-mechaniki-technicznej\/bohemian-saxon-silesian-mechanics-colloquium\/3rd-bohemian-saxon-silesian-mechanics-colloquium\/\" class=\"more-link\">Czytaj dalej <span class=\"screen-reader-text\">3rd Bohemian-Saxon-Silesian Mechanics-Colloquium<\/span> <span class=\"meta-nav\">&rarr;<\/span><\/a><\/p>\n","protected":false},"author":1,"featured_media":0,"parent":1463,"menu_order":0,"comment_status":"closed","ping_status":"open","template":"","meta":{"ngg_post_thumbnail":0,"footnotes":""},"class_list":["post-2423","page","type-page","status-publish","hentry"],"publishpress_future_action":{"enabled":false,"date":"2026-04-27 14:44:41","action":"change-status","newStatus":"draft","terms":[],"taxonomy":"language","extraData":[]},"publishpress_future_workflow_manual_trigger":{"enabledWorkflows":[]},"_links":{"self":[{"href":"https:\/\/kmim.wm.pwr.edu.pl\/immt\/wp-json\/wp\/v2\/pages\/2423","targetHints":{"allow":["GET"]}}],"collection":[{"href":"https:\/\/kmim.wm.pwr.edu.pl\/immt\/wp-json\/wp\/v2\/pages"}],"about":[{"href":"https:\/\/kmim.wm.pwr.edu.pl\/immt\/wp-json\/wp\/v2\/types\/page"}],"author":[{"embeddable":true,"href":"https:\/\/kmim.wm.pwr.edu.pl\/immt\/wp-json\/wp\/v2\/users\/1"}],"replies":[{"embeddable":true,"href":"https:\/\/kmim.wm.pwr.edu.pl\/immt\/wp-json\/wp\/v2\/comments?post=2423"}],"version-history":[{"count":3,"href":"https:\/\/kmim.wm.pwr.edu.pl\/immt\/wp-json\/wp\/v2\/pages\/2423\/revisions"}],"predecessor-version":[{"id":2428,"href":"https:\/\/kmim.wm.pwr.edu.pl\/immt\/wp-json\/wp\/v2\/pages\/2423\/revisions\/2428"}],"up":[{"embeddable":true,"href":"https:\/\/kmim.wm.pwr.edu.pl\/immt\/wp-json\/wp\/v2\/pages\/1463"}],"wp:attachment":[{"href":"https:\/\/kmim.wm.pwr.edu.pl\/immt\/wp-json\/wp\/v2\/media?parent=2423"}],"curies":[{"name":"wp","href":"https:\/\/api.w.org\/{rel}","templated":true}]}}