{"id":2942,"date":"2020-03-16T12:05:06","date_gmt":"2020-03-16T11:05:06","guid":{"rendered":"http:\/\/kmim.wm.pwr.edu.pl\/jasiorski\/?page_id=2942"},"modified":"2020-06-03T15:38:08","modified_gmt":"2020-06-03T13:38:08","slug":"dydaktyka","status":"publish","type":"page","link":"https:\/\/kmim.wm.pwr.edu.pl\/jasiorski\/dydaktyka\/","title":{"rendered":"Dydaktyka"},"content":{"rendered":"<p>ZIP &#8211; Materia\u0142y wyk\u0142adowe (Wyk\u0142ad 1,2 i 3) z Fizykochemii Zaawansowanych Materia\u0142\u00f3w Funkcjonalnych:<\/p>\n<p><a href=\"http:\/\/kmim.wm.pwr.edu.pl\/jasiorski\/wp-content\/uploads\/sites\/19\/2020\/05\/Nowe-zagadnienia-na-kolokwium.pdf\">NOWE ZAGADNIENIA NA KOLOKWIUM (semestr letni 2019\/2020)<\/a><\/p>\n<p><a href=\"http:\/\/kmim.wm.pwr.edu.pl\/jasiorski\/wp-content\/uploads\/sites\/19\/2020\/03\/ZIP_Fizykochemia_Zaawansowanych_Wyklad1_3.pdf\">WYK\u0141AD 1 &#8211; 3<\/a><\/p>\n<p><a href=\"http:\/\/kmim.wm.pwr.edu.pl\/jasiorski\/wp-content\/uploads\/sites\/19\/2020\/04\/ZIP_Fizykochemia_Zaawansowanych_Wyklad4.pdf\">WYK\u0141AD 4<\/a><\/p>\n<p><a href=\"http:\/\/kmim.wm.pwr.edu.pl\/jasiorski\/wp-content\/uploads\/sites\/19\/2020\/04\/Wyklad_5_weglowe.pdf\">WYK\u0141AD 5<\/a><\/p>\n<p><a href=\"http:\/\/kmim.wm.pwr.edu.pl\/jasiorski\/wp-content\/uploads\/sites\/19\/2020\/04\/Wyklad_6_polimerowe.pdf\">WYK\u0141AD 6<\/a><\/p>\n<p><a href=\"http:\/\/kmim.wm.pwr.edu.pl\/jasiorski\/wp-content\/uploads\/sites\/19\/2020\/05\/Wyklad_7_kompozyty.pdf\">WYK\u0141AD 7<\/a><\/p>\n<p>RAP &#8211; Materia\u0142y wyk\u0142adowe (Wyk\u0142ad 1,2 i 3) z Zaawansowanych Materia\u0142\u00f3w Funkcjonalnych:<\/p>\n<p><a href=\"http:\/\/kmim.wm.pwr.edu.pl\/jasiorski\/wp-content\/uploads\/sites\/19\/2020\/05\/Nowe-zagadnienia-na-kolokwium.pdf\">NOWE ZAGADNIENIA NA KOLOKWIUM (semestr letni 2019\/2020<\/a><\/p>\n<p><a href=\"http:\/\/kmim.wm.pwr.edu.pl\/jasiorski\/wp-content\/uploads\/sites\/19\/2020\/03\/RAP_Zaawansowane_Wyklad1_3.pdf\">WYK\u0141AD 1 &#8211; 3<\/a><\/p>\n<p><a href=\"http:\/\/kmim.wm.pwr.edu.pl\/jasiorski\/wp-content\/uploads\/sites\/19\/2020\/04\/RAP_Zaawansowane_Wyklad4.pdf\">WYK\u0141AD 4<\/a><\/p>\n<p><a href=\"http:\/\/kmim.wm.pwr.edu.pl\/jasiorski\/wp-content\/uploads\/sites\/19\/2020\/04\/Wyklad_5_weglowe.pdf\">WYK\u0141AD 5<\/a><\/p>\n<p><a href=\"http:\/\/kmim.wm.pwr.edu.pl\/jasiorski\/wp-content\/uploads\/sites\/19\/2020\/04\/Wyklad_6_polimerowe.pdf\">WYK\u0141AD 6<\/a><\/p>\n<p><a href=\"http:\/\/kmim.wm.pwr.edu.pl\/jasiorski\/wp-content\/uploads\/sites\/19\/2020\/05\/Wyklad_7_kompozyty.pdf\">WYK\u0141AD 7<\/a><\/p>\n<p>MBM II stopie\u0144 IMK:<\/p>\n<p><a href=\"http:\/\/kmim.wm.pwr.edu.pl\/jasiorski\/wp-content\/uploads\/sites\/19\/2020\/04\/Wyklad_Fizyka_Chemia_CS_1czesc.pdf\">WYK\u0141AD 1<\/a><\/p>\n<p><a href=\"http:\/\/kmim.wm.pwr.edu.pl\/jasiorski\/wp-content\/uploads\/sites\/19\/2020\/04\/Wyklad_Fizyka_Chemia_CS_2czesc.pdf\">WYK\u0141AD 2<\/a><\/p>\n<p><a href=\"http:\/\/kmim.wm.pwr.edu.pl\/jasiorski\/wp-content\/uploads\/sites\/19\/2020\/04\/Wyklad_Fizyka_Chemia_CS_3czesc.pdf\">WYK\u0141AD 3<\/a><\/p>\n","protected":false},"excerpt":{"rendered":"<p>ZIP &#8211; Materia\u0142y wyk\u0142adowe (Wyk\u0142ad 1,2 i 3) z Fizykochemii Zaawansowanych Materia\u0142\u00f3w Funkcjonalnych: NOWE ZAGADNIENIA NA KOLOKWIUM (semestr letni 2019\/2020) WYK\u0141AD 1 &#8211; 3 WYK\u0141AD 4 WYK\u0141AD 5 WYK\u0141AD 6 WYK\u0141AD 7 RAP &#8211; Materia\u0142y wyk\u0142adowe (Wyk\u0142ad 1,2 i 3) z Zaawansowanych Materia\u0142\u00f3w Funkcjonalnych: NOWE ZAGADNIENIA NA KOLOKWIUM (semestr letni 2019\/2020 WYK\u0141AD 1 &#8211; 3 &hellip; <a href=\"https:\/\/kmim.wm.pwr.edu.pl\/jasiorski\/dydaktyka\/\" class=\"more-link\">Czytaj dalej <span class=\"screen-reader-text\">Dydaktyka<\/span> <span class=\"meta-nav\">&rarr;<\/span><\/a><\/p>\n","protected":false},"author":16,"featured_media":0,"parent":0,"menu_order":0,"comment_status":"closed","ping_status":"closed","template":"","meta":{"ngg_post_thumbnail":0,"footnotes":""},"class_list":["post-2942","page","type-page","status-publish","hentry"],"publishpress_future_action":{"enabled":false,"date":"2026-05-16 12:39:42","action":"change-status","newStatus":"draft","terms":[],"taxonomy":"language","extraData":[]},"publishpress_future_workflow_manual_trigger":{"enabledWorkflows":[]},"_links":{"self":[{"href":"https:\/\/kmim.wm.pwr.edu.pl\/jasiorski\/wp-json\/wp\/v2\/pages\/2942","targetHints":{"allow":["GET"]}}],"collection":[{"href":"https:\/\/kmim.wm.pwr.edu.pl\/jasiorski\/wp-json\/wp\/v2\/pages"}],"about":[{"href":"https:\/\/kmim.wm.pwr.edu.pl\/jasiorski\/wp-json\/wp\/v2\/types\/page"}],"author":[{"embeddable":true,"href":"https:\/\/kmim.wm.pwr.edu.pl\/jasiorski\/wp-json\/wp\/v2\/users\/16"}],"replies":[{"embeddable":true,"href":"https:\/\/kmim.wm.pwr.edu.pl\/jasiorski\/wp-json\/wp\/v2\/comments?post=2942"}],"version-history":[{"count":11,"href":"https:\/\/kmim.wm.pwr.edu.pl\/jasiorski\/wp-json\/wp\/v2\/pages\/2942\/revisions"}],"predecessor-version":[{"id":3140,"href":"https:\/\/kmim.wm.pwr.edu.pl\/jasiorski\/wp-json\/wp\/v2\/pages\/2942\/revisions\/3140"}],"wp:attachment":[{"href":"https:\/\/kmim.wm.pwr.edu.pl\/jasiorski\/wp-json\/wp\/v2\/media?parent=2942"}],"curies":[{"name":"wp","href":"https:\/\/api.w.org\/{rel}","templated":true}]}}