{"id":1232,"date":"2015-03-16T17:24:33","date_gmt":"2015-03-16T16:24:33","guid":{"rendered":"http:\/\/kmim.wm.pwr.edu.pl\/kaleta\/?page_id=1232"},"modified":"2016-03-17T17:21:39","modified_gmt":"2016-03-17T16:21:39","slug":"o-mnie-2","status":"publish","type":"page","link":"https:\/\/kmim.wm.pwr.edu.pl\/kaleta\/o-mnie-2\/","title":{"rendered":"O mnie"},"content":{"rendered":"<p><strong>ZAINTERESOWANIA<\/strong> <strong>NAUKOWE<\/strong><\/p>\n<ol>\n<li>Mechanika materia\u0142\u00f3w oraz metody badawcze mechaniki\u00a0\u00a0\u00a0\u00a0\u00a0\u00a0\u00a0\u00a0 eksperymentalnej<\/li>\n<li>Materia\u0142y magnetyczne typu Smart\n<ul>\n<li>Kompozyty z udzia\u0142em cieczy magnetoreologicznych<\/li>\n<li>Materia\u0142y o tzw. gigantycznej magnetostrykcji<\/li>\n<li>Kompozyty z udzia\u0142em GMM<\/li>\n<li>Materia\u0142y magnetokaloryczne<\/li>\n<li>Elastomery magnetoreologiczne<\/li>\n<li>Energy Harvesting<\/li>\n<\/ul>\n<\/li>\n<li>Magnetowizja<\/li>\n<li>Kompozyty\n<ul>\n<li>Wysokoci\u015bnieniowe gromadzenie wodoru do zasilania ogniw paliwowych w\u00a0pojazdach<\/li>\n<li>Przemiana martenzytyczna indukowana odkszta\u0142ceniem\u00a0\u00a0\u00a0\u00a0\u00a0\u00a0\u00a0\u00a0\u00a0\u00a0\u00a0\u00a0\u00a0 plastycznym<\/li>\n<li>Wybrane masywne amorficzne i nanokrystaliczne stopy na bazie \u017celaza \u2013\u00a0 wytwarzanie, w\u0142a\u015bciwo\u015bci i zastosowanie<\/li>\n<\/ul>\n<\/li>\n<\/ol>\n<p>&nbsp;<\/p>\n<p><strong>\u017bYCIORYS\u00a0<\/strong><\/p>\n<ul>\n<li>1969\u20131974 studia magisterskie, Wydzia\u0142 Mechaniczny\u00a0\u00a0\u00a0\u00a0\u00a0\u00a0\u00a0\u00a0\u00a0\u00a0\u00a0\u00a0\u00a0\u00a0\u00a0\u00a0\u00a0\u00a0\u00a0 Politechniki Wroc\u0142awskiej\u00a0\u00a0\u00a0\u00a0\u00a0\u00a0\u00a0\u00a0\u00a0\u00a0\u00a0\u00a0\u00a0\u00a0\u00a0\u00a0\u00a0\u00a0\u00a0\u00a0\u00a0\u00a0\u00a0\u00a0\u00a0\u00a0\u00a0\u00a0\u00a0\u00a0\u00a0\u00a0\u00a0\u00a0\u00a0\u00a0\u00a0\u00a0\u00a0\u00a0\u00a0\u00a0\u00a0\u00a0\u00a0\u00a0\u00a0\u00a0\u00a0\u00a0\u00a0\u00a0\u00a0\u00a0\u00a0\u00a0\u00a0\u00a0\u00a0\u00a0\u00a0\u00a0\u00a0\u00a0\u00a0\u00a0\u00a0\u00a0\u00a0\u00a0\u00a0\u00a0\u00a0\u00a0\u00a0\u00a0\u00a0\u00a0\u00a0\u00a0\u00a0\u00a0\u00a0\u00a0\u00a0\u00a0\u00a0 (mgr in\u017c. w zakresie: Mechanika Stosowana)<\/li>\n<li>1974\u20111978 doktorant i starszy asystent w Instytucie\u00a0\u00a0\u00a0\u00a0\u00a0\u00a0\u00a0\u00a0\u00a0\u00a0\u00a0\u00a0\u00a0\u00a0\u00a0\u00a0\u00a0\u00a0\u00a0\u00a0\u00a0\u00a0\u00a0\u00a0 Materia\u0142oznawstwa i Mechaniki Technicznej Politechniki Wroc\u0142awskiej<\/li>\n<li>1978 uzyskanie tytu\u0142u doktora nauk technicznych (praca\u00a0\u00a0\u00a0\u00a0\u00a0\u00a0\u00a0\u00a0\u00a0\u00a0\u00a0\u00a0\u00a0\u00a0\u00a0\u00a0\u00a0\u00a0 doktorska p.t. \u201eAnaliza modeli matematycznych energetycznych hipotez zm\u0119czeniowych z\u00a0punktu widzenia teorii identyfikacji\u201d)<\/li>\n<li>1978\u20131998 adiunkt naukowo-dydaktyczny (PWr, IMiMT)<\/li>\n<li>1979\u20131982, Dyrektor Pionu Studenckiej Wymiany Zagranicznej, Politechnika Wroc\u0142awska<\/li>\n<li>1991\u20131999, Kierownik Zespo\u0142u Badawczego Zm\u0119czenia Metali\u00a0(PWr, IMiMT)<\/li>\n<li>1996\u20131999, Zast\u0119pca Dyrektora Instytutu ds. Nauki i Wsp\u00f3\u0142pracy z Przemys\u0142em (Pwr, IMiMT)<\/li>\n<li>1998 uzyskanie tytu\u0142u dr. hab. nauk technicznych w dyscyplinie: Mechanika (rozprawa habilitacyjna: \u201eDo\u015bwiadczalne podstawy formu\u0142owania energetycznych hipotez zm\u0119czeniowych\u201d)<\/li>\n<li>1998\u20132008 adiunkt naukowo-dydaktyczny ze stopniem dr hab. in\u017c., Politechnika Wroc\u0142awska, Wydzia\u0142 Mechaniczny, IMiMT,<\/li>\n<li>1999\u20132006, Dyrektor Instytutu (PWr, IMiMT)<\/li>\n<li>2002\u2013 Kierownik Zak\u0142adu Mechaniki O\u015brodk\u00f3w Ci\u0105g\u0142ych, Politechnika Wroc\u0142awska, Wydzia\u0142 Mechaniczny, IMiMT<\/li>\n<li>2008\u2013 profesor nadzwyczajny PWr. (PWr, IMiMT)<\/li>\n<li>2013\u2013 Kierownik Katedry Mechaniki i In\u017cynierii Materia\u0142owej, Politechnika Wroc\u0142awska, Wydzia\u0142 Mechaniczny<\/li>\n<li>2016 uzyskanie tytu\u0142u naukowego profesora nauk technicznych<\/li>\n<\/ul>\n<p>&nbsp;<\/p>\n<p><em>Inne rodzaje dzia\u0142alno\u015bci organizacyjnej, dydaktycznej i naukowej:<\/em><\/p>\n<ul>\n<li>cz\u0142onek Rady Wydzia\u0142u Mechanicznego<\/li>\n<li>cz\u0142onek komitet\u00f3w naukowych konferencji\/seminari\u00f3w \u00a0 \u00a0 \u00a0 \u00a0 \u00a0 \u00a0 \u00a0 \u00a0 \u00a0 \u00a0 \u00a0 mi\u0119dzynarodowych i\u00a0kilkunastu krajowych<\/li>\n<li>organizator wizyt wybitnych naukowc\u00f3w (Visiting Professors) w celu przeprowadzenie wyk\u0142ad\u00f3w i innych zaj\u0119\u0107 edukacyjnych o charakterze otwartym<\/li>\n<li>doradca Wojewody Wroc\u0142awskiego ds. Nauki i Szkolnictwa Wy\u017cszego (2001\u20132005)<\/li>\n<li>doradca Prorektora ds. Europejskich Program\u00f3w Regionalnych (2003\u20132008)<\/li>\n<li>cz\u0142onek komitetu programowego ds. Strategii Innowacji dla Dolnego \u015al\u0105ska (2004\u20132005)<\/li>\n<li>opiekun wielu nagrodzonych prac dyplomowych, w tym nagrodzonej 1 miejscem w\u00a0og\u00f3lnopolskim finale konkursu NOT<\/li>\n<li>promotor 3 obronionych prac doktorskich<\/li>\n<li>opiekun\u00a0otwartych przewod\u00f3w doktorskich (12 os\u00f3b z PWr i 2 osoby z przemys\u0142u)<\/li>\n<\/ul>\n<p>&nbsp;<\/p>\n<p><strong>WSP\u00d3\u0141PRACA ZAGRANICZNA<\/strong><\/p>\n<ul>\n<li>\u00a0Wyk\u0142ady na uniwersytetach w Essen, Dre\u017anie (wielokrotnie), Karlsruhe, Kaiserslautern, Siegen, Lwowie, Moskwie, Leoben<\/li>\n<li>Kierownik (po polskiej stronie) 4 bilateralnych program\u00f3w\u00a0\u00a0\u00a0\u00a0\u00a0\u00a0\u00a0\u00a0\u00a0\u00a0\u00a0\u00a0\u00a0\u00a0\u00a0 naukowych umieszczonych na tzw. listach mi\u0119dzyrz\u0105dowych<\/li>\n<li>Koordynator wieloletniej umowy naukowej pomi\u0119dzy Universit\u00e4t Karlsruhe\u00a0i Politechnik\u0105 Wroc\u0142awsk\u0105<\/li>\n<li>Koordynator po stronie polskiej transgranicznych seminari\u00f3w \u201eBohemian-Saxon-Silesian Mechanics-Colloquium\u201d<\/li>\n<li>Wsp\u00f3\u0142organizator (po stronie polskiej) polsko-ukrai\u0144sko-\u00a0\u00a0\u00a0\u00a0\u00a0\u00a0\u00a0\u00a0\u00a0\u00a0\u00a0\u00a0\u00a0\u00a0\u00a0\u00a0\u00a0\u00a0 niemieckiej, cyklicznej \u201eSummer School of Mechanics\u201d<\/li>\n<\/ul>\n<p><strong>CZ\u0141ONKOSTWO W ORGANIZACJACH NAUKOWYCH<\/strong><\/p>\n<ul>\n<li>Polskie Towarzystwo Mechaniki Teoretycznej i Stosowanej<\/li>\n<li>Polskie Towarzystwo Mechaniki Eksperymentalnej<\/li>\n<li>Society of Experimental Mechanics (USA)<\/li>\n<li>Deutsche Gesellschaft f\u00fcr Materialkunde (Niemcy)<\/li>\n<li>Deutsche Verein f\u00fcr Materialkunde (Niemcy)<\/li>\n<\/ul>\n<p><strong>NAGRODY\/WYR\u00d3\u017bNIENIA<\/strong><\/p>\n<p><em><strong>\u00a0<\/strong>Za dzia\u0142alno\u015b\u0107 naukow\u0105, dydaktyczn\u0105, i organizacyjn\u0105 :<\/em><\/p>\n<ul>\n<li>nagroda JM Rektora Politechniki Wroc\u0142awskiej (wielokrotnie)<\/li>\n<li>nagroda Dziekana Wydzia\u0142u Mechanicznego (wielokrotnie)<\/li>\n<li>nagroda Dyrektora Instytutu (wielokrotnie)<\/li>\n<li>Z\u0142ota Odznaka Politechniki Wroc\u0142awskiej<\/li>\n<li>Z\u0142oty Krzy\u017c Zas\u0142ugi<\/li>\n<\/ul>\n<p><em>Za osi\u0105gni\u0119cia naukowe w zakresie wdro\u017ce\u0144 :<\/em><\/p>\n<ul>\n<li>Gold Medal for MagViCam \u2013 the world\u2019s first magnetic imaging camera. Brussels Eureka; Belgian and International Trade Fair for Technological Innovation, 2011 r.<\/li>\n<li>Dyplom Minister Nauki i Szkolnictwa Wy\u017cszego za projekt \u201eMagViCam \u2013 pierwsza na \u015bwiecie kamera magnetowizyjna\u201d, 2012 r.<\/li>\n<li>Wyr\u00f3\u017cnienie w rankingu najbardziej innowacyjnych produkt\u00f3w w Polsce w 2011 roku (przeprowadzonym przez Instytut Nauk Ekonomicznych PAN i Sie\u0107 Naukow\u0105 MSN) za \u201eSystem kontrolno-pomiarowy do monitorowania konstrukcji kot\u0142\u00f3w energetycznych w trakcie remontu i eksploatacji\u201d (wsp\u00f3lnie z Rafako S.A.)<\/li>\n<\/ul>\n<p><strong>PATENTY<\/strong><\/p>\n<ul>\n<li>MagViCam pierwsza na \u015bwiecie kamera magnetowizyjna<\/li>\n<li>System kontrolno-pomiarowy do monitorowania konstrukcji kot\u0142\u00f3w energetycznych w trakcie remontu i eksploatacji opracowany wsp\u00f3lnie z Rafako S.A.<\/li>\n<\/ul>\n","protected":false},"excerpt":{"rendered":"<p>ZAINTERESOWANIA NAUKOWE Mechanika materia\u0142\u00f3w oraz metody badawcze mechaniki\u00a0\u00a0\u00a0\u00a0\u00a0\u00a0\u00a0\u00a0 eksperymentalnej Materia\u0142y magnetyczne typu Smart Kompozyty z udzia\u0142em cieczy magnetoreologicznych Materia\u0142y o tzw. gigantycznej magnetostrykcji Kompozyty z udzia\u0142em GMM Materia\u0142y magnetokaloryczne Elastomery magnetoreologiczne Energy Harvesting Magnetowizja Kompozyty Wysokoci\u015bnieniowe gromadzenie wodoru do zasilania ogniw paliwowych w\u00a0pojazdach Przemiana martenzytyczna indukowana odkszta\u0142ceniem\u00a0\u00a0\u00a0\u00a0\u00a0\u00a0\u00a0\u00a0\u00a0\u00a0\u00a0\u00a0\u00a0 plastycznym Wybrane masywne amorficzne i nanokrystaliczne stopy na &hellip; <a href=\"https:\/\/kmim.wm.pwr.edu.pl\/kaleta\/o-mnie-2\/\" class=\"more-link\">Czytaj dalej <span class=\"screen-reader-text\">O mnie<\/span> <span class=\"meta-nav\">&rarr;<\/span><\/a><\/p>\n","protected":false},"author":20,"featured_media":0,"parent":0,"menu_order":1,"comment_status":"closed","ping_status":"closed","template":"","meta":{"ngg_post_thumbnail":0,"footnotes":""},"class_list":["post-1232","page","type-page","status-publish","hentry"],"publishpress_future_action":{"enabled":false,"date":"2026-04-13 15:41:20","action":"change-status","newStatus":"draft","terms":[],"taxonomy":"language","extraData":[]},"publishpress_future_workflow_manual_trigger":{"enabledWorkflows":[]},"_links":{"self":[{"href":"https:\/\/kmim.wm.pwr.edu.pl\/kaleta\/wp-json\/wp\/v2\/pages\/1232","targetHints":{"allow":["GET"]}}],"collection":[{"href":"https:\/\/kmim.wm.pwr.edu.pl\/kaleta\/wp-json\/wp\/v2\/pages"}],"about":[{"href":"https:\/\/kmim.wm.pwr.edu.pl\/kaleta\/wp-json\/wp\/v2\/types\/page"}],"author":[{"embeddable":true,"href":"https:\/\/kmim.wm.pwr.edu.pl\/kaleta\/wp-json\/wp\/v2\/users\/20"}],"replies":[{"embeddable":true,"href":"https:\/\/kmim.wm.pwr.edu.pl\/kaleta\/wp-json\/wp\/v2\/comments?post=1232"}],"version-history":[{"count":28,"href":"https:\/\/kmim.wm.pwr.edu.pl\/kaleta\/wp-json\/wp\/v2\/pages\/1232\/revisions"}],"predecessor-version":[{"id":1433,"href":"https:\/\/kmim.wm.pwr.edu.pl\/kaleta\/wp-json\/wp\/v2\/pages\/1232\/revisions\/1433"}],"wp:attachment":[{"href":"https:\/\/kmim.wm.pwr.edu.pl\/kaleta\/wp-json\/wp\/v2\/media?parent=1232"}],"curies":[{"name":"wp","href":"https:\/\/api.w.org\/{rel}","templated":true}]}}