{"id":1236,"date":"2015-02-20T19:45:41","date_gmt":"2015-02-20T18:45:41","guid":{"rendered":"http:\/\/kmim.wm.pwr.edu.pl\/kaleta\/?page_id=1236"},"modified":"2021-03-08T10:37:46","modified_gmt":"2021-03-08T09:37:46","slug":"dydaktyka","status":"publish","type":"page","link":"https:\/\/kmim.wm.pwr.edu.pl\/kaleta\/dydaktyka-2\/dydaktyka\/","title":{"rendered":"Dydaktyka, semestr letni 2019\/2020"},"content":{"rendered":"<ul class=\"list-pages-shortcode child-pages\"><li class=\"page_item page-item-2939 page_item_has_children\"><a href=\"https:\/\/kmim.wm.pwr.edu.pl\/kaleta\/dydaktyka-2\/dydaktyka\/metoda-sil\/\">Metoda si\u0142<\/a>\n<ul class='children'>\n\t<li class=\"page_item page-item-2946\"><a href=\"https:\/\/kmim.wm.pwr.edu.pl\/kaleta\/dydaktyka-2\/dydaktyka\/metoda-sil\/metoda-sil-wprowadzenie\/\">Metoda si\u0142 wprowadzenie<\/a><\/li>\n<\/ul>\n<\/li>\n<li class=\"page_item page-item-2871\"><a href=\"https:\/\/kmim.wm.pwr.edu.pl\/kaleta\/dydaktyka-2\/dydaktyka\/wyklady-on-line\/\">Wyk\u0142ady on-line<\/a><\/li>\n<li class=\"page_item page-item-2855 page_item_has_children\"><a href=\"https:\/\/kmim.wm.pwr.edu.pl\/kaleta\/dydaktyka-2\/dydaktyka\/metoda-maxwella-mohra\/\">Metoda Maxwella\u2013Mohra<\/a>\n<ul class='children'>\n\t<li class=\"page_item page-item-2857\"><a href=\"https:\/\/kmim.wm.pwr.edu.pl\/kaleta\/dydaktyka-2\/dydaktyka\/metoda-maxwella-mohra\/metoda-maxwella-mohra-wprowadzenie\/\">Metoda Maxwella\u2013Mohra: wprowadzenie<\/a><\/li>\n\t<li class=\"page_item page-item-2859\"><a href=\"https:\/\/kmim.wm.pwr.edu.pl\/kaleta\/dydaktyka-2\/dydaktyka\/metoda-maxwella-mohra\/metoda-sil-maxwella-mohra-wyklad\/\">Metoda si\u0142 Maxwella\u2013Mohra (wyk\u0142ad)<\/a><\/li>\n\t<li class=\"page_item page-item-2861\"><a href=\"https:\/\/kmim.wm.pwr.edu.pl\/kaleta\/dydaktyka-2\/dydaktyka\/metoda-maxwella-mohra\/obliczanie-ugiec\/\">Obliczanie ugi\u0119\u0107<\/a><\/li>\n\t<li class=\"page_item page-item-2869\"><a href=\"https:\/\/kmim.wm.pwr.edu.pl\/kaleta\/dydaktyka-2\/dydaktyka\/metoda-maxwella-mohra\/przyklady-rozwiazan\/\">Przyk\u0142ady rozwi\u0105za\u0144<\/a><\/li>\n\t<li class=\"page_item page-item-2887\"><a href=\"https:\/\/kmim.wm.pwr.edu.pl\/kaleta\/dydaktyka-2\/dydaktyka\/metoda-maxwella-mohra\/sposob-wereszczagina\/\">Spos\u00f3b Wereszczagina<\/a><\/li>\n\t<li class=\"page_item page-item-2908\"><a href=\"https:\/\/kmim.wm.pwr.edu.pl\/kaleta\/dydaktyka-2\/dydaktyka\/metoda-maxwella-mohra\/sposob-wereszczagina-zadania-2\/\">Spos\u00f3b Wereszczagina zadania 2<\/a><\/li>\n\t<li class=\"page_item page-item-2916\"><a href=\"https:\/\/kmim.wm.pwr.edu.pl\/kaleta\/dydaktyka-2\/dydaktyka\/metoda-maxwella-mohra\/sposob-wereszczagina-zadania-3\/\">Spos\u00f3b Wereszczagina zadania 3<\/a><\/li>\n\t<li class=\"page_item page-item-2906\"><a href=\"https:\/\/kmim.wm.pwr.edu.pl\/kaleta\/dydaktyka-2\/dydaktyka\/metoda-maxwella-mohra\/zestaw-zadan-a\/\">Zestaw zada\u0144 A<\/a><\/li>\n\t<li class=\"page_item page-item-2903\"><a href=\"https:\/\/kmim.wm.pwr.edu.pl\/kaleta\/dydaktyka-2\/dydaktyka\/metoda-maxwella-mohra\/zestaw-zadan-b\/\">Zestaw zada\u0144 B<\/a><\/li>\n<\/ul>\n<\/li>\n<li class=\"page_item page-item-2840 page_item_has_children\"><a href=\"https:\/\/kmim.wm.pwr.edu.pl\/kaleta\/dydaktyka-2\/dydaktyka\/wytrzymalosc-materialow-ii\/\">Wytrzyma\u0142o\u015b\u0107 materia\u0142\u00f3w II<\/a>\n<ul class='children'>\n\t<li class=\"page_item page-item-2844\"><a href=\"https:\/\/kmim.wm.pwr.edu.pl\/kaleta\/dydaktyka-2\/dydaktyka\/wytrzymalosc-materialow-ii\/zestaw-cwiczen-i\/\">Zestaw \u0107wicze\u0144 I<\/a><\/li>\n<\/ul>\n<\/li>\n<li class=\"page_item page-item-2920\"><a href=\"https:\/\/kmim.wm.pwr.edu.pl\/kaleta\/dydaktyka-2\/dydaktyka\/kolokwia\/\">Kolokwia<\/a><\/li>\n<\/ul>\n","protected":false},"excerpt":{"rendered":"","protected":false},"author":20,"featured_media":0,"parent":3290,"menu_order":4,"comment_status":"closed","ping_status":"closed","template":"","meta":{"ngg_post_thumbnail":0,"footnotes":""},"class_list":["post-1236","page","type-page","status-publish","hentry"],"publishpress_future_action":{"enabled":false,"date":"2026-04-28 05:15:35","action":"change-status","newStatus":"draft","terms":[],"taxonomy":"language","extraData":[]},"publishpress_future_workflow_manual_trigger":{"enabledWorkflows":[]},"_links":{"self":[{"href":"https:\/\/kmim.wm.pwr.edu.pl\/kaleta\/wp-json\/wp\/v2\/pages\/1236","targetHints":{"allow":["GET"]}}],"collection":[{"href":"https:\/\/kmim.wm.pwr.edu.pl\/kaleta\/wp-json\/wp\/v2\/pages"}],"about":[{"href":"https:\/\/kmim.wm.pwr.edu.pl\/kaleta\/wp-json\/wp\/v2\/types\/page"}],"author":[{"embeddable":true,"href":"https:\/\/kmim.wm.pwr.edu.pl\/kaleta\/wp-json\/wp\/v2\/users\/20"}],"replies":[{"embeddable":true,"href":"https:\/\/kmim.wm.pwr.edu.pl\/kaleta\/wp-json\/wp\/v2\/comments?post=1236"}],"version-history":[{"count":3,"href":"https:\/\/kmim.wm.pwr.edu.pl\/kaleta\/wp-json\/wp\/v2\/pages\/1236\/revisions"}],"predecessor-version":[{"id":2837,"href":"https:\/\/kmim.wm.pwr.edu.pl\/kaleta\/wp-json\/wp\/v2\/pages\/1236\/revisions\/2837"}],"up":[{"embeddable":true,"href":"https:\/\/kmim.wm.pwr.edu.pl\/kaleta\/wp-json\/wp\/v2\/pages\/3290"}],"wp:attachment":[{"href":"https:\/\/kmim.wm.pwr.edu.pl\/kaleta\/wp-json\/wp\/v2\/media?parent=1236"}],"curies":[{"name":"wp","href":"https:\/\/api.w.org\/{rel}","templated":true}]}}