{"id":2855,"date":"2020-03-31T20:36:21","date_gmt":"2020-03-31T18:36:21","guid":{"rendered":"http:\/\/kmim.wm.pwr.edu.pl\/kaleta\/?page_id=2855"},"modified":"2020-04-05T20:41:22","modified_gmt":"2020-04-05T18:41:22","slug":"metoda-maxwella-mohra","status":"publish","type":"page","link":"https:\/\/kmim.wm.pwr.edu.pl\/kaleta\/dydaktyka-2\/dydaktyka\/metoda-maxwella-mohra\/","title":{"rendered":"Metoda Maxwella\u2013Mohra"},"content":{"rendered":"<ul class=\"list-pages-shortcode child-pages\"><li class=\"page_item page-item-2857\"><a href=\"https:\/\/kmim.wm.pwr.edu.pl\/kaleta\/dydaktyka-2\/dydaktyka\/metoda-maxwella-mohra\/metoda-maxwella-mohra-wprowadzenie\/\">Metoda Maxwella\u2013Mohra: wprowadzenie<\/a><\/li>\n<li class=\"page_item page-item-2859\"><a href=\"https:\/\/kmim.wm.pwr.edu.pl\/kaleta\/dydaktyka-2\/dydaktyka\/metoda-maxwella-mohra\/metoda-sil-maxwella-mohra-wyklad\/\">Metoda si\u0142 Maxwella\u2013Mohra (wyk\u0142ad)<\/a><\/li>\n<li class=\"page_item page-item-2861\"><a href=\"https:\/\/kmim.wm.pwr.edu.pl\/kaleta\/dydaktyka-2\/dydaktyka\/metoda-maxwella-mohra\/obliczanie-ugiec\/\">Obliczanie ugi\u0119\u0107<\/a><\/li>\n<li class=\"page_item page-item-2869\"><a href=\"https:\/\/kmim.wm.pwr.edu.pl\/kaleta\/dydaktyka-2\/dydaktyka\/metoda-maxwella-mohra\/przyklady-rozwiazan\/\">Przyk\u0142ady rozwi\u0105za\u0144<\/a><\/li>\n<li class=\"page_item page-item-2887\"><a href=\"https:\/\/kmim.wm.pwr.edu.pl\/kaleta\/dydaktyka-2\/dydaktyka\/metoda-maxwella-mohra\/sposob-wereszczagina\/\">Spos\u00f3b Wereszczagina<\/a><\/li>\n<li class=\"page_item page-item-2908\"><a href=\"https:\/\/kmim.wm.pwr.edu.pl\/kaleta\/dydaktyka-2\/dydaktyka\/metoda-maxwella-mohra\/sposob-wereszczagina-zadania-2\/\">Spos\u00f3b Wereszczagina zadania 2<\/a><\/li>\n<li class=\"page_item page-item-2916\"><a href=\"https:\/\/kmim.wm.pwr.edu.pl\/kaleta\/dydaktyka-2\/dydaktyka\/metoda-maxwella-mohra\/sposob-wereszczagina-zadania-3\/\">Spos\u00f3b Wereszczagina zadania 3<\/a><\/li>\n<li class=\"page_item page-item-2906\"><a href=\"https:\/\/kmim.wm.pwr.edu.pl\/kaleta\/dydaktyka-2\/dydaktyka\/metoda-maxwella-mohra\/zestaw-zadan-a\/\">Zestaw zada\u0144 A<\/a><\/li>\n<li class=\"page_item page-item-2903\"><a href=\"https:\/\/kmim.wm.pwr.edu.pl\/kaleta\/dydaktyka-2\/dydaktyka\/metoda-maxwella-mohra\/zestaw-zadan-b\/\">Zestaw zada\u0144 B<\/a><\/li>\n<\/ul>\n","protected":false},"excerpt":{"rendered":"","protected":false},"author":1,"featured_media":0,"parent":1236,"menu_order":2,"comment_status":"closed","ping_status":"closed","template":"","meta":{"ngg_post_thumbnail":0,"footnotes":""},"class_list":["post-2855","page","type-page","status-publish","hentry"],"publishpress_future_action":{"enabled":false,"date":"2026-04-11 17:39:18","action":"change-status","newStatus":"draft","terms":[],"taxonomy":"language","extraData":[]},"publishpress_future_workflow_manual_trigger":{"enabledWorkflows":[]},"_links":{"self":[{"href":"https:\/\/kmim.wm.pwr.edu.pl\/kaleta\/wp-json\/wp\/v2\/pages\/2855","targetHints":{"allow":["GET"]}}],"collection":[{"href":"https:\/\/kmim.wm.pwr.edu.pl\/kaleta\/wp-json\/wp\/v2\/pages"}],"about":[{"href":"https:\/\/kmim.wm.pwr.edu.pl\/kaleta\/wp-json\/wp\/v2\/types\/page"}],"author":[{"embeddable":true,"href":"https:\/\/kmim.wm.pwr.edu.pl\/kaleta\/wp-json\/wp\/v2\/users\/1"}],"replies":[{"embeddable":true,"href":"https:\/\/kmim.wm.pwr.edu.pl\/kaleta\/wp-json\/wp\/v2\/comments?post=2855"}],"version-history":[{"count":1,"href":"https:\/\/kmim.wm.pwr.edu.pl\/kaleta\/wp-json\/wp\/v2\/pages\/2855\/revisions"}],"predecessor-version":[{"id":2856,"href":"https:\/\/kmim.wm.pwr.edu.pl\/kaleta\/wp-json\/wp\/v2\/pages\/2855\/revisions\/2856"}],"up":[{"embeddable":true,"href":"https:\/\/kmim.wm.pwr.edu.pl\/kaleta\/wp-json\/wp\/v2\/pages\/1236"}],"wp:attachment":[{"href":"https:\/\/kmim.wm.pwr.edu.pl\/kaleta\/wp-json\/wp\/v2\/media?parent=2855"}],"curies":[{"name":"wp","href":"https:\/\/api.w.org\/{rel}","templated":true}]}}