{"id":2869,"date":"2020-04-05T19:07:41","date_gmt":"2020-04-05T17:07:41","guid":{"rendered":"http:\/\/kmim.wm.pwr.edu.pl\/kaleta\/?page_id=2869"},"modified":"2020-04-05T19:07:41","modified_gmt":"2020-04-05T17:07:41","slug":"przyklady-rozwiazan","status":"publish","type":"page","link":"https:\/\/kmim.wm.pwr.edu.pl\/kaleta\/dydaktyka-2\/dydaktyka\/metoda-maxwella-mohra\/przyklady-rozwiazan\/","title":{"rendered":"Przyk\u0142ady rozwi\u0105za\u0144"},"content":{"rendered":"<a href=\"https:\/\/kmim.wm.pwr.edu.pl\/kaleta\/wp-content\/uploads\/sites\/23\/2020\/04\/Metoda-Maxwella-Mohra-dwa-przyk\u0142ady.pdf\" class=\"pdfemb-viewer\" style=\"\" data-width=\"max\" data-height=\"max\" data-toolbar=\"bottom\" data-toolbar-fixed=\"off\">Metoda Maxwella-Mohra, dwa przyk\u0142ady<\/a>\n","protected":false},"excerpt":{"rendered":"","protected":false},"author":20,"featured_media":0,"parent":2855,"menu_order":4,"comment_status":"closed","ping_status":"closed","template":"","meta":{"ngg_post_thumbnail":0,"footnotes":""},"class_list":["post-2869","page","type-page","status-publish","hentry"],"publishpress_future_action":{"enabled":false,"date":"2026-05-16 15:01:42","action":"change-status","newStatus":"draft","terms":[],"taxonomy":"language","extraData":[]},"publishpress_future_workflow_manual_trigger":{"enabledWorkflows":[]},"_links":{"self":[{"href":"https:\/\/kmim.wm.pwr.edu.pl\/kaleta\/wp-json\/wp\/v2\/pages\/2869","targetHints":{"allow":["GET"]}}],"collection":[{"href":"https:\/\/kmim.wm.pwr.edu.pl\/kaleta\/wp-json\/wp\/v2\/pages"}],"about":[{"href":"https:\/\/kmim.wm.pwr.edu.pl\/kaleta\/wp-json\/wp\/v2\/types\/page"}],"author":[{"embeddable":true,"href":"https:\/\/kmim.wm.pwr.edu.pl\/kaleta\/wp-json\/wp\/v2\/users\/20"}],"replies":[{"embeddable":true,"href":"https:\/\/kmim.wm.pwr.edu.pl\/kaleta\/wp-json\/wp\/v2\/comments?post=2869"}],"version-history":[{"count":1,"href":"https:\/\/kmim.wm.pwr.edu.pl\/kaleta\/wp-json\/wp\/v2\/pages\/2869\/revisions"}],"predecessor-version":[{"id":2870,"href":"https:\/\/kmim.wm.pwr.edu.pl\/kaleta\/wp-json\/wp\/v2\/pages\/2869\/revisions\/2870"}],"up":[{"embeddable":true,"href":"https:\/\/kmim.wm.pwr.edu.pl\/kaleta\/wp-json\/wp\/v2\/pages\/2855"}],"wp:attachment":[{"href":"https:\/\/kmim.wm.pwr.edu.pl\/kaleta\/wp-json\/wp\/v2\/media?parent=2869"}],"curies":[{"name":"wp","href":"https:\/\/api.w.org\/{rel}","templated":true}]}}