{"id":2871,"date":"2020-04-05T20:29:42","date_gmt":"2020-04-05T18:29:42","guid":{"rendered":"http:\/\/kmim.wm.pwr.edu.pl\/kaleta\/?page_id=2871"},"modified":"2020-04-05T20:29:42","modified_gmt":"2020-04-05T18:29:42","slug":"wyklady-on-line","status":"publish","type":"page","link":"https:\/\/kmim.wm.pwr.edu.pl\/kaleta\/dydaktyka-2\/dydaktyka\/wyklady-on-line\/","title":{"rendered":"Wyk\u0142ady on-line"},"content":{"rendered":"<p>Szanowni Pa\u0144stwo<\/p>\n<p>W najbli\u017cszym czasie (po \u015awi\u0119tach) rozpoczniemy regularne spotkania on-line z wykorzystaniem platformy Zoom.<\/p>\n<p><a href=\"https:\/\/img.e-science.pl\/data\/vc\/uczestnik.pdf\" target=\"_blank\" rel=\"noopener noreferrer\">St\u0105d mo\u017cna \u015bci\u0105gn\u0105\u0107 oficjaln\u0105, uczelnian\u0105 instrukcj\u0119.<\/a><\/p>\n<p>&nbsp;<\/p>\n","protected":false},"excerpt":{"rendered":"<p>Szanowni Pa\u0144stwo W najbli\u017cszym czasie (po \u015awi\u0119tach) rozpoczniemy regularne spotkania on-line z wykorzystaniem platformy Zoom. St\u0105d mo\u017cna \u015bci\u0105gn\u0105\u0107 oficjaln\u0105, uczelnian\u0105 instrukcj\u0119. &nbsp;<\/p>\n","protected":false},"author":1,"featured_media":0,"parent":1236,"menu_order":1,"comment_status":"closed","ping_status":"closed","template":"","meta":{"ngg_post_thumbnail":0,"footnotes":""},"class_list":["post-2871","page","type-page","status-publish","hentry"],"publishpress_future_action":{"enabled":false,"date":"2026-05-16 14:11:11","action":"change-status","newStatus":"draft","terms":[],"taxonomy":"language","extraData":[]},"publishpress_future_workflow_manual_trigger":{"enabledWorkflows":[]},"_links":{"self":[{"href":"https:\/\/kmim.wm.pwr.edu.pl\/kaleta\/wp-json\/wp\/v2\/pages\/2871","targetHints":{"allow":["GET"]}}],"collection":[{"href":"https:\/\/kmim.wm.pwr.edu.pl\/kaleta\/wp-json\/wp\/v2\/pages"}],"about":[{"href":"https:\/\/kmim.wm.pwr.edu.pl\/kaleta\/wp-json\/wp\/v2\/types\/page"}],"author":[{"embeddable":true,"href":"https:\/\/kmim.wm.pwr.edu.pl\/kaleta\/wp-json\/wp\/v2\/users\/1"}],"replies":[{"embeddable":true,"href":"https:\/\/kmim.wm.pwr.edu.pl\/kaleta\/wp-json\/wp\/v2\/comments?post=2871"}],"version-history":[{"count":1,"href":"https:\/\/kmim.wm.pwr.edu.pl\/kaleta\/wp-json\/wp\/v2\/pages\/2871\/revisions"}],"predecessor-version":[{"id":2872,"href":"https:\/\/kmim.wm.pwr.edu.pl\/kaleta\/wp-json\/wp\/v2\/pages\/2871\/revisions\/2872"}],"up":[{"embeddable":true,"href":"https:\/\/kmim.wm.pwr.edu.pl\/kaleta\/wp-json\/wp\/v2\/pages\/1236"}],"wp:attachment":[{"href":"https:\/\/kmim.wm.pwr.edu.pl\/kaleta\/wp-json\/wp\/v2\/media?parent=2871"}],"curies":[{"name":"wp","href":"https:\/\/api.w.org\/{rel}","templated":true}]}}