{"id":3077,"date":"2020-11-05T11:58:32","date_gmt":"2020-11-05T10:58:32","guid":{"rendered":"http:\/\/kmim.wm.pwr.edu.pl\/kaleta\/?page_id=3077"},"modified":"2020-11-05T12:16:14","modified_gmt":"2020-11-05T11:16:14","slug":"analiza-plaskiego-stanu-naprezenia-1","status":"publish","type":"page","link":"https:\/\/kmim.wm.pwr.edu.pl\/kaleta\/dydaktyka-2\/dydaktyka-semestr-zimowy-2020-2021\/wytrzymalosc-materialow-i\/analiza-plaskiego-stanu-naprezenia-1\/","title":{"rendered":"Analiza p\u0142askiego stanu napr\u0119\u017cenia 1"},"content":{"rendered":"<a href=\"https:\/\/kmim.wm.pwr.edu.pl\/kaleta\/wp-content\/uploads\/sites\/23\/2020\/11\/Plane-stress-analysis_1.pdf\" class=\"pdfemb-viewer\" style=\"\" data-width=\"max\" data-height=\"max\" data-toolbar=\"bottom\" data-toolbar-fixed=\"off\">Plane stress analysis_1<\/a>\n","protected":false},"excerpt":{"rendered":"","protected":false},"author":1,"featured_media":0,"parent":3041,"menu_order":6,"comment_status":"closed","ping_status":"closed","template":"","meta":{"ngg_post_thumbnail":0,"footnotes":""},"class_list":["post-3077","page","type-page","status-publish","hentry"],"publishpress_future_action":{"enabled":false,"date":"2026-04-15 17:05:16","action":"change-status","newStatus":"draft","terms":[],"taxonomy":"language","extraData":[]},"publishpress_future_workflow_manual_trigger":{"enabledWorkflows":[]},"_links":{"self":[{"href":"https:\/\/kmim.wm.pwr.edu.pl\/kaleta\/wp-json\/wp\/v2\/pages\/3077","targetHints":{"allow":["GET"]}}],"collection":[{"href":"https:\/\/kmim.wm.pwr.edu.pl\/kaleta\/wp-json\/wp\/v2\/pages"}],"about":[{"href":"https:\/\/kmim.wm.pwr.edu.pl\/kaleta\/wp-json\/wp\/v2\/types\/page"}],"author":[{"embeddable":true,"href":"https:\/\/kmim.wm.pwr.edu.pl\/kaleta\/wp-json\/wp\/v2\/users\/1"}],"replies":[{"embeddable":true,"href":"https:\/\/kmim.wm.pwr.edu.pl\/kaleta\/wp-json\/wp\/v2\/comments?post=3077"}],"version-history":[{"count":1,"href":"https:\/\/kmim.wm.pwr.edu.pl\/kaleta\/wp-json\/wp\/v2\/pages\/3077\/revisions"}],"predecessor-version":[{"id":3078,"href":"https:\/\/kmim.wm.pwr.edu.pl\/kaleta\/wp-json\/wp\/v2\/pages\/3077\/revisions\/3078"}],"up":[{"embeddable":true,"href":"https:\/\/kmim.wm.pwr.edu.pl\/kaleta\/wp-json\/wp\/v2\/pages\/3041"}],"wp:attachment":[{"href":"https:\/\/kmim.wm.pwr.edu.pl\/kaleta\/wp-json\/wp\/v2\/media?parent=3077"}],"curies":[{"name":"wp","href":"https:\/\/api.w.org\/{rel}","templated":true}]}}