{"id":3290,"date":"2021-03-08T10:36:38","date_gmt":"2021-03-08T09:36:38","guid":{"rendered":"http:\/\/kmim.wm.pwr.edu.pl\/kaleta\/?page_id=3290"},"modified":"2021-03-08T10:36:38","modified_gmt":"2021-03-08T09:36:38","slug":"dydaktyka-2","status":"publish","type":"page","link":"https:\/\/kmim.wm.pwr.edu.pl\/kaleta\/dydaktyka-2\/","title":{"rendered":"Dydaktyka"},"content":{"rendered":"<ul class=\"list-pages-shortcode child-pages\"><li class=\"page_item page-item-3039 page_item_has_children\"><a href=\"https:\/\/kmim.wm.pwr.edu.pl\/kaleta\/dydaktyka-2\/dydaktyka-semestr-zimowy-2020-2021\/\">Dydaktyka, semestr zimowy 2020\/2021<\/a>\n<ul class='children'>\n\t<li class=\"page_item page-item-3041 page_item_has_children\"><a href=\"https:\/\/kmim.wm.pwr.edu.pl\/kaleta\/dydaktyka-2\/dydaktyka-semestr-zimowy-2020-2021\/wytrzymalosc-materialow-i\/\">Wytrzyma\u0142o\u015b\u0107 materia\u0142\u00f3w I<\/a>\n\t<ul class='children'>\n\t\t<li class=\"page_item page-item-3043\"><a href=\"https:\/\/kmim.wm.pwr.edu.pl\/kaleta\/dydaktyka-2\/dydaktyka-semestr-zimowy-2020-2021\/wytrzymalosc-materialow-i\/rozciaganie-sciskanie-1\/\">Rozci\u0105ganie-\u015bciskanie 1<\/a><\/li>\n\t\t<li class=\"page_item page-item-3050\"><a href=\"https:\/\/kmim.wm.pwr.edu.pl\/kaleta\/dydaktyka-2\/dydaktyka-semestr-zimowy-2020-2021\/wytrzymalosc-materialow-i\/rozciaganie-sciskanie-2\/\">Rozci\u0105ganie-\u015bciskanie 2<\/a><\/li>\n\t\t<li class=\"page_item page-item-3061\"><a href=\"https:\/\/kmim.wm.pwr.edu.pl\/kaleta\/dydaktyka-2\/dydaktyka-semestr-zimowy-2020-2021\/wytrzymalosc-materialow-i\/rozciaganie-sciskanie-3\/\">Rozci\u0105ganie-\u015bciskanie 3<\/a><\/li>\n\t\t<li class=\"page_item page-item-3065\"><a href=\"https:\/\/kmim.wm.pwr.edu.pl\/kaleta\/dydaktyka-2\/dydaktyka-semestr-zimowy-2020-2021\/wytrzymalosc-materialow-i\/rozciaganie-sciskanie-4\/\">Rozci\u0105ganie-\u015bciskanie 4<\/a><\/li>\n\t\t<li class=\"page_item page-item-3071\"><a href=\"https:\/\/kmim.wm.pwr.edu.pl\/kaleta\/dydaktyka-2\/dydaktyka-semestr-zimowy-2020-2021\/wytrzymalosc-materialow-i\/rozciaganie-sciskanie-5\/\">Rozci\u0105ganie-\u015bciskanie 5<\/a><\/li>\n\t\t<li class=\"page_item page-item-3077\"><a href=\"https:\/\/kmim.wm.pwr.edu.pl\/kaleta\/dydaktyka-2\/dydaktyka-semestr-zimowy-2020-2021\/wytrzymalosc-materialow-i\/analiza-plaskiego-stanu-naprezenia-1\/\">Analiza p\u0142askiego stanu napr\u0119\u017cenia 1<\/a><\/li>\n\t\t<li class=\"page_item page-item-3083\"><a href=\"https:\/\/kmim.wm.pwr.edu.pl\/kaleta\/dydaktyka-2\/dydaktyka-semestr-zimowy-2020-2021\/wytrzymalosc-materialow-i\/analiza-plaskiego-stanu-naprezenia-2\/\">Analiza p\u0142askiego stanu napr\u0119\u017cenia 2<\/a><\/li>\n\t\t<li class=\"page_item page-item-3090\"><a href=\"https:\/\/kmim.wm.pwr.edu.pl\/kaleta\/dydaktyka-2\/dydaktyka-semestr-zimowy-2020-2021\/wytrzymalosc-materialow-i\/uogolnione-prawo-hookea-zadania\/\">Uog\u00f3lnione prawo Hooke\u2019a, zadania<\/a><\/li>\n\t\t<li class=\"page_item page-item-3099\"><a href=\"https:\/\/kmim.wm.pwr.edu.pl\/kaleta\/dydaktyka-2\/dydaktyka-semestr-zimowy-2020-2021\/wytrzymalosc-materialow-i\/zginanie-1\/\">Zginanie 1<\/a><\/li>\n\t\t<li class=\"page_item page-item-3101\"><a href=\"https:\/\/kmim.wm.pwr.edu.pl\/kaleta\/dydaktyka-2\/dydaktyka-semestr-zimowy-2020-2021\/wytrzymalosc-materialow-i\/zginanie-2\/\">Zginanie 2<\/a><\/li>\n\t\t<li class=\"page_item page-item-3124\"><a href=\"https:\/\/kmim.wm.pwr.edu.pl\/kaleta\/dydaktyka-2\/dydaktyka-semestr-zimowy-2020-2021\/wytrzymalosc-materialow-i\/zginanie-3\/\">Zginanie 3<\/a><\/li>\n\t\t<li class=\"page_item page-item-3146\"><a href=\"https:\/\/kmim.wm.pwr.edu.pl\/kaleta\/dydaktyka-2\/dydaktyka-semestr-zimowy-2020-2021\/wytrzymalosc-materialow-i\/zginanie-4\/\">Zginanie 4<\/a><\/li>\n\t\t<li class=\"page_item page-item-3156\"><a href=\"https:\/\/kmim.wm.pwr.edu.pl\/kaleta\/dydaktyka-2\/dydaktyka-semestr-zimowy-2020-2021\/wytrzymalosc-materialow-i\/zginanie-5\/\">Zginanie 5<\/a><\/li>\n\t\t<li class=\"page_item page-item-3176\"><a href=\"https:\/\/kmim.wm.pwr.edu.pl\/kaleta\/dydaktyka-2\/dydaktyka-semestr-zimowy-2020-2021\/wytrzymalosc-materialow-i\/skrecanie-1\/\">Skr\u0119canie 1<\/a><\/li>\n\t\t<li class=\"page_item page-item-3174\"><a href=\"https:\/\/kmim.wm.pwr.edu.pl\/kaleta\/dydaktyka-2\/dydaktyka-semestr-zimowy-2020-2021\/wytrzymalosc-materialow-i\/wyboczenie-1\/\">Wyboczenie 1<\/a><\/li>\n\t\t<li class=\"page_item page-item-3097\"><a href=\"https:\/\/kmim.wm.pwr.edu.pl\/kaleta\/dydaktyka-2\/dydaktyka-semestr-zimowy-2020-2021\/wytrzymalosc-materialow-i\/kol-1-przyklady-zadan\/\">Kol 1 przyk\u0142ady zada\u0144<\/a><\/li>\n\t<\/ul>\n<\/li>\n<\/ul>\n<\/li>\n<li class=\"page_item page-item-1236 page_item_has_children\"><a href=\"https:\/\/kmim.wm.pwr.edu.pl\/kaleta\/dydaktyka-2\/dydaktyka\/\">Dydaktyka, semestr letni 2019\/2020<\/a>\n<ul class='children'>\n\t<li class=\"page_item page-item-2939 page_item_has_children\"><a href=\"https:\/\/kmim.wm.pwr.edu.pl\/kaleta\/dydaktyka-2\/dydaktyka\/metoda-sil\/\">Metoda si\u0142<\/a>\n\t<ul class='children'>\n\t\t<li class=\"page_item page-item-2946\"><a href=\"https:\/\/kmim.wm.pwr.edu.pl\/kaleta\/dydaktyka-2\/dydaktyka\/metoda-sil\/metoda-sil-wprowadzenie\/\">Metoda si\u0142 wprowadzenie<\/a><\/li>\n\t<\/ul>\n<\/li>\n\t<li class=\"page_item page-item-2871\"><a href=\"https:\/\/kmim.wm.pwr.edu.pl\/kaleta\/dydaktyka-2\/dydaktyka\/wyklady-on-line\/\">Wyk\u0142ady on-line<\/a><\/li>\n\t<li class=\"page_item page-item-2855 page_item_has_children\"><a href=\"https:\/\/kmim.wm.pwr.edu.pl\/kaleta\/dydaktyka-2\/dydaktyka\/metoda-maxwella-mohra\/\">Metoda Maxwella\u2013Mohra<\/a>\n\t<ul class='children'>\n\t\t<li class=\"page_item page-item-2857\"><a href=\"https:\/\/kmim.wm.pwr.edu.pl\/kaleta\/dydaktyka-2\/dydaktyka\/metoda-maxwella-mohra\/metoda-maxwella-mohra-wprowadzenie\/\">Metoda Maxwella\u2013Mohra: wprowadzenie<\/a><\/li>\n\t\t<li class=\"page_item page-item-2859\"><a href=\"https:\/\/kmim.wm.pwr.edu.pl\/kaleta\/dydaktyka-2\/dydaktyka\/metoda-maxwella-mohra\/metoda-sil-maxwella-mohra-wyklad\/\">Metoda si\u0142 Maxwella\u2013Mohra (wyk\u0142ad)<\/a><\/li>\n\t\t<li class=\"page_item page-item-2861\"><a href=\"https:\/\/kmim.wm.pwr.edu.pl\/kaleta\/dydaktyka-2\/dydaktyka\/metoda-maxwella-mohra\/obliczanie-ugiec\/\">Obliczanie ugi\u0119\u0107<\/a><\/li>\n\t\t<li class=\"page_item page-item-2869\"><a href=\"https:\/\/kmim.wm.pwr.edu.pl\/kaleta\/dydaktyka-2\/dydaktyka\/metoda-maxwella-mohra\/przyklady-rozwiazan\/\">Przyk\u0142ady rozwi\u0105za\u0144<\/a><\/li>\n\t\t<li class=\"page_item page-item-2887\"><a href=\"https:\/\/kmim.wm.pwr.edu.pl\/kaleta\/dydaktyka-2\/dydaktyka\/metoda-maxwella-mohra\/sposob-wereszczagina\/\">Spos\u00f3b Wereszczagina<\/a><\/li>\n\t\t<li class=\"page_item page-item-2908\"><a href=\"https:\/\/kmim.wm.pwr.edu.pl\/kaleta\/dydaktyka-2\/dydaktyka\/metoda-maxwella-mohra\/sposob-wereszczagina-zadania-2\/\">Spos\u00f3b Wereszczagina zadania 2<\/a><\/li>\n\t\t<li class=\"page_item page-item-2916\"><a href=\"https:\/\/kmim.wm.pwr.edu.pl\/kaleta\/dydaktyka-2\/dydaktyka\/metoda-maxwella-mohra\/sposob-wereszczagina-zadania-3\/\">Spos\u00f3b Wereszczagina zadania 3<\/a><\/li>\n\t\t<li class=\"page_item page-item-2906\"><a href=\"https:\/\/kmim.wm.pwr.edu.pl\/kaleta\/dydaktyka-2\/dydaktyka\/metoda-maxwella-mohra\/zestaw-zadan-a\/\">Zestaw zada\u0144 A<\/a><\/li>\n\t\t<li class=\"page_item page-item-2903\"><a href=\"https:\/\/kmim.wm.pwr.edu.pl\/kaleta\/dydaktyka-2\/dydaktyka\/metoda-maxwella-mohra\/zestaw-zadan-b\/\">Zestaw zada\u0144 B<\/a><\/li>\n\t<\/ul>\n<\/li>\n\t<li class=\"page_item page-item-2840 page_item_has_children\"><a href=\"https:\/\/kmim.wm.pwr.edu.pl\/kaleta\/dydaktyka-2\/dydaktyka\/wytrzymalosc-materialow-ii\/\">Wytrzyma\u0142o\u015b\u0107 materia\u0142\u00f3w II<\/a>\n\t<ul class='children'>\n\t\t<li class=\"page_item page-item-2844\"><a href=\"https:\/\/kmim.wm.pwr.edu.pl\/kaleta\/dydaktyka-2\/dydaktyka\/wytrzymalosc-materialow-ii\/zestaw-cwiczen-i\/\">Zestaw \u0107wicze\u0144 I<\/a><\/li>\n\t<\/ul>\n<\/li>\n\t<li class=\"page_item page-item-2920\"><a href=\"https:\/\/kmim.wm.pwr.edu.pl\/kaleta\/dydaktyka-2\/dydaktyka\/kolokwia\/\">Kolokwia<\/a><\/li>\n<\/ul>\n<\/li>\n<\/ul>\n","protected":false},"excerpt":{"rendered":"","protected":false},"author":1,"featured_media":0,"parent":0,"menu_order":0,"comment_status":"closed","ping_status":"closed","template":"","meta":{"ngg_post_thumbnail":0,"footnotes":""},"class_list":["post-3290","page","type-page","status-publish","hentry"],"publishpress_future_action":{"enabled":false,"date":"2026-04-11 17:39:21","action":"change-status","newStatus":"draft","terms":[],"taxonomy":"language","extraData":[]},"publishpress_future_workflow_manual_trigger":{"enabledWorkflows":[]},"_links":{"self":[{"href":"https:\/\/kmim.wm.pwr.edu.pl\/kaleta\/wp-json\/wp\/v2\/pages\/3290","targetHints":{"allow":["GET"]}}],"collection":[{"href":"https:\/\/kmim.wm.pwr.edu.pl\/kaleta\/wp-json\/wp\/v2\/pages"}],"about":[{"href":"https:\/\/kmim.wm.pwr.edu.pl\/kaleta\/wp-json\/wp\/v2\/types\/page"}],"author":[{"embeddable":true,"href":"https:\/\/kmim.wm.pwr.edu.pl\/kaleta\/wp-json\/wp\/v2\/users\/1"}],"replies":[{"embeddable":true,"href":"https:\/\/kmim.wm.pwr.edu.pl\/kaleta\/wp-json\/wp\/v2\/comments?post=3290"}],"version-history":[{"count":1,"href":"https:\/\/kmim.wm.pwr.edu.pl\/kaleta\/wp-json\/wp\/v2\/pages\/3290\/revisions"}],"predecessor-version":[{"id":3291,"href":"https:\/\/kmim.wm.pwr.edu.pl\/kaleta\/wp-json\/wp\/v2\/pages\/3290\/revisions\/3291"}],"wp:attachment":[{"href":"https:\/\/kmim.wm.pwr.edu.pl\/kaleta\/wp-json\/wp\/v2\/media?parent=3290"}],"curies":[{"name":"wp","href":"https:\/\/api.w.org\/{rel}","templated":true}]}}