{"id":1181,"date":"2015-03-11T10:50:54","date_gmt":"2015-03-11T09:50:54","guid":{"rendered":"http:\/\/kmim.wm.pwr.edu.pl\/kasprzak\/?page_id=1181"},"modified":"2015-03-11T12:33:33","modified_gmt":"2015-03-11T11:33:33","slug":"projekty-badawcze","status":"publish","type":"page","link":"https:\/\/kmim.wm.pwr.edu.pl\/kasprzak\/projekty-badawcze\/","title":{"rendered":"Projekty badawcze"},"content":{"rendered":"<ul>\n<li>1984-2000 prowadzenie programu resortowego \u201eKomputeryzacja szk\u00f3\u0142 wy\u017cszych\u201d (prace nad oprogramowaniem niezb\u0119dnym w pracach empirycznych)<\/li>\n<li>1981-1985 zast\u0119pca kierownika tzw. Problemu W\u0119z\u0142owego 02 \u201eZastosowania Matematyki\u201d (badania nad algorytmizacj\u0105 przetwarzania wynik\u00f3w pomiar\u00f3w w budowie modeli matematycznych)<\/li>\n<li>1976-1980 Grant Marii Curie Sk\u0142odowskiej dotycz\u0105cy matematycznych empirycznych modeli proces\u00f3w w oparciu o analiz\u0119 wymiarow\u0105,\u00a0prowadzony wsp\u00f3lnie z prof. prof. E.Haugiem i V. Komkowem z USA<\/li>\n<\/ul>\n","protected":false},"excerpt":{"rendered":"<p>1984-2000 prowadzenie programu resortowego \u201eKomputeryzacja szk\u00f3\u0142 wy\u017cszych\u201d (prace nad oprogramowaniem niezb\u0119dnym w pracach empirycznych) 1981-1985 zast\u0119pca kierownika tzw. Problemu W\u0119z\u0142owego 02 \u201eZastosowania Matematyki\u201d (badania nad algorytmizacj\u0105 przetwarzania wynik\u00f3w pomiar\u00f3w w budowie modeli matematycznych) 1976-1980 Grant Marii Curie Sk\u0142odowskiej dotycz\u0105cy matematycznych empirycznych modeli proces\u00f3w w oparciu o analiz\u0119 wymiarow\u0105,\u00a0prowadzony wsp\u00f3lnie z prof. prof. E.Haugiem i V. &hellip; <a href=\"https:\/\/kmim.wm.pwr.edu.pl\/kasprzak\/projekty-badawcze\/\" class=\"more-link\">Czytaj dalej <span class=\"screen-reader-text\">Projekty badawcze<\/span> <span class=\"meta-nav\">&rarr;<\/span><\/a><\/p>\n","protected":false},"author":21,"featured_media":0,"parent":0,"menu_order":3,"comment_status":"closed","ping_status":"closed","template":"","meta":{"ngg_post_thumbnail":0,"footnotes":""},"class_list":["post-1181","page","type-page","status-publish","hentry"],"publishpress_future_action":{"enabled":false,"date":"2026-04-14 14:05:51","action":"change-status","newStatus":"draft","terms":[],"taxonomy":"language","extraData":[]},"publishpress_future_workflow_manual_trigger":{"enabledWorkflows":[]},"_links":{"self":[{"href":"https:\/\/kmim.wm.pwr.edu.pl\/kasprzak\/wp-json\/wp\/v2\/pages\/1181","targetHints":{"allow":["GET"]}}],"collection":[{"href":"https:\/\/kmim.wm.pwr.edu.pl\/kasprzak\/wp-json\/wp\/v2\/pages"}],"about":[{"href":"https:\/\/kmim.wm.pwr.edu.pl\/kasprzak\/wp-json\/wp\/v2\/types\/page"}],"author":[{"embeddable":true,"href":"https:\/\/kmim.wm.pwr.edu.pl\/kasprzak\/wp-json\/wp\/v2\/users\/21"}],"replies":[{"embeddable":true,"href":"https:\/\/kmim.wm.pwr.edu.pl\/kasprzak\/wp-json\/wp\/v2\/comments?post=1181"}],"version-history":[{"count":4,"href":"https:\/\/kmim.wm.pwr.edu.pl\/kasprzak\/wp-json\/wp\/v2\/pages\/1181\/revisions"}],"predecessor-version":[{"id":1216,"href":"https:\/\/kmim.wm.pwr.edu.pl\/kasprzak\/wp-json\/wp\/v2\/pages\/1181\/revisions\/1216"}],"wp:attachment":[{"href":"https:\/\/kmim.wm.pwr.edu.pl\/kasprzak\/wp-json\/wp\/v2\/media?parent=1181"}],"curies":[{"name":"wp","href":"https:\/\/api.w.org\/{rel}","templated":true}]}}