{"id":10,"date":"2014-09-24T09:20:22","date_gmt":"2014-09-24T07:20:04","guid":{"rendered":"http:\/\/kmim.wm.pwr.edu.pl\/kotowski\/?page_id=10"},"modified":"2020-02-26T16:35:30","modified_gmt":"2020-02-26T15:35:30","slug":"o-mnie","status":"publish","type":"page","link":"https:\/\/kmim.wm.pwr.edu.pl\/kotowski\/o-mnie\/","title":{"rendered":"O MNIE"},"content":{"rendered":"<p><strong>Obszary zainteresowa\u0144:<\/strong><\/p>\n<ul>\n<li style=\"list-style-type: none\">\n<ul>\n<li>opis fraktalny w zjawiskach mechaniki cia\u0142a sta\u0142ego<\/li>\n<li>wytrzyma\u0142o\u015b\u0107 materia\u0142\u00f3w<\/li>\n<li>efekty magnetyczne materia\u0142\u00f3w obci\u0105\u017canych mechanicznie<\/li>\n<li>fraktalna analiza metali szybko ch\u0142odzonych (w tym metali amorficznych)<\/li>\n<\/ul>\n<\/ul>\n","protected":false},"excerpt":{"rendered":"<p>Obszary zainteresowa\u0144: opis fraktalny w zjawiskach mechaniki cia\u0142a sta\u0142ego wytrzyma\u0142o\u015b\u0107 materia\u0142\u00f3w efekty magnetyczne materia\u0142\u00f3w obci\u0105\u017canych mechanicznie fraktalna analiza metali szybko ch\u0142odzonych (w tym metali amorficznych)<\/p>\n","protected":false},"author":35,"featured_media":0,"parent":0,"menu_order":1,"comment_status":"closed","ping_status":"open","template":"testowa.php","meta":{"ngg_post_thumbnail":0,"footnotes":""},"class_list":["post-10","page","type-page","status-publish","hentry"],"publishpress_future_action":{"enabled":false,"date":"2026-04-16 04:38:41","action":"change-status","newStatus":"draft","terms":[],"taxonomy":"language","extraData":[]},"publishpress_future_workflow_manual_trigger":{"enabledWorkflows":[]},"_links":{"self":[{"href":"https:\/\/kmim.wm.pwr.edu.pl\/kotowski\/wp-json\/wp\/v2\/pages\/10","targetHints":{"allow":["GET"]}}],"collection":[{"href":"https:\/\/kmim.wm.pwr.edu.pl\/kotowski\/wp-json\/wp\/v2\/pages"}],"about":[{"href":"https:\/\/kmim.wm.pwr.edu.pl\/kotowski\/wp-json\/wp\/v2\/types\/page"}],"author":[{"embeddable":true,"href":"https:\/\/kmim.wm.pwr.edu.pl\/kotowski\/wp-json\/wp\/v2\/users\/35"}],"replies":[{"embeddable":true,"href":"https:\/\/kmim.wm.pwr.edu.pl\/kotowski\/wp-json\/wp\/v2\/comments?post=10"}],"version-history":[{"count":8,"href":"https:\/\/kmim.wm.pwr.edu.pl\/kotowski\/wp-json\/wp\/v2\/pages\/10\/revisions"}],"predecessor-version":[{"id":3067,"href":"https:\/\/kmim.wm.pwr.edu.pl\/kotowski\/wp-json\/wp\/v2\/pages\/10\/revisions\/3067"}],"wp:attachment":[{"href":"https:\/\/kmim.wm.pwr.edu.pl\/kotowski\/wp-json\/wp\/v2\/media?parent=10"}],"curies":[{"name":"wp","href":"https:\/\/api.w.org\/{rel}","templated":true}]}}