{"id":1158,"date":"2015-02-20T15:43:02","date_gmt":"2015-02-20T14:43:02","guid":{"rendered":"http:\/\/kmim.wm.pwr.edu.pl\/kotowski\/?page_id=1158"},"modified":"2016-02-16T15:46:54","modified_gmt":"2016-02-16T14:46:54","slug":"maszyny-mts","status":"publish","type":"page","link":"https:\/\/kmim.wm.pwr.edu.pl\/kotowski\/maszyny-mts\/","title":{"rendered":"Aparatura"},"content":{"rendered":"<ul>\n<li>maszyna wytrzyma\u0142o\u015bciowa MTS-810 (\u00b1100kN)<\/li>\n<li>maszyna wytrzyma\u0142o\u015bciowa dwuosiowa MTS-809<br \/>\n(\u00b1250kN \/\u00a0\u00b12500Nm)<\/li>\n<li>maszyna wytrzyma\u0142o\u015bciowa dwuosiowa MTS Bionix<br \/>\n(\u00b125kN \/\u00a0\u00b1250Nm)<\/li>\n<li>ekstensometry: rozci\u0105ganie, przew\u0119\u017cenie, mechanika p\u0119kania,<br \/>\nwysokotemperaturowe, rozci\u0105ganie-skr\u0119canie (dwuosiowe)<\/li>\n<li>wzmacniacz tensometryczny Hottinger MGC<em>plus\u00a0<\/em>(16 kana\u0142\u00f3w)<\/li>\n<li>wzmacniacz tensometryczny Hottinger KWS 506C\u00a0(6 kana\u0142\u00f3w)<\/li>\n<li>piec do maszyn wytrz. (temp. max. 1100\u00b0C)<\/li>\n<li>oprzyrz\u0105dowanie maszyn do r\u00f3\u017cnych rodzaj\u00f3w test\u00f3w<\/li>\n<\/ul>\n<p style=\"text-align: center;\">Kalendarz rezerwacji maszyn MTS<\/p>\n<p><iframe loading=\"lazy\" style=\"border-width: 0;\" src=\"https:\/\/www.google.com\/calendar\/embed?title=Kalendarz%20rezerwacji%20maszyn%20MTS&amp;showTitle=0&amp;showTz=0&amp;height=600&amp;wkst=1&amp;hl=pl&amp;bgcolor=%23FFFFFF&amp;src=f8cl9tdk35e43kc7npdo3mhle4%40group.calendar.google.com&amp;color=%23691426&amp;src=f4s620u2g3624rrppa6tvk48e0%40group.calendar.google.com&amp;color=%238C500B&amp;src=p91qha0h3kbb8k547icqckcmfg%40group.calendar.google.com&amp;color=%23B1440E&amp;src=p8a63l2984drhssbsm8ckd1fa4%40group.calendar.google.com&amp;color=%232F6309&amp;ctz=Europe%2FWarsaw\" width=\"1200\" height=\"600\" frameborder=\"0\" scrolling=\"no\"><\/iframe><\/p>\n<p>rezerwacji mo\u017cna dokonywa\u0107 u nast\u0119puj\u0105cych os\u00f3b:<\/p>\n<ul>\n<li>Piotr Kotowski<\/li>\n<li>Wojciech Wi\u015bniewski<\/li>\n<\/ul>\n","protected":false},"excerpt":{"rendered":"<p>maszyna wytrzyma\u0142o\u015bciowa MTS-810 (\u00b1100kN) maszyna wytrzyma\u0142o\u015bciowa dwuosiowa MTS-809 (\u00b1250kN \/\u00a0\u00b12500Nm) maszyna wytrzyma\u0142o\u015bciowa dwuosiowa MTS Bionix (\u00b125kN \/\u00a0\u00b1250Nm) ekstensometry: rozci\u0105ganie, przew\u0119\u017cenie, mechanika p\u0119kania, wysokotemperaturowe, rozci\u0105ganie-skr\u0119canie (dwuosiowe) wzmacniacz tensometryczny Hottinger MGCplus\u00a0(16 kana\u0142\u00f3w) wzmacniacz tensometryczny Hottinger KWS 506C\u00a0(6 kana\u0142\u00f3w) piec do maszyn wytrz. (temp. max. 1100\u00b0C) oprzyrz\u0105dowanie maszyn do r\u00f3\u017cnych rodzaj\u00f3w test\u00f3w Kalendarz rezerwacji maszyn MTS rezerwacji mo\u017cna &hellip; <a href=\"https:\/\/kmim.wm.pwr.edu.pl\/kotowski\/maszyny-mts\/\" class=\"more-link\">Czytaj dalej <span class=\"screen-reader-text\">Aparatura<\/span> <span class=\"meta-nav\">&rarr;<\/span><\/a><\/p>\n","protected":false},"author":35,"featured_media":0,"parent":0,"menu_order":3,"comment_status":"closed","ping_status":"open","template":"page-templates\/full-width.php","meta":{"ngg_post_thumbnail":0,"footnotes":""},"class_list":["post-1158","page","type-page","status-publish","hentry"],"publishpress_future_action":{"enabled":false,"date":"2026-05-07 04:08:15","action":"change-status","newStatus":"draft","terms":[],"taxonomy":"language","extraData":[]},"publishpress_future_workflow_manual_trigger":{"enabledWorkflows":[]},"_links":{"self":[{"href":"https:\/\/kmim.wm.pwr.edu.pl\/kotowski\/wp-json\/wp\/v2\/pages\/1158","targetHints":{"allow":["GET"]}}],"collection":[{"href":"https:\/\/kmim.wm.pwr.edu.pl\/kotowski\/wp-json\/wp\/v2\/pages"}],"about":[{"href":"https:\/\/kmim.wm.pwr.edu.pl\/kotowski\/wp-json\/wp\/v2\/types\/page"}],"author":[{"embeddable":true,"href":"https:\/\/kmim.wm.pwr.edu.pl\/kotowski\/wp-json\/wp\/v2\/users\/35"}],"replies":[{"embeddable":true,"href":"https:\/\/kmim.wm.pwr.edu.pl\/kotowski\/wp-json\/wp\/v2\/comments?post=1158"}],"version-history":[{"count":20,"href":"https:\/\/kmim.wm.pwr.edu.pl\/kotowski\/wp-json\/wp\/v2\/pages\/1158\/revisions"}],"predecessor-version":[{"id":1397,"href":"https:\/\/kmim.wm.pwr.edu.pl\/kotowski\/wp-json\/wp\/v2\/pages\/1158\/revisions\/1397"}],"wp:attachment":[{"href":"https:\/\/kmim.wm.pwr.edu.pl\/kotowski\/wp-json\/wp\/v2\/media?parent=1158"}],"curies":[{"name":"wp","href":"https:\/\/api.w.org\/{rel}","templated":true}]}}