{"id":1162,"date":"2015-02-26T14:32:18","date_gmt":"2015-02-20T14:50:26","guid":{"rendered":"http:\/\/kmim.wm.pwr.edu.pl\/kotowski\/?page_id=1162"},"modified":"2018-10-14T21:56:30","modified_gmt":"2018-10-14T19:56:30","slug":"dydaktyka","status":"publish","type":"page","link":"https:\/\/kmim.wm.pwr.edu.pl\/kotowski\/dydaktyka\/","title":{"rendered":"Dydaktyka"},"content":{"rendered":"<h5><strong>Prowadzone zaj\u0119cia<\/strong>:<\/h5>\n<ul>\n<li>mechanika II (pl)<\/li>\n<li>mechanika analityczna (pl\/ang)<\/li>\n<li>laboratorium wytrzyma\u0142o\u015bci materia\u0142\u00f3w (pl\/ang)<\/li>\n<\/ul>\n","protected":false},"excerpt":{"rendered":"<p>Prowadzone zaj\u0119cia: mechanika II (pl) mechanika analityczna (pl\/ang) laboratorium wytrzyma\u0142o\u015bci materia\u0142\u00f3w (pl\/ang)<\/p>\n","protected":false},"author":35,"featured_media":0,"parent":0,"menu_order":2,"comment_status":"closed","ping_status":"open","template":"","meta":{"ngg_post_thumbnail":0,"footnotes":""},"class_list":["post-1162","page","type-page","status-publish","hentry"],"publishpress_future_action":{"enabled":false,"date":"2026-04-20 15:15:50","action":"change-status","newStatus":"draft","terms":[],"taxonomy":"language","extraData":[]},"publishpress_future_workflow_manual_trigger":{"enabledWorkflows":[]},"_links":{"self":[{"href":"https:\/\/kmim.wm.pwr.edu.pl\/kotowski\/wp-json\/wp\/v2\/pages\/1162","targetHints":{"allow":["GET"]}}],"collection":[{"href":"https:\/\/kmim.wm.pwr.edu.pl\/kotowski\/wp-json\/wp\/v2\/pages"}],"about":[{"href":"https:\/\/kmim.wm.pwr.edu.pl\/kotowski\/wp-json\/wp\/v2\/types\/page"}],"author":[{"embeddable":true,"href":"https:\/\/kmim.wm.pwr.edu.pl\/kotowski\/wp-json\/wp\/v2\/users\/35"}],"replies":[{"embeddable":true,"href":"https:\/\/kmim.wm.pwr.edu.pl\/kotowski\/wp-json\/wp\/v2\/comments?post=1162"}],"version-history":[{"count":11,"href":"https:\/\/kmim.wm.pwr.edu.pl\/kotowski\/wp-json\/wp\/v2\/pages\/1162\/revisions"}],"predecessor-version":[{"id":1908,"href":"https:\/\/kmim.wm.pwr.edu.pl\/kotowski\/wp-json\/wp\/v2\/pages\/1162\/revisions\/1908"}],"wp:attachment":[{"href":"https:\/\/kmim.wm.pwr.edu.pl\/kotowski\/wp-json\/wp\/v2\/media?parent=1162"}],"curies":[{"name":"wp","href":"https:\/\/api.w.org\/{rel}","templated":true}]}}