{"id":1175,"date":"2015-02-21T00:34:26","date_gmt":"2015-02-20T23:34:26","guid":{"rendered":"http:\/\/kmim.wm.pwr.edu.pl\/kotowski\/?page_id=1175"},"modified":"2017-03-02T16:48:44","modified_gmt":"2017-03-02T15:48:44","slug":"badania","status":"publish","type":"page","link":"https:\/\/kmim.wm.pwr.edu.pl\/kotowski\/o-mnie\/badania\/","title":{"rendered":"Zainteresowania"},"content":{"rendered":"<p><strong>Obszary zainteresowa\u0144:<\/strong><\/p>\n<ul>\n<li>opis fraktalny w zjawiskach mechaniki cia\u0142a sta\u0142ego<\/li>\n<li>wytrzyma\u0142o\u015b\u0107 materia\u0142\u00f3w<\/li>\n<li>efekty magnetyczne materia\u0142\u00f3w obci\u0105\u017canych mechanicznie<\/li>\n<\/ul>\n<p><strong>Aktualnie prowadzone badania:<\/strong><\/p>\n<ul>\n<li>fraktalna analiza metali szybko ch\u0142odzonych (w tym metali amorficznych)<\/li>\n<\/ul>\n","protected":false},"excerpt":{"rendered":"<p>Obszary zainteresowa\u0144: opis fraktalny w zjawiskach mechaniki cia\u0142a sta\u0142ego wytrzyma\u0142o\u015b\u0107 materia\u0142\u00f3w efekty magnetyczne materia\u0142\u00f3w obci\u0105\u017canych mechanicznie Aktualnie prowadzone badania: fraktalna analiza metali szybko ch\u0142odzonych (w tym metali amorficznych)<\/p>\n","protected":false},"author":35,"featured_media":0,"parent":10,"menu_order":0,"comment_status":"closed","ping_status":"open","template":"","meta":{"ngg_post_thumbnail":0,"footnotes":""},"class_list":["post-1175","page","type-page","status-publish","hentry"],"publishpress_future_action":{"enabled":false,"date":"2026-04-20 13:50:47","action":"change-status","newStatus":"draft","terms":[],"taxonomy":"language","extraData":[]},"publishpress_future_workflow_manual_trigger":{"enabledWorkflows":[]},"_links":{"self":[{"href":"https:\/\/kmim.wm.pwr.edu.pl\/kotowski\/wp-json\/wp\/v2\/pages\/1175","targetHints":{"allow":["GET"]}}],"collection":[{"href":"https:\/\/kmim.wm.pwr.edu.pl\/kotowski\/wp-json\/wp\/v2\/pages"}],"about":[{"href":"https:\/\/kmim.wm.pwr.edu.pl\/kotowski\/wp-json\/wp\/v2\/types\/page"}],"author":[{"embeddable":true,"href":"https:\/\/kmim.wm.pwr.edu.pl\/kotowski\/wp-json\/wp\/v2\/users\/35"}],"replies":[{"embeddable":true,"href":"https:\/\/kmim.wm.pwr.edu.pl\/kotowski\/wp-json\/wp\/v2\/comments?post=1175"}],"version-history":[{"count":13,"href":"https:\/\/kmim.wm.pwr.edu.pl\/kotowski\/wp-json\/wp\/v2\/pages\/1175\/revisions"}],"predecessor-version":[{"id":1711,"href":"https:\/\/kmim.wm.pwr.edu.pl\/kotowski\/wp-json\/wp\/v2\/pages\/1175\/revisions\/1711"}],"up":[{"embeddable":true,"href":"https:\/\/kmim.wm.pwr.edu.pl\/kotowski\/wp-json\/wp\/v2\/pages\/10"}],"wp:attachment":[{"href":"https:\/\/kmim.wm.pwr.edu.pl\/kotowski\/wp-json\/wp\/v2\/media?parent=1175"}],"curies":[{"name":"wp","href":"https:\/\/api.w.org\/{rel}","templated":true}]}}