{"id":1190,"date":"2015-02-21T01:24:15","date_gmt":"2015-02-21T00:24:15","guid":{"rendered":"http:\/\/kmim.wm.pwr.edu.pl\/kotowski\/?page_id=1190"},"modified":"2017-02-13T15:26:00","modified_gmt":"2017-02-13T14:26:00","slug":"oferta-badan","status":"publish","type":"page","link":"https:\/\/kmim.wm.pwr.edu.pl\/kotowski\/o-mnie\/oferta-badan\/","title":{"rendered":"Oferta wsp\u00f3\u0142pracy"},"content":{"rendered":"<p>&nbsp;<\/p>\n<ul>\n<li>Badania wytrzyma\u0142o\u015bci mechanicznej przy obci\u0105\u017ceniu statycznym prostym i z\u0142o\u017conym (rozci\u0105ganie, \u015bciskanie, zginanie, skr\u0119canie itd.)<\/li>\n<li>Badania wytrzyma\u0142o\u015bci mechanicznej przy obci\u0105\u017ceniu zmiennym (tzw. <em>badania zm\u0119czeniowe<\/em>) proste i w z\u0142o\u017conym stanie obci\u0105\u017ce\u0144<\/li>\n<\/ul>\n<p><strong>Lista test\u00f3w znormalizowanych:<\/strong><\/p>\n<ul>\n<li>pr\u00f3ba rozci\u0105gania metali<\/li>\n<li>pr\u00f3ba rozci\u0105gania tworzyw<\/li>\n<li>wyznaczenie odporno\u015bci na p\u0119kanie<\/li>\n<li>badania pr\u0119dko\u015bci wzrostu szczeliny zm\u0119czeniowej<\/li>\n<li>niskocyklowe zm\u0119czenie materia\u0142\u00f3w<\/li>\n<li>wysokocyklowe zm\u0119czenie materia\u0142\u00f3w<\/li>\n<li>badania wytrzyma\u0142o\u015bci kulek \u0142o\u017cyskowych<\/li>\n<li>modu\u0142 sztywno\u015bci rur systemu \u015bciekowego<\/li>\n<li>inne<\/li>\n<\/ul>\n<p><strong>Testy nieznormalizowane:<\/strong><\/p>\n<p>szeroki zakres mo\u017cliwo\u015bci badawczych<\/p>\n","protected":false},"excerpt":{"rendered":"<p>&nbsp; Badania wytrzyma\u0142o\u015bci mechanicznej przy obci\u0105\u017ceniu statycznym prostym i z\u0142o\u017conym (rozci\u0105ganie, \u015bciskanie, zginanie, skr\u0119canie itd.) Badania wytrzyma\u0142o\u015bci mechanicznej przy obci\u0105\u017ceniu zmiennym (tzw. badania zm\u0119czeniowe) proste i w z\u0142o\u017conym stanie obci\u0105\u017ce\u0144 Lista test\u00f3w znormalizowanych: pr\u00f3ba rozci\u0105gania metali pr\u00f3ba rozci\u0105gania tworzyw wyznaczenie odporno\u015bci na p\u0119kanie badania pr\u0119dko\u015bci wzrostu szczeliny zm\u0119czeniowej niskocyklowe zm\u0119czenie materia\u0142\u00f3w wysokocyklowe zm\u0119czenie materia\u0142\u00f3w badania &hellip; <a href=\"https:\/\/kmim.wm.pwr.edu.pl\/kotowski\/o-mnie\/oferta-badan\/\" class=\"more-link\">Czytaj dalej <span class=\"screen-reader-text\">Oferta wsp\u00f3\u0142pracy<\/span> <span class=\"meta-nav\">&rarr;<\/span><\/a><\/p>\n","protected":false},"author":35,"featured_media":0,"parent":10,"menu_order":0,"comment_status":"closed","ping_status":"open","template":"","meta":{"ngg_post_thumbnail":0,"footnotes":""},"class_list":["post-1190","page","type-page","status-publish","hentry"],"publishpress_future_action":{"enabled":false,"date":"2026-04-16 06:13:19","action":"change-status","newStatus":"draft","terms":[],"taxonomy":"language","extraData":[]},"publishpress_future_workflow_manual_trigger":{"enabledWorkflows":[]},"_links":{"self":[{"href":"https:\/\/kmim.wm.pwr.edu.pl\/kotowski\/wp-json\/wp\/v2\/pages\/1190","targetHints":{"allow":["GET"]}}],"collection":[{"href":"https:\/\/kmim.wm.pwr.edu.pl\/kotowski\/wp-json\/wp\/v2\/pages"}],"about":[{"href":"https:\/\/kmim.wm.pwr.edu.pl\/kotowski\/wp-json\/wp\/v2\/types\/page"}],"author":[{"embeddable":true,"href":"https:\/\/kmim.wm.pwr.edu.pl\/kotowski\/wp-json\/wp\/v2\/users\/35"}],"replies":[{"embeddable":true,"href":"https:\/\/kmim.wm.pwr.edu.pl\/kotowski\/wp-json\/wp\/v2\/comments?post=1190"}],"version-history":[{"count":4,"href":"https:\/\/kmim.wm.pwr.edu.pl\/kotowski\/wp-json\/wp\/v2\/pages\/1190\/revisions"}],"predecessor-version":[{"id":1706,"href":"https:\/\/kmim.wm.pwr.edu.pl\/kotowski\/wp-json\/wp\/v2\/pages\/1190\/revisions\/1706"}],"up":[{"embeddable":true,"href":"https:\/\/kmim.wm.pwr.edu.pl\/kotowski\/wp-json\/wp\/v2\/pages\/10"}],"wp:attachment":[{"href":"https:\/\/kmim.wm.pwr.edu.pl\/kotowski\/wp-json\/wp\/v2\/media?parent=1190"}],"curies":[{"name":"wp","href":"https:\/\/api.w.org\/{rel}","templated":true}]}}