{"id":1200,"date":"2015-02-26T09:17:43","date_gmt":"2015-02-26T08:17:43","guid":{"rendered":"http:\/\/kmim.wm.pwr.edu.pl\/kotowski\/?page_id=1200"},"modified":"2018-10-14T23:22:49","modified_gmt":"2018-10-14T21:22:49","slug":"lab-ips","status":"publish","type":"page","link":"https:\/\/kmim.wm.pwr.edu.pl\/kotowski\/dydaktyka\/lab-ips\/","title":{"rendered":"Wytrz. Mat. &#8211; lab."},"content":{"rendered":"<h2><strong>KARTA KURSU<\/strong><\/h2>\n<p>Program kursu Wytrzyma\u0142o\u015b\u0107 Materia\u0142\u00f3w lab.: MMM031018<\/p>\n<h3><strong>Lista temat\u00f3w <\/strong>(wybrane)<\/h3>\n<ol>\n<li style=\"list-style-type: none\">\n<ol>\n<li>Wst\u0119p &#8211; BHP &#8211; wyposa\u017cenie &#8211; rachunek b\u0142\u0119d\u00f3w<\/li>\n<li>Statyczna pr\u00f3ba rozci\u0105gania<br \/>\n(PN-EN ISO 6892-1, ASTM E-8, E-111, E-132)<\/li>\n<li>Odporno\u015b\u0107 na p\u0119kanie (ISO 12135, ASTM E-399, E-1820)<\/li>\n<li><span style=\"color: #000000\">Badanie pr\u0119dko\u015bci wzrostu p\u0119kni\u0119cia&nbsp;zm\u0119czeniowego<\/span><br \/>\n<span style=\"color: #000000\"> (PN-H-04333:1984, ISO 12108, ASTM E-647)<\/span><\/li>\n<li>Badania metali na zm\u0119czenie (ISO 1099, ISO 12106,<br \/>\nASTM E-606, E-466, E-468)<\/li>\n<li>Pomiary odkszta\u0142ce\u0144 &#8211; tensometria oporowa<\/li>\n<li>Zbiorniki cienko\u015bcienne poddane ci\u015bnieniu wewn\u0119trznemu<\/li>\n<li><span style=\"color: #000000\">Wysokoci\u015bnieniowe zbiorniki kompozytowe cz. 1<br \/>\n<\/span><\/li>\n<li><span style=\"color: #000000\">Z\u0142o\u017cony stan obci\u0105\u017cenia &nbsp;(ASTM 2207)<\/span><\/li>\n<li><span style=\"color: #000000\">Wzorcowanie maszyn wytrzyma\u0142o\u015bciowych:&nbsp;tor si\u0142y, przemieszczenia, odkszta\u0142cenia&nbsp;(PN-EN ISO 7500-1,&nbsp;9513)<\/span><\/li>\n<li>Wysokoci\u015bnieniowe zbiorniki kompozytowe cz. 2<\/li>\n<li>Stan czystego \u015bcinania &#8211; modu\u0142&nbsp;Kirchhoffa<\/li>\n<li>Emisja akustyczna (PN-EN 1330-9)<\/li>\n<li>Termowizja &#8211; efekt termospr\u0119\u017cysty (Joula-Thomsona)<\/li>\n<li>Utrata stateczno\u015bci pr\u0119t\u00f3w. Pr\u00f3ba \u015bciskania<\/li>\n<li>Udarno\u015b\u0107 (PN-EN ISO 14556,&nbsp;148-1)<\/li>\n<li>Siatki Bragga jako czujniki<\/li>\n<li>Realogia &#8211; pe\u0142zanie, relaksacja (PN-EN ISO 204,&nbsp;899-1, 10319-1)<\/li>\n<\/ol>\n<\/li>\n<\/ol>\n<p>&nbsp;<\/p>\n<hr>\n<h4><strong>Literatura&nbsp;obowi\u0105zkowa:<\/strong><\/h4>\n<p>normy PN, EN, ISO, ASTM dotycz\u0105ce poszczeg\u00f3lnych test\u00f3w<\/p>\n<h4><strong>Literatura&nbsp;zalecana:<\/strong><\/h4>\n<p>podr\u0119czniki podane podczas&nbsp;wyk\u0142adu<br \/>\nnormy: ASTM E-29, E-122, E-141, E-178, E-456<\/p>\n","protected":false},"excerpt":{"rendered":"<p>KARTA KURSU Program kursu Wytrzyma\u0142o\u015b\u0107 Materia\u0142\u00f3w lab.: MMM031018 Lista temat\u00f3w (wybrane) Wst\u0119p &#8211; BHP &#8211; wyposa\u017cenie &#8211; rachunek b\u0142\u0119d\u00f3w Statyczna pr\u00f3ba rozci\u0105gania (PN-EN ISO 6892-1, ASTM E-8, E-111, E-132) Odporno\u015b\u0107 na p\u0119kanie (ISO 12135, ASTM E-399, E-1820) Badanie pr\u0119dko\u015bci wzrostu p\u0119kni\u0119cia&nbsp;zm\u0119czeniowego (PN-H-04333:1984, ISO 12108, ASTM E-647) Badania metali na zm\u0119czenie (ISO 1099, ISO 12106, ASTM &hellip; <a href=\"https:\/\/kmim.wm.pwr.edu.pl\/kotowski\/dydaktyka\/lab-ips\/\" class=\"more-link\">Czytaj dalej <span class=\"screen-reader-text\">Wytrz. Mat. &#8211; lab.<\/span> <span class=\"meta-nav\">&rarr;<\/span><\/a><\/p>\n","protected":false},"author":35,"featured_media":0,"parent":1162,"menu_order":4,"comment_status":"closed","ping_status":"open","template":"","meta":{"ngg_post_thumbnail":0,"footnotes":""},"class_list":["post-1200","page","type-page","status-publish","hentry"],"publishpress_future_action":{"enabled":false,"date":"2026-04-16 06:04:29","action":"change-status","newStatus":"draft","terms":[],"taxonomy":"language","extraData":[]},"publishpress_future_workflow_manual_trigger":{"enabledWorkflows":[]},"_links":{"self":[{"href":"https:\/\/kmim.wm.pwr.edu.pl\/kotowski\/wp-json\/wp\/v2\/pages\/1200","targetHints":{"allow":["GET"]}}],"collection":[{"href":"https:\/\/kmim.wm.pwr.edu.pl\/kotowski\/wp-json\/wp\/v2\/pages"}],"about":[{"href":"https:\/\/kmim.wm.pwr.edu.pl\/kotowski\/wp-json\/wp\/v2\/types\/page"}],"author":[{"embeddable":true,"href":"https:\/\/kmim.wm.pwr.edu.pl\/kotowski\/wp-json\/wp\/v2\/users\/35"}],"replies":[{"embeddable":true,"href":"https:\/\/kmim.wm.pwr.edu.pl\/kotowski\/wp-json\/wp\/v2\/comments?post=1200"}],"version-history":[{"count":50,"href":"https:\/\/kmim.wm.pwr.edu.pl\/kotowski\/wp-json\/wp\/v2\/pages\/1200\/revisions"}],"predecessor-version":[{"id":1356,"href":"https:\/\/kmim.wm.pwr.edu.pl\/kotowski\/wp-json\/wp\/v2\/pages\/1200\/revisions\/1356"}],"up":[{"embeddable":true,"href":"https:\/\/kmim.wm.pwr.edu.pl\/kotowski\/wp-json\/wp\/v2\/pages\/1162"}],"wp:attachment":[{"href":"https:\/\/kmim.wm.pwr.edu.pl\/kotowski\/wp-json\/wp\/v2\/media?parent=1200"}],"curies":[{"name":"wp","href":"https:\/\/api.w.org\/{rel}","templated":true}]}}