{"id":1904,"date":"2016-02-16T12:43:13","date_gmt":"2016-02-16T11:43:13","guid":{"rendered":"http:\/\/kmim.wm.pwr.edu.pl\/kotowski\/?page_id=1904"},"modified":"2020-04-12T01:38:12","modified_gmt":"2020-04-11T23:38:12","slug":"analytical-mechanics-2","status":"publish","type":"page","link":"https:\/\/kmim.wm.pwr.edu.pl\/kotowski\/education\/analytical-mechanics-2\/","title":{"rendered":"Analytical Mechanics"},"content":{"rendered":"<h2>SUBJECT CARD<\/h2>\n<p><span id=\"result_box\" class=\"short_text\" lang=\"en\"><span class=\"hps\">The course<\/span> <span class=\"hps\">Analytical<\/span> <span class=\"hps\">Mechanics<\/span><\/span> program:<a href=\"http:\/\/kmim.wm.pwr.edu.pl\/kotowski\/wp-content\/uploads\/sites\/39\/2016\/02\/MMM041005-en.pdf\"> MMM041407<\/a><\/p>\n<h3>Pandemia:<\/h3>\n<p><a href=\"http:\/\/kmim.wm.pwr.edu.pl\/kotowski\/wp-content\/uploads\/sites\/39\/2020\/04\/pandemia1.pdf\">Virtual work in dynamics &#8211; update 12.04<\/a><br \/>\n<a href=\"http:\/\/kmim.wm.pwr.edu.pl\/kotowski\/wp-content\/uploads\/sites\/39\/2020\/04\/pandemia2.pdf\">Virtual work in dynamics &#8211; 2 DoF<\/a><\/p>\n<h3><strong>Required&nbsp;reading:<\/strong><\/h3>\n<ol>\n<li>Zawadzki J., Siuta W. <em>Mechanika og\u00f3lna<\/em><\/li>\n<li>Leyko J. <em>Mechanika og\u00f3lna<\/em><\/li>\n<li>Giergiel J., <em>Zbi\u00f3r zada\u0144 z&nbsp;mechaniki og\u00f3lnej<\/em>, Wyd. AGH, <a href=\"http:\/\/winntbg.bg.agh.edu.pl\/skrypty\/0012\/\">dost\u0119p elektroniczny<\/a><\/li>\n<li>Giergiel J., G\u0142uch L., \u0141opata A., <em>Zbi\u00f3r zada\u0144 z&nbsp;mechaniki: metodyka rozwi\u0105za\u0144<\/em>, Wyd. AGH, <a href=\"http:\/\/winntbg.bg.agh.edu.pl\/skrypty2\/0071\/index.php\">dost\u0119p elektroniczny<\/a><\/li>\n<li>Mieszczerski I.W. <em>Zbi\u00f3r zada\u0144 z&nbsp;mechaniki<\/em>, PWN<\/li>\n<li>Romicki R. <em>Rozwi\u0105zania zada\u0144 I.W. Mieszczerskiego<\/em><\/li>\n<li>Nizio\u0142 J., <em>Metodyka rozwi\u0105zywania zada\u0144 z&nbsp;mechaniki<\/em>, WNT<\/li>\n<\/ol>\n<h4><strong>Recommended reading:<\/strong><\/h4>\n<ol>\n<li>Jerry Ginsberg, <em>Engineering Dynamics<\/em>, Cambridge<\/li>\n<li>Meriam, Kraige, <em>Dynamics<\/em><\/li>\n<li>Gross D., Hauger W., Schroder J., Wall W.A., Govindjee S., <em>Engineering Mechanics 3<\/em>, Springer<\/li>\n<li>Hibbeler R.C., <em>Engineering Mechanics<\/em> <em>Statics<\/em><\/li>\n<li>Housner G.W., Hudson D.E., <em>Applied Mechanics &#8211; Dynamics<\/em><\/li>\n<li><a href=\"https:\/\/ocw.mit.edu\/courses\/mechanical-engineering\/2-003sc-engineering-dynamics-fall-2011\/index.htm\"><strong><span style=\"color: #ff0000\">MIT<\/span><\/strong><\/a><\/li>\n<\/ol>\n","protected":false},"excerpt":{"rendered":"<p>SUBJECT CARD The course Analytical Mechanics program: MMM041407 Pandemia: Virtual work in dynamics &#8211; update 12.04 Virtual work in dynamics &#8211; 2 DoF Required&nbsp;reading: Zawadzki J., Siuta W. Mechanika og\u00f3lna Leyko J. Mechanika og\u00f3lna Giergiel J., Zbi\u00f3r zada\u0144 z&nbsp;mechaniki og\u00f3lnej, Wyd. AGH, dost\u0119p elektroniczny Giergiel J., G\u0142uch L., \u0141opata A., Zbi\u00f3r zada\u0144 z&nbsp;mechaniki: metodyka rozwi\u0105za\u0144, &hellip; <a href=\"https:\/\/kmim.wm.pwr.edu.pl\/kotowski\/education\/analytical-mechanics-2\/\" class=\"more-link\">Czytaj dalej <span class=\"screen-reader-text\">Analytical Mechanics<\/span> <span class=\"meta-nav\">&rarr;<\/span><\/a><\/p>\n","protected":false},"author":35,"featured_media":0,"parent":1302,"menu_order":3,"comment_status":"closed","ping_status":"closed","template":"","meta":{"ngg_post_thumbnail":0,"footnotes":""},"class_list":["post-1904","page","type-page","status-publish","hentry"],"publishpress_future_action":{"enabled":false,"date":"2026-04-20 15:27:32","action":"change-status","newStatus":"draft","terms":[],"taxonomy":"language","extraData":[]},"publishpress_future_workflow_manual_trigger":{"enabledWorkflows":[]},"_links":{"self":[{"href":"https:\/\/kmim.wm.pwr.edu.pl\/kotowski\/wp-json\/wp\/v2\/pages\/1904","targetHints":{"allow":["GET"]}}],"collection":[{"href":"https:\/\/kmim.wm.pwr.edu.pl\/kotowski\/wp-json\/wp\/v2\/pages"}],"about":[{"href":"https:\/\/kmim.wm.pwr.edu.pl\/kotowski\/wp-json\/wp\/v2\/types\/page"}],"author":[{"embeddable":true,"href":"https:\/\/kmim.wm.pwr.edu.pl\/kotowski\/wp-json\/wp\/v2\/users\/35"}],"replies":[{"embeddable":true,"href":"https:\/\/kmim.wm.pwr.edu.pl\/kotowski\/wp-json\/wp\/v2\/comments?post=1904"}],"version-history":[{"count":8,"href":"https:\/\/kmim.wm.pwr.edu.pl\/kotowski\/wp-json\/wp\/v2\/pages\/1904\/revisions"}],"predecessor-version":[{"id":3116,"href":"https:\/\/kmim.wm.pwr.edu.pl\/kotowski\/wp-json\/wp\/v2\/pages\/1904\/revisions\/3116"}],"up":[{"embeddable":true,"href":"https:\/\/kmim.wm.pwr.edu.pl\/kotowski\/wp-json\/wp\/v2\/pages\/1302"}],"wp:attachment":[{"href":"https:\/\/kmim.wm.pwr.edu.pl\/kotowski\/wp-json\/wp\/v2\/media?parent=1904"}],"curies":[{"name":"wp","href":"https:\/\/api.w.org\/{rel}","templated":true}]}}