{"id":1278,"date":"2016-03-18T14:49:32","date_gmt":"2016-03-18T13:49:32","guid":{"rendered":"http:\/\/kmim.wm.pwr.edu.pl\/krolewicz\/?page_id=1278"},"modified":"2016-05-23T11:22:40","modified_gmt":"2016-05-23T09:22:40","slug":"dydaktyka","status":"publish","type":"page","link":"https:\/\/kmim.wm.pwr.edu.pl\/krolewicz\/o-mnie\/dydaktyka\/","title":{"rendered":"Dydaktyka"},"content":{"rendered":"<p><strong>MECHANIKA I<\/strong><\/p>\n<p><strong>Projekty<\/strong><\/p>\n<p><a href=\"http:\/\/kmim.wm.pwr.edu.pl\/krolewicz\/wp-content\/uploads\/sites\/34\/2016\/03\/Projekt-1-kratownica.pdf\">Projekt 1 &#8211; Kratownica<\/a><\/p>\n<p><a href=\"http:\/\/kmim.wm.pwr.edu.pl\/krolewicz\/wp-content\/uploads\/sites\/34\/2016\/03\/Projekt-2-belka.pdf\" target=\"_blank\">Projekt 2 &#8211; Belka<\/a><\/p>\n<p><a href=\"http:\/\/kmim.wm.pwr.edu.pl\/krolewicz\/wp-content\/uploads\/sites\/34\/2016\/03\/Projekt-3-momenty-bezwladnosci.pdf\" target=\"_blank\">Projekt 3 &#8211; Momenty bezw\u0142adno\u015bci<\/a><\/p>\n<p><strong>Literatura<\/strong><\/p>\n<ol>\n<li>J\u00f3zef Nizio\u0142 \u201eMetodyka rozwi\u0105zywania zada\u0144 z\u00a0mechaniki\u201d.<\/li>\n<li>Zygmunt Ja\u015bniewicz \u201eZbi\u00f3r zada\u0144 ze\u00a0statyki\u201d.<\/li>\n<li>Jan Misiak \u201eZadania z\u00a0mechaniki og\u00f3lnej cz\u0119\u015b\u0107 I\u00a0statyka\u201d.<\/li>\n<li>Adam Ciasto\u0144 \u201eKinematyka i\u00a0dynamika. Wyb\u00f3r zada\u0144\u201d<\/li>\n<\/ol>\n<p><strong>Program<\/strong><\/p>\n<ol>\n<li>Podstawowe dzia\u0142ania na\u00a0wektorach.<\/li>\n<li>Zbie\u017cny uk\u0142ad si\u0142.<\/li>\n<li>P\u0142aski dowolny uk\u0142ad si\u0142.<\/li>\n<li>Wyznaczanie si\u0142 w\u00a0kratownicach metod\u0105 wydzielania w\u0119z\u0142\u00f3w i\u00a0metod\u0105 Rittera.<\/li>\n<li>Wyznaczanie si\u0142 wewn\u0119trznych w\u00a0belkach.<\/li>\n<li>Wyznaczanie si\u0142 wewn\u0119trznych w\u00a0ramach.<\/li>\n<li>Wyznaczanie \u015brodk\u00f3w mas i\u00a0moment\u00f3w statycznych geometrycznych w\u00a0ci\u0105g\u0142ych uk\u0142adach p\u0142askich.<\/li>\n<li>Wyznaczanie moment\u00f3w bezw\u0142adno\u015bci w\u00a0uk\u0142adach p\u0142askich i\u00a0moment\u00f3w dewiacji wzgl\u0119dem dowolnej osi z\u00a0zastosowaniem twierdzenia Steinera.<\/li>\n<li>Wyznaczanie po\u0142o\u017cenia g\u0142\u00f3wnych centralnych osi i\u00a0warto\u015bci g\u0142\u00f3wnych centralnych moment\u00f3w bezw\u0142adno\u015bci w\u00a0uk\u0142adach p\u0142askich.<\/li>\n<li>Rozwi\u0105zywanie zada\u0144 z\u00a0kinematyki ruchu obrotowego i\u00a0post\u0119powego cia\u0142a sztywnego.<\/li>\n<li>Wyznaczanie pr\u0119dko\u015bci w\u00a0ruchu p\u0142askim cia\u0142a sztywnego.<\/li>\n<\/ol>\n<p>&nbsp;<\/p>\n<p>&nbsp;<\/p>\n","protected":false},"excerpt":{"rendered":"<p>MECHANIKA I Projekty Projekt 1 &#8211; Kratownica Projekt 2 &#8211; Belka Projekt 3 &#8211; Momenty bezw\u0142adno\u015bci Literatura J\u00f3zef Nizio\u0142 \u201eMetodyka rozwi\u0105zywania zada\u0144 z\u00a0mechaniki\u201d. Zygmunt Ja\u015bniewicz \u201eZbi\u00f3r zada\u0144 ze\u00a0statyki\u201d. Jan Misiak \u201eZadania z\u00a0mechaniki og\u00f3lnej cz\u0119\u015b\u0107 I\u00a0statyka\u201d. Adam Ciasto\u0144 \u201eKinematyka i\u00a0dynamika. Wyb\u00f3r zada\u0144\u201d Program Podstawowe dzia\u0142ania na\u00a0wektorach. Zbie\u017cny uk\u0142ad si\u0142. P\u0142aski dowolny uk\u0142ad si\u0142. Wyznaczanie si\u0142 w\u00a0kratownicach &hellip; <a href=\"https:\/\/kmim.wm.pwr.edu.pl\/krolewicz\/o-mnie\/dydaktyka\/\" class=\"more-link\">Czytaj dalej <span class=\"screen-reader-text\">Dydaktyka<\/span> <span class=\"meta-nav\">&rarr;<\/span><\/a><\/p>\n","protected":false},"author":30,"featured_media":0,"parent":17,"menu_order":0,"comment_status":"closed","ping_status":"closed","template":"","meta":{"ngg_post_thumbnail":0,"footnotes":""},"class_list":["post-1278","page","type-page","status-publish","hentry"],"publishpress_future_action":{"enabled":false,"date":"2026-04-29 16:19:03","action":"change-status","newStatus":"draft","terms":[],"taxonomy":"language","extraData":[]},"publishpress_future_workflow_manual_trigger":{"enabledWorkflows":[]},"_links":{"self":[{"href":"https:\/\/kmim.wm.pwr.edu.pl\/krolewicz\/wp-json\/wp\/v2\/pages\/1278","targetHints":{"allow":["GET"]}}],"collection":[{"href":"https:\/\/kmim.wm.pwr.edu.pl\/krolewicz\/wp-json\/wp\/v2\/pages"}],"about":[{"href":"https:\/\/kmim.wm.pwr.edu.pl\/krolewicz\/wp-json\/wp\/v2\/types\/page"}],"author":[{"embeddable":true,"href":"https:\/\/kmim.wm.pwr.edu.pl\/krolewicz\/wp-json\/wp\/v2\/users\/30"}],"replies":[{"embeddable":true,"href":"https:\/\/kmim.wm.pwr.edu.pl\/krolewicz\/wp-json\/wp\/v2\/comments?post=1278"}],"version-history":[{"count":15,"href":"https:\/\/kmim.wm.pwr.edu.pl\/krolewicz\/wp-json\/wp\/v2\/pages\/1278\/revisions"}],"predecessor-version":[{"id":1313,"href":"https:\/\/kmim.wm.pwr.edu.pl\/krolewicz\/wp-json\/wp\/v2\/pages\/1278\/revisions\/1313"}],"up":[{"embeddable":true,"href":"https:\/\/kmim.wm.pwr.edu.pl\/krolewicz\/wp-json\/wp\/v2\/pages\/17"}],"wp:attachment":[{"href":"https:\/\/kmim.wm.pwr.edu.pl\/krolewicz\/wp-json\/wp\/v2\/media?parent=1278"}],"curies":[{"name":"wp","href":"https:\/\/api.w.org\/{rel}","templated":true}]}}