{"id":1159,"date":"2015-02-20T12:49:19","date_gmt":"2015-02-20T11:49:19","guid":{"rendered":"http:\/\/kmim.wm.pwr.edu.pl\/kulisiewicz\/?page_id=1159"},"modified":"2015-03-23T14:12:25","modified_gmt":"2015-03-23T13:12:25","slug":"o-mnie-2","status":"publish","type":"page","link":"https:\/\/kmim.wm.pwr.edu.pl\/kulisiewicz\/o-mnie-2\/","title":{"rendered":"o mnie"},"content":{"rendered":"<p>&nbsp;<\/p>\n<p><strong>ZAINTERESOWANIA<\/strong> <strong>NAUKOWE<\/strong><\/p>\n<ul>\n<li>mechanika<\/li>\n<li>dynamika maszyn<\/li>\n<li>drgania<\/li>\n<li>identyfikacja uk\u0142ad\u00f3w dynamicznych<\/li>\n<li>obci\u0105\u017cenia udarowe oraz procesy przebijania materia\u0142\u00f3w i element\u00f3w maszyn<\/li>\n<\/ul>\n<p>&nbsp;<\/p>\n<p><strong>\u017bYCIORYS\u00a0<\/strong><\/p>\n<ul>\n<li>1964 &#8211; 1969 studia na wydz. Budownictwa L\u0105dowego Politechniki Wroc\u0142awskiej w specjalno\u015bci teoria konstrukcji (uzyskany tytu\u0142: magister in\u017cynier)<\/li>\n<li>1969 &#8211; 1972 praca na stanowisku konstruktora w Jelcza\u0144skich Zak\u0142adach Samochodowych (badania i analiza zagadnie\u0144 dynamiki konstrukcji no\u015bnej pojazd\u00f3w samochodowych)<\/li>\n<li>1973 rozpocz\u0119cie pracy w Instytucie Materia\u0142oznawstwa i Mechaniki Technicznej Politechniki Wroc\u0142awskiej na stanowisku starszego asystenta<\/li>\n<li>1975 obrona pracy doktorskiej p.t. \u201e<em>Ocena W\u0142asno\u015bci Dynamicznych Nieliniowych Uk\u0142ad\u00f3w Mechanicznych o Sko\u0144czonej Liczbie Stopni Swobody w oparciu o Niesymetryczny Model Duffinga\u201d <\/em>w Instytucie Materia\u0142oznawstwa i Mechaniki Technicznej Politechniki Wroc\u0142awskiej<\/li>\n<li>1975 powo\u0142anie na stanowisko adiunkta<\/li>\n<li>1981 wizyta w kilku o\u015brodkach naukowych za granic\u0105: Coventry-Lancaster Polytechnic (Anglia), University of Southern California (Los Angeles, USA), California Institute of Technology (Pasadena, USA), University of Cincinnati (USA)<\/li>\n<li>1986 obrona pracy habilitacyjnej p.t. \u201e<em>Konstrukcja metod identyfikacji dla wybranych struktur nieliniowych modeli dynamicznych uk\u0142ad\u00f3w mechanicznych\u201d <\/em>na Wydziale Mechanicznym Politechniki Wroc\u0142awskiej<\/li>\n<li>1993 powo\u0142anie na stanowisko profesora nadzwyczajnego na Politechnice Wroc\u0142awskiej<\/li>\n<li>2006 uzyskanie tytu\u0142u naukowego profesora nauk technicznych<\/li>\n<\/ul>\n<p>&nbsp;<\/p>\n<p><strong>WSP\u00d3\u0141PRACA ZAGRANICZNA<\/strong><\/p>\n<ul>\n<li>University of Southern California (prof. Sami Masri). Wsp\u00f3\u0142praca obejmuje zagadnienia analizy i modelowania dynamicznych uk\u0142ad\u00f3w nieliniowych<\/li>\n<li>Civil eng.\u00a0 of Marche Univ. Ancona (prof. Stefano Lenc)<\/li>\n<li>Technishe Universitat Hamburg-Harburg (Rados\u0142aw Iwankiewicz). Wsp\u00f3\u0142praca w dziedzinie dynamiki stochastycznej uk\u0142ad\u00f3w mechanicznych<\/li>\n<li>Uczestnictwo w mi\u0119dzynarodowym komitecie naukowym czasopisma &#8222;Studia geotechnica et mechanica&#8221;<\/li>\n<\/ul>\n<p>&nbsp;<\/p>\n<p><strong>CZ\u0141ONKOSTWO W ORGANIZACJACH NAUKOWYCH<\/strong><\/p>\n<ul>\n<li><strong>\u00a0<\/strong>Polskie Towarzystwo Mechaniki Teoretycznej i Stosowanej<\/li>\n<li>\u00a0Sekcja Dynamiki w Komitecie Mechaniki PAN<\/li>\n<\/ul>\n<p>&nbsp;<\/p>\n<p><strong>NAGRODY<\/strong><\/p>\n<ul>\n<li>1988 &#8211; Z\u0142ota Odznaka Politechniki Wroc\u0142awskiej<\/li>\n<li>1995 &#8211; Z\u0142oty Krzy\u017c Zas\u0142ugi<\/li>\n<li>2011 &#8211; Z\u0142oty Medal za D\u0142ugoletni\u0105 S\u0142u\u017cb\u0119<\/li>\n<li>2014 &#8211; Medal Komisji Edukacji Narodowej<\/li>\n<\/ul>\n<p><strong>\u00a0<\/strong><\/p>\n<p><strong>PATENTY<\/strong><\/p>\n<ul>\n<li><strong>\u00a0<\/strong>Spos\u00f3b wyznaczania w\u0142a\u015bciwo\u015bci dyssypatywnych materia\u0142\u00f3w. Zg\u0142osz. pat. nr P 393637 z 13.01.2011 \/ Maciej Kulisiewicz, Miros\u0142aw Bocian<\/li>\n<li>Spos\u00f3b wyznaczania w\u0142a\u015bciwo\u015bci dysypatywno-spr\u0119\u017cystych materia\u0142\u00f3w. Zg\u0142osz. pat. nr P 385483 z 20.06.2008 \/ Maciej Kulisiewicz, Krzysztof Jamroziak<\/li>\n<li>Spos\u00f3b wyznaczania w\u0142asno\u015bci mechanicznych materia\u0142\u00f3w : Int. Cl. G01N 3\/00. Zg\u0142osz. pat. nr P 383077 z 06.08.2007\/ Maciej Kulisiewicz<\/li>\n<\/ul>\n","protected":false},"excerpt":{"rendered":"<p>&nbsp; ZAINTERESOWANIA NAUKOWE mechanika dynamika maszyn drgania identyfikacja uk\u0142ad\u00f3w dynamicznych obci\u0105\u017cenia udarowe oraz procesy przebijania materia\u0142\u00f3w i element\u00f3w maszyn &nbsp; \u017bYCIORYS\u00a0 1964 &#8211; 1969 studia na wydz. Budownictwa L\u0105dowego Politechniki Wroc\u0142awskiej w specjalno\u015bci teoria konstrukcji (uzyskany tytu\u0142: magister in\u017cynier) 1969 &#8211; 1972 praca na stanowisku konstruktora w Jelcza\u0144skich Zak\u0142adach Samochodowych (badania i analiza zagadnie\u0144 dynamiki &hellip; <a href=\"https:\/\/kmim.wm.pwr.edu.pl\/kulisiewicz\/o-mnie-2\/\" class=\"more-link\">Czytaj dalej <span class=\"screen-reader-text\">o mnie<\/span> <span class=\"meta-nav\">&rarr;<\/span><\/a><\/p>\n","protected":false},"author":23,"featured_media":0,"parent":0,"menu_order":1,"comment_status":"closed","ping_status":"closed","template":"","meta":{"ngg_post_thumbnail":0,"footnotes":""},"class_list":["post-1159","page","type-page","status-publish","hentry"],"publishpress_future_action":{"enabled":false,"date":"2026-05-18 18:10:50","action":"change-status","newStatus":"draft","terms":[],"taxonomy":"language","extraData":[]},"publishpress_future_workflow_manual_trigger":{"enabledWorkflows":[]},"_links":{"self":[{"href":"https:\/\/kmim.wm.pwr.edu.pl\/kulisiewicz\/wp-json\/wp\/v2\/pages\/1159","targetHints":{"allow":["GET"]}}],"collection":[{"href":"https:\/\/kmim.wm.pwr.edu.pl\/kulisiewicz\/wp-json\/wp\/v2\/pages"}],"about":[{"href":"https:\/\/kmim.wm.pwr.edu.pl\/kulisiewicz\/wp-json\/wp\/v2\/types\/page"}],"author":[{"embeddable":true,"href":"https:\/\/kmim.wm.pwr.edu.pl\/kulisiewicz\/wp-json\/wp\/v2\/users\/23"}],"replies":[{"embeddable":true,"href":"https:\/\/kmim.wm.pwr.edu.pl\/kulisiewicz\/wp-json\/wp\/v2\/comments?post=1159"}],"version-history":[{"count":13,"href":"https:\/\/kmim.wm.pwr.edu.pl\/kulisiewicz\/wp-json\/wp\/v2\/pages\/1159\/revisions"}],"predecessor-version":[{"id":1257,"href":"https:\/\/kmim.wm.pwr.edu.pl\/kulisiewicz\/wp-json\/wp\/v2\/pages\/1159\/revisions\/1257"}],"wp:attachment":[{"href":"https:\/\/kmim.wm.pwr.edu.pl\/kulisiewicz\/wp-json\/wp\/v2\/media?parent=1159"}],"curies":[{"name":"wp","href":"https:\/\/api.w.org\/{rel}","templated":true}]}}