{"id":1177,"date":"2015-02-20T19:23:09","date_gmt":"2015-02-20T18:23:09","guid":{"rendered":"http:\/\/kmim.wm.pwr.edu.pl\/kulisiewicz\/?page_id=1177"},"modified":"2015-03-11T11:47:31","modified_gmt":"2015-03-11T10:47:31","slug":"didactics","status":"publish","type":"page","link":"https:\/\/kmim.wm.pwr.edu.pl\/kulisiewicz\/didactics\/","title":{"rendered":"Didactics"},"content":{"rendered":"<p><span class=\"bibtitle\">Recomended books:<\/span><\/p>\n<ul>\n<li><em><span class=\"bibtitle\">Dynamika uk\u0142ad\u00f3w mechanicznych w zadaniach technicznych <\/span><\/em><span class=\"bibtitle\">(Maciej Kulisiewicz, Stanis\u0142aw Piesiak)<\/span>, <span class=\"bibpublisher\">Oficyna Wydaw. PWroc.<\/span>, 2002. (Cz. 1)<\/li>\n<li><em><span class=\"bibtitle\">Metodologia modelowania i identyfikacji mechanicznych uk\u0142ad\u00f3w dynamicznych<\/span><\/em><span class=\"bibtitle\"> (Maciej Kulisiewicz, Stanis\u0142aw Piesiak)<\/span>, <span class=\"bibpublisher\">Oficyna Wydaw. PWroc.<\/span>, 1994<\/li>\n<\/ul>\n","protected":false},"excerpt":{"rendered":"<p>Recomended books: Dynamika uk\u0142ad\u00f3w mechanicznych w zadaniach technicznych (Maciej Kulisiewicz, Stanis\u0142aw Piesiak), Oficyna Wydaw. PWroc., 2002. (Cz. 1) Metodologia modelowania i identyfikacji mechanicznych uk\u0142ad\u00f3w dynamicznych (Maciej Kulisiewicz, Stanis\u0142aw Piesiak), Oficyna Wydaw. PWroc., 1994<\/p>\n","protected":false},"author":23,"featured_media":0,"parent":0,"menu_order":4,"comment_status":"closed","ping_status":"closed","template":"","meta":{"ngg_post_thumbnail":0,"footnotes":""},"class_list":["post-1177","page","type-page","status-publish","hentry"],"publishpress_future_action":{"enabled":false,"date":"2026-05-18 19:47:00","action":"change-status","newStatus":"draft","terms":[],"taxonomy":"language","extraData":[]},"publishpress_future_workflow_manual_trigger":{"enabledWorkflows":[]},"_links":{"self":[{"href":"https:\/\/kmim.wm.pwr.edu.pl\/kulisiewicz\/wp-json\/wp\/v2\/pages\/1177","targetHints":{"allow":["GET"]}}],"collection":[{"href":"https:\/\/kmim.wm.pwr.edu.pl\/kulisiewicz\/wp-json\/wp\/v2\/pages"}],"about":[{"href":"https:\/\/kmim.wm.pwr.edu.pl\/kulisiewicz\/wp-json\/wp\/v2\/types\/page"}],"author":[{"embeddable":true,"href":"https:\/\/kmim.wm.pwr.edu.pl\/kulisiewicz\/wp-json\/wp\/v2\/users\/23"}],"replies":[{"embeddable":true,"href":"https:\/\/kmim.wm.pwr.edu.pl\/kulisiewicz\/wp-json\/wp\/v2\/comments?post=1177"}],"version-history":[{"count":5,"href":"https:\/\/kmim.wm.pwr.edu.pl\/kulisiewicz\/wp-json\/wp\/v2\/pages\/1177\/revisions"}],"predecessor-version":[{"id":1246,"href":"https:\/\/kmim.wm.pwr.edu.pl\/kulisiewicz\/wp-json\/wp\/v2\/pages\/1177\/revisions\/1246"}],"wp:attachment":[{"href":"https:\/\/kmim.wm.pwr.edu.pl\/kulisiewicz\/wp-json\/wp\/v2\/media?parent=1177"}],"curies":[{"name":"wp","href":"https:\/\/api.w.org\/{rel}","templated":true}]}}