{"id":4098,"date":"2020-09-28T19:22:45","date_gmt":"2020-09-28T17:22:45","guid":{"rendered":"http:\/\/kmim.wm.pwr.edu.pl\/labowska\/?page_id=4098"},"modified":"2023-03-19T18:46:13","modified_gmt":"2023-03-19T17:46:13","slug":"dydaktyka","status":"publish","type":"page","link":"https:\/\/kmim.wm.pwr.edu.pl\/labowska\/dydaktyka\/","title":{"rendered":"Dydaktyka"},"content":{"rendered":"<p>W semestrze letnim 2022\/2023 prowadz\u0119 zaj\u0119cia z:<\/p>\n<ul>\n<li><a href=\"https:\/\/kmim.wm.pwr.edu.pl\/labowska\/dydaktyka\/wprowadzenie-do-informatyki\/\">Wprowadzenie do informatyki&nbsp;<\/a><\/li>\n<li><a href=\"https:\/\/kmim.wm.pwr.edu.pl\/labowska\/dydaktyka\/informatyka-i\/\">Informatyka I<\/a><\/li>\n<\/ul>\n<p>&nbsp;<\/p>\n<p>Godziny konsultacji w roku akademickim 2021\/2022 mo\u017cna znale\u017a\u0107 pod <a href=\"https:\/\/kmim.wm.pwr.edu.pl\/labowska\/konsultacje\/\">linkiem<\/a>.<\/p>\n<p>&nbsp;<\/p>\n","protected":false},"excerpt":{"rendered":"<p>W semestrze letnim 2022\/2023 prowadz\u0119 zaj\u0119cia z: Wprowadzenie do informatyki&nbsp; Informatyka I &nbsp; Godziny konsultacji w roku akademickim 2021\/2022 mo\u017cna znale\u017a\u0107 pod linkiem. &nbsp;<\/p>\n","protected":false},"author":80,"featured_media":0,"parent":0,"menu_order":1,"comment_status":"closed","ping_status":"closed","template":"","meta":{"ngg_post_thumbnail":0,"footnotes":""},"class_list":["post-4098","page","type-page","status-publish","hentry"],"publishpress_future_action":{"enabled":false,"date":"2026-04-24 16:58:42","action":"change-status","newStatus":"draft","terms":[],"taxonomy":"language","extraData":[]},"publishpress_future_workflow_manual_trigger":{"enabledWorkflows":[]},"_links":{"self":[{"href":"https:\/\/kmim.wm.pwr.edu.pl\/labowska\/wp-json\/wp\/v2\/pages\/4098","targetHints":{"allow":["GET"]}}],"collection":[{"href":"https:\/\/kmim.wm.pwr.edu.pl\/labowska\/wp-json\/wp\/v2\/pages"}],"about":[{"href":"https:\/\/kmim.wm.pwr.edu.pl\/labowska\/wp-json\/wp\/v2\/types\/page"}],"author":[{"embeddable":true,"href":"https:\/\/kmim.wm.pwr.edu.pl\/labowska\/wp-json\/wp\/v2\/users\/80"}],"replies":[{"embeddable":true,"href":"https:\/\/kmim.wm.pwr.edu.pl\/labowska\/wp-json\/wp\/v2\/comments?post=4098"}],"version-history":[{"count":10,"href":"https:\/\/kmim.wm.pwr.edu.pl\/labowska\/wp-json\/wp\/v2\/pages\/4098\/revisions"}],"predecessor-version":[{"id":5735,"href":"https:\/\/kmim.wm.pwr.edu.pl\/labowska\/wp-json\/wp\/v2\/pages\/4098\/revisions\/5735"}],"wp:attachment":[{"href":"https:\/\/kmim.wm.pwr.edu.pl\/labowska\/wp-json\/wp\/v2\/media?parent=4098"}],"curies":[{"name":"wp","href":"https:\/\/api.w.org\/{rel}","templated":true}]}}